{"id":4773,"date":"2025-11-28T14:49:24","date_gmt":"2025-11-28T13:49:24","guid":{"rendered":"https:\/\/www.moriadesign.pl\/?post_type=product&#038;p=4773"},"modified":"2026-04-22T11:07:29","modified_gmt":"2026-04-22T09:07:29","slug":"kotwa-ozdobna-m-13","status":"publish","type":"product","link":"https:\/\/www.moriadesign.pl\/en\/product\/decorative-anchor-m-13\/","title":{"rendered":"Decorative anchor M-13 [W.=90-115 mm]"},"content":{"rendered":"<h2>Features and benefits:<\/h2>\n<ul>\n<li>made of high-grade steel &gt; <b>eternal;<\/b><\/li>\n<li>Adjustable base width &gt; <strong>functional;<\/strong><\/li>\n<li>chamfered mounting holes &gt;\u00a0<b>aesthetic;<\/b><\/li>\n<li>Powder coated in matt black (zero gloss, fine structure) - far more resistant to damage than spray paint coatings, powder paints are completely safe for people and the environment &gt; <b>durable and elegantly finished;<\/b><\/li>\n<li>Dimensions: thickness of sheet metal - 4 mm, profile - 40x40x2 mm, \u03a6 of mounting holes - 8 mm &gt;. <b>robust;<\/b><\/li>\n<li>maximum dimensions: width - 9 to 11.5 cm, depth - 9 cm, height - 18.5 cm &gt; <b>proportionate.<\/b><\/li>\n<\/ul>\n<h2>Application:<\/h2>\n<ul>\n<li>for gazebos, pergolas, beams, fence posts, wooden garden architecture.<\/li>\n<\/ul>\n<details>\n<summary style=\"cursor: pointer;\">Read more<\/summary>\n<h2><span lang=\"pl-PL\">Decorative garden anchor model M-13 - adjustable base, to be screwed on<\/span><\/h2>\n<p><span lang=\"pl-PL\"><strong>Retro-style decorative anchors M-13<\/strong><!-- jw. --> is an aesthetically pleasing and functional solution from <a href=\"\/en\/?wmc-currency=EUR\">MORIA DESIGN<\/a> for your garden<\/span><span lang=\"pl-PL\">. We recommend this product in particular to those who are looking for a proven and aesthetically pleasing way of permanently and effectively securing gazebo poles, shelters, pergolas and other wooden garden architecture objects already at the stage of their construction. Our anchors are manufactured from certified steel<\/span><span lang=\"pl-PL\">. The way the anchors are made combines strength, functionality and an elegant and rustic look. The materials used together with anti-corrosion protection ensure their durability. Resistant to weather conditions and mechanical damage, they are ideal for your garden.\u00a0<\/span><\/p>\n<p><span lang=\"pl-PL\"><strong>Decorative anchor M-13 <\/strong>from MORIA DESIGN is a guaranteed example of solidity and well thought-out, functional design. The anchor is made of steel sheet as thick as 4 mm and a profile with a section of 40 x 40 mm. The anchor has an adjustable base, which allows for precise adjustment to the cross-section of the column to be installed. The use of a wide profile, on which the anchor is supported, reinforces its stability and is a visually attractive solution.<\/span><\/p>\n<p><strong>Decorative anchors<\/strong> are distinguished by their elegant, rustic, original design and high quality workmanship. Each anchor has forged steel rivets, which subtly emphasise their unique design. The decorative anchors are offered in different variants depending on their size, adjustability, as well as the method of installation (for screwing, for concreting), which guarantees their wide range of application possibilities. The presented anchor model is intended for concreting. We also offer this design of decorative anchor in a version for concreting.<\/p>\n<p><span lang=\"pl-PL\">Robust <a href=\"\/en\/offer\/decorative-fastenings\/?wmc-currency=EUR\">decorative anchors<\/a> in retro style from MORIA DESIGN is a simultaneous combination of durability, functionality and elegance. Made of high quality materials, properly protected against corrosion and aesthetically finished, decorative anchors will satisfy the needs of even the most demanding users. Decorative steel anchors can be applied to wooden gazebo posts, fences, pergolas, carports, tool houses or children's houses, which makes them an extremely practical solution. We invite you to purchase solid and elegant decorative anchors from MORIA DESIGN, which will ensure durability of your projects and at the same time will be an original, subtle decoration of the surroundings.<\/span><\/p>\n<\/details>","protected":false},"excerpt":{"rendered":"<p>Cechy i zalety: wykonana z wysokiej gatunkowo stali &gt; wieczna; regulowana szeroko\u015b\u0107 podstawy &gt; funkcjonalna; fazowane otwory monta\u017cowe &gt;\u00a0estetyczna; pomalowana farb\u0105 proszkow\u0105 w kolorze czarny mat (zero po\u0142ysku, drobna struktura) \u2013 zdecydowanie wy\u017csza odporno\u015b\u0107 na uszkodzenia od pow\u0142ok farb natryskowych, farby proszkowe s\u0105 w pe\u0142ni bezpieczne dla ludzi i \u015brodowiska &gt; trwale i elegancko wyko\u0144czona;&#8230;<\/p>","protected":false},"featured_media":4722,"template":"","meta":{"inline_featured_image":false},"product_cat":[33],"product_tag":[153,156,157,152,160,159,158,155,154],"acf":[],"yoast_head":"<!-- This site is optimized with the Yoast SEO plugin v20.2 - https:\/\/yoast.com\/wordpress\/plugins\/seo\/ -->\n<title>Kotwa ozdobna M-13 [szer.=90-115 mm] - MORIA DESIGN<\/title>\n<meta name=\"description\" content=\"Kotwy ozdobne na szerokim stalowym profilu z regulowan\u0105 podstaw\u0105. Wysoka jako\u015b\u0107. Je\u015bli nie ma interesuj\u0105cego Ci\u0119 rozmiaru, zapytaj. Wykonamy go dla Ciebie!\" \/>\n<meta name=\"robots\" content=\"index, follow, max-snippet:-1, max-image-preview:large, max-video-preview:-1\" \/>\n<link rel=\"canonical\" href=\"https:\/\/www.moriadesign.pl\/en\/product\/decorative-anchor-m-13\/?wmc-currency=EUR\" \/>\n<meta property=\"og:locale\" content=\"en_GB\" \/>\n<meta property=\"og:type\" content=\"article\" \/>\n<meta property=\"og:title\" content=\"Kotwa ozdobna M-13 [szer.=90-115 mm] - MORIA DESIGN\" \/>\n<meta property=\"og:description\" content=\"Kotwy ozdobne na szerokim stalowym profilu z regulowan\u0105 podstaw\u0105. Wysoka jako\u015b\u0107. Je\u015bli nie ma interesuj\u0105cego Ci\u0119 rozmiaru, zapytaj. Wykonamy go dla Ciebie!\" \/>\n<meta property=\"og:url\" content=\"https:\/\/www.moriadesign.pl\/en\/product\/decorative-anchor-m-13\/?wmc-currency=EUR\" \/>\n<meta property=\"og:site_name\" content=\"MORIA DESIGN\" \/>\n<meta property=\"article:modified_time\" content=\"2026-04-22T09:07:29+00:00\" \/>\n<meta property=\"og:image\" content=\"https:\/\/www.moriadesign.pl\/wp-content\/uploads\/2025\/11\/M-13_1-metalowa-podstawa-slupa.png\" \/>\n\t<meta property=\"og:image:width\" content=\"1600\" \/>\n\t<meta property=\"og:image:height\" content=\"1600\" \/>\n\t<meta property=\"og:image:type\" content=\"image\/png\" \/>\n<meta name=\"twitter:card\" content=\"summary_large_image\" \/>\n<meta name=\"twitter:label1\" content=\"Estimated reading time\" \/>\n\t<meta name=\"twitter:data1\" content=\"2 minutes\" \/>\n<script type=\"application\/ld+json\" class=\"yoast-schema-graph\">{\"@context\":\"https:\/\/schema.org\",\"@graph\":[{\"@type\":\"WebPage\",\"@id\":\"https:\/\/www.moriadesign.pl\/produkt\/kotwa-ozdobna-m-13\/\",\"url\":\"https:\/\/www.moriadesign.pl\/produkt\/kotwa-ozdobna-m-13\/\",\"name\":\"Kotwa ozdobna M-13 [szer.=90-115 mm] - MORIA DESIGN\",\"isPartOf\":{\"@id\":\"https:\/\/www.moriadesign.pl\/#website\"},\"datePublished\":\"2025-11-28T13:49:24+00:00\",\"dateModified\":\"2026-04-22T09:07:29+00:00\",\"description\":\"Kotwy ozdobne na szerokim stalowym profilu z regulowan\u0105 podstaw\u0105. Wysoka jako\u015b\u0107. Je\u015bli nie ma interesuj\u0105cego Ci\u0119 rozmiaru, zapytaj. Wykonamy go dla Ciebie!\",\"breadcrumb\":{\"@id\":\"https:\/\/www.moriadesign.pl\/produkt\/kotwa-ozdobna-m-13\/#breadcrumb\"},\"inLanguage\":\"en-GB\",\"potentialAction\":[{\"@type\":\"ReadAction\",\"target\":[\"https:\/\/www.moriadesign.pl\/produkt\/kotwa-ozdobna-m-13\/\"]}]},{\"@type\":\"BreadcrumbList\",\"@id\":\"https:\/\/www.moriadesign.pl\/produkt\/kotwa-ozdobna-m-13\/#breadcrumb\",\"itemListElement\":[{\"@type\":\"ListItem\",\"position\":1,\"name\":\"Strona g\u0142\u00f3wna\",\"item\":\"https:\/\/www.moriadesign.pl\/\"},{\"@type\":\"ListItem\",\"position\":2,\"name\":\"Sklep\",\"item\":\"https:\/\/www.moriadesign.pl\/sklep\/\"},{\"@type\":\"ListItem\",\"position\":3,\"name\":\"Kotwa ozdobna M-13 [szer.=90-115 mm]\"}]},{\"@type\":\"WebSite\",\"@id\":\"https:\/\/www.moriadesign.pl\/#website\",\"url\":\"https:\/\/www.moriadesign.pl\/\",\"name\":\"MORIA DESIGN\",\"description\":\"okucia do mebli, domu i ogrodu\",\"potentialAction\":[{\"@type\":\"SearchAction\",\"target\":{\"@type\":\"EntryPoint\",\"urlTemplate\":\"https:\/\/www.moriadesign.pl\/?s={search_term_string}\"},\"query-input\":\"required name=search_term_string\"}],\"inLanguage\":\"en-GB\"}]}<\/script>\n<!-- \/ Yoast SEO plugin. -->","yoast_head_json":{"title":"Kotwa ozdobna M-13 [szer.=90-115 mm] - MORIA DESIGN","description":"Kotwy ozdobne na szerokim stalowym profilu z regulowan\u0105 podstaw\u0105. Wysoka jako\u015b\u0107. Je\u015bli nie ma interesuj\u0105cego Ci\u0119 rozmiaru, zapytaj. Wykonamy go dla Ciebie!","robots":{"index":"index","follow":"follow","max-snippet":"max-snippet:-1","max-image-preview":"max-image-preview:large","max-video-preview":"max-video-preview:-1"},"canonical":"https:\/\/www.moriadesign.pl\/en\/product\/decorative-anchor-m-13\/?wmc-currency=EUR","og_locale":"en_GB","og_type":"article","og_title":"Kotwa ozdobna M-13 [szer.=90-115 mm] - MORIA DESIGN","og_description":"Kotwy ozdobne na szerokim stalowym profilu z regulowan\u0105 podstaw\u0105. Wysoka jako\u015b\u0107. Je\u015bli nie ma interesuj\u0105cego Ci\u0119 rozmiaru, zapytaj. Wykonamy go dla Ciebie!","og_url":"https:\/\/www.moriadesign.pl\/en\/product\/decorative-anchor-m-13\/?wmc-currency=EUR","og_site_name":"MORIA DESIGN","article_modified_time":"2026-04-22T09:07:29+00:00","og_image":[{"width":1600,"height":1600,"url":"https:\/\/www.moriadesign.pl\/wp-content\/uploads\/2025\/11\/M-13_1-metalowa-podstawa-slupa.png","type":"image\/png"}],"twitter_card":"summary_large_image","twitter_misc":{"Estimated reading time":"2 minutes"},"schema":{"@context":"https:\/\/schema.org","@graph":[{"@type":"WebPage","@id":"https:\/\/www.moriadesign.pl\/produkt\/kotwa-ozdobna-m-13\/","url":"https:\/\/www.moriadesign.pl\/produkt\/kotwa-ozdobna-m-13\/","name":"Kotwa ozdobna M-13 [szer.=90-115 mm] - MORIA DESIGN","isPartOf":{"@id":"https:\/\/www.moriadesign.pl\/#website"},"datePublished":"2025-11-28T13:49:24+00:00","dateModified":"2026-04-22T09:07:29+00:00","description":"Kotwy ozdobne na szerokim stalowym profilu z regulowan\u0105 podstaw\u0105. Wysoka jako\u015b\u0107. Je\u015bli nie ma interesuj\u0105cego Ci\u0119 rozmiaru, zapytaj. Wykonamy go dla Ciebie!","breadcrumb":{"@id":"https:\/\/www.moriadesign.pl\/produkt\/kotwa-ozdobna-m-13\/#breadcrumb"},"inLanguage":"en-GB","potentialAction":[{"@type":"ReadAction","target":["https:\/\/www.moriadesign.pl\/produkt\/kotwa-ozdobna-m-13\/"]}]},{"@type":"BreadcrumbList","@id":"https:\/\/www.moriadesign.pl\/produkt\/kotwa-ozdobna-m-13\/#breadcrumb","itemListElement":[{"@type":"ListItem","position":1,"name":"Strona g\u0142\u00f3wna","item":"https:\/\/www.moriadesign.pl\/"},{"@type":"ListItem","position":2,"name":"Sklep","item":"https:\/\/www.moriadesign.pl\/sklep\/"},{"@type":"ListItem","position":3,"name":"Kotwa ozdobna M-13 [szer.=90-115 mm]"}]},{"@type":"WebSite","@id":"https:\/\/www.moriadesign.pl\/#website","url":"https:\/\/www.moriadesign.pl\/","name":"MORIA DESIGN","description":"okucia do mebli, domu i ogrodu","potentialAction":[{"@type":"SearchAction","target":{"@type":"EntryPoint","urlTemplate":"https:\/\/www.moriadesign.pl\/?s={search_term_string}"},"query-input":"required name=search_term_string"}],"inLanguage":"en-GB"}]}},"_links":{"self":[{"href":"https:\/\/www.moriadesign.pl\/en\/wp-json\/wp\/v2\/product\/4773"}],"collection":[{"href":"https:\/\/www.moriadesign.pl\/en\/wp-json\/wp\/v2\/product"}],"about":[{"href":"https:\/\/www.moriadesign.pl\/en\/wp-json\/wp\/v2\/types\/product"}],"wp:featuredmedia":[{"embeddable":true,"href":"https:\/\/www.moriadesign.pl\/en\/wp-json\/wp\/v2\/media\/4722"}],"wp:attachment":[{"href":"https:\/\/www.moriadesign.pl\/en\/wp-json\/wp\/v2\/media?parent=4773"}],"wp:term":[{"taxonomy":"product_cat","embeddable":true,"href":"https:\/\/www.moriadesign.pl\/en\/wp-json\/wp\/v2\/product_cat?post=4773"},{"taxonomy":"product_tag","embeddable":true,"href":"https:\/\/www.moriadesign.pl\/en\/wp-json\/wp\/v2\/product_tag?post=4773"}],"curies":[{"name":"wp","href":"https:\/\/api.w.org\/{rel}","templated":true}]}}