{"id":3807,"date":"2024-08-08T11:55:15","date_gmt":"2024-08-08T09:55:15","guid":{"rendered":"https:\/\/www.moriadesign.pl\/?post_type=product&#038;p=3807"},"modified":"2026-04-03T10:54:09","modified_gmt":"2026-04-03T08:54:09","slug":"stojak-rowerowy-modern-b-10-50-k-l34-cm","status":"publish","type":"product","link":"https:\/\/www.moriadesign.pl\/en\/product\/stojak-rowerowy-modern-b-10-50-k-l34-cm\/","title":{"rendered":"Bicycle stand modern B-10.50.k [l=34 cm]"},"content":{"rendered":"<h2>Features and benefits:<\/h2>\n<ul>\n<li>made of steel (profile + sheet metal with logo) &gt; <b>modern<\/b>;<\/li>\n<li>Mounting method - screwed (metal orifice) &gt;\u00a0<b>easy to install<\/b>;<\/li>\n<li>*galvanised and powder coated in anthracite\/graphite RAL 7016 - definitely more resistant to damage than spray paint coatings, powder coatings are completely safe for people and the environment &gt;. <b>durable and elegantly finished;<\/b><\/li>\n<li>wymiary: wysoko\u015b\u0107 &#8211; 80 cm, d\u0142ugo\u015b\u0107 &#8211; 34 cm, grubo\u015b\u0107 blachy &#8211; 2 mm, profil &#8211; 50 x 50 mm, grubo\u015b\u0107 kryzy &#8211; 4 mm &gt;<b>\u00a0very solid<\/b>;<\/li>\n<li>machine-made &gt;\u00a0<b>repetitive<\/b>.<\/li>\n<\/ul>\n<p>*Powder-coated only version also available.<\/p>\n<h2>Application:<\/h2>\n<ul>\n<li>The design of the stand allows both the frame and the wheel of the bicycle to be secured with a safety cable. It also works well for parking scooters.<\/li>\n<\/ul>\n<details>\n<summary style=\"cursor: pointer;\">Read more<\/summary>\n<h2><span lang=\"pl-PL\">Smuk\u0142y nowoczesny stojak modern B-10.50.k \u2013 stojak rowerowy dwustanowiskowy w atrakcyjnej cenie<\/span><\/h2>\n<p><span lang=\"pl-PL\"><strong>Stojak na rower modern B-10.50.k<\/strong><!-- jw. --> to nowoczesny stojak rowerowy dwustanowiskowy w atrakcyjnej cenie od <a href=\"\/en\/?wmc-currency=EUR\">MORIA DESIGN<\/a><\/span><span lang=\"pl-PL\">. It is a great choice for anyone looking for a proven and aesthetically pleasing solution at an affordable price for organised bike parking. Our shaped<\/span><span lang=\"pl-PL\"> stojak zosta\u0142 wykonany z atestowanego stalowego profilu oraz blachy z wyci\u0119tym logo roweru. Oferowany stojak rowerowy \u0142\u0105czy w sobie wytrzyma\u0142o\u015b\u0107, funkcjonalno\u015b\u0107 oraz elegancki wygl\u0105d. Zastosowane materia\u0142y wraz z zabezpieczeniem antykorozyjnym (opcja stojaka wykonanego z ocynkowanego profilu) sprawiaj\u0105, \u017ce stojak jest praktycznie wieczny. Stojak jest odporny na warunki atmosferyczne oraz uszkodzenia mechaniczne. Idealnie sprawdzi si\u0119 w przestrzeniach miejskich, parkach, szko\u0142ach czy przed biurem, zapewniaj\u0105c bezpieczne i wygodne miejsce do uporz\u0105dkowanego parkowania rower\u00f3w.\u00a0<\/span><\/p>\n<p><span lang=\"pl-PL\"><strong>Pojedynczy stojak rowerowy B-10.50.k<\/strong> firmy MORIA DESIGN to sprawdzony przyk\u0142ad solidno\u015bci i przemy\u015blanej, funkcjonalnej konstrukcji. Stojak wykonany jest ze stalowego profilu o przekroju 50 x 50 mm i grubo\u015bci \u015bcianki 2 mm, co zapewnia oczekiwan\u0105 stabilno\u015b\u0107 i wytrzyma\u0142o\u015b\u0107. Poprzecznie wspawana blacha o grubo\u015bci 2 mm jest miejscem dedykowanym do wyeksponowania logo. Stojak dost\u0119py jest w wersji malowanej proszkowo lub ocynkowanej i malowanej proszkowo, co dodatkowo podnosi jego trwa\u0142o\u015b\u0107 i odporno\u015b\u0107 na korozj\u0119.<\/span><\/p>\n<p><strong>Stojaki rowerowe model B-10.50.k<\/strong> wyr\u00f3\u017cniaj\u0105 si\u0119 eleganckim, smuk\u0142ym wygl\u0105dem w stylu modern oraz wysok\u0105 jako\u015bci\u0105 wykonania. Dzi\u0119ki swoim kompaktowym wymiarom, \u0142atwo mo\u017cna je zamontowa\u0107 nawet w miejscach o niewielkich powierzchni. Prezentowany model stojaka jest przeznaczony do przykr\u0119cenia lub zakotwienia. Ten wz\u00f3r stojaka rowerowego oferujemy r\u00f3wnie\u017c w wersji do zabetonowania.<\/p>\n<p><span lang=\"pl-PL\">Oferowane modern <a href=\"\/en\/offer\/bicycle-racks\/?wmc-currency=EUR\">bicycle racks<\/a> od MORIA DESIGN to jednoczesne po\u0142\u0105czenie wytrzyma\u0142o\u015bci, funkcjonalno\u015bci i elegancji. Wykonane z wysokiej jako\u015bci materia\u0142\u00f3w, odpowiednio zabezpieczone antykorozyjnie i estetycznie wyko\u0144czone, stojaki te ciesz\u0105 si\u0119 licznymi pozytywnymi opiniami w\u015br\u00f3d u\u017cytkownik\u00f3w. Stojaki mog\u0105 s\u0142u\u017cy\u0107 do parkowania dw\u00f3ch rower\u00f3w, w tym rower\u00f3w elektrycznych oraz hulajn\u00f3g. Zapraszamy do zakupu solidnych i nowoczesnych stojak\u00f3w rowerowych w atrakcyjnej cenie, kt\u00f3re zapewni\u0105 bezpiecze\u0144stwo i komfort u\u017cytkowania przez d\u0142ugie lata.<\/span><\/p>\n<\/details>","protected":false},"excerpt":{"rendered":"<p>Cechy i zalety: wykonany ze stali (profil + blacha z logo) &gt; nowoczesny; spos\u00f3b monta\u017cu &#8211; przykr\u0119cenie (metalowa kryza) &gt;\u00a0\u0142atwy w monta\u017cu; *ocynkowany oraz pomalowany farb\u0105 proszkow\u0105 w kolorze antracytowym \/ grafitowym RAL 7016 \u2013 zdecydowanie wy\u017csza odporno\u015b\u0107 na uszkodzenia od pow\u0142ok farb natryskowych, farby proszkowe s\u0105 w pe\u0142ni bezpieczne dla ludzi i \u015brodowiska &gt;&#8230;<\/p>","protected":false},"featured_media":3795,"template":"","meta":{"inline_featured_image":false},"product_cat":[35],"product_tag":[60,146,64,59,55,149,63,57,150,71],"acf":[],"yoast_head":"<!-- This site is optimized with the Yoast SEO plugin v20.2 - https:\/\/yoast.com\/wordpress\/plugins\/seo\/ -->\n<title>Stojak rowerowy modern B-10.50.k [l=34 cm] - MORIA DESIGN<\/title>\n<meta name=\"description\" content=\"Stojak dla dw\u00f3ch rower\u00f3w w atrakcyjnej cenie. Posiada miejsce na logo. Idealnie pasuje do przestrzeni w stylu modern. Gwarancja satysfakcji. Szybka wysy\u0142ka!\" \/>\n<meta name=\"robots\" content=\"index, follow, max-snippet:-1, max-image-preview:large, max-video-preview:-1\" \/>\n<link rel=\"canonical\" href=\"https:\/\/www.moriadesign.pl\/en\/product\/stojak-rowerowy-modern-b-10-50-k-l34-cm\/?wmc-currency=EUR\" \/>\n<meta property=\"og:locale\" content=\"en_GB\" \/>\n<meta property=\"og:type\" content=\"article\" \/>\n<meta property=\"og:title\" content=\"Stojak rowerowy modern B-10.50.k [l=34 cm] - MORIA DESIGN\" \/>\n<meta property=\"og:description\" content=\"Stojak dla dw\u00f3ch rower\u00f3w w atrakcyjnej cenie. Posiada miejsce na logo. Idealnie pasuje do przestrzeni w stylu modern. Gwarancja satysfakcji. Szybka wysy\u0142ka!\" \/>\n<meta property=\"og:url\" content=\"https:\/\/www.moriadesign.pl\/en\/product\/stojak-rowerowy-modern-b-10-50-k-l34-cm\/?wmc-currency=EUR\" \/>\n<meta property=\"og:site_name\" content=\"MORIA DESIGN\" \/>\n<meta property=\"article:modified_time\" content=\"2026-04-03T08:54:09+00:00\" \/>\n<meta property=\"og:image\" content=\"https:\/\/www.moriadesign.pl\/wp-content\/uploads\/2024\/08\/B-10.50.k_1-nowoczesny-grafitowy-stojak-rowerowy-styl-modern.png\" \/>\n\t<meta property=\"og:image:width\" content=\"1600\" \/>\n\t<meta property=\"og:image:height\" content=\"1600\" \/>\n\t<meta property=\"og:image:type\" content=\"image\/png\" \/>\n<meta name=\"twitter:card\" content=\"summary_large_image\" \/>\n<meta name=\"twitter:label1\" content=\"Estimated reading time\" \/>\n\t<meta name=\"twitter:data1\" content=\"2 minutes\" \/>\n<script type=\"application\/ld+json\" class=\"yoast-schema-graph\">{\"@context\":\"https:\/\/schema.org\",\"@graph\":[{\"@type\":\"WebPage\",\"@id\":\"https:\/\/www.moriadesign.pl\/produkt\/stojak-rowerowy-modern-b-10-50-k-l34-cm\/\",\"url\":\"https:\/\/www.moriadesign.pl\/produkt\/stojak-rowerowy-modern-b-10-50-k-l34-cm\/\",\"name\":\"Stojak rowerowy modern B-10.50.k [l=34 cm] - MORIA DESIGN\",\"isPartOf\":{\"@id\":\"https:\/\/www.moriadesign.pl\/#website\"},\"datePublished\":\"2024-08-08T09:55:15+00:00\",\"dateModified\":\"2026-04-03T08:54:09+00:00\",\"description\":\"Stojak dla dw\u00f3ch rower\u00f3w w atrakcyjnej cenie. Posiada miejsce na logo. Idealnie pasuje do przestrzeni w stylu modern. Gwarancja satysfakcji. Szybka wysy\u0142ka!\",\"breadcrumb\":{\"@id\":\"https:\/\/www.moriadesign.pl\/produkt\/stojak-rowerowy-modern-b-10-50-k-l34-cm\/#breadcrumb\"},\"inLanguage\":\"en-GB\",\"potentialAction\":[{\"@type\":\"ReadAction\",\"target\":[\"https:\/\/www.moriadesign.pl\/produkt\/stojak-rowerowy-modern-b-10-50-k-l34-cm\/\"]}]},{\"@type\":\"BreadcrumbList\",\"@id\":\"https:\/\/www.moriadesign.pl\/produkt\/stojak-rowerowy-modern-b-10-50-k-l34-cm\/#breadcrumb\",\"itemListElement\":[{\"@type\":\"ListItem\",\"position\":1,\"name\":\"Strona g\u0142\u00f3wna\",\"item\":\"https:\/\/www.moriadesign.pl\/\"},{\"@type\":\"ListItem\",\"position\":2,\"name\":\"Sklep\",\"item\":\"https:\/\/www.moriadesign.pl\/sklep\/\"},{\"@type\":\"ListItem\",\"position\":3,\"name\":\"Stojak rowerowy modern B-10.50.k [l=34 cm]\"}]},{\"@type\":\"WebSite\",\"@id\":\"https:\/\/www.moriadesign.pl\/#website\",\"url\":\"https:\/\/www.moriadesign.pl\/\",\"name\":\"MORIA DESIGN\",\"description\":\"okucia do mebli, domu i ogrodu\",\"potentialAction\":[{\"@type\":\"SearchAction\",\"target\":{\"@type\":\"EntryPoint\",\"urlTemplate\":\"https:\/\/www.moriadesign.pl\/?s={search_term_string}\"},\"query-input\":\"required name=search_term_string\"}],\"inLanguage\":\"en-GB\"}]}<\/script>\n<!-- \/ Yoast SEO plugin. -->","yoast_head_json":{"title":"Stojak rowerowy modern B-10.50.k [l=34 cm] - MORIA DESIGN","description":"Stojak dla dw\u00f3ch rower\u00f3w w atrakcyjnej cenie. Posiada miejsce na logo. Idealnie pasuje do przestrzeni w stylu modern. Gwarancja satysfakcji. Szybka wysy\u0142ka!","robots":{"index":"index","follow":"follow","max-snippet":"max-snippet:-1","max-image-preview":"max-image-preview:large","max-video-preview":"max-video-preview:-1"},"canonical":"https:\/\/www.moriadesign.pl\/en\/product\/stojak-rowerowy-modern-b-10-50-k-l34-cm\/?wmc-currency=EUR","og_locale":"en_GB","og_type":"article","og_title":"Stojak rowerowy modern B-10.50.k [l=34 cm] - MORIA DESIGN","og_description":"Stojak dla dw\u00f3ch rower\u00f3w w atrakcyjnej cenie. Posiada miejsce na logo. Idealnie pasuje do przestrzeni w stylu modern. Gwarancja satysfakcji. Szybka wysy\u0142ka!","og_url":"https:\/\/www.moriadesign.pl\/en\/product\/stojak-rowerowy-modern-b-10-50-k-l34-cm\/?wmc-currency=EUR","og_site_name":"MORIA DESIGN","article_modified_time":"2026-04-03T08:54:09+00:00","og_image":[{"width":1600,"height":1600,"url":"https:\/\/www.moriadesign.pl\/wp-content\/uploads\/2024\/08\/B-10.50.k_1-nowoczesny-grafitowy-stojak-rowerowy-styl-modern.png","type":"image\/png"}],"twitter_card":"summary_large_image","twitter_misc":{"Estimated reading time":"2 minutes"},"schema":{"@context":"https:\/\/schema.org","@graph":[{"@type":"WebPage","@id":"https:\/\/www.moriadesign.pl\/produkt\/stojak-rowerowy-modern-b-10-50-k-l34-cm\/","url":"https:\/\/www.moriadesign.pl\/produkt\/stojak-rowerowy-modern-b-10-50-k-l34-cm\/","name":"Stojak rowerowy modern B-10.50.k [l=34 cm] - MORIA DESIGN","isPartOf":{"@id":"https:\/\/www.moriadesign.pl\/#website"},"datePublished":"2024-08-08T09:55:15+00:00","dateModified":"2026-04-03T08:54:09+00:00","description":"Stojak dla dw\u00f3ch rower\u00f3w w atrakcyjnej cenie. Posiada miejsce na logo. Idealnie pasuje do przestrzeni w stylu modern. Gwarancja satysfakcji. Szybka wysy\u0142ka!","breadcrumb":{"@id":"https:\/\/www.moriadesign.pl\/produkt\/stojak-rowerowy-modern-b-10-50-k-l34-cm\/#breadcrumb"},"inLanguage":"en-GB","potentialAction":[{"@type":"ReadAction","target":["https:\/\/www.moriadesign.pl\/produkt\/stojak-rowerowy-modern-b-10-50-k-l34-cm\/"]}]},{"@type":"BreadcrumbList","@id":"https:\/\/www.moriadesign.pl\/produkt\/stojak-rowerowy-modern-b-10-50-k-l34-cm\/#breadcrumb","itemListElement":[{"@type":"ListItem","position":1,"name":"Strona g\u0142\u00f3wna","item":"https:\/\/www.moriadesign.pl\/"},{"@type":"ListItem","position":2,"name":"Sklep","item":"https:\/\/www.moriadesign.pl\/sklep\/"},{"@type":"ListItem","position":3,"name":"Stojak rowerowy modern B-10.50.k [l=34 cm]"}]},{"@type":"WebSite","@id":"https:\/\/www.moriadesign.pl\/#website","url":"https:\/\/www.moriadesign.pl\/","name":"MORIA DESIGN","description":"okucia do mebli, domu i ogrodu","potentialAction":[{"@type":"SearchAction","target":{"@type":"EntryPoint","urlTemplate":"https:\/\/www.moriadesign.pl\/?s={search_term_string}"},"query-input":"required name=search_term_string"}],"inLanguage":"en-GB"}]}},"_links":{"self":[{"href":"https:\/\/www.moriadesign.pl\/en\/wp-json\/wp\/v2\/product\/3807"}],"collection":[{"href":"https:\/\/www.moriadesign.pl\/en\/wp-json\/wp\/v2\/product"}],"about":[{"href":"https:\/\/www.moriadesign.pl\/en\/wp-json\/wp\/v2\/types\/product"}],"wp:featuredmedia":[{"embeddable":true,"href":"https:\/\/www.moriadesign.pl\/en\/wp-json\/wp\/v2\/media\/3795"}],"wp:attachment":[{"href":"https:\/\/www.moriadesign.pl\/en\/wp-json\/wp\/v2\/media?parent=3807"}],"wp:term":[{"taxonomy":"product_cat","embeddable":true,"href":"https:\/\/www.moriadesign.pl\/en\/wp-json\/wp\/v2\/product_cat?post=3807"},{"taxonomy":"product_tag","embeddable":true,"href":"https:\/\/www.moriadesign.pl\/en\/wp-json\/wp\/v2\/product_tag?post=3807"}],"curies":[{"name":"wp","href":"https:\/\/api.w.org\/{rel}","templated":true}]}}