{"id":3804,"date":"2024-08-08T11:39:15","date_gmt":"2024-08-08T09:39:15","guid":{"rendered":"https:\/\/www.moriadesign.pl\/?post_type=product&#038;p=3804"},"modified":"2026-04-03T10:55:54","modified_gmt":"2026-04-03T08:55:54","slug":"stojak-rowerowy-modern-b-10-50-b-l34-cm","status":"publish","type":"product","link":"https:\/\/www.moriadesign.pl\/en\/product\/bicycle-stand-modern-b-10-50-b-l34-cm\/","title":{"rendered":"Bicycle stand modern B-10.50.b [l=34 cm]"},"content":{"rendered":"<h2>Features and benefits:<\/h2>\n<ul>\n<li>made of steel (profile + sheet metal with logo) &gt; <b>modern<\/b>;<\/li>\n<li>installation method - concrete (dedicated 30 cm profile) &gt; <b>easy to install<\/b>;<\/li>\n<li>* galvanised and painted with anthracite \/ graphite powder paint - definitely more resistant to damage than spray paint coatings, powder paints are completely safe for people and the environment &gt;. <b>durable and elegantly finished;<\/b><\/li>\n<li>Dimensions: height - 80 cm + 30 cm for concreting, length - 34 cm, sheet thickness - 2 mm, profile - 50 x 50 mm &gt;<b>\u00a0very solid<\/b>;<\/li>\n<li>machine-made &gt;\u00a0<b>repetitive<\/b>.<\/li>\n<\/ul>\n<p>*Powder-coated only version also available.<\/p>\n<h2>Application:<\/h2>\n<ul>\n<li>The design of the stand allows both the frame and the wheel of the bicycle to be secured with a safety cable. It also works well for parking scooters.<\/li>\n<\/ul>\n<details>\n<summary style=\"cursor: pointer;\">Read more<\/summary>\n<h2><span lang=\"pl-PL\">Modern and inexpensive U-type bicycle stand model B-10.50.b - the ideal stand for bicycles in front of the office<\/span><\/h2>\n<p><span lang=\"pl-PL\"><strong>Bicycle stand modern B-10.50.b<\/strong><!-- jw. --> is a modern and inexpensive bicycle stand made of steel profile from <a href=\"\/en\/?wmc-currency=EUR\">MORIA DESIGN<\/a><\/span><span lang=\"pl-PL\">. It is the perfect choice for anyone looking for a proven and aesthetically pleasing solution, at an attractive price, for the orderly parking of bicycles and scooters in front of the office. Our shaped<\/span><span lang=\"pl-PL\"> The stand is made of certified steel profile and sheet metal with a cut-out bicycle logo. The offered bicycle stand combines durability, functionality and an elegant and modern design. The materials used, together with anti-corrosion protection, make the stand practically everlasting. Extremely resistant to weather conditions and mechanical damage. Ideal for urban spaces, parks, schools or office surroundings, providing a safe and convenient place to secure bikes with a chain, cable or u-lock.\u00a0<\/span><\/p>\n<p><span lang=\"pl-PL\"><strong>Single bicycle stand B-10.50.b<\/strong> from MORIA DESIGN is a guaranteed example of solidity and thoughtful, functional design. The stand is made of a 50 x 50 mm steel profile with a wall thickness of 2 mm, which ensures high stability and strength. The transversely welded 2 mm thick metal sheet is a dedicated space for displaying the logo. The stand is available powder-coated or galvanised and powder-coated for extra durability and corrosion resistance.<\/span><\/p>\n<p><strong>Bicycle stands modern B-10.50.b<\/strong> are distinguished by their elegant, modern, slim design and high quality workmanship. Thanks to their compact dimensions, they can be easily installed even in areas with limited space. The presented model of the stand is intended for concreting. We also offer this design of bicycle stand in a version for screwing or anchoring.<\/p>\n<p><span lang=\"pl-PL\">Robust <a href=\"\/en\/offer\/bicycle-racks\/?wmc-currency=EUR\">bicycle racks<\/a> modern from MORIA DESIGN is a simultaneous combination of durability, functionality and elegance. Made of high quality materials, properly protected against corrosion and aesthetically finished, these stands will satisfy the needs of even the most demanding users. The racks can be used to park two bicycles, including electric bicycles and scooters, which makes them an extremely practical solution. We invite you to purchase solid and elegant bicycle stands from MORIA DESIGN, which will ensure safety and comfort of use for many years.<\/span><\/p>\n<\/details>","protected":false},"excerpt":{"rendered":"<p>Cechy i zalety: wykonany ze stali (profil + blacha z logo) &gt; nowoczesny; spos\u00f3b monta\u017cu &#8211; zabetonowanie (dedykowane 30 cm profilu) &gt; \u0142atwy w monta\u017cu; *ocynkowany oraz pomalowany farb\u0105 proszkow\u0105 w kolorze antracytowym \/ grafitowym \u2013 zdecydowanie wy\u017csza odporno\u015b\u0107 na uszkodzenia od pow\u0142ok farb natryskowych, farby proszkowe s\u0105 w pe\u0142ni bezpieczne dla ludzi i \u015brodowiska&#8230;<\/p>","protected":false},"featured_media":3793,"template":"","meta":{"inline_featured_image":false},"product_cat":[35],"product_tag":[148,60,146,64,59,55,74,63,57,58],"acf":[],"yoast_head":"<!-- This site is optimized with the Yoast SEO plugin v20.2 - https:\/\/yoast.com\/wordpress\/plugins\/seo\/ -->\n<title>Stojak rowerowy modern B-10.50.b [l=34 cm] - MORIA DESIGN<\/title>\n<meta name=\"description\" content=\"Nowoczesny i tani stojak rowerowy z profilu, z miejscem na logo. Idealny stojak na rower przed biurem. Wysoka jako\u015b\u0107. Zam\u00f3w ju\u017c dzi\u015b, a wysy\u0142ka ju\u017c jutro!\" \/>\n<meta name=\"robots\" content=\"index, follow, max-snippet:-1, max-image-preview:large, max-video-preview:-1\" \/>\n<link rel=\"canonical\" href=\"https:\/\/www.moriadesign.pl\/en\/product\/bicycle-stand-modern-b-10-50-b-l34-cm\/?wmc-currency=EUR\" \/>\n<meta property=\"og:locale\" content=\"en_GB\" \/>\n<meta property=\"og:type\" content=\"article\" \/>\n<meta property=\"og:title\" content=\"Stojak rowerowy modern B-10.50.b [l=34 cm] - MORIA DESIGN\" \/>\n<meta property=\"og:description\" content=\"Nowoczesny i tani stojak rowerowy z profilu, z miejscem na logo. Idealny stojak na rower przed biurem. Wysoka jako\u015b\u0107. Zam\u00f3w ju\u017c dzi\u015b, a wysy\u0142ka ju\u017c jutro!\" \/>\n<meta property=\"og:url\" content=\"https:\/\/www.moriadesign.pl\/en\/product\/bicycle-stand-modern-b-10-50-b-l34-cm\/?wmc-currency=EUR\" \/>\n<meta property=\"og:site_name\" content=\"MORIA DESIGN\" \/>\n<meta property=\"article:modified_time\" content=\"2026-04-03T08:55:54+00:00\" \/>\n<meta property=\"og:image\" content=\"https:\/\/www.moriadesign.pl\/wp-content\/uploads\/2024\/08\/B-10.50.b_1-idealny-stojak-na-rower-przed-biuro.png\" \/>\n\t<meta property=\"og:image:width\" content=\"1600\" \/>\n\t<meta property=\"og:image:height\" content=\"1600\" \/>\n\t<meta property=\"og:image:type\" content=\"image\/png\" \/>\n<meta name=\"twitter:card\" content=\"summary_large_image\" \/>\n<meta name=\"twitter:label1\" content=\"Estimated reading time\" \/>\n\t<meta name=\"twitter:data1\" content=\"3 minutes\" \/>\n<script type=\"application\/ld+json\" class=\"yoast-schema-graph\">{\"@context\":\"https:\/\/schema.org\",\"@graph\":[{\"@type\":\"WebPage\",\"@id\":\"https:\/\/www.moriadesign.pl\/produkt\/stojak-rowerowy-modern-b-10-50-b-l34-cm\/\",\"url\":\"https:\/\/www.moriadesign.pl\/produkt\/stojak-rowerowy-modern-b-10-50-b-l34-cm\/\",\"name\":\"Stojak rowerowy modern B-10.50.b [l=34 cm] - MORIA DESIGN\",\"isPartOf\":{\"@id\":\"https:\/\/www.moriadesign.pl\/#website\"},\"datePublished\":\"2024-08-08T09:39:15+00:00\",\"dateModified\":\"2026-04-03T08:55:54+00:00\",\"description\":\"Nowoczesny i tani stojak rowerowy z profilu, z miejscem na logo. Idealny stojak na rower przed biurem. Wysoka jako\u015b\u0107. Zam\u00f3w ju\u017c dzi\u015b, a wysy\u0142ka ju\u017c jutro!\",\"breadcrumb\":{\"@id\":\"https:\/\/www.moriadesign.pl\/produkt\/stojak-rowerowy-modern-b-10-50-b-l34-cm\/#breadcrumb\"},\"inLanguage\":\"en-GB\",\"potentialAction\":[{\"@type\":\"ReadAction\",\"target\":[\"https:\/\/www.moriadesign.pl\/produkt\/stojak-rowerowy-modern-b-10-50-b-l34-cm\/\"]}]},{\"@type\":\"BreadcrumbList\",\"@id\":\"https:\/\/www.moriadesign.pl\/produkt\/stojak-rowerowy-modern-b-10-50-b-l34-cm\/#breadcrumb\",\"itemListElement\":[{\"@type\":\"ListItem\",\"position\":1,\"name\":\"Strona g\u0142\u00f3wna\",\"item\":\"https:\/\/www.moriadesign.pl\/\"},{\"@type\":\"ListItem\",\"position\":2,\"name\":\"Sklep\",\"item\":\"https:\/\/www.moriadesign.pl\/sklep\/\"},{\"@type\":\"ListItem\",\"position\":3,\"name\":\"Stojak rowerowy modern B-10.50.b [l=34 cm]\"}]},{\"@type\":\"WebSite\",\"@id\":\"https:\/\/www.moriadesign.pl\/#website\",\"url\":\"https:\/\/www.moriadesign.pl\/\",\"name\":\"MORIA DESIGN\",\"description\":\"okucia do mebli, domu i ogrodu\",\"potentialAction\":[{\"@type\":\"SearchAction\",\"target\":{\"@type\":\"EntryPoint\",\"urlTemplate\":\"https:\/\/www.moriadesign.pl\/?s={search_term_string}\"},\"query-input\":\"required name=search_term_string\"}],\"inLanguage\":\"en-GB\"}]}<\/script>\n<!-- \/ Yoast SEO plugin. -->","yoast_head_json":{"title":"Stojak rowerowy modern B-10.50.b [l=34 cm] - MORIA DESIGN","description":"Nowoczesny i tani stojak rowerowy z profilu, z miejscem na logo. Idealny stojak na rower przed biurem. Wysoka jako\u015b\u0107. Zam\u00f3w ju\u017c dzi\u015b, a wysy\u0142ka ju\u017c jutro!","robots":{"index":"index","follow":"follow","max-snippet":"max-snippet:-1","max-image-preview":"max-image-preview:large","max-video-preview":"max-video-preview:-1"},"canonical":"https:\/\/www.moriadesign.pl\/en\/product\/bicycle-stand-modern-b-10-50-b-l34-cm\/?wmc-currency=EUR","og_locale":"en_GB","og_type":"article","og_title":"Stojak rowerowy modern B-10.50.b [l=34 cm] - MORIA DESIGN","og_description":"Nowoczesny i tani stojak rowerowy z profilu, z miejscem na logo. Idealny stojak na rower przed biurem. Wysoka jako\u015b\u0107. Zam\u00f3w ju\u017c dzi\u015b, a wysy\u0142ka ju\u017c jutro!","og_url":"https:\/\/www.moriadesign.pl\/en\/product\/bicycle-stand-modern-b-10-50-b-l34-cm\/?wmc-currency=EUR","og_site_name":"MORIA DESIGN","article_modified_time":"2026-04-03T08:55:54+00:00","og_image":[{"width":1600,"height":1600,"url":"https:\/\/www.moriadesign.pl\/wp-content\/uploads\/2024\/08\/B-10.50.b_1-idealny-stojak-na-rower-przed-biuro.png","type":"image\/png"}],"twitter_card":"summary_large_image","twitter_misc":{"Estimated reading time":"3 minutes"},"schema":{"@context":"https:\/\/schema.org","@graph":[{"@type":"WebPage","@id":"https:\/\/www.moriadesign.pl\/produkt\/stojak-rowerowy-modern-b-10-50-b-l34-cm\/","url":"https:\/\/www.moriadesign.pl\/produkt\/stojak-rowerowy-modern-b-10-50-b-l34-cm\/","name":"Stojak rowerowy modern B-10.50.b [l=34 cm] - MORIA DESIGN","isPartOf":{"@id":"https:\/\/www.moriadesign.pl\/#website"},"datePublished":"2024-08-08T09:39:15+00:00","dateModified":"2026-04-03T08:55:54+00:00","description":"Nowoczesny i tani stojak rowerowy z profilu, z miejscem na logo. Idealny stojak na rower przed biurem. Wysoka jako\u015b\u0107. Zam\u00f3w ju\u017c dzi\u015b, a wysy\u0142ka ju\u017c jutro!","breadcrumb":{"@id":"https:\/\/www.moriadesign.pl\/produkt\/stojak-rowerowy-modern-b-10-50-b-l34-cm\/#breadcrumb"},"inLanguage":"en-GB","potentialAction":[{"@type":"ReadAction","target":["https:\/\/www.moriadesign.pl\/produkt\/stojak-rowerowy-modern-b-10-50-b-l34-cm\/"]}]},{"@type":"BreadcrumbList","@id":"https:\/\/www.moriadesign.pl\/produkt\/stojak-rowerowy-modern-b-10-50-b-l34-cm\/#breadcrumb","itemListElement":[{"@type":"ListItem","position":1,"name":"Strona g\u0142\u00f3wna","item":"https:\/\/www.moriadesign.pl\/"},{"@type":"ListItem","position":2,"name":"Sklep","item":"https:\/\/www.moriadesign.pl\/sklep\/"},{"@type":"ListItem","position":3,"name":"Stojak rowerowy modern B-10.50.b [l=34 cm]"}]},{"@type":"WebSite","@id":"https:\/\/www.moriadesign.pl\/#website","url":"https:\/\/www.moriadesign.pl\/","name":"MORIA DESIGN","description":"okucia do mebli, domu i ogrodu","potentialAction":[{"@type":"SearchAction","target":{"@type":"EntryPoint","urlTemplate":"https:\/\/www.moriadesign.pl\/?s={search_term_string}"},"query-input":"required name=search_term_string"}],"inLanguage":"en-GB"}]}},"_links":{"self":[{"href":"https:\/\/www.moriadesign.pl\/en\/wp-json\/wp\/v2\/product\/3804"}],"collection":[{"href":"https:\/\/www.moriadesign.pl\/en\/wp-json\/wp\/v2\/product"}],"about":[{"href":"https:\/\/www.moriadesign.pl\/en\/wp-json\/wp\/v2\/types\/product"}],"wp:featuredmedia":[{"embeddable":true,"href":"https:\/\/www.moriadesign.pl\/en\/wp-json\/wp\/v2\/media\/3793"}],"wp:attachment":[{"href":"https:\/\/www.moriadesign.pl\/en\/wp-json\/wp\/v2\/media?parent=3804"}],"wp:term":[{"taxonomy":"product_cat","embeddable":true,"href":"https:\/\/www.moriadesign.pl\/en\/wp-json\/wp\/v2\/product_cat?post=3804"},{"taxonomy":"product_tag","embeddable":true,"href":"https:\/\/www.moriadesign.pl\/en\/wp-json\/wp\/v2\/product_tag?post=3804"}],"curies":[{"name":"wp","href":"https:\/\/api.w.org\/{rel}","templated":true}]}}