{"id":3769,"date":"2024-08-07T13:47:40","date_gmt":"2024-08-07T11:47:40","guid":{"rendered":"https:\/\/www.moriadesign.pl\/?post_type=product&#038;p=3769"},"modified":"2026-04-03T11:01:53","modified_gmt":"2026-04-03T09:01:53","slug":"industrialny-stojak-rowerowy-b-08-50-b-l34-cm","status":"publish","type":"product","link":"https:\/\/www.moriadesign.pl\/en\/product\/industrial-bicycle-stand-b-08-50-b-l34-cm\/","title":{"rendered":"Bicycle stand B-08.50.b [l=34 cm]."},"content":{"rendered":"<h2>Features and benefits:<\/h2>\n<ul>\n<li>made of steel (profile) &gt; <b>timeless<\/b>;<\/li>\n<li>installation method - concrete (dedicated 30 cm profile) &gt; <b>easy to install<\/b>;<\/li>\n<li>* galvanised and painted with anthracite \/ graphite powder paint - definitely more resistant to damage than spray paint coatings, powder paints are completely safe for people and the environment &gt;. <b>durable and elegantly finished;<\/b><\/li>\n<li>Dimensions: height - 80 cm + 30 cm for concreting, length - 34 cm, profile - 50 x 50 x 2 mm &gt;<b> robust<\/b>;<\/li>\n<li>machine-made &gt;\u00a0<b>repetitive<\/b>.<\/li>\n<\/ul>\n<p>*Powder-coated only version also available.<\/p>\n<h2>Application:<\/h2>\n<ul>\n<li>The design of the stand allows both the frame and the wheel of the bicycle to be secured with a safety cable. It also works well for parking scooters.<\/li>\n<\/ul>\n<details>\n<summary style=\"cursor: pointer;\">Read more<\/summary>\n<h2><span lang=\"pl-PL\">B-08.50.b bicycle stand - modern, low-priced, two-stand bicycle stand<\/span><\/h2>\n<p><span lang=\"pl-PL\"><strong>Modern bicycle stand model B-08.50.b<\/strong> is a practical solution for people who need a contemporary and secure way to park their bicycles or scooters. Made from a sturdy, currently fashionable anthracite profile, the stand allows you to securely attach two bicycles with a chain, cable or other bicycle lock. Thanks to its simplicity combined with functionality, this slimline U-type bicycle stand, or otherwise, railing-type shaped stand, is ideal for both public areas and domestic properties. Its design ensures stability and safety, making it an indispensable part of the bicycle infrastructure.<\/span><\/p>\n<p><span lang=\"pl-PL\"><strong>Contemporary stand model B-08.50.b<\/strong> is made of a steel profile with a section of 50 x 50 mm and a wall thickness of 2 mm. This choice of materials guarantees its durability and resistance to possible mechanical damage. The total height of the stand is 110 cm, of which 80 cm protrudes above the surface, while 30 cm is for concreting. This fashionable bicycle stand has a width of 34 cm, which makes it an ideal two-stand bicycle stand indicated for installation in small spaces. The stand is available in powder-coated and galvanised and powder-coated versions, which provide excellent corrosion protection. As a result, the bicycle stand is weatherproof, which means that it will last for many years without the need for too frequent maintenance.<\/span><\/p>\n<p><span lang=\"pl-PL\"><strong>Industrial bicycle stand model B-08.50.b<\/strong> is distinguished by its fashionable and modern minimalist design. It is robust and stable, yet sleek and slim. It is also available as a screw-on (anchorable) version, so that the stand can be easily adapted to individual preferences, expectations and the needs of the location. The various mounting methods available mean that the stand will not only perform its function well, but will also be an attractive, aesthetically pleasing piece of street furniture.<\/span><\/p>\n<p><span lang=\"pl-PL\">If you are looking for a sturdy, functional and at the same time inexpensive solution to park your bicycles safely, a bicycle rack from <a href=\"\/en\/?wmc-currency=EUR\">MORIA DESIGN<\/a>, will make an ideal choice. Model B-08.50.b is not only inexpensive, but also aesthetically made and resistant to harsh weather conditions. Thanks to its ability to accommodate two bicycles at the same time, the U-type bicycle stand, otherwise known as a gate-type bicycle stand, is suitable for any location. You can install the racks in rows, creating functional capacious bicycle parking areas, consisting of several, a dozen or even several dozen bicycle parking spaces. Do not wait and invest in <a href=\"\/en\/offer\/bicycle-racks\/?wmc-currency=EUR\">bicycle racks<\/a>that are tailored to all your expectations!<\/span><\/p>\n<\/details>","protected":false},"excerpt":{"rendered":"<p>Cechy i zalety: wykonany ze stali (profil) &gt; ponadczasowy; spos\u00f3b monta\u017cu &#8211; zabetonowanie (dedykowane 30 cm profilu) &gt; \u0142atwy w monta\u017cu; *ocynkowany oraz pomalowany farb\u0105 proszkow\u0105 w kolorze antracytowym \/ grafitowym \u2013 zdecydowanie wy\u017csza odporno\u015b\u0107 na uszkodzenia od pow\u0142ok farb natryskowych, farby proszkowe s\u0105 w pe\u0142ni bezpieczne dla ludzi i \u015brodowiska &gt; trwale i elegancko&#8230;<\/p>","protected":false},"featured_media":3786,"template":"","meta":{"inline_featured_image":false},"product_cat":[35],"product_tag":[78,60,56,77,64,63,62,57,58,72],"acf":[],"yoast_head":"<!-- This site is optimized with the Yoast SEO plugin v20.2 - https:\/\/yoast.com\/wordpress\/plugins\/seo\/ -->\n<title>Stojak rowerowy B-08.50.b [l=34 cm] - MORIA DESIGN<\/title>\n<meta name=\"description\" content=\"Nowoczesny stojak rowerowy w niskiej cenie, z antracytowego profilu w stylu modern. Idealnie pasuje na parkingi przed nowoczesnymi biurami. Zam\u00f3w ju\u017c dzi\u015b!\" \/>\n<meta name=\"robots\" content=\"index, follow, max-snippet:-1, max-image-preview:large, max-video-preview:-1\" \/>\n<link rel=\"canonical\" href=\"https:\/\/www.moriadesign.pl\/en\/product\/industrial-bicycle-stand-b-08-50-b-l34-cm\/?wmc-currency=EUR\" \/>\n<meta property=\"og:locale\" content=\"en_GB\" \/>\n<meta property=\"og:type\" content=\"article\" \/>\n<meta property=\"og:title\" content=\"Stojak rowerowy B-08.50.b [l=34 cm] - MORIA DESIGN\" \/>\n<meta property=\"og:description\" content=\"Nowoczesny stojak rowerowy w niskiej cenie, z antracytowego profilu w stylu modern. Idealnie pasuje na parkingi przed nowoczesnymi biurami. Zam\u00f3w ju\u017c dzi\u015b!\" \/>\n<meta property=\"og:url\" content=\"https:\/\/www.moriadesign.pl\/en\/product\/industrial-bicycle-stand-b-08-50-b-l34-cm\/?wmc-currency=EUR\" \/>\n<meta property=\"og:site_name\" content=\"MORIA DESIGN\" \/>\n<meta property=\"article:modified_time\" content=\"2026-04-03T09:01:53+00:00\" \/>\n<meta property=\"og:image\" content=\"https:\/\/www.moriadesign.pl\/wp-content\/uploads\/2024\/08\/B-08.50.b_1-nowoczesne-stojaki-rowerowe-w-niskiej-cenie.png\" \/>\n\t<meta property=\"og:image:width\" content=\"1600\" \/>\n\t<meta property=\"og:image:height\" content=\"1600\" \/>\n\t<meta property=\"og:image:type\" content=\"image\/png\" \/>\n<meta name=\"twitter:card\" content=\"summary_large_image\" \/>\n<meta name=\"twitter:label1\" content=\"Estimated reading time\" \/>\n\t<meta name=\"twitter:data1\" content=\"3 minutes\" \/>\n<script type=\"application\/ld+json\" class=\"yoast-schema-graph\">{\"@context\":\"https:\/\/schema.org\",\"@graph\":[{\"@type\":\"WebPage\",\"@id\":\"https:\/\/www.moriadesign.pl\/produkt\/industrialny-stojak-rowerowy-b-08-50-b-l34-cm\/\",\"url\":\"https:\/\/www.moriadesign.pl\/produkt\/industrialny-stojak-rowerowy-b-08-50-b-l34-cm\/\",\"name\":\"Stojak rowerowy B-08.50.b [l=34 cm] - MORIA DESIGN\",\"isPartOf\":{\"@id\":\"https:\/\/www.moriadesign.pl\/#website\"},\"datePublished\":\"2024-08-07T11:47:40+00:00\",\"dateModified\":\"2026-04-03T09:01:53+00:00\",\"description\":\"Nowoczesny stojak rowerowy w niskiej cenie, z antracytowego profilu w stylu modern. Idealnie pasuje na parkingi przed nowoczesnymi biurami. Zam\u00f3w ju\u017c dzi\u015b!\",\"breadcrumb\":{\"@id\":\"https:\/\/www.moriadesign.pl\/produkt\/industrialny-stojak-rowerowy-b-08-50-b-l34-cm\/#breadcrumb\"},\"inLanguage\":\"en-GB\",\"potentialAction\":[{\"@type\":\"ReadAction\",\"target\":[\"https:\/\/www.moriadesign.pl\/produkt\/industrialny-stojak-rowerowy-b-08-50-b-l34-cm\/\"]}]},{\"@type\":\"BreadcrumbList\",\"@id\":\"https:\/\/www.moriadesign.pl\/produkt\/industrialny-stojak-rowerowy-b-08-50-b-l34-cm\/#breadcrumb\",\"itemListElement\":[{\"@type\":\"ListItem\",\"position\":1,\"name\":\"Strona g\u0142\u00f3wna\",\"item\":\"https:\/\/www.moriadesign.pl\/\"},{\"@type\":\"ListItem\",\"position\":2,\"name\":\"Sklep\",\"item\":\"https:\/\/www.moriadesign.pl\/sklep\/\"},{\"@type\":\"ListItem\",\"position\":3,\"name\":\"Stojak rowerowy B-08.50.b [l=34 cm]\"}]},{\"@type\":\"WebSite\",\"@id\":\"https:\/\/www.moriadesign.pl\/#website\",\"url\":\"https:\/\/www.moriadesign.pl\/\",\"name\":\"MORIA DESIGN\",\"description\":\"okucia do mebli, domu i ogrodu\",\"potentialAction\":[{\"@type\":\"SearchAction\",\"target\":{\"@type\":\"EntryPoint\",\"urlTemplate\":\"https:\/\/www.moriadesign.pl\/?s={search_term_string}\"},\"query-input\":\"required name=search_term_string\"}],\"inLanguage\":\"en-GB\"}]}<\/script>\n<!-- \/ Yoast SEO plugin. -->","yoast_head_json":{"title":"Stojak rowerowy B-08.50.b [l=34 cm] - MORIA DESIGN","description":"Nowoczesny stojak rowerowy w niskiej cenie, z antracytowego profilu w stylu modern. Idealnie pasuje na parkingi przed nowoczesnymi biurami. Zam\u00f3w ju\u017c dzi\u015b!","robots":{"index":"index","follow":"follow","max-snippet":"max-snippet:-1","max-image-preview":"max-image-preview:large","max-video-preview":"max-video-preview:-1"},"canonical":"https:\/\/www.moriadesign.pl\/en\/product\/industrial-bicycle-stand-b-08-50-b-l34-cm\/?wmc-currency=EUR","og_locale":"en_GB","og_type":"article","og_title":"Stojak rowerowy B-08.50.b [l=34 cm] - MORIA DESIGN","og_description":"Nowoczesny stojak rowerowy w niskiej cenie, z antracytowego profilu w stylu modern. Idealnie pasuje na parkingi przed nowoczesnymi biurami. Zam\u00f3w ju\u017c dzi\u015b!","og_url":"https:\/\/www.moriadesign.pl\/en\/product\/industrial-bicycle-stand-b-08-50-b-l34-cm\/?wmc-currency=EUR","og_site_name":"MORIA DESIGN","article_modified_time":"2026-04-03T09:01:53+00:00","og_image":[{"width":1600,"height":1600,"url":"https:\/\/www.moriadesign.pl\/wp-content\/uploads\/2024\/08\/B-08.50.b_1-nowoczesne-stojaki-rowerowe-w-niskiej-cenie.png","type":"image\/png"}],"twitter_card":"summary_large_image","twitter_misc":{"Estimated reading time":"3 minutes"},"schema":{"@context":"https:\/\/schema.org","@graph":[{"@type":"WebPage","@id":"https:\/\/www.moriadesign.pl\/produkt\/industrialny-stojak-rowerowy-b-08-50-b-l34-cm\/","url":"https:\/\/www.moriadesign.pl\/produkt\/industrialny-stojak-rowerowy-b-08-50-b-l34-cm\/","name":"Stojak rowerowy B-08.50.b [l=34 cm] - MORIA DESIGN","isPartOf":{"@id":"https:\/\/www.moriadesign.pl\/#website"},"datePublished":"2024-08-07T11:47:40+00:00","dateModified":"2026-04-03T09:01:53+00:00","description":"Nowoczesny stojak rowerowy w niskiej cenie, z antracytowego profilu w stylu modern. Idealnie pasuje na parkingi przed nowoczesnymi biurami. Zam\u00f3w ju\u017c dzi\u015b!","breadcrumb":{"@id":"https:\/\/www.moriadesign.pl\/produkt\/industrialny-stojak-rowerowy-b-08-50-b-l34-cm\/#breadcrumb"},"inLanguage":"en-GB","potentialAction":[{"@type":"ReadAction","target":["https:\/\/www.moriadesign.pl\/produkt\/industrialny-stojak-rowerowy-b-08-50-b-l34-cm\/"]}]},{"@type":"BreadcrumbList","@id":"https:\/\/www.moriadesign.pl\/produkt\/industrialny-stojak-rowerowy-b-08-50-b-l34-cm\/#breadcrumb","itemListElement":[{"@type":"ListItem","position":1,"name":"Strona g\u0142\u00f3wna","item":"https:\/\/www.moriadesign.pl\/"},{"@type":"ListItem","position":2,"name":"Sklep","item":"https:\/\/www.moriadesign.pl\/sklep\/"},{"@type":"ListItem","position":3,"name":"Stojak rowerowy B-08.50.b [l=34 cm]"}]},{"@type":"WebSite","@id":"https:\/\/www.moriadesign.pl\/#website","url":"https:\/\/www.moriadesign.pl\/","name":"MORIA DESIGN","description":"okucia do mebli, domu i ogrodu","potentialAction":[{"@type":"SearchAction","target":{"@type":"EntryPoint","urlTemplate":"https:\/\/www.moriadesign.pl\/?s={search_term_string}"},"query-input":"required name=search_term_string"}],"inLanguage":"en-GB"}]}},"_links":{"self":[{"href":"https:\/\/www.moriadesign.pl\/en\/wp-json\/wp\/v2\/product\/3769"}],"collection":[{"href":"https:\/\/www.moriadesign.pl\/en\/wp-json\/wp\/v2\/product"}],"about":[{"href":"https:\/\/www.moriadesign.pl\/en\/wp-json\/wp\/v2\/types\/product"}],"wp:featuredmedia":[{"embeddable":true,"href":"https:\/\/www.moriadesign.pl\/en\/wp-json\/wp\/v2\/media\/3786"}],"wp:attachment":[{"href":"https:\/\/www.moriadesign.pl\/en\/wp-json\/wp\/v2\/media?parent=3769"}],"wp:term":[{"taxonomy":"product_cat","embeddable":true,"href":"https:\/\/www.moriadesign.pl\/en\/wp-json\/wp\/v2\/product_cat?post=3769"},{"taxonomy":"product_tag","embeddable":true,"href":"https:\/\/www.moriadesign.pl\/en\/wp-json\/wp\/v2\/product_tag?post=3769"}],"curies":[{"name":"wp","href":"https:\/\/api.w.org\/{rel}","templated":true}]}}