{"id":2976,"date":"2024-02-16T20:31:40","date_gmt":"2024-02-16T19:31:40","guid":{"rendered":"https:\/\/www.moriadesign.pl\/?post_type=product&#038;p=2976"},"modified":"2024-07-17T08:53:05","modified_gmt":"2024-07-17T06:53:05","slug":"stopien-z-blachy-ryflowanej-p-04-60-x-30-cm","status":"publish","type":"product","link":"https:\/\/www.moriadesign.pl\/en\/product\/corrugated-sheet-step-p-04-60-x-30-cm\/","title":{"rendered":"P-04 corrugated sheet metal step [60 x 30 cm]."},"content":{"rendered":"<h2>Features and benefits:<\/h2>\n<ul>\n<li>made of high-grade sheet steel &gt; made of high-grade sheet steel &gt; made of high-grade sheet steel <b>perpetual<\/b>;<\/li>\n<li>corrugated sheet metal used &gt; <b>anti-slip<\/b>;<\/li>\n<li>four mounting holes in the step base &gt; <b>easy to install<\/b>;<\/li>\n<li>*The step can be powder coated in black matt (zero gloss, fine structure) - definitely more resistant to damage than spray paint coatings, powder paints are completely safe for people and the environment &gt;. <b>durable and elegantly finished;<\/b><\/li>\n<li>treatment step, edges curved in \"c\" &gt; <strong>for spiral staircases;<\/strong><\/li>\n<li>Dimensions: width - 60 cm, depth - 30 cm, height - 3 cm, bend depth - 2.5 cm, sheet thickness - 3 mm &gt;<b>\u00a0very solid<\/b>;<\/li>\n<li>machine-made &gt;\u00a0<b>repetitive<\/b>.<\/li>\n<\/ul>\n<p>*The price is for an unpainted step - PLN 30.00 must be added to the price of a painted step. The price includes 23% VAT<\/p>\n<h2>Application:<\/h2>\n<ul>\n<li>in steel constructions as independent steps.<\/li>\n<\/ul>\n<h4>Do you have your own project, do you want different dimensions, installation method or corrosion protection? Do not hesitate and...<\/h4>","protected":false},"excerpt":{"rendered":"<p>Cechy i zalety: wykonany z wysokogatunkowej blachy stalowej &gt; wieczny; zastosowana blacha ryflowana &gt; antypo\u015blizgowy; cztery otwory monta\u017cowe w podstawie stopnia &gt; \u0142atwy w monta\u017cu; *stopie\u0144 mo\u017ce zosta\u0107 pomalowany farb\u0105 proszkow\u0105 w kolorze czarny mat (zero po\u0142ysku, drobna struktura) \u2013 zdecydowanie wy\u017csza odporno\u015b\u0107 na uszkodzenia od pow\u0142ok farb natryskowych, farby proszkowe s\u0105 w pe\u0142ni bezpieczne&#8230;<\/p>","protected":false},"featured_media":2977,"template":"","meta":{"inline_featured_image":false},"product_cat":[105],"product_tag":[112,113,114,107,115,106,111,110,109,108,117],"acf":[],"yoast_head":"<!-- This site is optimized with the Yoast SEO plugin v20.2 - https:\/\/yoast.com\/wordpress\/plugins\/seo\/ -->\n<title>Stopie\u0144 z blachy ryflowanej P-04 [60 x 30 cm] - MORIA DESIGN<\/title>\n<meta name=\"description\" content=\"Stopnie z blachy ryflowanej pasuj\u0105 do aran\u017cacji w stylu industrialnym oraz loft. Stalowe stopnie wykonane z atestowanej blachy s\u0105 mocne, stabilne i trwa\u0142e.\" \/>\n<meta name=\"robots\" content=\"index, follow, max-snippet:-1, max-image-preview:large, max-video-preview:-1\" \/>\n<link rel=\"canonical\" href=\"https:\/\/www.moriadesign.pl\/en\/product\/corrugated-sheet-step-p-04-60-x-30-cm\/?wmc-currency=EUR\" \/>\n<meta property=\"og:locale\" content=\"en_GB\" \/>\n<meta property=\"og:type\" content=\"article\" \/>\n<meta property=\"og:title\" content=\"Stopie\u0144 z blachy ryflowanej P-04 [60 x 30 cm] - MORIA DESIGN\" \/>\n<meta property=\"og:description\" content=\"Stopnie z blachy ryflowanej pasuj\u0105 do aran\u017cacji w stylu industrialnym oraz loft. Stalowe stopnie wykonane z atestowanej blachy s\u0105 mocne, stabilne i trwa\u0142e.\" \/>\n<meta property=\"og:url\" content=\"https:\/\/www.moriadesign.pl\/en\/product\/corrugated-sheet-step-p-04-60-x-30-cm\/?wmc-currency=EUR\" \/>\n<meta property=\"og:site_name\" content=\"MORIA DESIGN\" \/>\n<meta property=\"article:modified_time\" content=\"2024-07-17T06:53:05+00:00\" \/>\n<meta property=\"og:image\" content=\"https:\/\/www.moriadesign.pl\/wp-content\/uploads\/2024\/02\/P_04_1_stopnie-metalowe-do-schodow-spiralnych.jpg\" \/>\n\t<meta property=\"og:image:width\" content=\"1600\" \/>\n\t<meta property=\"og:image:height\" content=\"1600\" \/>\n\t<meta property=\"og:image:type\" content=\"image\/jpeg\" \/>\n<meta name=\"twitter:card\" content=\"summary_large_image\" \/>\n<meta name=\"twitter:label1\" content=\"Estimated reading time\" \/>\n\t<meta name=\"twitter:data1\" content=\"1 minute\" \/>\n<script type=\"application\/ld+json\" class=\"yoast-schema-graph\">{\"@context\":\"https:\/\/schema.org\",\"@graph\":[{\"@type\":\"WebPage\",\"@id\":\"https:\/\/www.moriadesign.pl\/produkt\/stopien-z-blachy-ryflowanej-p-04-60-x-30-cm\/\",\"url\":\"https:\/\/www.moriadesign.pl\/produkt\/stopien-z-blachy-ryflowanej-p-04-60-x-30-cm\/\",\"name\":\"Stopie\u0144 z blachy ryflowanej P-04 [60 x 30 cm] - MORIA DESIGN\",\"isPartOf\":{\"@id\":\"https:\/\/www.moriadesign.pl\/#website\"},\"datePublished\":\"2024-02-16T19:31:40+00:00\",\"dateModified\":\"2024-07-17T06:53:05+00:00\",\"description\":\"Stopnie z blachy ryflowanej pasuj\u0105 do aran\u017cacji w stylu industrialnym oraz loft. Stalowe stopnie wykonane z atestowanej blachy s\u0105 mocne, stabilne i trwa\u0142e.\",\"breadcrumb\":{\"@id\":\"https:\/\/www.moriadesign.pl\/produkt\/stopien-z-blachy-ryflowanej-p-04-60-x-30-cm\/#breadcrumb\"},\"inLanguage\":\"en-GB\",\"potentialAction\":[{\"@type\":\"ReadAction\",\"target\":[\"https:\/\/www.moriadesign.pl\/produkt\/stopien-z-blachy-ryflowanej-p-04-60-x-30-cm\/\"]}]},{\"@type\":\"BreadcrumbList\",\"@id\":\"https:\/\/www.moriadesign.pl\/produkt\/stopien-z-blachy-ryflowanej-p-04-60-x-30-cm\/#breadcrumb\",\"itemListElement\":[{\"@type\":\"ListItem\",\"position\":1,\"name\":\"Strona g\u0142\u00f3wna\",\"item\":\"https:\/\/www.moriadesign.pl\/\"},{\"@type\":\"ListItem\",\"position\":2,\"name\":\"Sklep\",\"item\":\"https:\/\/www.moriadesign.pl\/sklep\/\"},{\"@type\":\"ListItem\",\"position\":3,\"name\":\"Stopie\u0144 z blachy ryflowanej P-04 [60 x 30 cm]\"}]},{\"@type\":\"WebSite\",\"@id\":\"https:\/\/www.moriadesign.pl\/#website\",\"url\":\"https:\/\/www.moriadesign.pl\/\",\"name\":\"MORIA DESIGN\",\"description\":\"okucia do mebli, domu i ogrodu\",\"potentialAction\":[{\"@type\":\"SearchAction\",\"target\":{\"@type\":\"EntryPoint\",\"urlTemplate\":\"https:\/\/www.moriadesign.pl\/?s={search_term_string}\"},\"query-input\":\"required name=search_term_string\"}],\"inLanguage\":\"en-GB\"}]}<\/script>\n<!-- \/ Yoast SEO plugin. -->","yoast_head_json":{"title":"Stopie\u0144 z blachy ryflowanej P-04 [60 x 30 cm] - MORIA DESIGN","description":"Stopnie z blachy ryflowanej pasuj\u0105 do aran\u017cacji w stylu industrialnym oraz loft. Stalowe stopnie wykonane z atestowanej blachy s\u0105 mocne, stabilne i trwa\u0142e.","robots":{"index":"index","follow":"follow","max-snippet":"max-snippet:-1","max-image-preview":"max-image-preview:large","max-video-preview":"max-video-preview:-1"},"canonical":"https:\/\/www.moriadesign.pl\/en\/product\/corrugated-sheet-step-p-04-60-x-30-cm\/?wmc-currency=EUR","og_locale":"en_GB","og_type":"article","og_title":"Stopie\u0144 z blachy ryflowanej P-04 [60 x 30 cm] - MORIA DESIGN","og_description":"Stopnie z blachy ryflowanej pasuj\u0105 do aran\u017cacji w stylu industrialnym oraz loft. Stalowe stopnie wykonane z atestowanej blachy s\u0105 mocne, stabilne i trwa\u0142e.","og_url":"https:\/\/www.moriadesign.pl\/en\/product\/corrugated-sheet-step-p-04-60-x-30-cm\/?wmc-currency=EUR","og_site_name":"MORIA DESIGN","article_modified_time":"2024-07-17T06:53:05+00:00","og_image":[{"width":1600,"height":1600,"url":"https:\/\/www.moriadesign.pl\/wp-content\/uploads\/2024\/02\/P_04_1_stopnie-metalowe-do-schodow-spiralnych.jpg","type":"image\/jpeg"}],"twitter_card":"summary_large_image","twitter_misc":{"Estimated reading time":"1 minute"},"schema":{"@context":"https:\/\/schema.org","@graph":[{"@type":"WebPage","@id":"https:\/\/www.moriadesign.pl\/produkt\/stopien-z-blachy-ryflowanej-p-04-60-x-30-cm\/","url":"https:\/\/www.moriadesign.pl\/produkt\/stopien-z-blachy-ryflowanej-p-04-60-x-30-cm\/","name":"Stopie\u0144 z blachy ryflowanej P-04 [60 x 30 cm] - MORIA DESIGN","isPartOf":{"@id":"https:\/\/www.moriadesign.pl\/#website"},"datePublished":"2024-02-16T19:31:40+00:00","dateModified":"2024-07-17T06:53:05+00:00","description":"Stopnie z blachy ryflowanej pasuj\u0105 do aran\u017cacji w stylu industrialnym oraz loft. Stalowe stopnie wykonane z atestowanej blachy s\u0105 mocne, stabilne i trwa\u0142e.","breadcrumb":{"@id":"https:\/\/www.moriadesign.pl\/produkt\/stopien-z-blachy-ryflowanej-p-04-60-x-30-cm\/#breadcrumb"},"inLanguage":"en-GB","potentialAction":[{"@type":"ReadAction","target":["https:\/\/www.moriadesign.pl\/produkt\/stopien-z-blachy-ryflowanej-p-04-60-x-30-cm\/"]}]},{"@type":"BreadcrumbList","@id":"https:\/\/www.moriadesign.pl\/produkt\/stopien-z-blachy-ryflowanej-p-04-60-x-30-cm\/#breadcrumb","itemListElement":[{"@type":"ListItem","position":1,"name":"Strona g\u0142\u00f3wna","item":"https:\/\/www.moriadesign.pl\/"},{"@type":"ListItem","position":2,"name":"Sklep","item":"https:\/\/www.moriadesign.pl\/sklep\/"},{"@type":"ListItem","position":3,"name":"Stopie\u0144 z blachy ryflowanej P-04 [60 x 30 cm]"}]},{"@type":"WebSite","@id":"https:\/\/www.moriadesign.pl\/#website","url":"https:\/\/www.moriadesign.pl\/","name":"MORIA DESIGN","description":"okucia do mebli, domu i ogrodu","potentialAction":[{"@type":"SearchAction","target":{"@type":"EntryPoint","urlTemplate":"https:\/\/www.moriadesign.pl\/?s={search_term_string}"},"query-input":"required name=search_term_string"}],"inLanguage":"en-GB"}]}},"_links":{"self":[{"href":"https:\/\/www.moriadesign.pl\/en\/wp-json\/wp\/v2\/product\/2976"}],"collection":[{"href":"https:\/\/www.moriadesign.pl\/en\/wp-json\/wp\/v2\/product"}],"about":[{"href":"https:\/\/www.moriadesign.pl\/en\/wp-json\/wp\/v2\/types\/product"}],"wp:featuredmedia":[{"embeddable":true,"href":"https:\/\/www.moriadesign.pl\/en\/wp-json\/wp\/v2\/media\/2977"}],"wp:attachment":[{"href":"https:\/\/www.moriadesign.pl\/en\/wp-json\/wp\/v2\/media?parent=2976"}],"wp:term":[{"taxonomy":"product_cat","embeddable":true,"href":"https:\/\/www.moriadesign.pl\/en\/wp-json\/wp\/v2\/product_cat?post=2976"},{"taxonomy":"product_tag","embeddable":true,"href":"https:\/\/www.moriadesign.pl\/en\/wp-json\/wp\/v2\/product_tag?post=2976"}],"curies":[{"name":"wp","href":"https:\/\/api.w.org\/{rel}","templated":true}]}}