{"id":2630,"date":"2023-01-02T13:46:08","date_gmt":"2023-01-02T12:46:08","guid":{"rendered":"https:\/\/www.moriadesign.pl\/?post_type=product&#038;p=2630"},"modified":"2026-04-03T11:15:37","modified_gmt":"2026-04-03T09:15:37","slug":"stojak-rowerowy-b-04-48-k-l25-cm","status":"publish","type":"product","link":"https:\/\/www.moriadesign.pl\/en\/product\/bike-stand-b-04-48-k-l25-cm\/","title":{"rendered":"Bicycle stand B-04.48.k [l=25 cm]"},"content":{"rendered":"<h2>Features and benefits:<\/h2>\n<ul>\n<li>made of steel (tube + sheet with logo) &gt;\u00a0<b>perpetual<\/b>;<\/li>\n<li>Mounting method - screwed (metal orifice) &gt;\u00a0<b>easy to install<\/b>;<\/li>\n<li>*Galvanised and powder coated in matt black (zero gloss, fine structure) - far more resistant to damage than spray paint coatings, powder paints are completely safe for humans and the environment &gt;. <b>durable and elegantly finished;<\/b><\/li>\n<li>Dimensions: height - 80 cm, length - 25 cm, sheet thickness - 2 mm, pipe \u03a6 48.3 mm, orifice thickness - 4 mm &gt;<b> robust<\/b>;<\/li>\n<li>machine-made &gt;\u00a0<b>repetitive<\/b>.<\/li>\n<\/ul>\n<p>*Powder-coated only version also available.<\/p>\n<h2>Application:<\/h2>\n<ul>\n<li>The design of the stand allows both the frame and the wheel of the bicycle to be secured with a safety cable. It also works well for parking scooters.<\/li>\n<\/ul>\n<details>\n<summary style=\"cursor: pointer;\">Read more<\/summary>\n<h2><span lang=\"pl-PL\">Slimline shaped stands model B-04.48.k - attractively priced two-stand bicycle stands<\/span><\/h2>\n<p><span lang=\"pl-PL\"><strong>Bike stands model B-04.48.k<\/strong><!-- jw. --> are solid tube bicycle racks attractively priced from <a href=\"\/en\/?wmc-currency=EUR\">MORIA DESIGN<\/a><\/span><span lang=\"pl-PL\">. It is a great choice for anyone looking for a proven and aesthetically pleasing solution at an affordable price for organised bike parking. Our shaped<\/span><span lang=\"pl-PL\"> The stands are made of certified steel tube and sheet metal with a cut-out bicycle logo. The offered bicycle stands combine durability, functionality and elegant design. The materials used, together with corrosion protection (option of stand made of galvanised tube), make the stands practically everlasting. The stands are resistant to weather conditions and mechanical damage. They are ideal for urban spaces, parks, schools or in front of the house, providing a safe and convenient place to park bicycles in an orderly manner.\u00a0<\/span><\/p>\n<p><span lang=\"pl-PL\"><strong>Single bicycle stand B-04.48.k<\/strong> by MORIA DESIGN is a proven example of robustness and well thought-out, functional design. The stands are made from a steel tube with a diameter of 60.3 mm and a wall thickness of 2.9 mm, which ensures the expected stability and strength. The transversely welded 2 mm thick plate is a dedicated space for logo display. The stands are available in a powder-coated version, as well as galvanised and powder-coated for additional durability and corrosion resistance.<\/span><\/p>\n<p><strong>Bike stands model B-04.60.k<\/strong> are distinguished by their elegant, slim design and high quality workmanship. Thanks to their compact dimensions, they can be easily installed even in areas with small spaces. The presented model of stands is intended for screwing or anchoring. We also offer this design of bicycle stand in a version for concreting, as well as in a retro version, the so-called decorative version with decorative cast iron bands also for concreting.<\/p>\n<p><span lang=\"pl-PL\">Offered <a href=\"\/en\/offer\/bicycle-racks\/?wmc-currency=EUR\">bicycle racks<\/a> from MORIA DESIGN is a simultaneous combination of durability, functionality and elegance. Made of high quality materials, properly protected against corrosion and aesthetically finished, these stands enjoy numerous positive opinions among users. The racks can be used to park two bicycles, including electric bicycles and scooters. We invite you to purchase robust and elegant bicycle stands at an attractive price, which will ensure safety and comfort of use for many years.<\/span><\/p>\n<\/details>","protected":false},"excerpt":{"rendered":"<p>Cechy i zalety: wykonany ze stali (rura + blacha z logo) &gt;\u00a0wieczny; spos\u00f3b monta\u017cu &#8211; przykr\u0119cenie (metalowa kryza) &gt;\u00a0\u0142atwy w monta\u017cu; *ocynkowany oraz pomalowany farb\u0105 proszkow\u0105 w kolorze czarny mat (zero po\u0142ysku, drobna struktura) \u2013 zdecydowanie wy\u017csza odporno\u015b\u0107 na uszkodzenia od pow\u0142ok farb natryskowych, farby proszkowe s\u0105 w pe\u0142ni bezpieczne dla ludzi i \u015brodowiska &gt;&#8230;<\/p>","protected":false},"featured_media":2668,"template":"","meta":{"inline_featured_image":false},"product_cat":[35],"product_tag":[61,60,70,56,64,59,55,63,62,58],"acf":[],"yoast_head":"<!-- This site is optimized with the Yoast SEO plugin v20.2 - https:\/\/yoast.com\/wordpress\/plugins\/seo\/ -->\n<title>Stojak rowerowy B-04.48.k [l=25 cm] - MORIA DESIGN<\/title>\n<meta name=\"description\" content=\"Stojaki rowerowe dwustanowiskowe w atrakcyjnej cenie. Ocynkowane, do przykr\u0119cenia. Idealne do tworzenia alei do parkowania rower\u00f3w. Ekspresowa wysy\u0142ka!\" \/>\n<meta name=\"robots\" content=\"index, follow, max-snippet:-1, max-image-preview:large, max-video-preview:-1\" \/>\n<link rel=\"canonical\" href=\"https:\/\/www.moriadesign.pl\/en\/product\/bike-stand-b-04-48-k-l25-cm\/?wmc-currency=EUR\" \/>\n<meta property=\"og:locale\" content=\"en_GB\" \/>\n<meta property=\"og:type\" content=\"article\" \/>\n<meta property=\"og:title\" content=\"Stojak rowerowy B-04.48.k [l=25 cm] - MORIA DESIGN\" \/>\n<meta property=\"og:description\" content=\"Stojaki rowerowe dwustanowiskowe w atrakcyjnej cenie. Ocynkowane, do przykr\u0119cenia. Idealne do tworzenia alei do parkowania rower\u00f3w. Ekspresowa wysy\u0142ka!\" \/>\n<meta property=\"og:url\" content=\"https:\/\/www.moriadesign.pl\/en\/product\/bike-stand-b-04-48-k-l25-cm\/?wmc-currency=EUR\" \/>\n<meta property=\"og:site_name\" content=\"MORIA DESIGN\" \/>\n<meta property=\"article:modified_time\" content=\"2026-04-03T09:15:37+00:00\" \/>\n<meta property=\"og:image\" content=\"https:\/\/www.moriadesign.pl\/wp-content\/uploads\/2023\/07\/B-04.48.k_1-waski-stojak-rowerowy-typ-U-do-przykrecenia.png\" \/>\n\t<meta property=\"og:image:width\" content=\"1600\" \/>\n\t<meta property=\"og:image:height\" content=\"1600\" \/>\n\t<meta property=\"og:image:type\" content=\"image\/png\" \/>\n<meta name=\"twitter:card\" content=\"summary_large_image\" \/>\n<meta name=\"twitter:label1\" content=\"Estimated reading time\" \/>\n\t<meta name=\"twitter:data1\" content=\"3 minutes\" \/>\n<script type=\"application\/ld+json\" class=\"yoast-schema-graph\">{\"@context\":\"https:\/\/schema.org\",\"@graph\":[{\"@type\":\"WebPage\",\"@id\":\"https:\/\/www.moriadesign.pl\/produkt\/stojak-rowerowy-b-04-48-k-l25-cm\/\",\"url\":\"https:\/\/www.moriadesign.pl\/produkt\/stojak-rowerowy-b-04-48-k-l25-cm\/\",\"name\":\"Stojak rowerowy B-04.48.k [l=25 cm] - MORIA DESIGN\",\"isPartOf\":{\"@id\":\"https:\/\/www.moriadesign.pl\/#website\"},\"datePublished\":\"2023-01-02T12:46:08+00:00\",\"dateModified\":\"2026-04-03T09:15:37+00:00\",\"description\":\"Stojaki rowerowe dwustanowiskowe w atrakcyjnej cenie. Ocynkowane, do przykr\u0119cenia. Idealne do tworzenia alei do parkowania rower\u00f3w. Ekspresowa wysy\u0142ka!\",\"breadcrumb\":{\"@id\":\"https:\/\/www.moriadesign.pl\/produkt\/stojak-rowerowy-b-04-48-k-l25-cm\/#breadcrumb\"},\"inLanguage\":\"en-GB\",\"potentialAction\":[{\"@type\":\"ReadAction\",\"target\":[\"https:\/\/www.moriadesign.pl\/produkt\/stojak-rowerowy-b-04-48-k-l25-cm\/\"]}]},{\"@type\":\"BreadcrumbList\",\"@id\":\"https:\/\/www.moriadesign.pl\/produkt\/stojak-rowerowy-b-04-48-k-l25-cm\/#breadcrumb\",\"itemListElement\":[{\"@type\":\"ListItem\",\"position\":1,\"name\":\"Strona g\u0142\u00f3wna\",\"item\":\"https:\/\/www.moriadesign.pl\/\"},{\"@type\":\"ListItem\",\"position\":2,\"name\":\"Sklep\",\"item\":\"https:\/\/www.moriadesign.pl\/sklep\/\"},{\"@type\":\"ListItem\",\"position\":3,\"name\":\"Stojak rowerowy B-04.48.k [l=25 cm]\"}]},{\"@type\":\"WebSite\",\"@id\":\"https:\/\/www.moriadesign.pl\/#website\",\"url\":\"https:\/\/www.moriadesign.pl\/\",\"name\":\"MORIA DESIGN\",\"description\":\"okucia do mebli, domu i ogrodu\",\"potentialAction\":[{\"@type\":\"SearchAction\",\"target\":{\"@type\":\"EntryPoint\",\"urlTemplate\":\"https:\/\/www.moriadesign.pl\/?s={search_term_string}\"},\"query-input\":\"required name=search_term_string\"}],\"inLanguage\":\"en-GB\"}]}<\/script>\n<!-- \/ Yoast SEO plugin. -->","yoast_head_json":{"title":"Stojak rowerowy B-04.48.k [l=25 cm] - MORIA DESIGN","description":"Stojaki rowerowe dwustanowiskowe w atrakcyjnej cenie. Ocynkowane, do przykr\u0119cenia. Idealne do tworzenia alei do parkowania rower\u00f3w. Ekspresowa wysy\u0142ka!","robots":{"index":"index","follow":"follow","max-snippet":"max-snippet:-1","max-image-preview":"max-image-preview:large","max-video-preview":"max-video-preview:-1"},"canonical":"https:\/\/www.moriadesign.pl\/en\/product\/bike-stand-b-04-48-k-l25-cm\/?wmc-currency=EUR","og_locale":"en_GB","og_type":"article","og_title":"Stojak rowerowy B-04.48.k [l=25 cm] - MORIA DESIGN","og_description":"Stojaki rowerowe dwustanowiskowe w atrakcyjnej cenie. Ocynkowane, do przykr\u0119cenia. Idealne do tworzenia alei do parkowania rower\u00f3w. Ekspresowa wysy\u0142ka!","og_url":"https:\/\/www.moriadesign.pl\/en\/product\/bike-stand-b-04-48-k-l25-cm\/?wmc-currency=EUR","og_site_name":"MORIA DESIGN","article_modified_time":"2026-04-03T09:15:37+00:00","og_image":[{"width":1600,"height":1600,"url":"https:\/\/www.moriadesign.pl\/wp-content\/uploads\/2023\/07\/B-04.48.k_1-waski-stojak-rowerowy-typ-U-do-przykrecenia.png","type":"image\/png"}],"twitter_card":"summary_large_image","twitter_misc":{"Estimated reading time":"3 minutes"},"schema":{"@context":"https:\/\/schema.org","@graph":[{"@type":"WebPage","@id":"https:\/\/www.moriadesign.pl\/produkt\/stojak-rowerowy-b-04-48-k-l25-cm\/","url":"https:\/\/www.moriadesign.pl\/produkt\/stojak-rowerowy-b-04-48-k-l25-cm\/","name":"Stojak rowerowy B-04.48.k [l=25 cm] - MORIA DESIGN","isPartOf":{"@id":"https:\/\/www.moriadesign.pl\/#website"},"datePublished":"2023-01-02T12:46:08+00:00","dateModified":"2026-04-03T09:15:37+00:00","description":"Stojaki rowerowe dwustanowiskowe w atrakcyjnej cenie. Ocynkowane, do przykr\u0119cenia. Idealne do tworzenia alei do parkowania rower\u00f3w. Ekspresowa wysy\u0142ka!","breadcrumb":{"@id":"https:\/\/www.moriadesign.pl\/produkt\/stojak-rowerowy-b-04-48-k-l25-cm\/#breadcrumb"},"inLanguage":"en-GB","potentialAction":[{"@type":"ReadAction","target":["https:\/\/www.moriadesign.pl\/produkt\/stojak-rowerowy-b-04-48-k-l25-cm\/"]}]},{"@type":"BreadcrumbList","@id":"https:\/\/www.moriadesign.pl\/produkt\/stojak-rowerowy-b-04-48-k-l25-cm\/#breadcrumb","itemListElement":[{"@type":"ListItem","position":1,"name":"Strona g\u0142\u00f3wna","item":"https:\/\/www.moriadesign.pl\/"},{"@type":"ListItem","position":2,"name":"Sklep","item":"https:\/\/www.moriadesign.pl\/sklep\/"},{"@type":"ListItem","position":3,"name":"Stojak rowerowy B-04.48.k [l=25 cm]"}]},{"@type":"WebSite","@id":"https:\/\/www.moriadesign.pl\/#website","url":"https:\/\/www.moriadesign.pl\/","name":"MORIA DESIGN","description":"okucia do mebli, domu i ogrodu","potentialAction":[{"@type":"SearchAction","target":{"@type":"EntryPoint","urlTemplate":"https:\/\/www.moriadesign.pl\/?s={search_term_string}"},"query-input":"required name=search_term_string"}],"inLanguage":"en-GB"}]}},"_links":{"self":[{"href":"https:\/\/www.moriadesign.pl\/en\/wp-json\/wp\/v2\/product\/2630"}],"collection":[{"href":"https:\/\/www.moriadesign.pl\/en\/wp-json\/wp\/v2\/product"}],"about":[{"href":"https:\/\/www.moriadesign.pl\/en\/wp-json\/wp\/v2\/types\/product"}],"wp:featuredmedia":[{"embeddable":true,"href":"https:\/\/www.moriadesign.pl\/en\/wp-json\/wp\/v2\/media\/2668"}],"wp:attachment":[{"href":"https:\/\/www.moriadesign.pl\/en\/wp-json\/wp\/v2\/media?parent=2630"}],"wp:term":[{"taxonomy":"product_cat","embeddable":true,"href":"https:\/\/www.moriadesign.pl\/en\/wp-json\/wp\/v2\/product_cat?post=2630"},{"taxonomy":"product_tag","embeddable":true,"href":"https:\/\/www.moriadesign.pl\/en\/wp-json\/wp\/v2\/product_tag?post=2630"}],"curies":[{"name":"wp","href":"https:\/\/api.w.org\/{rel}","templated":true}]}}