{"id":2627,"date":"2023-01-02T13:29:51","date_gmt":"2023-01-02T12:29:51","guid":{"rendered":"https:\/\/www.moriadesign.pl\/?post_type=product&#038;p=2627"},"modified":"2026-04-03T11:24:24","modified_gmt":"2026-04-03T09:24:24","slug":"stojak-rowerowy-b-03-48-b-l60-cm","status":"publish","type":"product","link":"https:\/\/www.moriadesign.pl\/en\/product\/stojak-rowerowy-b-03-48-b-l60-cm\/","title":{"rendered":"Bicycle stand B-03.48.b [l=60 cm]"},"content":{"rendered":"<h2>Features and benefits:<\/h2>\n<ul>\n<li>made of steel (tube + sheet with logo) &gt;\u00a0<b>perpetual<\/b>;<\/li>\n<li>installation method - concrete (dedicated 30 cm pipe) &gt; <b>easy to install<\/b>;<\/li>\n<li>*Galvanised and powder coated in matt black (zero gloss, fine structure) - far more resistant to damage than spray paint coatings, powder paints are completely safe for humans and the environment &gt;. <b>durable and elegantly finished;<\/b><\/li>\n<li>wymiary: wysoko\u015b\u0107 &#8211; 80 cm + 30 cm do zabetonowania, d\u0142ugo\u015b\u0107 &#8211; 60 cm, grubo\u015b\u0107 blachy &#8211; 2 mm, \u03a6 rury &#8211; 48,3 mm &gt;<b> robust<\/b>;<\/li>\n<li>machine-made &gt;\u00a0<b>repetitive<\/b>.<\/li>\n<\/ul>\n<p>*Powder-coated only version also available.<\/p>\n<h2>Application:<\/h2>\n<ul>\n<li>The design of the stand allows both the frame and the wheel of the bicycle to be secured with a safety cable. It also works well for parking scooters.<\/li>\n<\/ul>\n<details>\n<summary style=\"cursor: pointer;\">Read more<\/summary>\n<h2><span lang=\"pl-PL\">Stylowe metalowe stojaki rowerowe typ U model B-03.48.b \u2013 elegancka bramka do parkowania dw\u00f3ch rower\u00f3w oraz hulajn\u00f3g<\/span><\/h2>\n<p><span lang=\"pl-PL\"><strong>Stylowe czarne stojaki rowerowe model B-03.48.b<\/strong><!-- jw. --> typ U (stojaki ukszta\u0142tne), znane r\u00f3wnie\u017c jako bramka do parkowania rower\u00f3w, to doskona\u0142e rozwi\u0105zanie do parkowania rower\u00f3w w przestrzeniach miejskich. <\/span><span lang=\"pl-PL\">Te masywne i funkcjonalne stojaki rowerowe zosta\u0142 zaprojektowane, aby zapewni\u0107 bezpiecze\u0144stwo oraz wygod\u0119 u\u017cytkownikom rower\u00f3w, a nawet hulajn\u00f3g. Dzi\u0119ki zastosowaniu wysokiej jako\u015bci, solidnych i atestowanych materia\u0142\u00f3w, stojaki charakteryzuj\u0105 si\u0119 wyj\u0105tkow\u0105 trwa\u0142o\u015bci\u0105, co sprawia, \u017ce s\u0105 idealne do wykorzystania na osiedlach mieszkaniowych oraz w miejscach publicznych.<\/span><\/p>\n<p><span lang=\"pl-PL\"><strong>Stojaki rowerowe typu U model B-03.48.b<\/strong> wykonane s\u0105 z metalowej rury o \u015brednicy 48,3 mm i grubo\u015bci \u015bcianki 2,9 mm. Dodatkowo, stojaki wyposa\u017cone s\u0105 w estetycznie wspawan\u0105 poprzecznie blach\u0119 o grubo\u015bci 2 mm, z wyci\u0119tym logo roweru, co nadaje im nowoczesny i stylowy wygl\u0105d. Dzi\u0119ki zabezpieczeniu antykorozyjnemu ca\u0142o\u015b\u0107 konstrukcji jest odporna na warunki atmosferyczne. W sta\u0142ej ofercie dost\u0119pne s\u0105 stojaki w dw\u00f3ch wersjach: stojaki ocynkowane i pomalowane proszkowo, a tak\u017ce: stojaki pomalowane proszkowo.<\/span><\/p>\n<p><span lang=\"pl-PL\">Prosty, ponadczasowy design stojak\u00f3w rowerowych typ U sprawia, \u017ce <strong>model B-03.48.b<\/strong> jest nie tylko funkcjonalny, ale r\u00f3wnie\u017c estetyczny i gwarantuj\u0105cy bezpiecze\u0144stwo. Smuk\u0142a i elegancka konstrukcja doskonale komponuje si\u0119 z miejsk\u0105 architektur\u0105, a dost\u0119pne warianty wyko\u0144cze\u0144 umo\u017cliwiaj\u0105 \u0142atwe dopasowanie stojak\u00f3w do r\u00f3\u017cnych przestrzeni. Stojaki pomalowane farb\u0105 proszkow\u0105, z delikatn\u0105 struktur\u0105 w g\u0142\u0119bokim czarnym macie, doskonale pasuj\u0105 do zrewitalizowanych przestrzeni miejskich. Ten model stojak\u00f3w rowerowych umo\u017cliwia jednoczesne parkowanie dw\u00f3ch rower\u00f3w lub hulajn\u00f3g, kt\u00f3re mo\u017cna bezpiecznie przypi\u0105\u0107 za pomoc\u0105 \u0142a\u0144cucha, linki czy u-locka.<\/span><\/p>\n<p><span lang=\"pl-PL\">Podsumowuj\u0105c, stojaki rowerowe typ U model B-03.48.b to solidne, stabilne i eleganckie elementy ma\u0142ej architektury miejskiej, kt\u00f3ry gwarantuj\u0105 bezpiecze\u0144stwo i wygod\u0119 u\u017cytkowania. Monta\u017c stojak\u00f3w jest prosty i w tym przypadku polega wy\u0142\u0105cznie na zabetonowaniu. Dost\u0119pne s\u0105 r\u00f3wnie\u017c <a href=\"\/en\/offer\/bicycle-racks\/?wmc-currency=EUR\">bicycle racks<\/a> przeznaczone do przykr\u0119cenia lub zakotwienia w pod\u0142o\u017cu oraz stojaki do zabetonowania w wersji ozdobionej \u017celiwnymi opaskami. Producentem stojak\u00f3w jest polska firma <a href=\"\/en\/?wmc-currency=EUR\">MORIA DESIGN<\/a>, znana z dba\u0142o\u015bci o jako\u015b\u0107 i detale. Zach\u0119camy do zakupu tych stylowych stojak\u00f3w rowerowych, kt\u00f3re z pewno\u015bci\u0105 spe\u0142ni\u0105 Pa\u0144stwa oczekiwania i pos\u0142u\u017c\u0105 przez wiele lat.<\/span><\/p>\n<\/details>","protected":false},"excerpt":{"rendered":"<p>Cechy i zalety: wykonany ze stali (rura + blacha z logo) &gt;\u00a0wieczny; spos\u00f3b monta\u017cu &#8211; zabetonowanie (dedykowane 30 cm rury) &gt; \u0142atwy w monta\u017cu; *ocynkowany oraz pomalowany farb\u0105 proszkow\u0105 w kolorze czarny mat (zero po\u0142ysku, drobna struktura) \u2013 zdecydowanie wy\u017csza odporno\u015b\u0107 na uszkodzenia od pow\u0142ok farb natryskowych, farby proszkowe s\u0105 w pe\u0142ni bezpieczne dla ludzi&#8230;<\/p>","protected":false},"featured_media":2662,"template":"","meta":{"inline_featured_image":false},"product_cat":[35],"product_tag":[61,60,56,64,59,55,63,62,57,58],"acf":[],"yoast_head":"<!-- This site is optimized with the Yoast SEO plugin v20.2 - https:\/\/yoast.com\/wordpress\/plugins\/seo\/ -->\n<title>Stojak rowerowy B-03.48.b [l=60 cm] - MORIA DESIGN<\/title>\n<meta name=\"description\" content=\"Stylowe metalowe stojaki rowerowe typ U, loft, industrialne. Zastosowana blacha z logo roweru. Do obszar\u00f3w rewitalizacji. Szybka wysy\u0142ka. Do zabetonowania.\" \/>\n<meta name=\"robots\" content=\"index, follow, max-snippet:-1, max-image-preview:large, max-video-preview:-1\" \/>\n<link rel=\"canonical\" href=\"https:\/\/www.moriadesign.pl\/en\/product\/stojak-rowerowy-b-03-48-b-l60-cm\/?wmc-currency=EUR\" \/>\n<meta property=\"og:locale\" content=\"en_GB\" \/>\n<meta property=\"og:type\" content=\"article\" \/>\n<meta property=\"og:title\" content=\"Stojak rowerowy B-03.48.b [l=60 cm] - MORIA DESIGN\" \/>\n<meta property=\"og:description\" content=\"Stylowe metalowe stojaki rowerowe typ U, loft, industrialne. Zastosowana blacha z logo roweru. Do obszar\u00f3w rewitalizacji. Szybka wysy\u0142ka. Do zabetonowania.\" \/>\n<meta property=\"og:url\" content=\"https:\/\/www.moriadesign.pl\/en\/product\/stojak-rowerowy-b-03-48-b-l60-cm\/?wmc-currency=EUR\" \/>\n<meta property=\"og:site_name\" content=\"MORIA DESIGN\" \/>\n<meta property=\"article:modified_time\" content=\"2026-04-03T09:24:24+00:00\" \/>\n<meta property=\"og:image\" content=\"https:\/\/www.moriadesign.pl\/wp-content\/uploads\/2023\/07\/B-03.48.b_1-dwustanowiskowy-retro-stojak-rowerowy-z-blaszana-poprzeczka.png\" \/>\n\t<meta property=\"og:image:width\" content=\"1600\" \/>\n\t<meta property=\"og:image:height\" content=\"1600\" \/>\n\t<meta property=\"og:image:type\" content=\"image\/png\" \/>\n<meta name=\"twitter:card\" content=\"summary_large_image\" \/>\n<meta name=\"twitter:label1\" content=\"Estimated reading time\" \/>\n\t<meta name=\"twitter:data1\" content=\"3 minutes\" \/>\n<script type=\"application\/ld+json\" class=\"yoast-schema-graph\">{\"@context\":\"https:\/\/schema.org\",\"@graph\":[{\"@type\":\"WebPage\",\"@id\":\"https:\/\/www.moriadesign.pl\/produkt\/stojak-rowerowy-b-03-48-b-l60-cm\/\",\"url\":\"https:\/\/www.moriadesign.pl\/produkt\/stojak-rowerowy-b-03-48-b-l60-cm\/\",\"name\":\"Stojak rowerowy B-03.48.b [l=60 cm] - MORIA DESIGN\",\"isPartOf\":{\"@id\":\"https:\/\/www.moriadesign.pl\/#website\"},\"datePublished\":\"2023-01-02T12:29:51+00:00\",\"dateModified\":\"2026-04-03T09:24:24+00:00\",\"description\":\"Stylowe metalowe stojaki rowerowe typ U, loft, industrialne. Zastosowana blacha z logo roweru. Do obszar\u00f3w rewitalizacji. Szybka wysy\u0142ka. Do zabetonowania.\",\"breadcrumb\":{\"@id\":\"https:\/\/www.moriadesign.pl\/produkt\/stojak-rowerowy-b-03-48-b-l60-cm\/#breadcrumb\"},\"inLanguage\":\"en-GB\",\"potentialAction\":[{\"@type\":\"ReadAction\",\"target\":[\"https:\/\/www.moriadesign.pl\/produkt\/stojak-rowerowy-b-03-48-b-l60-cm\/\"]}]},{\"@type\":\"BreadcrumbList\",\"@id\":\"https:\/\/www.moriadesign.pl\/produkt\/stojak-rowerowy-b-03-48-b-l60-cm\/#breadcrumb\",\"itemListElement\":[{\"@type\":\"ListItem\",\"position\":1,\"name\":\"Strona g\u0142\u00f3wna\",\"item\":\"https:\/\/www.moriadesign.pl\/\"},{\"@type\":\"ListItem\",\"position\":2,\"name\":\"Sklep\",\"item\":\"https:\/\/www.moriadesign.pl\/sklep\/\"},{\"@type\":\"ListItem\",\"position\":3,\"name\":\"Stojak rowerowy B-03.48.b [l=60 cm]\"}]},{\"@type\":\"WebSite\",\"@id\":\"https:\/\/www.moriadesign.pl\/#website\",\"url\":\"https:\/\/www.moriadesign.pl\/\",\"name\":\"MORIA DESIGN\",\"description\":\"okucia do mebli, domu i ogrodu\",\"potentialAction\":[{\"@type\":\"SearchAction\",\"target\":{\"@type\":\"EntryPoint\",\"urlTemplate\":\"https:\/\/www.moriadesign.pl\/?s={search_term_string}\"},\"query-input\":\"required name=search_term_string\"}],\"inLanguage\":\"en-GB\"}]}<\/script>\n<!-- \/ Yoast SEO plugin. -->","yoast_head_json":{"title":"Stojak rowerowy B-03.48.b [l=60 cm] - MORIA DESIGN","description":"Stylowe metalowe stojaki rowerowe typ U, loft, industrialne. Zastosowana blacha z logo roweru. Do obszar\u00f3w rewitalizacji. Szybka wysy\u0142ka. Do zabetonowania.","robots":{"index":"index","follow":"follow","max-snippet":"max-snippet:-1","max-image-preview":"max-image-preview:large","max-video-preview":"max-video-preview:-1"},"canonical":"https:\/\/www.moriadesign.pl\/en\/product\/stojak-rowerowy-b-03-48-b-l60-cm\/?wmc-currency=EUR","og_locale":"en_GB","og_type":"article","og_title":"Stojak rowerowy B-03.48.b [l=60 cm] - MORIA DESIGN","og_description":"Stylowe metalowe stojaki rowerowe typ U, loft, industrialne. Zastosowana blacha z logo roweru. Do obszar\u00f3w rewitalizacji. Szybka wysy\u0142ka. Do zabetonowania.","og_url":"https:\/\/www.moriadesign.pl\/en\/product\/stojak-rowerowy-b-03-48-b-l60-cm\/?wmc-currency=EUR","og_site_name":"MORIA DESIGN","article_modified_time":"2026-04-03T09:24:24+00:00","og_image":[{"width":1600,"height":1600,"url":"https:\/\/www.moriadesign.pl\/wp-content\/uploads\/2023\/07\/B-03.48.b_1-dwustanowiskowy-retro-stojak-rowerowy-z-blaszana-poprzeczka.png","type":"image\/png"}],"twitter_card":"summary_large_image","twitter_misc":{"Estimated reading time":"3 minutes"},"schema":{"@context":"https:\/\/schema.org","@graph":[{"@type":"WebPage","@id":"https:\/\/www.moriadesign.pl\/produkt\/stojak-rowerowy-b-03-48-b-l60-cm\/","url":"https:\/\/www.moriadesign.pl\/produkt\/stojak-rowerowy-b-03-48-b-l60-cm\/","name":"Stojak rowerowy B-03.48.b [l=60 cm] - MORIA DESIGN","isPartOf":{"@id":"https:\/\/www.moriadesign.pl\/#website"},"datePublished":"2023-01-02T12:29:51+00:00","dateModified":"2026-04-03T09:24:24+00:00","description":"Stylowe metalowe stojaki rowerowe typ U, loft, industrialne. Zastosowana blacha z logo roweru. Do obszar\u00f3w rewitalizacji. Szybka wysy\u0142ka. Do zabetonowania.","breadcrumb":{"@id":"https:\/\/www.moriadesign.pl\/produkt\/stojak-rowerowy-b-03-48-b-l60-cm\/#breadcrumb"},"inLanguage":"en-GB","potentialAction":[{"@type":"ReadAction","target":["https:\/\/www.moriadesign.pl\/produkt\/stojak-rowerowy-b-03-48-b-l60-cm\/"]}]},{"@type":"BreadcrumbList","@id":"https:\/\/www.moriadesign.pl\/produkt\/stojak-rowerowy-b-03-48-b-l60-cm\/#breadcrumb","itemListElement":[{"@type":"ListItem","position":1,"name":"Strona g\u0142\u00f3wna","item":"https:\/\/www.moriadesign.pl\/"},{"@type":"ListItem","position":2,"name":"Sklep","item":"https:\/\/www.moriadesign.pl\/sklep\/"},{"@type":"ListItem","position":3,"name":"Stojak rowerowy B-03.48.b [l=60 cm]"}]},{"@type":"WebSite","@id":"https:\/\/www.moriadesign.pl\/#website","url":"https:\/\/www.moriadesign.pl\/","name":"MORIA DESIGN","description":"okucia do mebli, domu i ogrodu","potentialAction":[{"@type":"SearchAction","target":{"@type":"EntryPoint","urlTemplate":"https:\/\/www.moriadesign.pl\/?s={search_term_string}"},"query-input":"required name=search_term_string"}],"inLanguage":"en-GB"}]}},"_links":{"self":[{"href":"https:\/\/www.moriadesign.pl\/en\/wp-json\/wp\/v2\/product\/2627"}],"collection":[{"href":"https:\/\/www.moriadesign.pl\/en\/wp-json\/wp\/v2\/product"}],"about":[{"href":"https:\/\/www.moriadesign.pl\/en\/wp-json\/wp\/v2\/types\/product"}],"wp:featuredmedia":[{"embeddable":true,"href":"https:\/\/www.moriadesign.pl\/en\/wp-json\/wp\/v2\/media\/2662"}],"wp:attachment":[{"href":"https:\/\/www.moriadesign.pl\/en\/wp-json\/wp\/v2\/media?parent=2627"}],"wp:term":[{"taxonomy":"product_cat","embeddable":true,"href":"https:\/\/www.moriadesign.pl\/en\/wp-json\/wp\/v2\/product_cat?post=2627"},{"taxonomy":"product_tag","embeddable":true,"href":"https:\/\/www.moriadesign.pl\/en\/wp-json\/wp\/v2\/product_tag?post=2627"}],"curies":[{"name":"wp","href":"https:\/\/api.w.org\/{rel}","templated":true}]}}