{"id":2626,"date":"2023-01-02T13:04:57","date_gmt":"2023-01-02T12:04:57","guid":{"rendered":"https:\/\/www.moriadesign.pl\/?post_type=product&#038;p=2626"},"modified":"2026-04-03T11:27:12","modified_gmt":"2026-04-03T09:27:12","slug":"stojak-rowerowy-b-02-48-k-l25-cm","status":"publish","type":"product","link":"https:\/\/www.moriadesign.pl\/en\/product\/stojak-rowerowy-b-02-48-k-l25-cm\/","title":{"rendered":"Bicycle stand B-02.48.k [l=25 cm]"},"content":{"rendered":"<h2>Features and benefits:<\/h2>\n<ul>\n<li>made of steel (tube) &gt;\u00a0<b>timeless<\/b>;<\/li>\n<li>Mounting method - screwed (metal orifice) &gt;\u00a0<b>easy to install<\/b>;<\/li>\n<li>*Galvanised and powder coated in matt black (zero gloss, fine structure) - far more resistant to damage than spray paint coatings, powder paints are completely safe for humans and the environment &gt;. <b>durable and elegantly finished;<\/b><\/li>\n<li>wymiary: wysoko\u015b\u0107 &#8211; 80 cm, d\u0142ugo\u015b\u0107 &#8211; 25 cm, \u03a6 rury &#8211; 48,3 mm, grubo\u015b\u0107 kryzy &#8211; 4 mm &gt;<b> robust<\/b>;<\/li>\n<li>machine-made &gt;\u00a0<b>repetitive<\/b>.<\/li>\n<\/ul>\n<p>*Powder-coated only version also available.<\/p>\n<h2>Application:<\/h2>\n<ul>\n<li>The design of the stand allows both the frame and the wheel of the bicycle to be secured with a safety cable. It also works well for parking scooters.<\/li>\n<\/ul>\n<details>\n<summary style=\"cursor: pointer;\">Read more<\/summary>\n<h2><span lang=\"pl-PL\">Stojak rowerowy B-02.48.k \u2013 najta\u0144sze stojaki dla dw\u00f3ch rower\u00f3w<\/span><\/h2>\n<p><span lang=\"pl-PL\"><strong>Stojaki rowerowe model B-02.48.k<\/strong> to dopasowane rozwi\u0105zanie dla os\u00f3b, kt\u00f3re potrzebuj\u0105 bezpiecznego sposobu do parkowania swoich rower\u00f3w lub hulajn\u00f3g. Wykonane z masywnej metalowej rury, stojaki umo\u017cliwiaj\u0105 bezpieczne przypi\u0119cie dw\u00f3ch rower\u00f3w za pomoc\u0105 \u0142a\u0144cucha, linki lub U-locka. Ich prostota po\u0142\u0105czona z funkcjonalno\u015bci\u0105, sprawia \u017ce ukszta\u0142tne stojaki rowerowe typu barierka, bramka to idealne rozwi\u0105zanie zar\u00f3wno do miejsc publicznych jak i do przydomowych podw\u00f3rek. Ich konstrukcja zapewnia stabilno\u015b\u0107 i bezpiecze\u0144stwo, co sprawia \u017ce staj\u0105 si\u0119 niezast\u0105pionym elementem infrastruktury rowerowej.<\/span><\/p>\n<p><span lang=\"pl-PL\"><strong>Rowerowe stojaki model B-02.48.k<\/strong> wykonane zosta\u0142y z metalowej rury o \u015brednicy 60,3 mm i grubo\u015bci \u015bcianki 2,9 mm oraz solidnej kryzy monta\u017cowej z blachy o grubo\u015bci 4-5 mm. Taki dob\u00f3r materia\u0142\u00f3w gwarantuje ich wytrzyma\u0142o\u015b\u0107 i odporno\u015b\u0107 na ewentualne uszkodzenia mechaniczne. Ca\u0142kowita wysoko\u015b\u0107 stojak\u00f3w wynosi 80 cm. Te solidne stojaki rowerowe maj\u0105 szeroko\u015b\u0107 36 cm, co czyni je idealnymi rowerowymi stojakami dwustanowiskowymi rekomendowanymi do monta\u017cu w miejscach o ma\u0142ej powierzchni. Stojaki dost\u0119pne s\u0105 w wersji pomalowanej proszkowo oraz ocynkowanej i pomalowanej proszkowo, co zapewnia doskona\u0142\u0105 ochron\u0119 antykorozyjn\u0105. Dzi\u0119ki temu stojaki rowerowe s\u0105 odporne na warunki atmosferyczne i b\u0119d\u0105 s\u0142u\u017cy\u0107 przez wiele lat bez konieczno\u015bci zbyt cz\u0119stych konserwacji.<\/span><\/p>\n<p><span lang=\"pl-PL\"><strong>Bezpieczne stojaki rowerowe B-02.48.k<\/strong> wyr\u00f3\u017cniaj\u0105 si\u0119 eleganckim i nowoczesnym, minimalistycznym designem. S\u0105 solidne i stabilne, a jednocze\u015bnie zgrabne i smuk\u0142e. Spos\u00f3b monta\u017cu prezentowanych stojak\u00f3w polega na ich zakotwieniu, przykr\u0119ceniu do pod\u0142o\u017ca. Dost\u0119pne r\u00f3wnie\u017c w innych wersjach monta\u017cowych: do zabetonowania, do zabetonowania z ozdobnymi \u017celiwnymi opaskami, co gwarantuje \u017ce stojaki mo\u017cna \u0142atwo dostosowa\u0107 do indywidulanych preferencji, oczekiwa\u0144 oraz potrzeb danej lokalizacji. Dost\u0119pne r\u00f3\u017cne sposoby monta\u017cu sprawiaj\u0105, \u017ce stojaki nie tylko b\u0119d\u0105 dobrze spe\u0142nia\u0107 swoj\u0105 funkcj\u0119 ale r\u00f3wnie\u017c b\u0119dzie to atrakcyjny i estetyczny element ma\u0142ej architektury.<\/span><\/p>\n<p><span lang=\"pl-PL\">Je\u017celi szukasz solidnych, funkcjonalnych, a przy tym najta\u0144szych rozwi\u0105za\u0144 do bezpiecznego parkowania rower\u00f3w, to stojaki rowerowe od <a href=\"\/en\/?wmc-currency=EUR\">MORIA DESIGN<\/a> s\u0105 idealnym wyborem. Stojaki rowerowe model B-02.48.k s\u0105 nie tylko tanie, ale r\u00f3wnie\u017c bezpieczne i odporne na trudne warunki atmosferyczne. Dzi\u0119ki mo\u017cliwo\u015bci jednoczesnego przypi\u0119cia dw\u00f3ch rower\u00f3w, u-kszta\u0142tne stojaki rowerowe typu barierka, bramka, sprawdz\u0105 si\u0119 w ka\u017cdym miejscu. Stojaki mo\u017cesz zamontowa\u0107 szeregowo, tworz\u0105c funkcjonalne pojemne parkingi rowerowe, sk\u0142adaj\u0105ce si\u0119 z kliku, kilkunastu, a nawet kilkudziesi\u0119ciu rowerowych miejsc postojowych. Nie czekaj i zainwestuj w <a href=\"\/en\/offer\/bicycle-racks\/?wmc-currency=EUR\">bicycle racks<\/a>, kt\u00f3re zosta\u0142y dopasowane do Twoich indywidualnych oczekiwa\u0144!<\/span><\/p>\n<\/details>","protected":false},"excerpt":{"rendered":"<p>Cechy i zalety: wykonany ze stali (rura) &gt;\u00a0ponadczasowy; spos\u00f3b monta\u017cu &#8211; przykr\u0119cenie (metalowa kryza) &gt;\u00a0\u0142atwy w monta\u017cu; *ocynkowany oraz pomalowany farb\u0105 proszkow\u0105 w kolorze czarny mat (zero po\u0142ysku, drobna struktura) \u2013 zdecydowanie wy\u017csza odporno\u015b\u0107 na uszkodzenia od pow\u0142ok farb natryskowych, farby proszkowe s\u0105 w pe\u0142ni bezpieczne dla ludzi i \u015brodowiska &gt; trwale i elegancko wyko\u0144czony;&#8230;<\/p>","protected":false},"featured_media":2660,"template":"","meta":{"inline_featured_image":false},"product_cat":[35],"product_tag":[60,73,56,64,68,63,62,57,58,72],"acf":[],"yoast_head":"<!-- This site is optimized with the Yoast SEO plugin v20.2 - https:\/\/yoast.com\/wordpress\/plugins\/seo\/ -->\n<title>Stojak rowerowy B-02.48.k [l=25 cm] - MORIA DESIGN<\/title>\n<meta name=\"description\" content=\"Najta\u0144sze stojaki rowerowe. Wykonane z ocynkowanej rury pomalowanej proszkowo. Idealnie pasuj\u0105 do zrewitalizowanych \u015br\u00f3dmiejskich przestrzeni. Ekspresowo!\" \/>\n<meta name=\"robots\" content=\"index, follow, max-snippet:-1, max-image-preview:large, max-video-preview:-1\" \/>\n<link rel=\"canonical\" href=\"https:\/\/www.moriadesign.pl\/en\/product\/stojak-rowerowy-b-02-48-k-l25-cm\/?wmc-currency=EUR\" \/>\n<meta property=\"og:locale\" content=\"en_GB\" \/>\n<meta property=\"og:type\" content=\"article\" \/>\n<meta property=\"og:title\" content=\"Stojak rowerowy B-02.48.k [l=25 cm] - MORIA DESIGN\" \/>\n<meta property=\"og:description\" content=\"Najta\u0144sze stojaki rowerowe. Wykonane z ocynkowanej rury pomalowanej proszkowo. Idealnie pasuj\u0105 do zrewitalizowanych \u015br\u00f3dmiejskich przestrzeni. Ekspresowo!\" \/>\n<meta property=\"og:url\" content=\"https:\/\/www.moriadesign.pl\/en\/product\/stojak-rowerowy-b-02-48-k-l25-cm\/?wmc-currency=EUR\" \/>\n<meta property=\"og:site_name\" content=\"MORIA DESIGN\" \/>\n<meta property=\"article:modified_time\" content=\"2026-04-03T09:27:12+00:00\" \/>\n<meta property=\"og:image\" content=\"https:\/\/www.moriadesign.pl\/wp-content\/uploads\/2023\/07\/B-02.48.k_1-miejskie-tanie-czarne-stojaki-rowerowe-typ-U.png\" \/>\n\t<meta property=\"og:image:width\" content=\"1600\" \/>\n\t<meta property=\"og:image:height\" content=\"1600\" \/>\n\t<meta property=\"og:image:type\" content=\"image\/png\" \/>\n<meta name=\"twitter:card\" content=\"summary_large_image\" \/>\n<meta name=\"twitter:label1\" content=\"Estimated reading time\" \/>\n\t<meta name=\"twitter:data1\" content=\"3 minutes\" \/>\n<script type=\"application\/ld+json\" class=\"yoast-schema-graph\">{\"@context\":\"https:\/\/schema.org\",\"@graph\":[{\"@type\":\"WebPage\",\"@id\":\"https:\/\/www.moriadesign.pl\/produkt\/stojak-rowerowy-b-02-48-k-l25-cm\/\",\"url\":\"https:\/\/www.moriadesign.pl\/produkt\/stojak-rowerowy-b-02-48-k-l25-cm\/\",\"name\":\"Stojak rowerowy B-02.48.k [l=25 cm] - MORIA DESIGN\",\"isPartOf\":{\"@id\":\"https:\/\/www.moriadesign.pl\/#website\"},\"datePublished\":\"2023-01-02T12:04:57+00:00\",\"dateModified\":\"2026-04-03T09:27:12+00:00\",\"description\":\"Najta\u0144sze stojaki rowerowe. Wykonane z ocynkowanej rury pomalowanej proszkowo. Idealnie pasuj\u0105 do zrewitalizowanych \u015br\u00f3dmiejskich przestrzeni. Ekspresowo!\",\"breadcrumb\":{\"@id\":\"https:\/\/www.moriadesign.pl\/produkt\/stojak-rowerowy-b-02-48-k-l25-cm\/#breadcrumb\"},\"inLanguage\":\"en-GB\",\"potentialAction\":[{\"@type\":\"ReadAction\",\"target\":[\"https:\/\/www.moriadesign.pl\/produkt\/stojak-rowerowy-b-02-48-k-l25-cm\/\"]}]},{\"@type\":\"BreadcrumbList\",\"@id\":\"https:\/\/www.moriadesign.pl\/produkt\/stojak-rowerowy-b-02-48-k-l25-cm\/#breadcrumb\",\"itemListElement\":[{\"@type\":\"ListItem\",\"position\":1,\"name\":\"Strona g\u0142\u00f3wna\",\"item\":\"https:\/\/www.moriadesign.pl\/\"},{\"@type\":\"ListItem\",\"position\":2,\"name\":\"Sklep\",\"item\":\"https:\/\/www.moriadesign.pl\/sklep\/\"},{\"@type\":\"ListItem\",\"position\":3,\"name\":\"Stojak rowerowy B-02.48.k [l=25 cm]\"}]},{\"@type\":\"WebSite\",\"@id\":\"https:\/\/www.moriadesign.pl\/#website\",\"url\":\"https:\/\/www.moriadesign.pl\/\",\"name\":\"MORIA DESIGN\",\"description\":\"okucia do mebli, domu i ogrodu\",\"potentialAction\":[{\"@type\":\"SearchAction\",\"target\":{\"@type\":\"EntryPoint\",\"urlTemplate\":\"https:\/\/www.moriadesign.pl\/?s={search_term_string}\"},\"query-input\":\"required name=search_term_string\"}],\"inLanguage\":\"en-GB\"}]}<\/script>\n<!-- \/ Yoast SEO plugin. -->","yoast_head_json":{"title":"Stojak rowerowy B-02.48.k [l=25 cm] - MORIA DESIGN","description":"Najta\u0144sze stojaki rowerowe. Wykonane z ocynkowanej rury pomalowanej proszkowo. Idealnie pasuj\u0105 do zrewitalizowanych \u015br\u00f3dmiejskich przestrzeni. Ekspresowo!","robots":{"index":"index","follow":"follow","max-snippet":"max-snippet:-1","max-image-preview":"max-image-preview:large","max-video-preview":"max-video-preview:-1"},"canonical":"https:\/\/www.moriadesign.pl\/en\/product\/stojak-rowerowy-b-02-48-k-l25-cm\/?wmc-currency=EUR","og_locale":"en_GB","og_type":"article","og_title":"Stojak rowerowy B-02.48.k [l=25 cm] - MORIA DESIGN","og_description":"Najta\u0144sze stojaki rowerowe. Wykonane z ocynkowanej rury pomalowanej proszkowo. Idealnie pasuj\u0105 do zrewitalizowanych \u015br\u00f3dmiejskich przestrzeni. Ekspresowo!","og_url":"https:\/\/www.moriadesign.pl\/en\/product\/stojak-rowerowy-b-02-48-k-l25-cm\/?wmc-currency=EUR","og_site_name":"MORIA DESIGN","article_modified_time":"2026-04-03T09:27:12+00:00","og_image":[{"width":1600,"height":1600,"url":"https:\/\/www.moriadesign.pl\/wp-content\/uploads\/2023\/07\/B-02.48.k_1-miejskie-tanie-czarne-stojaki-rowerowe-typ-U.png","type":"image\/png"}],"twitter_card":"summary_large_image","twitter_misc":{"Estimated reading time":"3 minutes"},"schema":{"@context":"https:\/\/schema.org","@graph":[{"@type":"WebPage","@id":"https:\/\/www.moriadesign.pl\/produkt\/stojak-rowerowy-b-02-48-k-l25-cm\/","url":"https:\/\/www.moriadesign.pl\/produkt\/stojak-rowerowy-b-02-48-k-l25-cm\/","name":"Stojak rowerowy B-02.48.k [l=25 cm] - MORIA DESIGN","isPartOf":{"@id":"https:\/\/www.moriadesign.pl\/#website"},"datePublished":"2023-01-02T12:04:57+00:00","dateModified":"2026-04-03T09:27:12+00:00","description":"Najta\u0144sze stojaki rowerowe. Wykonane z ocynkowanej rury pomalowanej proszkowo. Idealnie pasuj\u0105 do zrewitalizowanych \u015br\u00f3dmiejskich przestrzeni. Ekspresowo!","breadcrumb":{"@id":"https:\/\/www.moriadesign.pl\/produkt\/stojak-rowerowy-b-02-48-k-l25-cm\/#breadcrumb"},"inLanguage":"en-GB","potentialAction":[{"@type":"ReadAction","target":["https:\/\/www.moriadesign.pl\/produkt\/stojak-rowerowy-b-02-48-k-l25-cm\/"]}]},{"@type":"BreadcrumbList","@id":"https:\/\/www.moriadesign.pl\/produkt\/stojak-rowerowy-b-02-48-k-l25-cm\/#breadcrumb","itemListElement":[{"@type":"ListItem","position":1,"name":"Strona g\u0142\u00f3wna","item":"https:\/\/www.moriadesign.pl\/"},{"@type":"ListItem","position":2,"name":"Sklep","item":"https:\/\/www.moriadesign.pl\/sklep\/"},{"@type":"ListItem","position":3,"name":"Stojak rowerowy B-02.48.k [l=25 cm]"}]},{"@type":"WebSite","@id":"https:\/\/www.moriadesign.pl\/#website","url":"https:\/\/www.moriadesign.pl\/","name":"MORIA DESIGN","description":"okucia do mebli, domu i ogrodu","potentialAction":[{"@type":"SearchAction","target":{"@type":"EntryPoint","urlTemplate":"https:\/\/www.moriadesign.pl\/?s={search_term_string}"},"query-input":"required name=search_term_string"}],"inLanguage":"en-GB"}]}},"_links":{"self":[{"href":"https:\/\/www.moriadesign.pl\/en\/wp-json\/wp\/v2\/product\/2626"}],"collection":[{"href":"https:\/\/www.moriadesign.pl\/en\/wp-json\/wp\/v2\/product"}],"about":[{"href":"https:\/\/www.moriadesign.pl\/en\/wp-json\/wp\/v2\/types\/product"}],"wp:featuredmedia":[{"embeddable":true,"href":"https:\/\/www.moriadesign.pl\/en\/wp-json\/wp\/v2\/media\/2660"}],"wp:attachment":[{"href":"https:\/\/www.moriadesign.pl\/en\/wp-json\/wp\/v2\/media?parent=2626"}],"wp:term":[{"taxonomy":"product_cat","embeddable":true,"href":"https:\/\/www.moriadesign.pl\/en\/wp-json\/wp\/v2\/product_cat?post=2626"},{"taxonomy":"product_tag","embeddable":true,"href":"https:\/\/www.moriadesign.pl\/en\/wp-json\/wp\/v2\/product_tag?post=2626"}],"curies":[{"name":"wp","href":"https:\/\/api.w.org\/{rel}","templated":true}]}}