{"id":1745,"date":"2023-01-02T14:05:32","date_gmt":"2023-01-02T13:05:32","guid":{"rendered":"https:\/\/www.moriadesign.pl\/?post_type=product&#038;p=1745"},"modified":"2026-04-03T11:12:03","modified_gmt":"2026-04-03T09:12:03","slug":"stojak-rowerowy-retro-b-05-60-b-l60-cm","status":"publish","type":"product","link":"https:\/\/www.moriadesign.pl\/en\/product\/retro-bicycle-stand-b-05-60-b-l60-cm\/","title":{"rendered":"Retro bicycle stand B-05.60.b [l=60 cm]"},"content":{"rendered":"<h2>Features and benefits:<\/h2>\n<ul>\n<li>made of steel (tube + cast iron ball) &gt;\u00a0<b>perpetual<\/b>;<\/li>\n<li>cast iron ornamental ball used &gt;\u00a0<b>classically decorated<\/b>;<\/li>\n<li>way of installation concrete (dedicated 30 cm pipe) &gt; <b>easy to install<\/b>;<\/li>\n<li>*Galvanised and powder coated in matt black (zero gloss, fine structure) - far more resistant to damage than spray paint coatings, powder paints are completely safe for humans and the environment &gt;. <b>durable and elegantly finished;<\/b><\/li>\n<li>dimensions: height - 100 cm + 30 cm for concreting, length - 60 cm, pipe \u03a6 60.3 mm &gt;.<b>\u00a0very solid<\/b>;<\/li>\n<li>machine-made &gt;\u00a0<b>repetitive<\/b>.<\/li>\n<\/ul>\n<p>*Powder-coated only version also available.<\/p>\n<h2>Application:<\/h2>\n<ul>\n<li>The design of the stand allows both the frame and the wheel of the bicycle to be secured with a safety cable. It also works well for parking scooters.<\/li>\n<\/ul>\n<details>\n<summary style=\"cursor: pointer;\">Read more<\/summary>\n<h2><span lang=\"pl-PL\">B-05.60.b bicycle stand - original retro-style bicycle stand<\/span><\/h2>\n<p><span lang=\"pl-PL\"><strong>Original retro bicycle stand model B-05.60.b<\/strong>, which you will find at MORIA DESIGN, are the perfect solution for urban spaces that need practical and stylish places to park bicycles and scooters. Made from robust materials, these two-stand racks stand out from the rest thanks to their classic, retro design. They are ideal for regeneration areas, complementing them with the desired elegance and functionality.<\/span><\/p>\n<p><span lang=\"pl-PL\">Stylish <a href=\"https:\/\/www.moriadesign.pl\/en\/offer\/bicycle-racks\/?wmc-currency=EUR\">bicycle racks<\/a> MORIA DESIGN are characterised by their high quality workmanship. The presented model of the stand is manufactured from a solid metal tube with a diameter of 60.3 mm and a wall thickness of 2.9 mm, which ensures their durability and resistance to damage. The massive cast iron spherical spearhead emphasises the massiveness and elegance of the stand. The stands are available galvanised and powder-coated for added weather resistance.<\/span><\/p>\n<p><span lang=\"pl-PL\"><strong>Retro stands model B-05.60.b<\/strong>, the design of these retro bicycle stands blends in perfectly with urban spaces in a classic style. With an elegant finish and solid workmanship, these stands not only fulfil their primary function but also add an aesthetic element to the urban landscape. You can easily install the stand by concreting the dedicated 30 cm tubes below the floor surface.<\/span><\/p>\n<p><span lang=\"pl-PL\"><strong>Robust bicycle stands B-05.60.b<\/strong> from <a href=\"\/en\/?wmc-currency=EUR\">MORIA DESIGN<\/a> are the ideal solution for cities looking for a way to provide durable, practical and stylish bicycle parking spaces. Easy to install, corrosion and weather resistant, these retro bicycle stands can be a purchase you will enjoy for years to come. We encourage you to purchase original, classic bike stands that are sure to improve the aesthetics and functionality of our urban space.<\/span><\/p>\n<\/details>","protected":false},"excerpt":{"rendered":"<p>Cechy i zalety: wykonany ze stali (rura + kula \u017celiwna) &gt;\u00a0wieczny; zastosowana \u017celiwna kula ozdobna &gt;\u00a0klasycznie ozdobiony; spos\u00f3b monta\u017cu zabetonowanie (dedykowane 30 cm rury) &gt; \u0142atwy w monta\u017cu; *ocynkowany oraz pomalowany farb\u0105 proszkow\u0105 w kolorze czarny mat (zero po\u0142ysku, drobna struktura) \u2013 zdecydowanie wy\u017csza odporno\u015b\u0107 na uszkodzenia od pow\u0142ok farb natryskowych, farby proszkowe s\u0105 w&#8230;<\/p>","protected":false},"featured_media":1705,"template":"","meta":{"inline_featured_image":false},"product_cat":[35],"product_tag":[60,56,64,59,55,67,63,62,57,58],"acf":[],"yoast_head":"<!-- This site is optimized with the Yoast SEO plugin v20.2 - https:\/\/yoast.com\/wordpress\/plugins\/seo\/ -->\n<title>Stojak rowerowy retro B-05.60.b [l=60 cm] - MORIA DESIGN<\/title>\n<meta name=\"description\" content=\"Oryginalny stojak rowerowy w stylu retro z \u017celiwnymi okuciami. \u015awietny do zrewitalizowanych \u015br\u00f3dmiejskich przestrzeni. Jako\u015b\u0107 premium, szybka wysy\u0142ka!\" \/>\n<meta name=\"robots\" content=\"index, follow, max-snippet:-1, max-image-preview:large, max-video-preview:-1\" \/>\n<link rel=\"canonical\" href=\"https:\/\/www.moriadesign.pl\/en\/product\/retro-bicycle-stand-b-05-60-b-l60-cm\/?wmc-currency=EUR\" \/>\n<meta property=\"og:locale\" content=\"en_GB\" \/>\n<meta property=\"og:type\" content=\"article\" \/>\n<meta property=\"og:title\" content=\"Stojak rowerowy retro B-05.60.b [l=60 cm] - MORIA DESIGN\" \/>\n<meta property=\"og:description\" content=\"Oryginalny stojak rowerowy w stylu retro z \u017celiwnymi okuciami. \u015awietny do zrewitalizowanych \u015br\u00f3dmiejskich przestrzeni. Jako\u015b\u0107 premium, szybka wysy\u0142ka!\" \/>\n<meta property=\"og:url\" content=\"https:\/\/www.moriadesign.pl\/en\/product\/retro-bicycle-stand-b-05-60-b-l60-cm\/?wmc-currency=EUR\" \/>\n<meta property=\"og:site_name\" content=\"MORIA DESIGN\" \/>\n<meta property=\"article:modified_time\" content=\"2026-04-03T09:12:03+00:00\" \/>\n<meta property=\"og:image\" content=\"https:\/\/www.moriadesign.pl\/wp-content\/uploads\/2022\/12\/B-05.60.b_1-dekoracyjny-metalowy-stojak-rowerowy-do-zabetonowania.png\" \/>\n\t<meta property=\"og:image:width\" content=\"1600\" \/>\n\t<meta property=\"og:image:height\" content=\"1600\" \/>\n\t<meta property=\"og:image:type\" content=\"image\/png\" \/>\n<meta name=\"twitter:card\" content=\"summary_large_image\" \/>\n<meta name=\"twitter:label1\" content=\"Estimated reading time\" \/>\n\t<meta name=\"twitter:data1\" content=\"2 minutes\" \/>\n<script type=\"application\/ld+json\" class=\"yoast-schema-graph\">{\"@context\":\"https:\/\/schema.org\",\"@graph\":[{\"@type\":\"WebPage\",\"@id\":\"https:\/\/www.moriadesign.pl\/produkt\/stojak-rowerowy-retro-b-05-60-b-l60-cm\/\",\"url\":\"https:\/\/www.moriadesign.pl\/produkt\/stojak-rowerowy-retro-b-05-60-b-l60-cm\/\",\"name\":\"Stojak rowerowy retro B-05.60.b [l=60 cm] - MORIA DESIGN\",\"isPartOf\":{\"@id\":\"https:\/\/www.moriadesign.pl\/#website\"},\"datePublished\":\"2023-01-02T13:05:32+00:00\",\"dateModified\":\"2026-04-03T09:12:03+00:00\",\"description\":\"Oryginalny stojak rowerowy w stylu retro z \u017celiwnymi okuciami. \u015awietny do zrewitalizowanych \u015br\u00f3dmiejskich przestrzeni. Jako\u015b\u0107 premium, szybka wysy\u0142ka!\",\"breadcrumb\":{\"@id\":\"https:\/\/www.moriadesign.pl\/produkt\/stojak-rowerowy-retro-b-05-60-b-l60-cm\/#breadcrumb\"},\"inLanguage\":\"en-GB\",\"potentialAction\":[{\"@type\":\"ReadAction\",\"target\":[\"https:\/\/www.moriadesign.pl\/produkt\/stojak-rowerowy-retro-b-05-60-b-l60-cm\/\"]}]},{\"@type\":\"BreadcrumbList\",\"@id\":\"https:\/\/www.moriadesign.pl\/produkt\/stojak-rowerowy-retro-b-05-60-b-l60-cm\/#breadcrumb\",\"itemListElement\":[{\"@type\":\"ListItem\",\"position\":1,\"name\":\"Strona g\u0142\u00f3wna\",\"item\":\"https:\/\/www.moriadesign.pl\/\"},{\"@type\":\"ListItem\",\"position\":2,\"name\":\"Sklep\",\"item\":\"https:\/\/www.moriadesign.pl\/sklep\/\"},{\"@type\":\"ListItem\",\"position\":3,\"name\":\"Stojak rowerowy retro B-05.60.b [l=60 cm]\"}]},{\"@type\":\"WebSite\",\"@id\":\"https:\/\/www.moriadesign.pl\/#website\",\"url\":\"https:\/\/www.moriadesign.pl\/\",\"name\":\"MORIA DESIGN\",\"description\":\"okucia do mebli, domu i ogrodu\",\"potentialAction\":[{\"@type\":\"SearchAction\",\"target\":{\"@type\":\"EntryPoint\",\"urlTemplate\":\"https:\/\/www.moriadesign.pl\/?s={search_term_string}\"},\"query-input\":\"required name=search_term_string\"}],\"inLanguage\":\"en-GB\"}]}<\/script>\n<!-- \/ Yoast SEO plugin. -->","yoast_head_json":{"title":"Stojak rowerowy retro B-05.60.b [l=60 cm] - MORIA DESIGN","description":"Oryginalny stojak rowerowy w stylu retro z \u017celiwnymi okuciami. \u015awietny do zrewitalizowanych \u015br\u00f3dmiejskich przestrzeni. Jako\u015b\u0107 premium, szybka wysy\u0142ka!","robots":{"index":"index","follow":"follow","max-snippet":"max-snippet:-1","max-image-preview":"max-image-preview:large","max-video-preview":"max-video-preview:-1"},"canonical":"https:\/\/www.moriadesign.pl\/en\/product\/retro-bicycle-stand-b-05-60-b-l60-cm\/?wmc-currency=EUR","og_locale":"en_GB","og_type":"article","og_title":"Stojak rowerowy retro B-05.60.b [l=60 cm] - MORIA DESIGN","og_description":"Oryginalny stojak rowerowy w stylu retro z \u017celiwnymi okuciami. \u015awietny do zrewitalizowanych \u015br\u00f3dmiejskich przestrzeni. Jako\u015b\u0107 premium, szybka wysy\u0142ka!","og_url":"https:\/\/www.moriadesign.pl\/en\/product\/retro-bicycle-stand-b-05-60-b-l60-cm\/?wmc-currency=EUR","og_site_name":"MORIA DESIGN","article_modified_time":"2026-04-03T09:12:03+00:00","og_image":[{"width":1600,"height":1600,"url":"https:\/\/www.moriadesign.pl\/wp-content\/uploads\/2022\/12\/B-05.60.b_1-dekoracyjny-metalowy-stojak-rowerowy-do-zabetonowania.png","type":"image\/png"}],"twitter_card":"summary_large_image","twitter_misc":{"Estimated reading time":"2 minutes"},"schema":{"@context":"https:\/\/schema.org","@graph":[{"@type":"WebPage","@id":"https:\/\/www.moriadesign.pl\/produkt\/stojak-rowerowy-retro-b-05-60-b-l60-cm\/","url":"https:\/\/www.moriadesign.pl\/produkt\/stojak-rowerowy-retro-b-05-60-b-l60-cm\/","name":"Stojak rowerowy retro B-05.60.b [l=60 cm] - MORIA DESIGN","isPartOf":{"@id":"https:\/\/www.moriadesign.pl\/#website"},"datePublished":"2023-01-02T13:05:32+00:00","dateModified":"2026-04-03T09:12:03+00:00","description":"Oryginalny stojak rowerowy w stylu retro z \u017celiwnymi okuciami. \u015awietny do zrewitalizowanych \u015br\u00f3dmiejskich przestrzeni. Jako\u015b\u0107 premium, szybka wysy\u0142ka!","breadcrumb":{"@id":"https:\/\/www.moriadesign.pl\/produkt\/stojak-rowerowy-retro-b-05-60-b-l60-cm\/#breadcrumb"},"inLanguage":"en-GB","potentialAction":[{"@type":"ReadAction","target":["https:\/\/www.moriadesign.pl\/produkt\/stojak-rowerowy-retro-b-05-60-b-l60-cm\/"]}]},{"@type":"BreadcrumbList","@id":"https:\/\/www.moriadesign.pl\/produkt\/stojak-rowerowy-retro-b-05-60-b-l60-cm\/#breadcrumb","itemListElement":[{"@type":"ListItem","position":1,"name":"Strona g\u0142\u00f3wna","item":"https:\/\/www.moriadesign.pl\/"},{"@type":"ListItem","position":2,"name":"Sklep","item":"https:\/\/www.moriadesign.pl\/sklep\/"},{"@type":"ListItem","position":3,"name":"Stojak rowerowy retro B-05.60.b [l=60 cm]"}]},{"@type":"WebSite","@id":"https:\/\/www.moriadesign.pl\/#website","url":"https:\/\/www.moriadesign.pl\/","name":"MORIA DESIGN","description":"okucia do mebli, domu i ogrodu","potentialAction":[{"@type":"SearchAction","target":{"@type":"EntryPoint","urlTemplate":"https:\/\/www.moriadesign.pl\/?s={search_term_string}"},"query-input":"required name=search_term_string"}],"inLanguage":"en-GB"}]}},"_links":{"self":[{"href":"https:\/\/www.moriadesign.pl\/en\/wp-json\/wp\/v2\/product\/1745"}],"collection":[{"href":"https:\/\/www.moriadesign.pl\/en\/wp-json\/wp\/v2\/product"}],"about":[{"href":"https:\/\/www.moriadesign.pl\/en\/wp-json\/wp\/v2\/types\/product"}],"wp:featuredmedia":[{"embeddable":true,"href":"https:\/\/www.moriadesign.pl\/en\/wp-json\/wp\/v2\/media\/1705"}],"wp:attachment":[{"href":"https:\/\/www.moriadesign.pl\/en\/wp-json\/wp\/v2\/media?parent=1745"}],"wp:term":[{"taxonomy":"product_cat","embeddable":true,"href":"https:\/\/www.moriadesign.pl\/en\/wp-json\/wp\/v2\/product_cat?post=1745"},{"taxonomy":"product_tag","embeddable":true,"href":"https:\/\/www.moriadesign.pl\/en\/wp-json\/wp\/v2\/product_tag?post=1745"}],"curies":[{"name":"wp","href":"https:\/\/api.w.org\/{rel}","templated":true}]}}