{"id":1742,"date":"2023-01-02T13:43:54","date_gmt":"2023-01-02T12:43:54","guid":{"rendered":"https:\/\/www.moriadesign.pl\/?post_type=product&#038;p=1742"},"modified":"2026-04-03T11:19:18","modified_gmt":"2026-04-03T09:19:18","slug":"stojak-rowerowy-retro-b-04-60-b-l36-cm","status":"publish","type":"product","link":"https:\/\/www.moriadesign.pl\/en\/product\/stojak-rowerowy-retro-b-04-60-b-l36-cm\/","title":{"rendered":"Bicycle stand B-04.60.b [l=36 cm]."},"content":{"rendered":"<h2>Features and benefits:<\/h2>\n<ul>\n<li>made of steel (tube + sheet with logo) &gt;\u00a0<b>perpetual<\/b>;<\/li>\n<li>installation method - concrete (dedicated 30 cm pipe) &gt; <b>easy to install<\/b>;<\/li>\n<li>*Galvanised and powder coated in matt black (zero gloss, fine structure) - far more resistant to damage than spray paint coatings, powder paints are completely safe for humans and the environment &gt;. <b>durable and elegantly finished;<\/b><\/li>\n<li>wymiary: wysoko\u015b\u0107 &#8211; 80 cm + 30 cm do zabetonowania, d\u0142ugo\u015b\u0107 &#8211; 36 cm, grubo\u015b\u0107 blachy &#8211; 2 mm, \u03a6 rury &#8211; 60,3 mm &gt;<b>\u00a0very solid<\/b>;<\/li>\n<li>machine-made &gt;\u00a0<b>repetitive<\/b>.<\/li>\n<\/ul>\n<p>*Powder-coated only version also available.<\/p>\n<h2>Application:<\/h2>\n<ul>\n<li>The design of the stand allows both the frame and the wheel of the bicycle to be secured with a safety cable. It also works well for parking scooters.<\/li>\n<\/ul>\n<details>\n<summary style=\"cursor: pointer;\">Read more<\/summary>\n<h2><span lang=\"pl-PL\">Solidny i tani stojak rowerowy typ U model B-04.60.b \u2013 idealny stojak na rower przed domem<\/span><\/h2>\n<p><span lang=\"pl-PL\"><strong>Stojak na rower model B-04.60.b<\/strong><!-- jw. --> to solidny i tani stojak rowerowy z rury od <a href=\"\/en\/?wmc-currency=EUR\">MORIA DESIGN<\/a><\/span><span lang=\"pl-PL\">. Jest to doskona\u0142y wyb\u00f3r dla wszystkich, kt\u00f3rzy poszukuj\u0105 sprawdzonego i estetycznego rozwi\u0105zania w atrakcyjnej cenie, na uporz\u0105dkowane parkowanie rower\u00f3w oraz hulajn\u00f3g przed domem. Nasz ukszta\u0142tny<\/span><span lang=\"pl-PL\"> stojak zosta\u0142 wykonany z certyfikowanej stalowej rury oraz blachy z wyci\u0119tym logo roweru. Oferowany stojak rowerowy \u0142\u0105czy w sobie wytrzyma\u0142o\u015b\u0107, funkcjonalno\u015b\u0107 oraz elegancki wygl\u0105d. Zastosowane materia\u0142y wraz z zabezpieczeniem antykorozyjnym sprawiaj\u0105, \u017ce stojak jest praktycznie wieczny. Niezwykle odporny na warunki atmosferyczne oraz uszkodzenia mechaniczne. Idealnie sprawdzi si\u0119 w przestrzeniach miejskich, parkach, szko\u0142ach czy przydomowych podw\u00f3rkach, zapewniaj\u0105c bezpieczne i wygodne miejsce do przypi\u0119cia rower\u00f3w za pomoc\u0105 \u0142a\u0144cucha, linki czy u-locka.\u00a0<\/span><\/p>\n<p><span lang=\"pl-PL\"><strong>Pojedynczy stojak rowerowy B-04.60.b<\/strong> od MORIA DESIGN to gwarantowany przyk\u0142ad solidno\u015bci i przemy\u015blanej, funkcjonalnej konstrukcji. Stojak wykonany jest ze stalowej rury o \u015brednicy 60,3 mm i grubo\u015bci \u015bcianki 2,9 mm, co zapewnia wysok\u0105 stabilno\u015b\u0107 i wytrzyma\u0142o\u015b\u0107. Poprzecznie wspawana blacha o grubo\u015bci 2 mm jest miejscem dedykowanym do wyeksponowania logo. Stojak dost\u0119pny jest w wersji malowanej proszkowo lub ocynkowanej i malowanej proszkowo, co dodatkowo podnosi jego trwa\u0142o\u015b\u0107 i odporno\u015b\u0107 na korozj\u0119.<\/span><\/p>\n<p><strong>Stojaki rowerowe model B-04.60.b<\/strong> wyr\u00f3\u017cniaj\u0105 si\u0119 eleganckim, smuk\u0142ym wygl\u0105dem oraz wysok\u0105 jako\u015bci\u0105 wykonania. Dzi\u0119ki swoim kompaktowym wymiarom, \u0142atwo mo\u017cna go zamontowa\u0107 nawet w miejscach o niewielkiej powierzchni. Prezentowany model stojaka jest przeznaczony do zabetonowania. Ten wz\u00f3r stojaka rowerowego oferujemy r\u00f3wnie\u017c w wersji do przykr\u0119cenia lub zakotwienia, a tak\u017ce w wersji retro, tzw. dekoracyjnej z ozdobnymi, \u017celiwnymi opaskami r\u00f3wnie\u017c do zabetonowania.<\/p>\n<p><span lang=\"pl-PL\">Robust <a href=\"\/en\/offer\/bicycle-racks\/?wmc-currency=EUR\">bicycle racks<\/a> od MORIA DESIGN to jednoczesne po\u0142\u0105czenie wytrzyma\u0142o\u015bci, funkcjonalno\u015bci i elegancji. Wykonane z wysokiej jako\u015bci materia\u0142\u00f3w, odpowiednio zabezpieczone antykorozyjnie i estetycznie wyko\u0144czone, stojaki te zaspokoj\u0105 potrzeby nawet najbardziej wymagaj\u0105cych u\u017cytkownik\u00f3w. Stojaki mog\u0105 s\u0142u\u017cy\u0107 do parkowania dw\u00f3ch rower\u00f3w, w tym rower\u00f3w elektrycznych oraz hulajn\u00f3g, co czyni je niezwykle praktycznym rozwi\u0105zaniem. Zapraszamy do zakupu solidnych i eleganckich stojak\u00f3w rowerowych od MORIA DESIGN, kt\u00f3re zapewni\u0105 bezpiecze\u0144stwo i komfort u\u017cytkowania przez d\u0142ugie lata.<\/span><\/p>\n<\/details>","protected":false},"excerpt":{"rendered":"<p>Cechy i zalety: wykonany ze stali (rura + blacha z logo) &gt;\u00a0wieczny; spos\u00f3b monta\u017cu &#8211; zabetonowanie (dedykowane 30 cm rury) &gt; \u0142atwy w monta\u017cu; *ocynkowany oraz pomalowany farb\u0105 proszkow\u0105 w kolorze czarny mat (zero po\u0142ysku, drobna struktura) \u2013 zdecydowanie wy\u017csza odporno\u015b\u0107 na uszkodzenia od pow\u0142ok farb natryskowych, farby proszkowe s\u0105 w pe\u0142ni bezpieczne dla ludzi&#8230;<\/p>","protected":false},"featured_media":1699,"template":"","meta":{"inline_featured_image":false},"product_cat":[35],"product_tag":[60,56,64,59,55,74,63,62,57,58],"acf":[],"yoast_head":"<!-- This site is optimized with the Yoast SEO plugin v20.2 - https:\/\/yoast.com\/wordpress\/plugins\/seo\/ -->\n<title>Stojak rowerowy B-04.60.b [l=36 cm] - MORIA DESIGN<\/title>\n<meta name=\"description\" content=\"Solidny i tani stojak rowerowy z masywnej rury z miejscem na logo. Idealny stojak na rower przed domem. Wysoka jako\u015b\u0107. Zam\u00f3w ju\u017c dzi\u015b, a wysy\u0142ka ju\u017c jutro!\" \/>\n<meta name=\"robots\" content=\"index, follow, max-snippet:-1, max-image-preview:large, max-video-preview:-1\" \/>\n<link rel=\"canonical\" href=\"https:\/\/www.moriadesign.pl\/en\/product\/stojak-rowerowy-retro-b-04-60-b-l36-cm\/?wmc-currency=EUR\" \/>\n<meta property=\"og:locale\" content=\"en_GB\" \/>\n<meta property=\"og:type\" content=\"article\" \/>\n<meta property=\"og:title\" content=\"Stojak rowerowy B-04.60.b [l=36 cm] - MORIA DESIGN\" \/>\n<meta property=\"og:description\" content=\"Solidny i tani stojak rowerowy z masywnej rury z miejscem na logo. Idealny stojak na rower przed domem. Wysoka jako\u015b\u0107. Zam\u00f3w ju\u017c dzi\u015b, a wysy\u0142ka ju\u017c jutro!\" \/>\n<meta property=\"og:url\" content=\"https:\/\/www.moriadesign.pl\/en\/product\/stojak-rowerowy-retro-b-04-60-b-l36-cm\/?wmc-currency=EUR\" \/>\n<meta property=\"og:site_name\" content=\"MORIA DESIGN\" \/>\n<meta property=\"article:modified_time\" content=\"2026-04-03T09:19:18+00:00\" \/>\n<meta property=\"og:image\" content=\"https:\/\/www.moriadesign.pl\/wp-content\/uploads\/2022\/12\/B-04.60.b_1-stojak-rowerowy-z-rury-do-zabetonowania.png\" \/>\n\t<meta property=\"og:image:width\" content=\"1600\" \/>\n\t<meta property=\"og:image:height\" content=\"1600\" \/>\n\t<meta property=\"og:image:type\" content=\"image\/png\" \/>\n<meta name=\"twitter:card\" content=\"summary_large_image\" \/>\n<meta name=\"twitter:label1\" content=\"Estimated reading time\" \/>\n\t<meta name=\"twitter:data1\" content=\"3 minutes\" \/>\n<script type=\"application\/ld+json\" class=\"yoast-schema-graph\">{\"@context\":\"https:\/\/schema.org\",\"@graph\":[{\"@type\":\"WebPage\",\"@id\":\"https:\/\/www.moriadesign.pl\/produkt\/stojak-rowerowy-retro-b-04-60-b-l36-cm\/\",\"url\":\"https:\/\/www.moriadesign.pl\/produkt\/stojak-rowerowy-retro-b-04-60-b-l36-cm\/\",\"name\":\"Stojak rowerowy B-04.60.b [l=36 cm] - MORIA DESIGN\",\"isPartOf\":{\"@id\":\"https:\/\/www.moriadesign.pl\/#website\"},\"datePublished\":\"2023-01-02T12:43:54+00:00\",\"dateModified\":\"2026-04-03T09:19:18+00:00\",\"description\":\"Solidny i tani stojak rowerowy z masywnej rury z miejscem na logo. Idealny stojak na rower przed domem. Wysoka jako\u015b\u0107. Zam\u00f3w ju\u017c dzi\u015b, a wysy\u0142ka ju\u017c jutro!\",\"breadcrumb\":{\"@id\":\"https:\/\/www.moriadesign.pl\/produkt\/stojak-rowerowy-retro-b-04-60-b-l36-cm\/#breadcrumb\"},\"inLanguage\":\"en-GB\",\"potentialAction\":[{\"@type\":\"ReadAction\",\"target\":[\"https:\/\/www.moriadesign.pl\/produkt\/stojak-rowerowy-retro-b-04-60-b-l36-cm\/\"]}]},{\"@type\":\"BreadcrumbList\",\"@id\":\"https:\/\/www.moriadesign.pl\/produkt\/stojak-rowerowy-retro-b-04-60-b-l36-cm\/#breadcrumb\",\"itemListElement\":[{\"@type\":\"ListItem\",\"position\":1,\"name\":\"Strona g\u0142\u00f3wna\",\"item\":\"https:\/\/www.moriadesign.pl\/\"},{\"@type\":\"ListItem\",\"position\":2,\"name\":\"Sklep\",\"item\":\"https:\/\/www.moriadesign.pl\/sklep\/\"},{\"@type\":\"ListItem\",\"position\":3,\"name\":\"Stojak rowerowy B-04.60.b [l=36 cm]\"}]},{\"@type\":\"WebSite\",\"@id\":\"https:\/\/www.moriadesign.pl\/#website\",\"url\":\"https:\/\/www.moriadesign.pl\/\",\"name\":\"MORIA DESIGN\",\"description\":\"okucia do mebli, domu i ogrodu\",\"potentialAction\":[{\"@type\":\"SearchAction\",\"target\":{\"@type\":\"EntryPoint\",\"urlTemplate\":\"https:\/\/www.moriadesign.pl\/?s={search_term_string}\"},\"query-input\":\"required name=search_term_string\"}],\"inLanguage\":\"en-GB\"}]}<\/script>\n<!-- \/ Yoast SEO plugin. -->","yoast_head_json":{"title":"Stojak rowerowy B-04.60.b [l=36 cm] - MORIA DESIGN","description":"Solidny i tani stojak rowerowy z masywnej rury z miejscem na logo. Idealny stojak na rower przed domem. Wysoka jako\u015b\u0107. Zam\u00f3w ju\u017c dzi\u015b, a wysy\u0142ka ju\u017c jutro!","robots":{"index":"index","follow":"follow","max-snippet":"max-snippet:-1","max-image-preview":"max-image-preview:large","max-video-preview":"max-video-preview:-1"},"canonical":"https:\/\/www.moriadesign.pl\/en\/product\/stojak-rowerowy-retro-b-04-60-b-l36-cm\/?wmc-currency=EUR","og_locale":"en_GB","og_type":"article","og_title":"Stojak rowerowy B-04.60.b [l=36 cm] - MORIA DESIGN","og_description":"Solidny i tani stojak rowerowy z masywnej rury z miejscem na logo. Idealny stojak na rower przed domem. Wysoka jako\u015b\u0107. Zam\u00f3w ju\u017c dzi\u015b, a wysy\u0142ka ju\u017c jutro!","og_url":"https:\/\/www.moriadesign.pl\/en\/product\/stojak-rowerowy-retro-b-04-60-b-l36-cm\/?wmc-currency=EUR","og_site_name":"MORIA DESIGN","article_modified_time":"2026-04-03T09:19:18+00:00","og_image":[{"width":1600,"height":1600,"url":"https:\/\/www.moriadesign.pl\/wp-content\/uploads\/2022\/12\/B-04.60.b_1-stojak-rowerowy-z-rury-do-zabetonowania.png","type":"image\/png"}],"twitter_card":"summary_large_image","twitter_misc":{"Estimated reading time":"3 minutes"},"schema":{"@context":"https:\/\/schema.org","@graph":[{"@type":"WebPage","@id":"https:\/\/www.moriadesign.pl\/produkt\/stojak-rowerowy-retro-b-04-60-b-l36-cm\/","url":"https:\/\/www.moriadesign.pl\/produkt\/stojak-rowerowy-retro-b-04-60-b-l36-cm\/","name":"Stojak rowerowy B-04.60.b [l=36 cm] - MORIA DESIGN","isPartOf":{"@id":"https:\/\/www.moriadesign.pl\/#website"},"datePublished":"2023-01-02T12:43:54+00:00","dateModified":"2026-04-03T09:19:18+00:00","description":"Solidny i tani stojak rowerowy z masywnej rury z miejscem na logo. Idealny stojak na rower przed domem. Wysoka jako\u015b\u0107. Zam\u00f3w ju\u017c dzi\u015b, a wysy\u0142ka ju\u017c jutro!","breadcrumb":{"@id":"https:\/\/www.moriadesign.pl\/produkt\/stojak-rowerowy-retro-b-04-60-b-l36-cm\/#breadcrumb"},"inLanguage":"en-GB","potentialAction":[{"@type":"ReadAction","target":["https:\/\/www.moriadesign.pl\/produkt\/stojak-rowerowy-retro-b-04-60-b-l36-cm\/"]}]},{"@type":"BreadcrumbList","@id":"https:\/\/www.moriadesign.pl\/produkt\/stojak-rowerowy-retro-b-04-60-b-l36-cm\/#breadcrumb","itemListElement":[{"@type":"ListItem","position":1,"name":"Strona g\u0142\u00f3wna","item":"https:\/\/www.moriadesign.pl\/"},{"@type":"ListItem","position":2,"name":"Sklep","item":"https:\/\/www.moriadesign.pl\/sklep\/"},{"@type":"ListItem","position":3,"name":"Stojak rowerowy B-04.60.b [l=36 cm]"}]},{"@type":"WebSite","@id":"https:\/\/www.moriadesign.pl\/#website","url":"https:\/\/www.moriadesign.pl\/","name":"MORIA DESIGN","description":"okucia do mebli, domu i ogrodu","potentialAction":[{"@type":"SearchAction","target":{"@type":"EntryPoint","urlTemplate":"https:\/\/www.moriadesign.pl\/?s={search_term_string}"},"query-input":"required name=search_term_string"}],"inLanguage":"en-GB"}]}},"_links":{"self":[{"href":"https:\/\/www.moriadesign.pl\/en\/wp-json\/wp\/v2\/product\/1742"}],"collection":[{"href":"https:\/\/www.moriadesign.pl\/en\/wp-json\/wp\/v2\/product"}],"about":[{"href":"https:\/\/www.moriadesign.pl\/en\/wp-json\/wp\/v2\/types\/product"}],"wp:featuredmedia":[{"embeddable":true,"href":"https:\/\/www.moriadesign.pl\/en\/wp-json\/wp\/v2\/media\/1699"}],"wp:attachment":[{"href":"https:\/\/www.moriadesign.pl\/en\/wp-json\/wp\/v2\/media?parent=1742"}],"wp:term":[{"taxonomy":"product_cat","embeddable":true,"href":"https:\/\/www.moriadesign.pl\/en\/wp-json\/wp\/v2\/product_cat?post=1742"},{"taxonomy":"product_tag","embeddable":true,"href":"https:\/\/www.moriadesign.pl\/en\/wp-json\/wp\/v2\/product_tag?post=1742"}],"curies":[{"name":"wp","href":"https:\/\/api.w.org\/{rel}","templated":true}]}}