{"id":1735,"date":"2022-12-30T12:05:08","date_gmt":"2022-12-30T11:05:08","guid":{"rendered":"https:\/\/www.moriadesign.pl\/?post_type=product&#038;p=1735"},"modified":"2026-04-03T11:31:12","modified_gmt":"2026-04-03T09:31:12","slug":"stojak-rowerowy-retro-b-01-60-o-l80-cm","status":"publish","type":"product","link":"https:\/\/www.moriadesign.pl\/en\/product\/retro-bicycle-stand-b-01-60-o-l80-cm\/","title":{"rendered":"Retro bicycle stand B-01.60.o [l=80 cm]"},"content":{"rendered":"<h2>Features and benefits:<\/h2>\n<ul>\n<li>made of steel (tube) &gt;\u00a0<b>timeless<\/b>;<\/li>\n<li>decorative cast iron bands applied &gt;\u00a0<b>classically decorated<\/b>;<\/li>\n<li>installation method - concreting (30 cm of pipe extends below the bands) &gt;\u00a0<b>easy to install<\/b>;<\/li>\n<li>*Galvanised and powder coated in matt black (zero gloss, fine structure) - far more resistant to damage than spray paint coatings, powder paints are completely safe for humans and the environment &gt;. <b>durable and elegantly finished;<\/b><\/li>\n<li>dimensions: height - 80 cm + 30 cm for concreting, length - 80 cm, \u03a6 pipe - 60.3 mm &gt;<b>\u00a0very solid<\/b>;<\/li>\n<li>machine-made &gt;\u00a0<b>repetitive<\/b>.<\/li>\n<\/ul>\n<p>*Powder-coated only version also available.<\/p>\n<h2>Application:<\/h2>\n<ul>\n<li>The design of the stand allows both the frame and the wheel of the bicycle to be secured with a safety cable. It also works well for parking scooters.<\/li>\n<\/ul>\n<details>\n<summary style=\"cursor: pointer;\">Read more<\/summary>\n<h2><span lang=\"pl-PL\">Bike stand B-01.60.o - urban decoration in retro style<\/span><\/h2>\n<p><span lang=\"pl-PL\"><strong>Bike stand model B-01.60.o<\/strong> is a subtle and stylish decoration for urban spaces in a retro style. The decorative bike stand has been designed for bicycle and scooter users for whom safety and comfort are important. Made from a robust galvanised steel tube with a diameter of 60.3 mm and a wall thickness of 2.9 mm, it provides a stable and secure place to attach both the frame and the wheel of the bicycle. In addition, the bicycle rack has been decorated with decorative solid bands, made of cast iron. The railing-type bike stand allows any bicycle or scooter, regardless of its dimensions, to be securely fastened with a safety cable, u-lock or chain.<\/span><\/p>\n<p><span lang=\"pl-PL\">This bicycle stand is a classic design that will be perfect as a functional but also decorative element of urban architecture. The height of the stand is 80 cm, with an additional 30 cm dedicated for concreting, which ensures easy assembly and stability. The stand has been galvanised, then powder-coated in matt black for high resistance to damage and atmospheric conditions. This finish not only perfectly protects the stand from corrosion, but also gives it an elegant appearance.<\/span><\/p>\n<p><span lang=\"pl-PL\"><strong>Stand model B-01.60.o<\/strong> is a retro bicycle stand, two-stand, machine-made, which guarantees its repeatability and high quality.<\/span><\/p>\n<p><span lang=\"pl-PL\"><strong>Retro bicycle stand model B-01.60.o<\/strong>\u00a0is also available in a powder-coated version only. This is an option aimed at those who will use the rack indoors, without exposure to adverse weather conditions. The design of the stand allows both bicycles and scooters to be effectively secured, making it a versatile choice for many users.<\/span><\/p>\n<p><span lang=\"pl-PL\">In summary, the u-shaped metal bicycle stand B-01.60.o from <a href=\"\/en\/?wmc-currency=EUR\">MORIA DESIGN<\/a>, is a premium product that will be an excellent choice for anyone looking for a very robust, aesthetically pleasing and decorative solution for secure bicycle parking. Our <a href=\"\/en\/offer\/bicycle-racks\/?wmc-currency=EUR\">bicycle racks<\/a>They are perfectly suited to revitalised urban areas. Invest in a classic decoration that will last for generations!<\/span><\/p>\n<\/details>","protected":false},"excerpt":{"rendered":"<p>Cechy i zalety: wykonany ze stali (rura) &gt;\u00a0ponadczasowy; zastosowane ozdobne opaski \u017celiwne &gt;\u00a0klasycznie ozdobiony; spos\u00f3b monta\u017cu &#8211; zabetonowanie (30 cm rury wystaje poni\u017cej opasek) &gt;\u00a0\u0142atwy w monta\u017cu; *ocynkowany oraz pomalowany farb\u0105 proszkow\u0105 w kolorze czarny mat (zero po\u0142ysku, drobna struktura) \u2013 zdecydowanie wy\u017csza odporno\u015b\u0107 na uszkodzenia od pow\u0142ok farb natryskowych, farby proszkowe s\u0105 w pe\u0142ni&#8230;<\/p>","protected":false},"featured_media":1680,"template":"","meta":{"inline_featured_image":false},"product_cat":[35],"product_tag":[61,60,56,64,59,67,63,62,79,58],"acf":[],"yoast_head":"<!-- This site is optimized with the Yoast SEO plugin v20.2 - https:\/\/yoast.com\/wordpress\/plugins\/seo\/ -->\n<title>Stojak rowerowy retro B-01.60.o [l=80 cm] - MORIA DESIGN<\/title>\n<meta name=\"description\" content=\"Dekoracyjny stojak na rower w stylu retro. Wykonany z ocynkowanej rury z \u017celiwnymi okuciami. Idealnie pasuje do obszar\u00f3w rewitalizacji. Zam\u00f3w klas\u0119 premium!\" \/>\n<meta name=\"robots\" content=\"index, follow, max-snippet:-1, max-image-preview:large, max-video-preview:-1\" \/>\n<link rel=\"canonical\" href=\"https:\/\/www.moriadesign.pl\/en\/product\/retro-bicycle-stand-b-01-60-o-l80-cm\/?wmc-currency=EUR\" \/>\n<meta property=\"og:locale\" content=\"en_GB\" \/>\n<meta property=\"og:type\" content=\"article\" \/>\n<meta property=\"og:title\" content=\"Stojak rowerowy retro B-01.60.o [l=80 cm] - MORIA DESIGN\" \/>\n<meta property=\"og:description\" content=\"Dekoracyjny stojak na rower w stylu retro. Wykonany z ocynkowanej rury z \u017celiwnymi okuciami. Idealnie pasuje do obszar\u00f3w rewitalizacji. Zam\u00f3w klas\u0119 premium!\" \/>\n<meta property=\"og:url\" content=\"https:\/\/www.moriadesign.pl\/en\/product\/retro-bicycle-stand-b-01-60-o-l80-cm\/?wmc-currency=EUR\" \/>\n<meta property=\"og:site_name\" content=\"MORIA DESIGN\" \/>\n<meta property=\"article:modified_time\" content=\"2026-04-03T09:31:12+00:00\" \/>\n<meta property=\"og:image\" content=\"https:\/\/www.moriadesign.pl\/wp-content\/uploads\/2022\/12\/B-01.60.o_1-metalowy-stojak-rowerowy-barierka.png\" \/>\n\t<meta property=\"og:image:width\" content=\"1600\" \/>\n\t<meta property=\"og:image:height\" content=\"1600\" \/>\n\t<meta property=\"og:image:type\" content=\"image\/png\" \/>\n<meta name=\"twitter:card\" content=\"summary_large_image\" \/>\n<meta name=\"twitter:label1\" content=\"Estimated reading time\" \/>\n\t<meta name=\"twitter:data1\" content=\"2 minutes\" \/>\n<script type=\"application\/ld+json\" class=\"yoast-schema-graph\">{\"@context\":\"https:\/\/schema.org\",\"@graph\":[{\"@type\":\"WebPage\",\"@id\":\"https:\/\/www.moriadesign.pl\/produkt\/stojak-rowerowy-retro-b-01-60-o-l80-cm\/\",\"url\":\"https:\/\/www.moriadesign.pl\/produkt\/stojak-rowerowy-retro-b-01-60-o-l80-cm\/\",\"name\":\"Stojak rowerowy retro B-01.60.o [l=80 cm] - MORIA DESIGN\",\"isPartOf\":{\"@id\":\"https:\/\/www.moriadesign.pl\/#website\"},\"datePublished\":\"2022-12-30T11:05:08+00:00\",\"dateModified\":\"2026-04-03T09:31:12+00:00\",\"description\":\"Dekoracyjny stojak na rower w stylu retro. Wykonany z ocynkowanej rury z \u017celiwnymi okuciami. Idealnie pasuje do obszar\u00f3w rewitalizacji. Zam\u00f3w klas\u0119 premium!\",\"breadcrumb\":{\"@id\":\"https:\/\/www.moriadesign.pl\/produkt\/stojak-rowerowy-retro-b-01-60-o-l80-cm\/#breadcrumb\"},\"inLanguage\":\"en-GB\",\"potentialAction\":[{\"@type\":\"ReadAction\",\"target\":[\"https:\/\/www.moriadesign.pl\/produkt\/stojak-rowerowy-retro-b-01-60-o-l80-cm\/\"]}]},{\"@type\":\"BreadcrumbList\",\"@id\":\"https:\/\/www.moriadesign.pl\/produkt\/stojak-rowerowy-retro-b-01-60-o-l80-cm\/#breadcrumb\",\"itemListElement\":[{\"@type\":\"ListItem\",\"position\":1,\"name\":\"Strona g\u0142\u00f3wna\",\"item\":\"https:\/\/www.moriadesign.pl\/\"},{\"@type\":\"ListItem\",\"position\":2,\"name\":\"Sklep\",\"item\":\"https:\/\/www.moriadesign.pl\/sklep\/\"},{\"@type\":\"ListItem\",\"position\":3,\"name\":\"Stojak rowerowy retro B-01.60.o [l=80 cm]\"}]},{\"@type\":\"WebSite\",\"@id\":\"https:\/\/www.moriadesign.pl\/#website\",\"url\":\"https:\/\/www.moriadesign.pl\/\",\"name\":\"MORIA DESIGN\",\"description\":\"okucia do mebli, domu i ogrodu\",\"potentialAction\":[{\"@type\":\"SearchAction\",\"target\":{\"@type\":\"EntryPoint\",\"urlTemplate\":\"https:\/\/www.moriadesign.pl\/?s={search_term_string}\"},\"query-input\":\"required name=search_term_string\"}],\"inLanguage\":\"en-GB\"}]}<\/script>\n<!-- \/ Yoast SEO plugin. -->","yoast_head_json":{"title":"Stojak rowerowy retro B-01.60.o [l=80 cm] - MORIA DESIGN","description":"Dekoracyjny stojak na rower w stylu retro. Wykonany z ocynkowanej rury z \u017celiwnymi okuciami. Idealnie pasuje do obszar\u00f3w rewitalizacji. Zam\u00f3w klas\u0119 premium!","robots":{"index":"index","follow":"follow","max-snippet":"max-snippet:-1","max-image-preview":"max-image-preview:large","max-video-preview":"max-video-preview:-1"},"canonical":"https:\/\/www.moriadesign.pl\/en\/product\/retro-bicycle-stand-b-01-60-o-l80-cm\/?wmc-currency=EUR","og_locale":"en_GB","og_type":"article","og_title":"Stojak rowerowy retro B-01.60.o [l=80 cm] - MORIA DESIGN","og_description":"Dekoracyjny stojak na rower w stylu retro. Wykonany z ocynkowanej rury z \u017celiwnymi okuciami. Idealnie pasuje do obszar\u00f3w rewitalizacji. Zam\u00f3w klas\u0119 premium!","og_url":"https:\/\/www.moriadesign.pl\/en\/product\/retro-bicycle-stand-b-01-60-o-l80-cm\/?wmc-currency=EUR","og_site_name":"MORIA DESIGN","article_modified_time":"2026-04-03T09:31:12+00:00","og_image":[{"width":1600,"height":1600,"url":"https:\/\/www.moriadesign.pl\/wp-content\/uploads\/2022\/12\/B-01.60.o_1-metalowy-stojak-rowerowy-barierka.png","type":"image\/png"}],"twitter_card":"summary_large_image","twitter_misc":{"Estimated reading time":"2 minutes"},"schema":{"@context":"https:\/\/schema.org","@graph":[{"@type":"WebPage","@id":"https:\/\/www.moriadesign.pl\/produkt\/stojak-rowerowy-retro-b-01-60-o-l80-cm\/","url":"https:\/\/www.moriadesign.pl\/produkt\/stojak-rowerowy-retro-b-01-60-o-l80-cm\/","name":"Stojak rowerowy retro B-01.60.o [l=80 cm] - MORIA DESIGN","isPartOf":{"@id":"https:\/\/www.moriadesign.pl\/#website"},"datePublished":"2022-12-30T11:05:08+00:00","dateModified":"2026-04-03T09:31:12+00:00","description":"Dekoracyjny stojak na rower w stylu retro. Wykonany z ocynkowanej rury z \u017celiwnymi okuciami. Idealnie pasuje do obszar\u00f3w rewitalizacji. Zam\u00f3w klas\u0119 premium!","breadcrumb":{"@id":"https:\/\/www.moriadesign.pl\/produkt\/stojak-rowerowy-retro-b-01-60-o-l80-cm\/#breadcrumb"},"inLanguage":"en-GB","potentialAction":[{"@type":"ReadAction","target":["https:\/\/www.moriadesign.pl\/produkt\/stojak-rowerowy-retro-b-01-60-o-l80-cm\/"]}]},{"@type":"BreadcrumbList","@id":"https:\/\/www.moriadesign.pl\/produkt\/stojak-rowerowy-retro-b-01-60-o-l80-cm\/#breadcrumb","itemListElement":[{"@type":"ListItem","position":1,"name":"Strona g\u0142\u00f3wna","item":"https:\/\/www.moriadesign.pl\/"},{"@type":"ListItem","position":2,"name":"Sklep","item":"https:\/\/www.moriadesign.pl\/sklep\/"},{"@type":"ListItem","position":3,"name":"Stojak rowerowy retro B-01.60.o [l=80 cm]"}]},{"@type":"WebSite","@id":"https:\/\/www.moriadesign.pl\/#website","url":"https:\/\/www.moriadesign.pl\/","name":"MORIA DESIGN","description":"okucia do mebli, domu i ogrodu","potentialAction":[{"@type":"SearchAction","target":{"@type":"EntryPoint","urlTemplate":"https:\/\/www.moriadesign.pl\/?s={search_term_string}"},"query-input":"required name=search_term_string"}],"inLanguage":"en-GB"}]}},"_links":{"self":[{"href":"https:\/\/www.moriadesign.pl\/en\/wp-json\/wp\/v2\/product\/1735"}],"collection":[{"href":"https:\/\/www.moriadesign.pl\/en\/wp-json\/wp\/v2\/product"}],"about":[{"href":"https:\/\/www.moriadesign.pl\/en\/wp-json\/wp\/v2\/types\/product"}],"wp:featuredmedia":[{"embeddable":true,"href":"https:\/\/www.moriadesign.pl\/en\/wp-json\/wp\/v2\/media\/1680"}],"wp:attachment":[{"href":"https:\/\/www.moriadesign.pl\/en\/wp-json\/wp\/v2\/media?parent=1735"}],"wp:term":[{"taxonomy":"product_cat","embeddable":true,"href":"https:\/\/www.moriadesign.pl\/en\/wp-json\/wp\/v2\/product_cat?post=1735"},{"taxonomy":"product_tag","embeddable":true,"href":"https:\/\/www.moriadesign.pl\/en\/wp-json\/wp\/v2\/product_tag?post=1735"}],"curies":[{"name":"wp","href":"https:\/\/api.w.org\/{rel}","templated":true}]}}