{"id":1734,"date":"2022-12-30T11:59:33","date_gmt":"2022-12-30T10:59:33","guid":{"rendered":"https:\/\/www.moriadesign.pl\/?post_type=product&#038;p=1734"},"modified":"2026-04-03T11:33:06","modified_gmt":"2026-04-03T09:33:06","slug":"stojak-rowerowy-retro-b-01-60-k-l80-cm","status":"publish","type":"product","link":"https:\/\/www.moriadesign.pl\/en\/product\/retro-bicycle-stand-b-01-60-k-l80-cm\/","title":{"rendered":"Bicycle stand B-01.60.k [l=80 cm]"},"content":{"rendered":"<h2>Features and benefits:<\/h2>\n<ul>\n<li>made of steel (tube) &gt;\u00a0<b>timeless<\/b>;<\/li>\n<li>Mounting method - screwed (metal orifice) &gt;\u00a0<b>easy to install<\/b>;<\/li>\n<li>*Galvanised and powder coated in matt black (zero gloss, fine structure) - far more resistant to damage than spray paint coatings, powder paints are completely safe for humans and the environment &gt;. <b>durable and elegantly finished;<\/b><\/li>\n<li>Dimensions: height - 80 cm, length - 80 cm, pipe \u03a6 60.3 mm, orifice thickness - 4 mm &gt;<b>\u00a0very solid<\/b>;<\/li>\n<li>machine-made &gt;\u00a0<b>repetitive<\/b>.<\/li>\n<\/ul>\n<p>*Powder-coated only version also available.<\/p>\n<h2>Application:<\/h2>\n<ul>\n<li>The design of the stand allows both the frame and the wheel of the bicycle to be secured with a safety cable. It also works well for parking scooters.<\/li>\n<\/ul>\n<details>\n<summary style=\"cursor: pointer;\">Read more<\/summary>\n<h2><span lang=\"pl-PL\">Bicycle stand B-01.60.k - ensuring safety and functionality<\/span><\/h2>\n<p><span lang=\"pl-PL\"><strong>Bicycle stand Retro B-01.60.k<\/strong> guarantees safety as well as functionality, aesthetics and durability, designed for bicycle and scooter users for whom safety and comfort are important. Made from a robust 60.3mm diameter steel tube with a wall thickness of 2.9mm, it provides a stable and secure place to pin both the frame and wheel of the bicycle. The metal U-type bike stand allows any bicycle or scooter, regardless of its dimensions, to be securely fastened with a safety cable, u-lock or chain.<\/span><\/p>\n<p><span lang=\"pl-PL\">This bicycle stand is a classic design so-called u-shaped stand, railing stand, which is perfect for any space, whether in a city bicycle car park or in front of a detached house. The height of the stand is 80 cm. This is an anchor rack model, which has been fitted with solid thick metal mounting orifices for easy installation and stability. The stand has been galvanised, then powder coated in matt black for high resistance to damage and weather conditions. This finish not only perfectly protects the stand from corrosion, but also gives it an elegant appearance.<\/span><\/p>\n<p><span lang=\"pl-PL\"><strong>Retro stand model B-01.60.k<\/strong> is a single two-stand bicycle stand made by machine, which guarantees its repeatability and high quality.<\/span><\/p>\n<p><span lang=\"pl-PL\"><strong>Retro bike stand model B-01.60.k<\/strong>\u00a0is also available in a powder-coated version only. This is an option aimed at those who will use the rack indoors, without exposure to adverse weather conditions. The design of the stand allows both bicycles and scooters to be effectively secured, making it a versatile choice for many users.<\/span><\/p>\n<p><span lang=\"pl-PL\">In summary, the u-shaped bicycle stand B-01.60.k from <a href=\"\/en\/?wmc-currency=EUR\">MORIA DESIGN<\/a> is one of the most affordable bike racks that will be an excellent choice for anyone looking for a very robust, aesthetically pleasing and attractively priced solution for secure bike parking. Invest in <a href=\"\/en\/offer\/bicycle-racks\/?wmc-currency=EUR\">bicycle racks<\/a>to effectively tidy up the space around your office, business, home or estate!<\/span><\/p>\n<\/details>","protected":false},"excerpt":{"rendered":"<p>Cechy i zalety: wykonany ze stali (rura) &gt;\u00a0ponadczasowy; spos\u00f3b monta\u017cu &#8211; przykr\u0119cenie (metalowa kryza) &gt;\u00a0\u0142atwy w monta\u017cu; *ocynkowany oraz pomalowany farb\u0105 proszkow\u0105 w kolorze czarny mat (zero po\u0142ysku, drobna struktura) \u2013 zdecydowanie wy\u017csza odporno\u015b\u0107 na uszkodzenia od pow\u0142ok farb natryskowych, farby proszkowe s\u0105 w pe\u0142ni bezpieczne dla ludzi i \u015brodowiska &gt; trwale i elegancko wyko\u0144czony;&#8230;<\/p>","protected":false},"featured_media":1677,"template":"","meta":{"inline_featured_image":false},"product_cat":[35],"product_tag":[86,61,60,56,63,62,57,58,81,82],"acf":[],"yoast_head":"<!-- This site is optimized with the Yoast SEO plugin v20.2 - https:\/\/yoast.com\/wordpress\/plugins\/seo\/ -->\n<title>Stojak rowerowy B-01.60.k [l=80 cm] - MORIA DESIGN<\/title>\n<meta name=\"description\" content=\"Tani, metalowy stojak rowerowy typ U z ocynkowanej rury pomalowanej proszkowo. Idealnie pasuje do osiedli mieszkaniowych. Zam\u00f3w dzi\u015b - wysy\u0142ka jutro!\" \/>\n<meta name=\"robots\" content=\"index, follow, max-snippet:-1, max-image-preview:large, max-video-preview:-1\" \/>\n<link rel=\"canonical\" href=\"https:\/\/www.moriadesign.pl\/en\/product\/retro-bicycle-stand-b-01-60-k-l80-cm\/?wmc-currency=EUR\" \/>\n<meta property=\"og:locale\" content=\"en_GB\" \/>\n<meta property=\"og:type\" content=\"article\" \/>\n<meta property=\"og:title\" content=\"Stojak rowerowy B-01.60.k [l=80 cm] - MORIA DESIGN\" \/>\n<meta property=\"og:description\" content=\"Tani, metalowy stojak rowerowy typ U z ocynkowanej rury pomalowanej proszkowo. Idealnie pasuje do osiedli mieszkaniowych. Zam\u00f3w dzi\u015b - wysy\u0142ka jutro!\" \/>\n<meta property=\"og:url\" content=\"https:\/\/www.moriadesign.pl\/en\/product\/retro-bicycle-stand-b-01-60-k-l80-cm\/?wmc-currency=EUR\" \/>\n<meta property=\"og:site_name\" content=\"MORIA DESIGN\" \/>\n<meta property=\"article:modified_time\" content=\"2026-04-03T09:33:06+00:00\" \/>\n<meta property=\"og:image\" content=\"https:\/\/www.moriadesign.pl\/wp-content\/uploads\/2022\/12\/B-01.60.k_1-najtanszy-stojak-na-rowery-typ-U-barierka.png\" \/>\n\t<meta property=\"og:image:width\" content=\"1600\" \/>\n\t<meta property=\"og:image:height\" content=\"1600\" \/>\n\t<meta property=\"og:image:type\" content=\"image\/png\" \/>\n<meta name=\"twitter:card\" content=\"summary_large_image\" \/>\n<meta name=\"twitter:label1\" content=\"Estimated reading time\" \/>\n\t<meta name=\"twitter:data1\" content=\"2 minutes\" \/>\n<script type=\"application\/ld+json\" class=\"yoast-schema-graph\">{\"@context\":\"https:\/\/schema.org\",\"@graph\":[{\"@type\":\"WebPage\",\"@id\":\"https:\/\/www.moriadesign.pl\/produkt\/stojak-rowerowy-retro-b-01-60-k-l80-cm\/\",\"url\":\"https:\/\/www.moriadesign.pl\/produkt\/stojak-rowerowy-retro-b-01-60-k-l80-cm\/\",\"name\":\"Stojak rowerowy B-01.60.k [l=80 cm] - MORIA DESIGN\",\"isPartOf\":{\"@id\":\"https:\/\/www.moriadesign.pl\/#website\"},\"datePublished\":\"2022-12-30T10:59:33+00:00\",\"dateModified\":\"2026-04-03T09:33:06+00:00\",\"description\":\"Tani, metalowy stojak rowerowy typ U z ocynkowanej rury pomalowanej proszkowo. Idealnie pasuje do osiedli mieszkaniowych. Zam\u00f3w dzi\u015b - wysy\u0142ka jutro!\",\"breadcrumb\":{\"@id\":\"https:\/\/www.moriadesign.pl\/produkt\/stojak-rowerowy-retro-b-01-60-k-l80-cm\/#breadcrumb\"},\"inLanguage\":\"en-GB\",\"potentialAction\":[{\"@type\":\"ReadAction\",\"target\":[\"https:\/\/www.moriadesign.pl\/produkt\/stojak-rowerowy-retro-b-01-60-k-l80-cm\/\"]}]},{\"@type\":\"BreadcrumbList\",\"@id\":\"https:\/\/www.moriadesign.pl\/produkt\/stojak-rowerowy-retro-b-01-60-k-l80-cm\/#breadcrumb\",\"itemListElement\":[{\"@type\":\"ListItem\",\"position\":1,\"name\":\"Strona g\u0142\u00f3wna\",\"item\":\"https:\/\/www.moriadesign.pl\/\"},{\"@type\":\"ListItem\",\"position\":2,\"name\":\"Sklep\",\"item\":\"https:\/\/www.moriadesign.pl\/sklep\/\"},{\"@type\":\"ListItem\",\"position\":3,\"name\":\"Stojak rowerowy B-01.60.k [l=80 cm]\"}]},{\"@type\":\"WebSite\",\"@id\":\"https:\/\/www.moriadesign.pl\/#website\",\"url\":\"https:\/\/www.moriadesign.pl\/\",\"name\":\"MORIA DESIGN\",\"description\":\"okucia do mebli, domu i ogrodu\",\"potentialAction\":[{\"@type\":\"SearchAction\",\"target\":{\"@type\":\"EntryPoint\",\"urlTemplate\":\"https:\/\/www.moriadesign.pl\/?s={search_term_string}\"},\"query-input\":\"required name=search_term_string\"}],\"inLanguage\":\"en-GB\"}]}<\/script>\n<!-- \/ Yoast SEO plugin. -->","yoast_head_json":{"title":"Stojak rowerowy B-01.60.k [l=80 cm] - MORIA DESIGN","description":"Tani, metalowy stojak rowerowy typ U z ocynkowanej rury pomalowanej proszkowo. Idealnie pasuje do osiedli mieszkaniowych. Zam\u00f3w dzi\u015b - wysy\u0142ka jutro!","robots":{"index":"index","follow":"follow","max-snippet":"max-snippet:-1","max-image-preview":"max-image-preview:large","max-video-preview":"max-video-preview:-1"},"canonical":"https:\/\/www.moriadesign.pl\/en\/product\/retro-bicycle-stand-b-01-60-k-l80-cm\/?wmc-currency=EUR","og_locale":"en_GB","og_type":"article","og_title":"Stojak rowerowy B-01.60.k [l=80 cm] - MORIA DESIGN","og_description":"Tani, metalowy stojak rowerowy typ U z ocynkowanej rury pomalowanej proszkowo. Idealnie pasuje do osiedli mieszkaniowych. Zam\u00f3w dzi\u015b - wysy\u0142ka jutro!","og_url":"https:\/\/www.moriadesign.pl\/en\/product\/retro-bicycle-stand-b-01-60-k-l80-cm\/?wmc-currency=EUR","og_site_name":"MORIA DESIGN","article_modified_time":"2026-04-03T09:33:06+00:00","og_image":[{"width":1600,"height":1600,"url":"https:\/\/www.moriadesign.pl\/wp-content\/uploads\/2022\/12\/B-01.60.k_1-najtanszy-stojak-na-rowery-typ-U-barierka.png","type":"image\/png"}],"twitter_card":"summary_large_image","twitter_misc":{"Estimated reading time":"2 minutes"},"schema":{"@context":"https:\/\/schema.org","@graph":[{"@type":"WebPage","@id":"https:\/\/www.moriadesign.pl\/produkt\/stojak-rowerowy-retro-b-01-60-k-l80-cm\/","url":"https:\/\/www.moriadesign.pl\/produkt\/stojak-rowerowy-retro-b-01-60-k-l80-cm\/","name":"Stojak rowerowy B-01.60.k [l=80 cm] - MORIA DESIGN","isPartOf":{"@id":"https:\/\/www.moriadesign.pl\/#website"},"datePublished":"2022-12-30T10:59:33+00:00","dateModified":"2026-04-03T09:33:06+00:00","description":"Tani, metalowy stojak rowerowy typ U z ocynkowanej rury pomalowanej proszkowo. Idealnie pasuje do osiedli mieszkaniowych. Zam\u00f3w dzi\u015b - wysy\u0142ka jutro!","breadcrumb":{"@id":"https:\/\/www.moriadesign.pl\/produkt\/stojak-rowerowy-retro-b-01-60-k-l80-cm\/#breadcrumb"},"inLanguage":"en-GB","potentialAction":[{"@type":"ReadAction","target":["https:\/\/www.moriadesign.pl\/produkt\/stojak-rowerowy-retro-b-01-60-k-l80-cm\/"]}]},{"@type":"BreadcrumbList","@id":"https:\/\/www.moriadesign.pl\/produkt\/stojak-rowerowy-retro-b-01-60-k-l80-cm\/#breadcrumb","itemListElement":[{"@type":"ListItem","position":1,"name":"Strona g\u0142\u00f3wna","item":"https:\/\/www.moriadesign.pl\/"},{"@type":"ListItem","position":2,"name":"Sklep","item":"https:\/\/www.moriadesign.pl\/sklep\/"},{"@type":"ListItem","position":3,"name":"Stojak rowerowy B-01.60.k [l=80 cm]"}]},{"@type":"WebSite","@id":"https:\/\/www.moriadesign.pl\/#website","url":"https:\/\/www.moriadesign.pl\/","name":"MORIA DESIGN","description":"okucia do mebli, domu i ogrodu","potentialAction":[{"@type":"SearchAction","target":{"@type":"EntryPoint","urlTemplate":"https:\/\/www.moriadesign.pl\/?s={search_term_string}"},"query-input":"required name=search_term_string"}],"inLanguage":"en-GB"}]}},"_links":{"self":[{"href":"https:\/\/www.moriadesign.pl\/en\/wp-json\/wp\/v2\/product\/1734"}],"collection":[{"href":"https:\/\/www.moriadesign.pl\/en\/wp-json\/wp\/v2\/product"}],"about":[{"href":"https:\/\/www.moriadesign.pl\/en\/wp-json\/wp\/v2\/types\/product"}],"wp:featuredmedia":[{"embeddable":true,"href":"https:\/\/www.moriadesign.pl\/en\/wp-json\/wp\/v2\/media\/1677"}],"wp:attachment":[{"href":"https:\/\/www.moriadesign.pl\/en\/wp-json\/wp\/v2\/media?parent=1734"}],"wp:term":[{"taxonomy":"product_cat","embeddable":true,"href":"https:\/\/www.moriadesign.pl\/en\/wp-json\/wp\/v2\/product_cat?post=1734"},{"taxonomy":"product_tag","embeddable":true,"href":"https:\/\/www.moriadesign.pl\/en\/wp-json\/wp\/v2\/product_tag?post=1734"}],"curies":[{"name":"wp","href":"https:\/\/api.w.org\/{rel}","templated":true}]}}