{"id":1662,"date":"2022-12-27T12:26:57","date_gmt":"2022-12-27T11:26:57","guid":{"rendered":"https:\/\/www.moriadesign.pl\/?post_type=product&#038;p=1662"},"modified":"2026-04-22T11:04:44","modified_gmt":"2026-04-22T09:04:44","slug":"kotwa-ozdobna-m-04-0-160-mm","status":"publish","type":"product","link":"https:\/\/www.moriadesign.pl\/en\/product\/decorative-anchor-m-04-0-160-mm\/","title":{"rendered":"Decorative anchor M-04 [width =0-160 mm]."},"content":{"rendered":"<h2>Features and benefits:<\/h2>\n<ul>\n<li>made of high-grade steel &gt; <b>eternal;<\/b><\/li>\n<li>Adjustable base &gt; <strong>functional;<\/strong><\/li>\n<li>chamfered mounting holes &gt;\u00a0<b>aesthetic;<\/b><\/li>\n<li>Powder coated in matt black (zero gloss, fine structure) - far more resistant to damage than spray paint coatings, powder paints are completely safe for people and the environment &gt; <b>durable and elegantly finished;<\/b><\/li>\n<li>Dimensions: thickness of sheet metal - 4 mm, \u03a6 rod - 20 mm, \u03a6 mounting holes - 5,2 mm &gt;. <b>robust;<\/b><\/li>\n<li>maximum dimensions: width - up to 16 cm, length - 6.5 cm, height - 42.5 cm &gt; <b>proportionate.<\/b><\/li>\n<\/ul>\n<h2>Application:<\/h2>\n<ul>\n<li>for gazebos, wooden garden architecture.<\/li>\n<\/ul>","protected":false},"excerpt":{"rendered":"<p>Cechy i zalety: wykonane z wysokiej gatunkowo stali &gt; wieczna; regulowana podstawa &gt; funkcjonalna; fazowane otwory monta\u017cowe &gt;\u00a0estetyczna; pomalowana farb\u0105 proszkow\u0105 w kolorze czarny mat (zero po\u0142ysku, drobna struktura) \u2013 zdecydowanie wy\u017csza odporno\u015b\u0107 na uszkodzenia od pow\u0142ok farb natryskowych, farby proszkowe s\u0105 w pe\u0142ni bezpieczne dla ludzi i \u015brodowiska &gt; trwale i elegancko wyko\u0144czona; wymiary:&#8230;<\/p>","protected":false},"featured_media":1652,"template":"","meta":{"inline_featured_image":false},"product_cat":[33],"product_tag":[],"acf":[],"yoast_head":"<!-- This site is optimized with the Yoast SEO plugin v20.2 - https:\/\/yoast.com\/wordpress\/plugins\/seo\/ -->\n<title>Kotwa ozdobna M-04 [szer.=0-160 mm] - MORIA DESIGN<\/title>\n<meta name=\"robots\" content=\"index, follow, max-snippet:-1, max-image-preview:large, max-video-preview:-1\" \/>\n<link rel=\"canonical\" href=\"https:\/\/www.moriadesign.pl\/en\/product\/decorative-anchor-m-04-0-160-mm\/?wmc-currency=EUR\" \/>\n<meta property=\"og:locale\" content=\"en_GB\" \/>\n<meta property=\"og:type\" content=\"article\" \/>\n<meta property=\"og:title\" content=\"Kotwa ozdobna M-04 [szer.=0-160 mm] - MORIA DESIGN\" \/>\n<meta property=\"og:description\" content=\"Cechy i zalety: wykonane z wysokiej gatunkowo stali &gt; wieczna; regulowana podstawa &gt; funkcjonalna; fazowane otwory monta\u017cowe &gt;\u00a0estetyczna; pomalowana farb\u0105 proszkow\u0105 w kolorze czarny mat (zero po\u0142ysku, drobna struktura) \u2013 zdecydowanie wy\u017csza odporno\u015b\u0107 na uszkodzenia od pow\u0142ok farb natryskowych, farby proszkowe s\u0105 w pe\u0142ni bezpieczne dla ludzi i \u015brodowiska &gt; trwale i elegancko wyko\u0144czona; wymiary:...\" \/>\n<meta property=\"og:url\" content=\"https:\/\/www.moriadesign.pl\/en\/product\/decorative-anchor-m-04-0-160-mm\/?wmc-currency=EUR\" \/>\n<meta property=\"og:site_name\" content=\"MORIA DESIGN\" \/>\n<meta property=\"article:modified_time\" content=\"2026-04-22T09:04:44+00:00\" \/>\n<meta property=\"og:image\" content=\"https:\/\/www.moriadesign.pl\/wp-content\/uploads\/2022\/12\/M-04_1-regulowana-kotwa-na-grubym-precie-architektura-ogrodowa.png\" \/>\n\t<meta property=\"og:image:width\" content=\"1600\" \/>\n\t<meta property=\"og:image:height\" content=\"1600\" \/>\n\t<meta property=\"og:image:type\" content=\"image\/png\" \/>\n<meta name=\"twitter:card\" content=\"summary_large_image\" \/>\n<script type=\"application\/ld+json\" class=\"yoast-schema-graph\">{\"@context\":\"https:\/\/schema.org\",\"@graph\":[{\"@type\":\"WebPage\",\"@id\":\"https:\/\/www.moriadesign.pl\/produkt\/kotwa-ozdobna-m-04-0-160-mm\/\",\"url\":\"https:\/\/www.moriadesign.pl\/produkt\/kotwa-ozdobna-m-04-0-160-mm\/\",\"name\":\"Kotwa ozdobna M-04 [szer.=0-160 mm] - MORIA DESIGN\",\"isPartOf\":{\"@id\":\"https:\/\/www.moriadesign.pl\/#website\"},\"datePublished\":\"2022-12-27T11:26:57+00:00\",\"dateModified\":\"2026-04-22T09:04:44+00:00\",\"breadcrumb\":{\"@id\":\"https:\/\/www.moriadesign.pl\/produkt\/kotwa-ozdobna-m-04-0-160-mm\/#breadcrumb\"},\"inLanguage\":\"en-GB\",\"potentialAction\":[{\"@type\":\"ReadAction\",\"target\":[\"https:\/\/www.moriadesign.pl\/produkt\/kotwa-ozdobna-m-04-0-160-mm\/\"]}]},{\"@type\":\"BreadcrumbList\",\"@id\":\"https:\/\/www.moriadesign.pl\/produkt\/kotwa-ozdobna-m-04-0-160-mm\/#breadcrumb\",\"itemListElement\":[{\"@type\":\"ListItem\",\"position\":1,\"name\":\"Strona g\u0142\u00f3wna\",\"item\":\"https:\/\/www.moriadesign.pl\/\"},{\"@type\":\"ListItem\",\"position\":2,\"name\":\"Sklep\",\"item\":\"https:\/\/www.moriadesign.pl\/sklep\/\"},{\"@type\":\"ListItem\",\"position\":3,\"name\":\"Kotwa ozdobna M-04 [szer.=0-160 mm]\"}]},{\"@type\":\"WebSite\",\"@id\":\"https:\/\/www.moriadesign.pl\/#website\",\"url\":\"https:\/\/www.moriadesign.pl\/\",\"name\":\"MORIA DESIGN\",\"description\":\"okucia do mebli, domu i ogrodu\",\"potentialAction\":[{\"@type\":\"SearchAction\",\"target\":{\"@type\":\"EntryPoint\",\"urlTemplate\":\"https:\/\/www.moriadesign.pl\/?s={search_term_string}\"},\"query-input\":\"required name=search_term_string\"}],\"inLanguage\":\"en-GB\"}]}<\/script>\n<!-- \/ Yoast SEO plugin. -->","yoast_head_json":{"title":"Kotwa ozdobna M-04 [szer.=0-160 mm] - MORIA DESIGN","robots":{"index":"index","follow":"follow","max-snippet":"max-snippet:-1","max-image-preview":"max-image-preview:large","max-video-preview":"max-video-preview:-1"},"canonical":"https:\/\/www.moriadesign.pl\/en\/product\/decorative-anchor-m-04-0-160-mm\/?wmc-currency=EUR","og_locale":"en_GB","og_type":"article","og_title":"Kotwa ozdobna M-04 [szer.=0-160 mm] - MORIA DESIGN","og_description":"Cechy i zalety: wykonane z wysokiej gatunkowo stali &gt; wieczna; regulowana podstawa &gt; funkcjonalna; fazowane otwory monta\u017cowe &gt;\u00a0estetyczna; pomalowana farb\u0105 proszkow\u0105 w kolorze czarny mat (zero po\u0142ysku, drobna struktura) \u2013 zdecydowanie wy\u017csza odporno\u015b\u0107 na uszkodzenia od pow\u0142ok farb natryskowych, farby proszkowe s\u0105 w pe\u0142ni bezpieczne dla ludzi i \u015brodowiska &gt; trwale i elegancko wyko\u0144czona; wymiary:...","og_url":"https:\/\/www.moriadesign.pl\/en\/product\/decorative-anchor-m-04-0-160-mm\/?wmc-currency=EUR","og_site_name":"MORIA DESIGN","article_modified_time":"2026-04-22T09:04:44+00:00","og_image":[{"width":1600,"height":1600,"url":"https:\/\/www.moriadesign.pl\/wp-content\/uploads\/2022\/12\/M-04_1-regulowana-kotwa-na-grubym-precie-architektura-ogrodowa.png","type":"image\/png"}],"twitter_card":"summary_large_image","schema":{"@context":"https:\/\/schema.org","@graph":[{"@type":"WebPage","@id":"https:\/\/www.moriadesign.pl\/produkt\/kotwa-ozdobna-m-04-0-160-mm\/","url":"https:\/\/www.moriadesign.pl\/produkt\/kotwa-ozdobna-m-04-0-160-mm\/","name":"Kotwa ozdobna M-04 [szer.=0-160 mm] - MORIA DESIGN","isPartOf":{"@id":"https:\/\/www.moriadesign.pl\/#website"},"datePublished":"2022-12-27T11:26:57+00:00","dateModified":"2026-04-22T09:04:44+00:00","breadcrumb":{"@id":"https:\/\/www.moriadesign.pl\/produkt\/kotwa-ozdobna-m-04-0-160-mm\/#breadcrumb"},"inLanguage":"en-GB","potentialAction":[{"@type":"ReadAction","target":["https:\/\/www.moriadesign.pl\/produkt\/kotwa-ozdobna-m-04-0-160-mm\/"]}]},{"@type":"BreadcrumbList","@id":"https:\/\/www.moriadesign.pl\/produkt\/kotwa-ozdobna-m-04-0-160-mm\/#breadcrumb","itemListElement":[{"@type":"ListItem","position":1,"name":"Strona g\u0142\u00f3wna","item":"https:\/\/www.moriadesign.pl\/"},{"@type":"ListItem","position":2,"name":"Sklep","item":"https:\/\/www.moriadesign.pl\/sklep\/"},{"@type":"ListItem","position":3,"name":"Kotwa ozdobna M-04 [szer.=0-160 mm]"}]},{"@type":"WebSite","@id":"https:\/\/www.moriadesign.pl\/#website","url":"https:\/\/www.moriadesign.pl\/","name":"MORIA DESIGN","description":"okucia do mebli, domu i ogrodu","potentialAction":[{"@type":"SearchAction","target":{"@type":"EntryPoint","urlTemplate":"https:\/\/www.moriadesign.pl\/?s={search_term_string}"},"query-input":"required name=search_term_string"}],"inLanguage":"en-GB"}]}},"_links":{"self":[{"href":"https:\/\/www.moriadesign.pl\/en\/wp-json\/wp\/v2\/product\/1662"}],"collection":[{"href":"https:\/\/www.moriadesign.pl\/en\/wp-json\/wp\/v2\/product"}],"about":[{"href":"https:\/\/www.moriadesign.pl\/en\/wp-json\/wp\/v2\/types\/product"}],"wp:featuredmedia":[{"embeddable":true,"href":"https:\/\/www.moriadesign.pl\/en\/wp-json\/wp\/v2\/media\/1652"}],"wp:attachment":[{"href":"https:\/\/www.moriadesign.pl\/en\/wp-json\/wp\/v2\/media?parent=1662"}],"wp:term":[{"taxonomy":"product_cat","embeddable":true,"href":"https:\/\/www.moriadesign.pl\/en\/wp-json\/wp\/v2\/product_cat?post=1662"},{"taxonomy":"product_tag","embeddable":true,"href":"https:\/\/www.moriadesign.pl\/en\/wp-json\/wp\/v2\/product_tag?post=1662"}],"curies":[{"name":"wp","href":"https:\/\/api.w.org\/{rel}","templated":true}]}}