{"id":1390,"date":"2022-12-21T21:00:27","date_gmt":"2022-12-21T20:00:27","guid":{"rendered":"https:\/\/www.moriadesign.pl\/?post_type=product&#038;p=1390"},"modified":"2023-01-13T21:42:06","modified_gmt":"2023-01-13T20:42:06","slug":"uchwyt-flagowy-u-06","status":"publish","type":"product","link":"https:\/\/www.moriadesign.pl\/en\/product\/flag-handle-u-06\/","title":{"rendered":"U-06 flag holder"},"content":{"rendered":"<h2>Features and benefits:<\/h2>\n<ul>\n<li>The clamping rings used, unlike tubing, do not cause the spar to jam &gt; <strong>functional;<\/strong><\/li>\n<li>allows the installation of three flags &gt; <b>universal;<\/b><\/li>\n<li>made of high-grade steel &gt; <b>eternal;<\/b><\/li>\n<li>the handle ends have been hot forged &gt; <b>classically decorated;<\/b><\/li>\n<li>Mounting method - screwed to fa\u00e7ade (two wall plugs or two screws) &gt;\u00a0<b>easy to install;<\/b><\/li>\n<li>chamfered mounting holes &gt; <b>aesthetically pleasing;<\/b><\/li>\n<li>Powder coated in matt black (zero gloss, fine structure) - far more resistant to damage than liquid spray paints, powder paints are completely safe for people and the environment &gt;\u00a0<b>durable and elegantly finished;<\/b><\/li>\n<li>Dimensions: thickness of sheet metal - 3 mm, thickness of rod - 8 mm, \u03a6 holes for spar - 3 cm, \u03a6 mounting holes - 8 mm &gt;. <b>robust;<\/b><\/li>\n<li>Maximum dimensions: width - 19.5 cm, length - 13.5 cm, height - 37 cm &gt; <b>neat.<\/b><\/li>\n<\/ul>\n<h2>Application:<\/h2>\n<ul>\n<li>Our bracket is not only a great decoration for the fa\u00e7ade of your home, but also a functional product that you can use as a hanging flowerbed, torch holder, mosquito net or canopy.<\/li>\n<\/ul>","protected":false},"excerpt":{"rendered":"<p>Cechy i zalety: zastosowane pier\u015bcienie mocuj\u0105ce w przeciwie\u0144stwie do rurek nie powoduj\u0105 zakleszczania drzewca &gt; funkcjonalny; umo\u017cliwia zamontowanie trzech flag &gt; uniwersalny; wykonany z wysokiej gatunkowo stali &gt; wieczny; zako\u0144czenia uchwytu zosta\u0142y zakute na gor\u0105co &gt; klasycznie ozdobiony; spos\u00f3b monta\u017cu &#8211; przykr\u0119cenie do elewacji (dwa ko\u0142ki rozporowe lub dwie \u015bruby) &gt;\u00a0\u0142atwy w monta\u017cu; fazowane otwory&#8230;<\/p>","protected":false},"featured_media":1374,"template":"","meta":{"inline_featured_image":false},"product_cat":[29],"product_tag":[],"acf":[],"yoast_head":"<!-- This site is optimized with the Yoast SEO plugin v20.2 - https:\/\/yoast.com\/wordpress\/plugins\/seo\/ -->\n<title>Uchwyt flagowy U-06 - MORIA DESIGN<\/title>\n<meta name=\"robots\" content=\"index, follow, max-snippet:-1, max-image-preview:large, max-video-preview:-1\" \/>\n<link rel=\"canonical\" href=\"https:\/\/www.moriadesign.pl\/en\/product\/flag-handle-u-06\/?wmc-currency=EUR\" \/>\n<meta property=\"og:locale\" content=\"en_GB\" \/>\n<meta property=\"og:type\" content=\"article\" \/>\n<meta property=\"og:title\" content=\"Uchwyt flagowy U-06 - MORIA DESIGN\" \/>\n<meta property=\"og:description\" content=\"Cechy i zalety: zastosowane pier\u015bcienie mocuj\u0105ce w przeciwie\u0144stwie do rurek nie powoduj\u0105 zakleszczania drzewca &gt; funkcjonalny; umo\u017cliwia zamontowanie trzech flag &gt; uniwersalny; wykonany z wysokiej gatunkowo stali &gt; wieczny; zako\u0144czenia uchwytu zosta\u0142y zakute na gor\u0105co &gt; klasycznie ozdobiony; spos\u00f3b monta\u017cu &#8211; przykr\u0119cenie do elewacji (dwa ko\u0142ki rozporowe lub dwie \u015bruby) &gt;\u00a0\u0142atwy w monta\u017cu; fazowane otwory...\" \/>\n<meta property=\"og:url\" content=\"https:\/\/www.moriadesign.pl\/en\/product\/flag-handle-u-06\/?wmc-currency=EUR\" \/>\n<meta property=\"og:site_name\" content=\"MORIA DESIGN\" \/>\n<meta property=\"article:modified_time\" content=\"2023-01-13T20:42:06+00:00\" \/>\n<meta property=\"og:image\" content=\"https:\/\/www.moriadesign.pl\/wp-content\/uploads\/2022\/12\/U-06_1.jpg\" \/>\n\t<meta property=\"og:image:width\" content=\"1600\" \/>\n\t<meta property=\"og:image:height\" content=\"1600\" \/>\n\t<meta property=\"og:image:type\" content=\"image\/jpeg\" \/>\n<meta name=\"twitter:card\" content=\"summary_large_image\" \/>\n<meta name=\"twitter:label1\" content=\"Estimated reading time\" \/>\n\t<meta name=\"twitter:data1\" content=\"1 minute\" \/>\n<script type=\"application\/ld+json\" class=\"yoast-schema-graph\">{\"@context\":\"https:\/\/schema.org\",\"@graph\":[{\"@type\":\"WebPage\",\"@id\":\"https:\/\/www.moriadesign.pl\/produkt\/uchwyt-flagowy-u-06\/\",\"url\":\"https:\/\/www.moriadesign.pl\/produkt\/uchwyt-flagowy-u-06\/\",\"name\":\"Uchwyt flagowy U-06 - MORIA DESIGN\",\"isPartOf\":{\"@id\":\"https:\/\/www.moriadesign.pl\/#website\"},\"datePublished\":\"2022-12-21T20:00:27+00:00\",\"dateModified\":\"2023-01-13T20:42:06+00:00\",\"breadcrumb\":{\"@id\":\"https:\/\/www.moriadesign.pl\/produkt\/uchwyt-flagowy-u-06\/#breadcrumb\"},\"inLanguage\":\"en-GB\",\"potentialAction\":[{\"@type\":\"ReadAction\",\"target\":[\"https:\/\/www.moriadesign.pl\/produkt\/uchwyt-flagowy-u-06\/\"]}]},{\"@type\":\"BreadcrumbList\",\"@id\":\"https:\/\/www.moriadesign.pl\/produkt\/uchwyt-flagowy-u-06\/#breadcrumb\",\"itemListElement\":[{\"@type\":\"ListItem\",\"position\":1,\"name\":\"Strona g\u0142\u00f3wna\",\"item\":\"https:\/\/www.moriadesign.pl\/\"},{\"@type\":\"ListItem\",\"position\":2,\"name\":\"Sklep\",\"item\":\"https:\/\/www.moriadesign.pl\/sklep\/\"},{\"@type\":\"ListItem\",\"position\":3,\"name\":\"Uchwyt flagowy U-06\"}]},{\"@type\":\"WebSite\",\"@id\":\"https:\/\/www.moriadesign.pl\/#website\",\"url\":\"https:\/\/www.moriadesign.pl\/\",\"name\":\"MORIA DESIGN\",\"description\":\"okucia do mebli, domu i ogrodu\",\"potentialAction\":[{\"@type\":\"SearchAction\",\"target\":{\"@type\":\"EntryPoint\",\"urlTemplate\":\"https:\/\/www.moriadesign.pl\/?s={search_term_string}\"},\"query-input\":\"required name=search_term_string\"}],\"inLanguage\":\"en-GB\"}]}<\/script>\n<!-- \/ Yoast SEO plugin. -->","yoast_head_json":{"title":"Uchwyt flagowy U-06 - MORIA DESIGN","robots":{"index":"index","follow":"follow","max-snippet":"max-snippet:-1","max-image-preview":"max-image-preview:large","max-video-preview":"max-video-preview:-1"},"canonical":"https:\/\/www.moriadesign.pl\/en\/product\/flag-handle-u-06\/?wmc-currency=EUR","og_locale":"en_GB","og_type":"article","og_title":"Uchwyt flagowy U-06 - MORIA DESIGN","og_description":"Cechy i zalety: zastosowane pier\u015bcienie mocuj\u0105ce w przeciwie\u0144stwie do rurek nie powoduj\u0105 zakleszczania drzewca &gt; funkcjonalny; umo\u017cliwia zamontowanie trzech flag &gt; uniwersalny; wykonany z wysokiej gatunkowo stali &gt; wieczny; zako\u0144czenia uchwytu zosta\u0142y zakute na gor\u0105co &gt; klasycznie ozdobiony; spos\u00f3b monta\u017cu &#8211; przykr\u0119cenie do elewacji (dwa ko\u0142ki rozporowe lub dwie \u015bruby) &gt;\u00a0\u0142atwy w monta\u017cu; fazowane otwory...","og_url":"https:\/\/www.moriadesign.pl\/en\/product\/flag-handle-u-06\/?wmc-currency=EUR","og_site_name":"MORIA DESIGN","article_modified_time":"2023-01-13T20:42:06+00:00","og_image":[{"width":1600,"height":1600,"url":"https:\/\/www.moriadesign.pl\/wp-content\/uploads\/2022\/12\/U-06_1.jpg","type":"image\/jpeg"}],"twitter_card":"summary_large_image","twitter_misc":{"Estimated reading time":"1 minute"},"schema":{"@context":"https:\/\/schema.org","@graph":[{"@type":"WebPage","@id":"https:\/\/www.moriadesign.pl\/produkt\/uchwyt-flagowy-u-06\/","url":"https:\/\/www.moriadesign.pl\/produkt\/uchwyt-flagowy-u-06\/","name":"Uchwyt flagowy U-06 - MORIA DESIGN","isPartOf":{"@id":"https:\/\/www.moriadesign.pl\/#website"},"datePublished":"2022-12-21T20:00:27+00:00","dateModified":"2023-01-13T20:42:06+00:00","breadcrumb":{"@id":"https:\/\/www.moriadesign.pl\/produkt\/uchwyt-flagowy-u-06\/#breadcrumb"},"inLanguage":"en-GB","potentialAction":[{"@type":"ReadAction","target":["https:\/\/www.moriadesign.pl\/produkt\/uchwyt-flagowy-u-06\/"]}]},{"@type":"BreadcrumbList","@id":"https:\/\/www.moriadesign.pl\/produkt\/uchwyt-flagowy-u-06\/#breadcrumb","itemListElement":[{"@type":"ListItem","position":1,"name":"Strona g\u0142\u00f3wna","item":"https:\/\/www.moriadesign.pl\/"},{"@type":"ListItem","position":2,"name":"Sklep","item":"https:\/\/www.moriadesign.pl\/sklep\/"},{"@type":"ListItem","position":3,"name":"Uchwyt flagowy U-06"}]},{"@type":"WebSite","@id":"https:\/\/www.moriadesign.pl\/#website","url":"https:\/\/www.moriadesign.pl\/","name":"MORIA DESIGN","description":"okucia do mebli, domu i ogrodu","potentialAction":[{"@type":"SearchAction","target":{"@type":"EntryPoint","urlTemplate":"https:\/\/www.moriadesign.pl\/?s={search_term_string}"},"query-input":"required name=search_term_string"}],"inLanguage":"en-GB"}]}},"_links":{"self":[{"href":"https:\/\/www.moriadesign.pl\/en\/wp-json\/wp\/v2\/product\/1390"}],"collection":[{"href":"https:\/\/www.moriadesign.pl\/en\/wp-json\/wp\/v2\/product"}],"about":[{"href":"https:\/\/www.moriadesign.pl\/en\/wp-json\/wp\/v2\/types\/product"}],"wp:featuredmedia":[{"embeddable":true,"href":"https:\/\/www.moriadesign.pl\/en\/wp-json\/wp\/v2\/media\/1374"}],"wp:attachment":[{"href":"https:\/\/www.moriadesign.pl\/en\/wp-json\/wp\/v2\/media?parent=1390"}],"wp:term":[{"taxonomy":"product_cat","embeddable":true,"href":"https:\/\/www.moriadesign.pl\/en\/wp-json\/wp\/v2\/product_cat?post=1390"},{"taxonomy":"product_tag","embeddable":true,"href":"https:\/\/www.moriadesign.pl\/en\/wp-json\/wp\/v2\/product_tag?post=1390"}],"curies":[{"name":"wp","href":"https:\/\/api.w.org\/{rel}","templated":true}]}}