{"id":1041,"date":"2022-12-13T12:49:55","date_gmt":"2022-12-13T11:49:55","guid":{"rendered":"https:\/\/www.moriadesign.pl\/?post_type=product&#038;p=1041"},"modified":"2026-01-31T16:25:58","modified_gmt":"2026-01-31T15:25:58","slug":"zestaw-4-x-hairpin-leg-n-14-3-12-b-ex4-l80-cm-3-prety-%cf%86-12-mm","status":"publish","type":"product","link":"https:\/\/www.moriadesign.pl\/en\/product\/zestaw-4-x-hairpin-leg-n-14-3-12-b-ex4-l80-cm-3-prety-%cf%86-12-mm\/","title":{"rendered":"Set of 4 x Hairpin leg N-14.3.12.b.ex4 [l=80 cm, 3 rods \u03a6 12 mm]."},"content":{"rendered":"<h2>Features and benefits:<\/h2>\n<ul>\n<li>includes 16 screws for mounting &gt; <strong>saving;<\/strong><\/li>\n<li>includes 4 floor protection feet &gt; <strong>functional;<\/strong><\/li>\n<li>made of high-grade steel &gt;\u00a0<b>eternal;<\/b><\/li>\n<li>chamfered mounting holes and invisible welds &gt; <b>aesthetically pleasing;<\/b><\/li>\n<li>Powder coated in matt black (zero gloss, fine structure) - far more resistant to damage than liquid spray paints, powder paints are completely safe for people and the environment &gt;\u00a0<b>durable and elegantly finished;<\/b><\/li>\n<li>Dimensions: thickness of sheet metal - 4 mm, \u03a6 of mounting holes - 5,2 mm, 3 rods \u03a6 12 mm &gt;. <b>massive;<\/b><\/li>\n<li>maximum dimensions: width - 125 mm, length - 125 mm, height - 800 mm &gt; <b>neat.<\/b><\/li>\n<\/ul>\n<h2>Application:<\/h2>\n<ul>\n<li>for tables, tables, cupboards.<\/li>\n<\/ul>","protected":false},"excerpt":{"rendered":"<p>Cechy i zalety: zawiera 16 \u015brub do monta\u017cu &gt; oszcz\u0119dno\u015b\u0107; zawiera 4 stopki chroni\u0105ce pod\u0142og\u0119 &gt; funkcjonalny; wykonany z wysokiej gatunkowo stali &gt;\u00a0wieczny; fazowane otwory monta\u017cowe i niewidoczne spawy &gt; estetyczny; pomalowany farb\u0105 proszkow\u0105\u00a0 w kolorze czarny mat (zero po\u0142ysku, drobna struktura) \u2013 zdecydowanie wy\u017csza odporno\u015b\u0107 na uszkodzenia od ciek\u0142ych farb natryskowych, farby proszkowe s\u0105&#8230;<\/p>","protected":false},"featured_media":1018,"template":"","meta":{"inline_featured_image":false},"product_cat":[27],"product_tag":[],"acf":[],"yoast_head":"<!-- This site is optimized with the Yoast SEO plugin v20.2 - https:\/\/yoast.com\/wordpress\/plugins\/seo\/ -->\n<title>Zestaw 4 x Hairpin leg N-14.3.12.b.ex4 [l=80 cm, 3 pr\u0119ty \u03a6 12 mm] - MORIA DESIGN<\/title>\n<meta name=\"robots\" content=\"index, follow, max-snippet:-1, max-image-preview:large, max-video-preview:-1\" \/>\n<link rel=\"canonical\" href=\"https:\/\/www.moriadesign.pl\/en\/product\/zestaw-4-x-hairpin-leg-n-14-3-12-b-ex4-l80-cm-3-prety-\u03c6-12-mm\/?wmc-currency=EUR\" \/>\n<meta property=\"og:locale\" content=\"en_GB\" \/>\n<meta property=\"og:type\" content=\"article\" \/>\n<meta property=\"og:title\" content=\"Zestaw 4 x Hairpin leg N-14.3.12.b.ex4 [l=80 cm, 3 pr\u0119ty \u03a6 12 mm] - MORIA DESIGN\" \/>\n<meta property=\"og:description\" content=\"Cechy i zalety: zawiera 16 \u015brub do monta\u017cu &gt; oszcz\u0119dno\u015b\u0107; zawiera 4 stopki chroni\u0105ce pod\u0142og\u0119 &gt; funkcjonalny; wykonany z wysokiej gatunkowo stali &gt;\u00a0wieczny; fazowane otwory monta\u017cowe i niewidoczne spawy &gt; estetyczny; pomalowany farb\u0105 proszkow\u0105\u00a0 w kolorze czarny mat (zero po\u0142ysku, drobna struktura) \u2013 zdecydowanie wy\u017csza odporno\u015b\u0107 na uszkodzenia od ciek\u0142ych farb natryskowych, farby proszkowe s\u0105...\" \/>\n<meta property=\"og:url\" content=\"https:\/\/www.moriadesign.pl\/en\/product\/zestaw-4-x-hairpin-leg-n-14-3-12-b-ex4-l80-cm-3-prety-\u03c6-12-mm\/?wmc-currency=EUR\" \/>\n<meta property=\"og:site_name\" content=\"MORIA DESIGN\" \/>\n<meta property=\"article:modified_time\" content=\"2026-01-31T15:25:58+00:00\" \/>\n<meta property=\"og:image\" content=\"https:\/\/www.moriadesign.pl\/wp-content\/uploads\/2022\/12\/N-07.3.10.b.ex4_1.jpg\" \/>\n\t<meta property=\"og:image:width\" content=\"1600\" \/>\n\t<meta property=\"og:image:height\" content=\"1600\" \/>\n\t<meta property=\"og:image:type\" content=\"image\/jpeg\" \/>\n<meta name=\"twitter:card\" content=\"summary_large_image\" \/>\n<meta name=\"twitter:label1\" content=\"Estimated reading time\" \/>\n\t<meta name=\"twitter:data1\" content=\"1 minute\" \/>\n<script type=\"application\/ld+json\" class=\"yoast-schema-graph\">{\"@context\":\"https:\/\/schema.org\",\"@graph\":[{\"@type\":\"WebPage\",\"@id\":\"https:\/\/www.moriadesign.pl\/produkt\/zestaw-4-x-hairpin-leg-n-14-3-12-b-ex4-l80-cm-3-prety-%cf%86-12-mm\/\",\"url\":\"https:\/\/www.moriadesign.pl\/produkt\/zestaw-4-x-hairpin-leg-n-14-3-12-b-ex4-l80-cm-3-prety-%cf%86-12-mm\/\",\"name\":\"Zestaw 4 x Hairpin leg N-14.3.12.b.ex4 [l=80 cm, 3 pr\u0119ty \u03a6 12 mm] - MORIA DESIGN\",\"isPartOf\":{\"@id\":\"https:\/\/www.moriadesign.pl\/#website\"},\"datePublished\":\"2022-12-13T11:49:55+00:00\",\"dateModified\":\"2026-01-31T15:25:58+00:00\",\"breadcrumb\":{\"@id\":\"https:\/\/www.moriadesign.pl\/produkt\/zestaw-4-x-hairpin-leg-n-14-3-12-b-ex4-l80-cm-3-prety-%cf%86-12-mm\/#breadcrumb\"},\"inLanguage\":\"en-GB\",\"potentialAction\":[{\"@type\":\"ReadAction\",\"target\":[\"https:\/\/www.moriadesign.pl\/produkt\/zestaw-4-x-hairpin-leg-n-14-3-12-b-ex4-l80-cm-3-prety-%cf%86-12-mm\/\"]}]},{\"@type\":\"BreadcrumbList\",\"@id\":\"https:\/\/www.moriadesign.pl\/produkt\/zestaw-4-x-hairpin-leg-n-14-3-12-b-ex4-l80-cm-3-prety-%cf%86-12-mm\/#breadcrumb\",\"itemListElement\":[{\"@type\":\"ListItem\",\"position\":1,\"name\":\"Strona g\u0142\u00f3wna\",\"item\":\"https:\/\/www.moriadesign.pl\/\"},{\"@type\":\"ListItem\",\"position\":2,\"name\":\"Sklep\",\"item\":\"https:\/\/www.moriadesign.pl\/sklep\/\"},{\"@type\":\"ListItem\",\"position\":3,\"name\":\"Zestaw 4 x Hairpin leg N-14.3.12.b.ex4 [l=80 cm, 3 pr\u0119ty \u03a6 12 mm]\"}]},{\"@type\":\"WebSite\",\"@id\":\"https:\/\/www.moriadesign.pl\/#website\",\"url\":\"https:\/\/www.moriadesign.pl\/\",\"name\":\"MORIA DESIGN\",\"description\":\"okucia do mebli, domu i ogrodu\",\"potentialAction\":[{\"@type\":\"SearchAction\",\"target\":{\"@type\":\"EntryPoint\",\"urlTemplate\":\"https:\/\/www.moriadesign.pl\/?s={search_term_string}\"},\"query-input\":\"required name=search_term_string\"}],\"inLanguage\":\"en-GB\"}]}<\/script>\n<!-- \/ Yoast SEO plugin. -->","yoast_head_json":{"title":"Zestaw 4 x Hairpin leg N-14.3.12.b.ex4 [l=80 cm, 3 pr\u0119ty \u03a6 12 mm] - MORIA DESIGN","robots":{"index":"index","follow":"follow","max-snippet":"max-snippet:-1","max-image-preview":"max-image-preview:large","max-video-preview":"max-video-preview:-1"},"canonical":"https:\/\/www.moriadesign.pl\/en\/product\/zestaw-4-x-hairpin-leg-n-14-3-12-b-ex4-l80-cm-3-prety-\u03c6-12-mm\/?wmc-currency=EUR","og_locale":"en_GB","og_type":"article","og_title":"Zestaw 4 x Hairpin leg N-14.3.12.b.ex4 [l=80 cm, 3 pr\u0119ty \u03a6 12 mm] - MORIA DESIGN","og_description":"Cechy i zalety: zawiera 16 \u015brub do monta\u017cu &gt; oszcz\u0119dno\u015b\u0107; zawiera 4 stopki chroni\u0105ce pod\u0142og\u0119 &gt; funkcjonalny; wykonany z wysokiej gatunkowo stali &gt;\u00a0wieczny; fazowane otwory monta\u017cowe i niewidoczne spawy &gt; estetyczny; pomalowany farb\u0105 proszkow\u0105\u00a0 w kolorze czarny mat (zero po\u0142ysku, drobna struktura) \u2013 zdecydowanie wy\u017csza odporno\u015b\u0107 na uszkodzenia od ciek\u0142ych farb natryskowych, farby proszkowe s\u0105...","og_url":"https:\/\/www.moriadesign.pl\/en\/product\/zestaw-4-x-hairpin-leg-n-14-3-12-b-ex4-l80-cm-3-prety-\u03c6-12-mm\/?wmc-currency=EUR","og_site_name":"MORIA DESIGN","article_modified_time":"2026-01-31T15:25:58+00:00","og_image":[{"width":1600,"height":1600,"url":"https:\/\/www.moriadesign.pl\/wp-content\/uploads\/2022\/12\/N-07.3.10.b.ex4_1.jpg","type":"image\/jpeg"}],"twitter_card":"summary_large_image","twitter_misc":{"Estimated reading time":"1 minute"},"schema":{"@context":"https:\/\/schema.org","@graph":[{"@type":"WebPage","@id":"https:\/\/www.moriadesign.pl\/produkt\/zestaw-4-x-hairpin-leg-n-14-3-12-b-ex4-l80-cm-3-prety-%cf%86-12-mm\/","url":"https:\/\/www.moriadesign.pl\/produkt\/zestaw-4-x-hairpin-leg-n-14-3-12-b-ex4-l80-cm-3-prety-%cf%86-12-mm\/","name":"Zestaw 4 x Hairpin leg N-14.3.12.b.ex4 [l=80 cm, 3 pr\u0119ty \u03a6 12 mm] - MORIA DESIGN","isPartOf":{"@id":"https:\/\/www.moriadesign.pl\/#website"},"datePublished":"2022-12-13T11:49:55+00:00","dateModified":"2026-01-31T15:25:58+00:00","breadcrumb":{"@id":"https:\/\/www.moriadesign.pl\/produkt\/zestaw-4-x-hairpin-leg-n-14-3-12-b-ex4-l80-cm-3-prety-%cf%86-12-mm\/#breadcrumb"},"inLanguage":"en-GB","potentialAction":[{"@type":"ReadAction","target":["https:\/\/www.moriadesign.pl\/produkt\/zestaw-4-x-hairpin-leg-n-14-3-12-b-ex4-l80-cm-3-prety-%cf%86-12-mm\/"]}]},{"@type":"BreadcrumbList","@id":"https:\/\/www.moriadesign.pl\/produkt\/zestaw-4-x-hairpin-leg-n-14-3-12-b-ex4-l80-cm-3-prety-%cf%86-12-mm\/#breadcrumb","itemListElement":[{"@type":"ListItem","position":1,"name":"Strona g\u0142\u00f3wna","item":"https:\/\/www.moriadesign.pl\/"},{"@type":"ListItem","position":2,"name":"Sklep","item":"https:\/\/www.moriadesign.pl\/sklep\/"},{"@type":"ListItem","position":3,"name":"Zestaw 4 x Hairpin leg N-14.3.12.b.ex4 [l=80 cm, 3 pr\u0119ty \u03a6 12 mm]"}]},{"@type":"WebSite","@id":"https:\/\/www.moriadesign.pl\/#website","url":"https:\/\/www.moriadesign.pl\/","name":"MORIA DESIGN","description":"okucia do mebli, domu i ogrodu","potentialAction":[{"@type":"SearchAction","target":{"@type":"EntryPoint","urlTemplate":"https:\/\/www.moriadesign.pl\/?s={search_term_string}"},"query-input":"required name=search_term_string"}],"inLanguage":"en-GB"}]}},"_links":{"self":[{"href":"https:\/\/www.moriadesign.pl\/en\/wp-json\/wp\/v2\/product\/1041"}],"collection":[{"href":"https:\/\/www.moriadesign.pl\/en\/wp-json\/wp\/v2\/product"}],"about":[{"href":"https:\/\/www.moriadesign.pl\/en\/wp-json\/wp\/v2\/types\/product"}],"wp:featuredmedia":[{"embeddable":true,"href":"https:\/\/www.moriadesign.pl\/en\/wp-json\/wp\/v2\/media\/1018"}],"wp:attachment":[{"href":"https:\/\/www.moriadesign.pl\/en\/wp-json\/wp\/v2\/media?parent=1041"}],"wp:term":[{"taxonomy":"product_cat","embeddable":true,"href":"https:\/\/www.moriadesign.pl\/en\/wp-json\/wp\/v2\/product_cat?post=1041"},{"taxonomy":"product_tag","embeddable":true,"href":"https:\/\/www.moriadesign.pl\/en\/wp-json\/wp\/v2\/product_tag?post=1041"}],"curies":[{"name":"wp","href":"https:\/\/api.w.org\/{rel}","templated":true}]}}