{"id":358,"date":"2022-11-10T10:31:49","date_gmt":"2022-11-10T09:31:49","guid":{"rendered":"https:\/\/www.moriadesign.pl\/?page_id=358"},"modified":"2025-09-11T15:06:57","modified_gmt":"2025-09-11T13:06:57","slug":"dostawa-i-platnosci","status":"publish","type":"page","link":"https:\/\/www.moriadesign.pl\/en\/delivery-and-payment\/","title":{"rendered":"Delivery and payment"},"content":{"rendered":"<section class=\"l-section wpb_row height_small\"><div class=\"l-section-h i-cf\"><div class=\"g-cols vc_row via_flex valign_middle type_default reversed stacking_default\"><div class=\"vc_col-sm-12 wpb_column vc_column_container\"><div class=\"vc_column-inner\"><div class=\"wpb_wrapper\"><h1 class=\"w-post-elm post_title entry-title color_link_inherit\">Delivery and payment<\/h1><div class=\"w-separator size_small\"><\/div><div class=\"wpb_text_column us_custom_baf8849b\"><div class=\"wpb_wrapper\"><h3>PAYMENT<\/h3>\n<p>In the MORIA DESIGN online shop, you can pay for your order in several ways: by quick online payment (e.g. by credit card or BLIK), by traditional bank transfer and by cash on delivery.<\/p>\n<h4>Quick online payment<\/h4>\n<p>After selecting this form of payment, the buyer will be redirected to the list of banks and then to the login page of their preferred bank when the order is finalised. Once the payment has been made, it will be credited according to the bank's procedures and once it has been received by MORIA DESIGN, the order will proceed to the next stage of processing.<\/p>\n<h4>Cash on delivery<\/h4>\n<p>The order can also be paid upon delivery by cash or credit card at the courier delivering the parcel (if the selected courier has the option to pay by card).<\/p>\n<h3>DELIVERY<\/h3>\n<p>We make every effort to ensure that the products you purchase reach you as quickly as possible.<br \/>\nParcels with delivery to the indicated address, to Inpost parcel machines, are ready for dispatch within 5 working days from the day the transaction is finalised.<\/p>\n<p><strong>Delivery costs for a domestic parcel within the territory of Poland, with maximum dimensions: 120.00 cm in length and the sum of all dimensions up to 220.00 cm and a parcel weight of up to 15.00 kg:<\/strong><\/p>\n<table>\n<thead>\n<tr>\n<td><strong>FORM OF DELIVERY<\/strong><\/td>\n<td><strong>ORDER<\/strong><br \/>\n<strong>UP TO PLN 1 000<\/strong><\/td>\n<td><strong>ORDER<\/strong><br \/>\n<strong>1000 - 2000 PLN**<\/strong><\/td>\n<\/tr>\n<\/thead>\n<tbody>\n<tr>\n<td>InPost parcel machine*<\/td>\n<td>PLN 15.00<\/td>\n<td>GRATIS<\/td>\n<\/tr>\n<tr>\n<td>InPost courier<\/td>\n<td>PLN 20.00<\/td>\n<td>GRATIS<\/td>\n<\/tr>\n<tr>\n<td>InPost courier - cash on delivery<\/td>\n<td>25,00 PLN<\/td>\n<td>GRATIS<\/td>\n<\/tr>\n<tr>\n<td>UPS courier<\/td>\n<td>PLN 20.00<\/td>\n<td>GRATIS<\/td>\n<\/tr>\n<tr>\n<td>UPS courier - cash on delivery<\/td>\n<td>25,00 PLN<\/td>\n<td>GRATIS<\/td>\n<\/tr>\n<tr>\n<td>In-store pickup<\/td>\n<td>GRATIS<\/td>\n<td>GRATIS<\/td>\n<\/tr>\n<\/tbody>\n<\/table>\n<p>*Parcel dimensions must not exceed the maximum parcel dimensions specified by InPost.<\/p>\n<p>**For orders over \u00a32,000.00, please contact us for delivery costs.<\/p>\n<p><strong>Delivery costs for an international parcel within the EU, with maximum dimensions: 2 x length + 2 x width + height \u2264 300.00 cm, with the height being the longest side of the parcel and a parcel weight of up to 15.00 kg:<\/strong><\/p>\n<ul>\n<li>delivery on territory: Germany, Czech Republic, Slovakia, Lithuania and Latvia -. <strong>EUR 12.00<\/strong> (all products except bicycle racks), <strong>EUR 25,00<\/strong> (bicycle racks),<\/li>\n<li>delivery in the rest of the EU <strong>EUR 15,00<\/strong> (all products except bicycle racks), <strong>EUR 30,00<\/strong> (bicycle racks).<\/li>\n<\/ul>\n<\/div><\/div><\/div><\/div><\/div><\/div><\/div><\/section>","protected":false},"excerpt":{"rendered":"Dostawa i p\u0142atno\u015bciP\u0141ATNO\u015a\u0106 W sklepie internetowym MORIA DESIGN, za zam\u00f3wienie mo\u017cna zap\u0142aci\u0107 na kilka sposob\u00f3w: za pomoc\u0105 szybkiej p\u0142atno\u015bci online (np. kart\u0105 p\u0142atnicz\u0105 lub BLIKiem), przelewem tradycyjnym oraz za pobraniem. Szybka p\u0142atno\u015b\u0107 online Po wybraniu tej formy p\u0142atno\u015bci, w momencie finalizacji zam\u00f3wienia kupuj\u0105cy zostanie przekierowany do listy bank\u00f3w, a nast\u0119pnie na stron\u0119 logowania preferowanego przez...","protected":false},"author":1,"featured_media":0,"parent":0,"menu_order":5,"comment_status":"closed","ping_status":"closed","template":"","meta":{"inline_featured_image":false},"acf":[],"yoast_head":"<!-- This site is optimized with the Yoast SEO plugin v20.2 - https:\/\/yoast.com\/wordpress\/plugins\/seo\/ -->\n<title>Dostawa i p\u0142atno\u015bci - MORIA DESIGN<\/title>\n<meta name=\"robots\" content=\"noindex, follow\" \/>\n<meta property=\"og:locale\" content=\"en_GB\" \/>\n<meta property=\"og:type\" content=\"article\" \/>\n<meta property=\"og:title\" content=\"Dostawa i p\u0142atno\u015bci - MORIA DESIGN\" \/>\n<meta property=\"og:url\" content=\"https:\/\/www.moriadesign.pl\/en\/delivery-and-payment\/?wmc-currency=EUR\" \/>\n<meta property=\"og:site_name\" content=\"MORIA DESIGN\" \/>\n<meta property=\"article:modified_time\" content=\"2025-09-11T13:06:57+00:00\" \/>\n<meta name=\"twitter:card\" content=\"summary_large_image\" \/>\n<meta name=\"twitter:label1\" content=\"Estimated reading time\" \/>\n\t<meta name=\"twitter:data1\" content=\"2 minutes\" \/>\n<script type=\"application\/ld+json\" class=\"yoast-schema-graph\">{\"@context\":\"https:\/\/schema.org\",\"@graph\":[{\"@type\":\"WebPage\",\"@id\":\"https:\/\/www.moriadesign.pl\/dostawa-i-platnosci\/\",\"url\":\"https:\/\/www.moriadesign.pl\/dostawa-i-platnosci\/\",\"name\":\"Dostawa i p\u0142atno\u015bci - MORIA DESIGN\",\"isPartOf\":{\"@id\":\"https:\/\/www.moriadesign.pl\/#website\"},\"datePublished\":\"2022-11-10T09:31:49+00:00\",\"dateModified\":\"2025-09-11T13:06:57+00:00\",\"breadcrumb\":{\"@id\":\"https:\/\/www.moriadesign.pl\/dostawa-i-platnosci\/#breadcrumb\"},\"inLanguage\":\"en-GB\",\"potentialAction\":[{\"@type\":\"ReadAction\",\"target\":[\"https:\/\/www.moriadesign.pl\/dostawa-i-platnosci\/\"]}]},{\"@type\":\"BreadcrumbList\",\"@id\":\"https:\/\/www.moriadesign.pl\/dostawa-i-platnosci\/#breadcrumb\",\"itemListElement\":[{\"@type\":\"ListItem\",\"position\":1,\"name\":\"Strona g\u0142\u00f3wna\",\"item\":\"https:\/\/www.moriadesign.pl\/\"},{\"@type\":\"ListItem\",\"position\":2,\"name\":\"Dostawa i p\u0142atno\u015bci\"}]},{\"@type\":\"WebSite\",\"@id\":\"https:\/\/www.moriadesign.pl\/#website\",\"url\":\"https:\/\/www.moriadesign.pl\/\",\"name\":\"MORIA DESIGN\",\"description\":\"okucia do mebli, domu i ogrodu\",\"potentialAction\":[{\"@type\":\"SearchAction\",\"target\":{\"@type\":\"EntryPoint\",\"urlTemplate\":\"https:\/\/www.moriadesign.pl\/?s={search_term_string}\"},\"query-input\":\"required name=search_term_string\"}],\"inLanguage\":\"en-GB\"}]}<\/script>\n<!-- \/ Yoast SEO plugin. -->","yoast_head_json":{"title":"Dostawa i p\u0142atno\u015bci - MORIA DESIGN","robots":{"index":"noindex","follow":"follow"},"og_locale":"en_GB","og_type":"article","og_title":"Dostawa i p\u0142atno\u015bci - MORIA DESIGN","og_url":"https:\/\/www.moriadesign.pl\/en\/delivery-and-payment\/?wmc-currency=EUR","og_site_name":"MORIA DESIGN","article_modified_time":"2025-09-11T13:06:57+00:00","twitter_card":"summary_large_image","twitter_misc":{"Estimated reading time":"2 minutes"},"schema":{"@context":"https:\/\/schema.org","@graph":[{"@type":"WebPage","@id":"https:\/\/www.moriadesign.pl\/dostawa-i-platnosci\/","url":"https:\/\/www.moriadesign.pl\/dostawa-i-platnosci\/","name":"Dostawa i p\u0142atno\u015bci - MORIA DESIGN","isPartOf":{"@id":"https:\/\/www.moriadesign.pl\/#website"},"datePublished":"2022-11-10T09:31:49+00:00","dateModified":"2025-09-11T13:06:57+00:00","breadcrumb":{"@id":"https:\/\/www.moriadesign.pl\/dostawa-i-platnosci\/#breadcrumb"},"inLanguage":"en-GB","potentialAction":[{"@type":"ReadAction","target":["https:\/\/www.moriadesign.pl\/dostawa-i-platnosci\/"]}]},{"@type":"BreadcrumbList","@id":"https:\/\/www.moriadesign.pl\/dostawa-i-platnosci\/#breadcrumb","itemListElement":[{"@type":"ListItem","position":1,"name":"Strona g\u0142\u00f3wna","item":"https:\/\/www.moriadesign.pl\/"},{"@type":"ListItem","position":2,"name":"Dostawa i p\u0142atno\u015bci"}]},{"@type":"WebSite","@id":"https:\/\/www.moriadesign.pl\/#website","url":"https:\/\/www.moriadesign.pl\/","name":"MORIA DESIGN","description":"okucia do mebli, domu i ogrodu","potentialAction":[{"@type":"SearchAction","target":{"@type":"EntryPoint","urlTemplate":"https:\/\/www.moriadesign.pl\/?s={search_term_string}"},"query-input":"required name=search_term_string"}],"inLanguage":"en-GB"}]}},"_links":{"self":[{"href":"https:\/\/www.moriadesign.pl\/en\/wp-json\/wp\/v2\/pages\/358"}],"collection":[{"href":"https:\/\/www.moriadesign.pl\/en\/wp-json\/wp\/v2\/pages"}],"about":[{"href":"https:\/\/www.moriadesign.pl\/en\/wp-json\/wp\/v2\/types\/page"}],"author":[{"embeddable":true,"href":"https:\/\/www.moriadesign.pl\/en\/wp-json\/wp\/v2\/users\/1"}],"replies":[{"embeddable":true,"href":"https:\/\/www.moriadesign.pl\/en\/wp-json\/wp\/v2\/comments?post=358"}],"version-history":[{"count":14,"href":"https:\/\/www.moriadesign.pl\/en\/wp-json\/wp\/v2\/pages\/358\/revisions"}],"predecessor-version":[{"id":4575,"href":"https:\/\/www.moriadesign.pl\/en\/wp-json\/wp\/v2\/pages\/358\/revisions\/4575"}],"wp:attachment":[{"href":"https:\/\/www.moriadesign.pl\/en\/wp-json\/wp\/v2\/media?parent=358"}],"curies":[{"name":"wp","href":"https:\/\/api.w.org\/{rel}","templated":true}]}}