{"id":341,"date":"2022-11-09T15:57:01","date_gmt":"2022-11-09T14:57:01","guid":{"rendered":"https:\/\/www.moriadesign.pl\/?page_id=341"},"modified":"2026-05-06T12:50:31","modified_gmt":"2026-05-06T10:50:31","slug":"kontakt","status":"publish","type":"page","link":"https:\/\/www.moriadesign.pl\/en\/contact\/","title":{"rendered":"Contact"},"content":{"rendered":"<section class=\"l-section wpb_row height_small\"><div class=\"l-section-h i-cf\"><div class=\"g-cols vc_row via_flex valign_top type_default reversed stacking_default\"><div class=\"vc_col-sm-12 wpb_column vc_column_container\"><div class=\"vc_column-inner\"><div class=\"wpb_wrapper\"><h1 class=\"w-post-elm post_title entry-title color_link_inherit\">Contact<\/h1><div class=\"w-separator size_small\"><\/div><\/div><\/div><\/div><div class=\"vc_col-sm-12 wpb_column vc_column_container\"><div class=\"vc_column-inner us_custom_eb849559\"><div class=\"wpb_wrapper\"><div class=\"w-image us_custom_f2eec366 align_none\"><div class=\"w-image-h\"><img width=\"291\" height=\"80\" src=\"https:\/\/www.moriadesign.pl\/wp-content\/uploads\/2026\/05\/advertising-banner-of-moria-design.png\" class=\"attachment-full size-full\" alt=\"\" srcset=\"https:\/\/www.moriadesign.pl\/wp-content\/uploads\/2026\/05\/advertising-banner-of-moria-design.png 291w, https:\/\/www.moriadesign.pl\/wp-content\/uploads\/2026\/05\/advertising-banner-of-moria-design-18x5.png 18w\" sizes=\"(max-width: 291px) 100vw, 291px\" data-no-translation=\"\" \/><\/div><\/div><div class=\"wpb_text_column us_custom_baf8849b notranslate\" data-no-translation=\"\"><div class=\"wpb_wrapper\"><p><strong>&#8221; \u015aLUSARSTWO KAMI\u0143SKI &#8221; Mateusz Kami\u0144ski<\/strong><br \/>\nStromiec, ul. Stok 4, 26-804 Stromiec<\/p>\n<p>NIP: 7981467585<br \/>\nREGON: 146218800<\/p>\n<\/div><\/div><div class=\"w-separator size_small\"><\/div><div class=\"wpb_text_column us_custom_baf8849b\"><div class=\"wpb_wrapper\"><p><strong>Bank account:<\/strong><br \/>\npayments in PLN: PKO Bank Polski - 75 1020 4317 0000 5902 0559 4223<\/p>\n<p>Payments in EUR: IBAN Bank Pekao S.A. - PL11 1240 5716 1978 0011 0408 3429<br \/>\nBIC\/SWIFT: PKOPPLPW<\/p>\n<\/div><\/div><\/div><\/div><\/div><\/div><\/div><\/section>","protected":false},"excerpt":{"rendered":"Kontakt&#8221; \u015aLUSARSTWO KAMI\u0143SKI &#8221; Mateusz Kami\u0144ski Stromiec, ul. Stok 4, 26-804 Stromiec NIP: 7981467585 REGON: 146218800 Rachunek bankowy: p\u0142atno\u015bci w PLN: PKO Bank Polski &#8211; 75 1020 4317 0000 5902 0559 4223 p\u0142atno\u015bci w EUR: IBAN Bank Pekao S.A. &#8211; PL11 1240 5716 1978 0011 0408 3429 BIC\/SWIFT: PKOPPLPW","protected":false},"author":1,"featured_media":0,"parent":0,"menu_order":8,"comment_status":"closed","ping_status":"closed","template":"","meta":{"inline_featured_image":false},"acf":[],"yoast_head":"<!-- This site is optimized with the Yoast SEO plugin v20.2 - https:\/\/yoast.com\/wordpress\/plugins\/seo\/ -->\n<title>Kontakt - MORIA DESIGN<\/title>\n<meta name=\"description\" content=\"Wychodz\u0105c naprzeciw Pa\u0144stwa oczekiwaniom, realizujemy r\u00f3wnie\u017c niestandardowe pomys\u0142y. Zapraszamy do kontaktu.\" \/>\n<meta name=\"robots\" content=\"index, follow, max-snippet:-1, max-image-preview:large, max-video-preview:-1\" \/>\n<link rel=\"canonical\" href=\"https:\/\/www.moriadesign.pl\/en\/contact\/?wmc-currency=EUR\" \/>\n<meta property=\"og:locale\" content=\"en_GB\" \/>\n<meta property=\"og:type\" content=\"article\" \/>\n<meta property=\"og:title\" content=\"Kontakt - MORIA DESIGN\" \/>\n<meta property=\"og:description\" content=\"Wychodz\u0105c naprzeciw Pa\u0144stwa oczekiwaniom, realizujemy r\u00f3wnie\u017c niestandardowe pomys\u0142y. Zapraszamy do kontaktu.\" \/>\n<meta property=\"og:url\" content=\"https:\/\/www.moriadesign.pl\/en\/contact\/?wmc-currency=EUR\" \/>\n<meta property=\"og:site_name\" content=\"MORIA DESIGN\" \/>\n<meta property=\"article:modified_time\" content=\"2026-05-06T10:50:31+00:00\" \/>\n<meta name=\"twitter:card\" content=\"summary_large_image\" \/>\n<meta name=\"twitter:label1\" content=\"Estimated reading time\" \/>\n\t<meta name=\"twitter:data1\" content=\"1 minute\" \/>\n<script type=\"application\/ld+json\" class=\"yoast-schema-graph\">{\"@context\":\"https:\/\/schema.org\",\"@graph\":[{\"@type\":\"WebPage\",\"@id\":\"https:\/\/www.moriadesign.pl\/kontakt\/\",\"url\":\"https:\/\/www.moriadesign.pl\/kontakt\/\",\"name\":\"Kontakt - MORIA DESIGN\",\"isPartOf\":{\"@id\":\"https:\/\/www.moriadesign.pl\/#website\"},\"datePublished\":\"2022-11-09T14:57:01+00:00\",\"dateModified\":\"2026-05-06T10:50:31+00:00\",\"description\":\"Wychodz\u0105c naprzeciw Pa\u0144stwa oczekiwaniom, realizujemy r\u00f3wnie\u017c niestandardowe pomys\u0142y. Zapraszamy do kontaktu.\",\"breadcrumb\":{\"@id\":\"https:\/\/www.moriadesign.pl\/kontakt\/#breadcrumb\"},\"inLanguage\":\"en-GB\",\"potentialAction\":[{\"@type\":\"ReadAction\",\"target\":[\"https:\/\/www.moriadesign.pl\/kontakt\/\"]}]},{\"@type\":\"BreadcrumbList\",\"@id\":\"https:\/\/www.moriadesign.pl\/kontakt\/#breadcrumb\",\"itemListElement\":[{\"@type\":\"ListItem\",\"position\":1,\"name\":\"Strona g\u0142\u00f3wna\",\"item\":\"https:\/\/www.moriadesign.pl\/\"},{\"@type\":\"ListItem\",\"position\":2,\"name\":\"Kontakt\"}]},{\"@type\":\"WebSite\",\"@id\":\"https:\/\/www.moriadesign.pl\/#website\",\"url\":\"https:\/\/www.moriadesign.pl\/\",\"name\":\"MORIA DESIGN\",\"description\":\"okucia do mebli, domu i ogrodu\",\"potentialAction\":[{\"@type\":\"SearchAction\",\"target\":{\"@type\":\"EntryPoint\",\"urlTemplate\":\"https:\/\/www.moriadesign.pl\/?s={search_term_string}\"},\"query-input\":\"required name=search_term_string\"}],\"inLanguage\":\"en-GB\"}]}<\/script>\n<!-- \/ Yoast SEO plugin. -->","yoast_head_json":{"title":"Kontakt - MORIA DESIGN","description":"Wychodz\u0105c naprzeciw Pa\u0144stwa oczekiwaniom, realizujemy r\u00f3wnie\u017c niestandardowe pomys\u0142y. Zapraszamy do kontaktu.","robots":{"index":"index","follow":"follow","max-snippet":"max-snippet:-1","max-image-preview":"max-image-preview:large","max-video-preview":"max-video-preview:-1"},"canonical":"https:\/\/www.moriadesign.pl\/en\/contact\/?wmc-currency=EUR","og_locale":"en_GB","og_type":"article","og_title":"Kontakt - MORIA DESIGN","og_description":"Wychodz\u0105c naprzeciw Pa\u0144stwa oczekiwaniom, realizujemy r\u00f3wnie\u017c niestandardowe pomys\u0142y. Zapraszamy do kontaktu.","og_url":"https:\/\/www.moriadesign.pl\/en\/contact\/?wmc-currency=EUR","og_site_name":"MORIA DESIGN","article_modified_time":"2026-05-06T10:50:31+00:00","twitter_card":"summary_large_image","twitter_misc":{"Estimated reading time":"1 minute"},"schema":{"@context":"https:\/\/schema.org","@graph":[{"@type":"WebPage","@id":"https:\/\/www.moriadesign.pl\/kontakt\/","url":"https:\/\/www.moriadesign.pl\/kontakt\/","name":"Kontakt - MORIA DESIGN","isPartOf":{"@id":"https:\/\/www.moriadesign.pl\/#website"},"datePublished":"2022-11-09T14:57:01+00:00","dateModified":"2026-05-06T10:50:31+00:00","description":"Wychodz\u0105c naprzeciw Pa\u0144stwa oczekiwaniom, realizujemy r\u00f3wnie\u017c niestandardowe pomys\u0142y. Zapraszamy do kontaktu.","breadcrumb":{"@id":"https:\/\/www.moriadesign.pl\/kontakt\/#breadcrumb"},"inLanguage":"en-GB","potentialAction":[{"@type":"ReadAction","target":["https:\/\/www.moriadesign.pl\/kontakt\/"]}]},{"@type":"BreadcrumbList","@id":"https:\/\/www.moriadesign.pl\/kontakt\/#breadcrumb","itemListElement":[{"@type":"ListItem","position":1,"name":"Strona g\u0142\u00f3wna","item":"https:\/\/www.moriadesign.pl\/"},{"@type":"ListItem","position":2,"name":"Kontakt"}]},{"@type":"WebSite","@id":"https:\/\/www.moriadesign.pl\/#website","url":"https:\/\/www.moriadesign.pl\/","name":"MORIA DESIGN","description":"okucia do mebli, domu i ogrodu","potentialAction":[{"@type":"SearchAction","target":{"@type":"EntryPoint","urlTemplate":"https:\/\/www.moriadesign.pl\/?s={search_term_string}"},"query-input":"required name=search_term_string"}],"inLanguage":"en-GB"}]}},"_links":{"self":[{"href":"https:\/\/www.moriadesign.pl\/en\/wp-json\/wp\/v2\/pages\/341"}],"collection":[{"href":"https:\/\/www.moriadesign.pl\/en\/wp-json\/wp\/v2\/pages"}],"about":[{"href":"https:\/\/www.moriadesign.pl\/en\/wp-json\/wp\/v2\/types\/page"}],"author":[{"embeddable":true,"href":"https:\/\/www.moriadesign.pl\/en\/wp-json\/wp\/v2\/users\/1"}],"replies":[{"embeddable":true,"href":"https:\/\/www.moriadesign.pl\/en\/wp-json\/wp\/v2\/comments?post=341"}],"version-history":[{"count":35,"href":"https:\/\/www.moriadesign.pl\/en\/wp-json\/wp\/v2\/pages\/341\/revisions"}],"predecessor-version":[{"id":5130,"href":"https:\/\/www.moriadesign.pl\/en\/wp-json\/wp\/v2\/pages\/341\/revisions\/5130"}],"wp:attachment":[{"href":"https:\/\/www.moriadesign.pl\/en\/wp-json\/wp\/v2\/media?parent=341"}],"curies":[{"name":"wp","href":"https:\/\/api.w.org\/{rel}","templated":true}]}}