{"id":955,"date":"2022-12-10T13:13:36","date_gmt":"2022-12-10T12:13:36","guid":{"rendered":"https:\/\/www.moriadesign.pl\/?post_type=product&#038;p=955"},"modified":"2026-01-31T15:55:18","modified_gmt":"2026-01-31T14:55:18","slug":"zestaw-4-x-hairpin-leg-n-01-3-12-b-ex4-l20-cm-3-prety-%cf%86-12-mm","status":"publish","type":"product","link":"https:\/\/www.moriadesign.pl\/de\/product-2\/satz-von-4-x-haarnadel-bein-n-01-3-12-b-ex4-l20-cm-3-prety-%cf%86-12-mm\/","title":{"rendered":"Satz von 4 x Haarnadelbein N-01.3.12.b.ex4 [l=20 cm, 3 Stangen \u03a6 12 mm]."},"content":{"rendered":"<h2>Merkmale und Vorteile:<\/h2>\n<ul>\n<li>inklusive 16 Schrauben f\u00fcr die Montage &gt; <strong>Sparen;<\/strong><\/li>\n<li>inklusive 4 Bodenschutzf\u00fc\u00dfe &gt; <strong>funktionell;<\/strong><\/li>\n<li>aus hochwertigem Stahl &gt;\u00a0<b>ewig;<\/b><\/li>\n<li>Abgeschr\u00e4gte Befestigungsl\u00f6cher und unsichtbare Schwei\u00dfn\u00e4hte &gt; <b>\u00e4sthetisch ansprechend;<\/b><\/li>\n<li>Pulverbeschichtung in Mattschwarz (Null-Glanz, Feinstruktur) - weitaus widerstandsf\u00e4higer gegen Besch\u00e4digungen als fl\u00fcssige Spr\u00fchlacke, Pulverlacke sind v\u00f6llig sicher f\u00fcr Mensch und Umwelt &gt;\u00a0<b>langlebig und elegant verarbeitet;<\/b><\/li>\n<li>Abmessungen: Dicke des Blechs - 4 mm, \u03a6 der Befestigungsl\u00f6cher - 5,2 mm, 3 Stangen \u03a6 12 mm &gt;. <b>massiv;<\/b><\/li>\n<li>maximale Abmessungen: Breite - 90 mm, L\u00e4nge - 90 mm, H\u00f6he - 200 mm &gt; <b>ordentlich.<\/b><\/li>\n<\/ul>\n<h2>Anwendung:<\/h2>\n<ul>\n<li>f\u00fcr Kommoden, Schr\u00e4nke und Tische.<\/li>\n<\/ul>","protected":false},"excerpt":{"rendered":"<p>Cechy i zalety: zawiera 16 \u015brub do monta\u017cu &gt; oszcz\u0119dno\u015b\u0107; zawiera 4 stopki chroni\u0105ce pod\u0142og\u0119 &gt; funkcjonalny; wykonany z wysokiej gatunkowo stali &gt;\u00a0wieczny; fazowane otwory monta\u017cowe i niewidoczne spawy &gt; estetyczny; pomalowany farb\u0105 proszkow\u0105\u00a0 w kolorze czarny mat (zero po\u0142ysku, drobna struktura) \u2013 zdecydowanie wy\u017csza odporno\u015b\u0107 na uszkodzenia od ciek\u0142ych farb natryskowych, farby proszkowe s\u0105&#8230;<\/p>","protected":false},"featured_media":932,"template":"","meta":{"inline_featured_image":false},"product_cat":[27],"product_tag":[],"acf":[],"yoast_head":"<!-- This site is optimized with the Yoast SEO plugin v20.2 - https:\/\/yoast.com\/wordpress\/plugins\/seo\/ -->\n<title>Zestaw 4 x Hairpin leg N-01.3.12.b.ex4 [l=20 cm, 3 pr\u0119ty \u03a6 12 mm] - MORIA DESIGN<\/title>\n<meta name=\"robots\" content=\"index, follow, max-snippet:-1, max-image-preview:large, max-video-preview:-1\" \/>\n<link rel=\"canonical\" href=\"https:\/\/www.moriadesign.pl\/de\/product-2\/satz-von-4-x-haarnadel-bein-n-01-3-12-b-ex4-l20-cm-3-prety-\u03c6-12-mm\/?wmc-currency=EUR\" \/>\n<meta property=\"og:locale\" content=\"de_DE\" \/>\n<meta property=\"og:type\" content=\"article\" \/>\n<meta property=\"og:title\" content=\"Zestaw 4 x Hairpin leg N-01.3.12.b.ex4 [l=20 cm, 3 pr\u0119ty \u03a6 12 mm] - MORIA DESIGN\" \/>\n<meta property=\"og:description\" content=\"Cechy i zalety: zawiera 16 \u015brub do monta\u017cu &gt; oszcz\u0119dno\u015b\u0107; zawiera 4 stopki chroni\u0105ce pod\u0142og\u0119 &gt; funkcjonalny; wykonany z wysokiej gatunkowo stali &gt;\u00a0wieczny; fazowane otwory monta\u017cowe i niewidoczne spawy &gt; estetyczny; pomalowany farb\u0105 proszkow\u0105\u00a0 w kolorze czarny mat (zero po\u0142ysku, drobna struktura) \u2013 zdecydowanie wy\u017csza odporno\u015b\u0107 na uszkodzenia od ciek\u0142ych farb natryskowych, farby proszkowe s\u0105...\" \/>\n<meta property=\"og:url\" content=\"https:\/\/www.moriadesign.pl\/de\/product-2\/satz-von-4-x-haarnadel-bein-n-01-3-12-b-ex4-l20-cm-3-prety-\u03c6-12-mm\/?wmc-currency=EUR\" \/>\n<meta property=\"og:site_name\" content=\"MORIA DESIGN\" \/>\n<meta property=\"article:modified_time\" content=\"2026-01-31T14:55:18+00:00\" \/>\n<meta property=\"og:image\" content=\"https:\/\/www.moriadesign.pl\/wp-content\/uploads\/2022\/12\/N-01.3.10.b.ex4_1.png\" \/>\n\t<meta property=\"og:image:width\" content=\"1600\" \/>\n\t<meta property=\"og:image:height\" content=\"1600\" \/>\n\t<meta property=\"og:image:type\" content=\"image\/png\" \/>\n<meta name=\"twitter:card\" content=\"summary_large_image\" \/>\n<meta name=\"twitter:label1\" content=\"Gesch\u00e4tzte Lesezeit\" \/>\n\t<meta name=\"twitter:data1\" content=\"1\u00a0Minute\" \/>\n<script type=\"application\/ld+json\" class=\"yoast-schema-graph\">{\"@context\":\"https:\/\/schema.org\",\"@graph\":[{\"@type\":\"WebPage\",\"@id\":\"https:\/\/www.moriadesign.pl\/produkt\/zestaw-4-x-hairpin-leg-n-01-3-12-b-ex4-l20-cm-3-prety-%cf%86-12-mm\/\",\"url\":\"https:\/\/www.moriadesign.pl\/produkt\/zestaw-4-x-hairpin-leg-n-01-3-12-b-ex4-l20-cm-3-prety-%cf%86-12-mm\/\",\"name\":\"Zestaw 4 x Hairpin leg N-01.3.12.b.ex4 [l=20 cm, 3 pr\u0119ty \u03a6 12 mm] - MORIA DESIGN\",\"isPartOf\":{\"@id\":\"https:\/\/www.moriadesign.pl\/#website\"},\"datePublished\":\"2022-12-10T12:13:36+00:00\",\"dateModified\":\"2026-01-31T14:55:18+00:00\",\"breadcrumb\":{\"@id\":\"https:\/\/www.moriadesign.pl\/produkt\/zestaw-4-x-hairpin-leg-n-01-3-12-b-ex4-l20-cm-3-prety-%cf%86-12-mm\/#breadcrumb\"},\"inLanguage\":\"de\",\"potentialAction\":[{\"@type\":\"ReadAction\",\"target\":[\"https:\/\/www.moriadesign.pl\/produkt\/zestaw-4-x-hairpin-leg-n-01-3-12-b-ex4-l20-cm-3-prety-%cf%86-12-mm\/\"]}]},{\"@type\":\"BreadcrumbList\",\"@id\":\"https:\/\/www.moriadesign.pl\/produkt\/zestaw-4-x-hairpin-leg-n-01-3-12-b-ex4-l20-cm-3-prety-%cf%86-12-mm\/#breadcrumb\",\"itemListElement\":[{\"@type\":\"ListItem\",\"position\":1,\"name\":\"Strona g\u0142\u00f3wna\",\"item\":\"https:\/\/www.moriadesign.pl\/\"},{\"@type\":\"ListItem\",\"position\":2,\"name\":\"Sklep\",\"item\":\"https:\/\/www.moriadesign.pl\/sklep\/\"},{\"@type\":\"ListItem\",\"position\":3,\"name\":\"Zestaw 4 x Hairpin leg N-01.3.12.b.ex4 [l=20 cm, 3 pr\u0119ty \u03a6 12 mm]\"}]},{\"@type\":\"WebSite\",\"@id\":\"https:\/\/www.moriadesign.pl\/#website\",\"url\":\"https:\/\/www.moriadesign.pl\/\",\"name\":\"MORIA DESIGN\",\"description\":\"okucia do mebli, domu i ogrodu\",\"potentialAction\":[{\"@type\":\"SearchAction\",\"target\":{\"@type\":\"EntryPoint\",\"urlTemplate\":\"https:\/\/www.moriadesign.pl\/?s={search_term_string}\"},\"query-input\":\"required name=search_term_string\"}],\"inLanguage\":\"de\"}]}<\/script>\n<!-- \/ Yoast SEO plugin. -->","yoast_head_json":{"title":"Zestaw 4 x Hairpin leg N-01.3.12.b.ex4 [l=20 cm, 3 pr\u0119ty \u03a6 12 mm] - MORIA DESIGN","robots":{"index":"index","follow":"follow","max-snippet":"max-snippet:-1","max-image-preview":"max-image-preview:large","max-video-preview":"max-video-preview:-1"},"canonical":"https:\/\/www.moriadesign.pl\/de\/product-2\/satz-von-4-x-haarnadel-bein-n-01-3-12-b-ex4-l20-cm-3-prety-\u03c6-12-mm\/?wmc-currency=EUR","og_locale":"de_DE","og_type":"article","og_title":"Zestaw 4 x Hairpin leg N-01.3.12.b.ex4 [l=20 cm, 3 pr\u0119ty \u03a6 12 mm] - MORIA DESIGN","og_description":"Cechy i zalety: zawiera 16 \u015brub do monta\u017cu &gt; oszcz\u0119dno\u015b\u0107; zawiera 4 stopki chroni\u0105ce pod\u0142og\u0119 &gt; funkcjonalny; wykonany z wysokiej gatunkowo stali &gt;\u00a0wieczny; fazowane otwory monta\u017cowe i niewidoczne spawy &gt; estetyczny; pomalowany farb\u0105 proszkow\u0105\u00a0 w kolorze czarny mat (zero po\u0142ysku, drobna struktura) \u2013 zdecydowanie wy\u017csza odporno\u015b\u0107 na uszkodzenia od ciek\u0142ych farb natryskowych, farby proszkowe s\u0105...","og_url":"https:\/\/www.moriadesign.pl\/de\/product-2\/satz-von-4-x-haarnadel-bein-n-01-3-12-b-ex4-l20-cm-3-prety-\u03c6-12-mm\/?wmc-currency=EUR","og_site_name":"MORIA DESIGN","article_modified_time":"2026-01-31T14:55:18+00:00","og_image":[{"width":1600,"height":1600,"url":"https:\/\/www.moriadesign.pl\/wp-content\/uploads\/2022\/12\/N-01.3.10.b.ex4_1.png","type":"image\/png"}],"twitter_card":"summary_large_image","twitter_misc":{"Gesch\u00e4tzte Lesezeit":"1\u00a0Minute"},"schema":{"@context":"https:\/\/schema.org","@graph":[{"@type":"WebPage","@id":"https:\/\/www.moriadesign.pl\/produkt\/zestaw-4-x-hairpin-leg-n-01-3-12-b-ex4-l20-cm-3-prety-%cf%86-12-mm\/","url":"https:\/\/www.moriadesign.pl\/produkt\/zestaw-4-x-hairpin-leg-n-01-3-12-b-ex4-l20-cm-3-prety-%cf%86-12-mm\/","name":"Zestaw 4 x Hairpin leg N-01.3.12.b.ex4 [l=20 cm, 3 pr\u0119ty \u03a6 12 mm] - MORIA DESIGN","isPartOf":{"@id":"https:\/\/www.moriadesign.pl\/#website"},"datePublished":"2022-12-10T12:13:36+00:00","dateModified":"2026-01-31T14:55:18+00:00","breadcrumb":{"@id":"https:\/\/www.moriadesign.pl\/produkt\/zestaw-4-x-hairpin-leg-n-01-3-12-b-ex4-l20-cm-3-prety-%cf%86-12-mm\/#breadcrumb"},"inLanguage":"de","potentialAction":[{"@type":"ReadAction","target":["https:\/\/www.moriadesign.pl\/produkt\/zestaw-4-x-hairpin-leg-n-01-3-12-b-ex4-l20-cm-3-prety-%cf%86-12-mm\/"]}]},{"@type":"BreadcrumbList","@id":"https:\/\/www.moriadesign.pl\/produkt\/zestaw-4-x-hairpin-leg-n-01-3-12-b-ex4-l20-cm-3-prety-%cf%86-12-mm\/#breadcrumb","itemListElement":[{"@type":"ListItem","position":1,"name":"Strona g\u0142\u00f3wna","item":"https:\/\/www.moriadesign.pl\/"},{"@type":"ListItem","position":2,"name":"Sklep","item":"https:\/\/www.moriadesign.pl\/sklep\/"},{"@type":"ListItem","position":3,"name":"Zestaw 4 x Hairpin leg N-01.3.12.b.ex4 [l=20 cm, 3 pr\u0119ty \u03a6 12 mm]"}]},{"@type":"WebSite","@id":"https:\/\/www.moriadesign.pl\/#website","url":"https:\/\/www.moriadesign.pl\/","name":"MORIA DESIGN","description":"okucia do mebli, domu i ogrodu","potentialAction":[{"@type":"SearchAction","target":{"@type":"EntryPoint","urlTemplate":"https:\/\/www.moriadesign.pl\/?s={search_term_string}"},"query-input":"required name=search_term_string"}],"inLanguage":"de"}]}},"_links":{"self":[{"href":"https:\/\/www.moriadesign.pl\/de\/wp-json\/wp\/v2\/product\/955"}],"collection":[{"href":"https:\/\/www.moriadesign.pl\/de\/wp-json\/wp\/v2\/product"}],"about":[{"href":"https:\/\/www.moriadesign.pl\/de\/wp-json\/wp\/v2\/types\/product"}],"wp:featuredmedia":[{"embeddable":true,"href":"https:\/\/www.moriadesign.pl\/de\/wp-json\/wp\/v2\/media\/932"}],"wp:attachment":[{"href":"https:\/\/www.moriadesign.pl\/de\/wp-json\/wp\/v2\/media?parent=955"}],"wp:term":[{"taxonomy":"product_cat","embeddable":true,"href":"https:\/\/www.moriadesign.pl\/de\/wp-json\/wp\/v2\/product_cat?post=955"},{"taxonomy":"product_tag","embeddable":true,"href":"https:\/\/www.moriadesign.pl\/de\/wp-json\/wp\/v2\/product_tag?post=955"}],"curies":[{"name":"wp","href":"https:\/\/api.w.org\/{rel}","templated":true}]}}