{"id":496,"date":"2022-11-27T15:53:56","date_gmt":"2022-11-27T14:53:56","guid":{"rendered":"https:\/\/www.moriadesign.pl\/?post_type=product&#038;p=496"},"modified":"2023-01-15T22:23:51","modified_gmt":"2023-01-15T21:23:51","slug":"zawias-ozdobny-z-03u-l20-cm","status":"publish","type":"product","link":"https:\/\/www.moriadesign.pl\/de\/product-2\/dekoratives-scharnier-mit-03u-l20-cm\/","title":{"rendered":"Dekoratives Scharnier Z-03u [l=20 cm]."},"content":{"rendered":"<h2>Merkmale und Vorteile:<\/h2>\n<ul>\n<li>aus hochwertigem Stahl &gt;\u00a0<b>ewig;<\/b><\/li>\n<li>geflochtenes Scharnier &gt;\u00a0<b>universal;<\/b><\/li>\n<li>abgeschr\u00e4gte Befestigungsl\u00f6cher &gt;\u00a0<b>\u00e4sthetisch ansprechend;<\/b><\/li>\n<li>Pulverbeschichtung in Mattschwarz (Null-Glanz, Feinstruktur) - weitaus widerstandsf\u00e4higer gegen Besch\u00e4digungen als Spritzlacke, Pulverlacke sind f\u00fcr Mensch und Umwelt v\u00f6llig unbedenklich &gt; <b>langlebig und elegant verarbeitet;<\/b><\/li>\n<li>Abmessungen: Blechst\u00e4rke - 2,5 mm, \u03a6 der Befestigungsl\u00f6cher - 5,2 mm &gt;.\u00a0<b>massiv;<\/b><\/li>\n<li>maximale Abmessungen: Breite - 8 mm, L\u00e4nge - 24 cm, H\u00f6he - 13 cm &gt; <b>verh\u00e4ltnism\u00e4\u00dfig.<\/b><\/li>\n<\/ul>\n<h2>Anwendung:<\/h2>\n<ul>\n<li>f\u00fcr T\u00fcren, Fensterl\u00e4den, Gartenarchitektur aus Holz.<\/li>\n<\/ul>","protected":false},"excerpt":{"rendered":"<p>Cechy i zalety: wykonany z wysokiej gatunkowo stali &gt;\u00a0wieczny; zawias splatany &gt;\u00a0uniwersalny; fazowane otwory monta\u017cowe &gt;\u00a0estetyczny; pomalowany farb\u0105 proszkow\u0105 w kolorze czarny mat (zero po\u0142ysku, drobna struktura) \u2013 zdecydowanie wy\u017csza odporno\u015b\u0107 na uszkodzenia od pow\u0142ok farb natryskowych, farby proszkowe s\u0105 w pe\u0142ni bezpieczne dla ludzi i \u015brodowiska &gt; trwale i elegancko wyko\u0144czony; wymiary: grubo\u015b\u0107 blachy&#8230;<\/p>","protected":false},"featured_media":581,"template":"","meta":{"inline_featured_image":false},"product_cat":[24,25],"product_tag":[],"acf":[],"yoast_head":"<!-- This site is optimized with the Yoast SEO plugin v20.2 - https:\/\/yoast.com\/wordpress\/plugins\/seo\/ -->\n<title>Zawias ozdobny Z-03u [l=20 cm] - MORIA DESIGN<\/title>\n<meta name=\"robots\" content=\"index, follow, max-snippet:-1, max-image-preview:large, max-video-preview:-1\" \/>\n<link rel=\"canonical\" href=\"https:\/\/www.moriadesign.pl\/de\/product-2\/dekoratives-scharnier-mit-03u-l20-cm\/?wmc-currency=EUR\" \/>\n<meta property=\"og:locale\" content=\"de_DE\" \/>\n<meta property=\"og:type\" content=\"article\" \/>\n<meta property=\"og:title\" content=\"Zawias ozdobny Z-03u [l=20 cm] - MORIA DESIGN\" \/>\n<meta property=\"og:description\" content=\"Cechy i zalety: wykonany z wysokiej gatunkowo stali &gt;\u00a0wieczny; zawias splatany &gt;\u00a0uniwersalny; fazowane otwory monta\u017cowe &gt;\u00a0estetyczny; pomalowany farb\u0105 proszkow\u0105 w kolorze czarny mat (zero po\u0142ysku, drobna struktura) \u2013 zdecydowanie wy\u017csza odporno\u015b\u0107 na uszkodzenia od pow\u0142ok farb natryskowych, farby proszkowe s\u0105 w pe\u0142ni bezpieczne dla ludzi i \u015brodowiska &gt; trwale i elegancko wyko\u0144czony; wymiary: grubo\u015b\u0107 blachy...\" \/>\n<meta property=\"og:url\" content=\"https:\/\/www.moriadesign.pl\/de\/product-2\/dekoratives-scharnier-mit-03u-l20-cm\/?wmc-currency=EUR\" \/>\n<meta property=\"og:site_name\" content=\"MORIA DESIGN\" \/>\n<meta property=\"article:modified_time\" content=\"2023-01-15T21:23:51+00:00\" \/>\n<meta property=\"og:image\" content=\"https:\/\/www.moriadesign.pl\/wp-content\/uploads\/2022\/11\/Z-03u_1.png\" \/>\n\t<meta property=\"og:image:width\" content=\"1600\" \/>\n\t<meta property=\"og:image:height\" content=\"1600\" \/>\n\t<meta property=\"og:image:type\" content=\"image\/png\" \/>\n<meta name=\"twitter:card\" content=\"summary_large_image\" \/>\n<script type=\"application\/ld+json\" class=\"yoast-schema-graph\">{\"@context\":\"https:\/\/schema.org\",\"@graph\":[{\"@type\":\"WebPage\",\"@id\":\"https:\/\/www.moriadesign.pl\/produkt\/zawias-ozdobny-z-03u-l20-cm\/\",\"url\":\"https:\/\/www.moriadesign.pl\/produkt\/zawias-ozdobny-z-03u-l20-cm\/\",\"name\":\"Zawias ozdobny Z-03u [l=20 cm] - MORIA DESIGN\",\"isPartOf\":{\"@id\":\"https:\/\/www.moriadesign.pl\/#website\"},\"datePublished\":\"2022-11-27T14:53:56+00:00\",\"dateModified\":\"2023-01-15T21:23:51+00:00\",\"breadcrumb\":{\"@id\":\"https:\/\/www.moriadesign.pl\/produkt\/zawias-ozdobny-z-03u-l20-cm\/#breadcrumb\"},\"inLanguage\":\"de\",\"potentialAction\":[{\"@type\":\"ReadAction\",\"target\":[\"https:\/\/www.moriadesign.pl\/produkt\/zawias-ozdobny-z-03u-l20-cm\/\"]}]},{\"@type\":\"BreadcrumbList\",\"@id\":\"https:\/\/www.moriadesign.pl\/produkt\/zawias-ozdobny-z-03u-l20-cm\/#breadcrumb\",\"itemListElement\":[{\"@type\":\"ListItem\",\"position\":1,\"name\":\"Strona g\u0142\u00f3wna\",\"item\":\"https:\/\/www.moriadesign.pl\/\"},{\"@type\":\"ListItem\",\"position\":2,\"name\":\"Sklep\",\"item\":\"https:\/\/www.moriadesign.pl\/sklep\/\"},{\"@type\":\"ListItem\",\"position\":3,\"name\":\"Zawias ozdobny Z-03u [l=20 cm]\"}]},{\"@type\":\"WebSite\",\"@id\":\"https:\/\/www.moriadesign.pl\/#website\",\"url\":\"https:\/\/www.moriadesign.pl\/\",\"name\":\"MORIA DESIGN\",\"description\":\"okucia do mebli, domu i ogrodu\",\"potentialAction\":[{\"@type\":\"SearchAction\",\"target\":{\"@type\":\"EntryPoint\",\"urlTemplate\":\"https:\/\/www.moriadesign.pl\/?s={search_term_string}\"},\"query-input\":\"required name=search_term_string\"}],\"inLanguage\":\"de\"}]}<\/script>\n<!-- \/ Yoast SEO plugin. -->","yoast_head_json":{"title":"Zawias ozdobny Z-03u [l=20 cm] - MORIA DESIGN","robots":{"index":"index","follow":"follow","max-snippet":"max-snippet:-1","max-image-preview":"max-image-preview:large","max-video-preview":"max-video-preview:-1"},"canonical":"https:\/\/www.moriadesign.pl\/de\/product-2\/dekoratives-scharnier-mit-03u-l20-cm\/?wmc-currency=EUR","og_locale":"de_DE","og_type":"article","og_title":"Zawias ozdobny Z-03u [l=20 cm] - MORIA DESIGN","og_description":"Cechy i zalety: wykonany z wysokiej gatunkowo stali &gt;\u00a0wieczny; zawias splatany &gt;\u00a0uniwersalny; fazowane otwory monta\u017cowe &gt;\u00a0estetyczny; pomalowany farb\u0105 proszkow\u0105 w kolorze czarny mat (zero po\u0142ysku, drobna struktura) \u2013 zdecydowanie wy\u017csza odporno\u015b\u0107 na uszkodzenia od pow\u0142ok farb natryskowych, farby proszkowe s\u0105 w pe\u0142ni bezpieczne dla ludzi i \u015brodowiska &gt; trwale i elegancko wyko\u0144czony; wymiary: grubo\u015b\u0107 blachy...","og_url":"https:\/\/www.moriadesign.pl\/de\/product-2\/dekoratives-scharnier-mit-03u-l20-cm\/?wmc-currency=EUR","og_site_name":"MORIA DESIGN","article_modified_time":"2023-01-15T21:23:51+00:00","og_image":[{"width":1600,"height":1600,"url":"https:\/\/www.moriadesign.pl\/wp-content\/uploads\/2022\/11\/Z-03u_1.png","type":"image\/png"}],"twitter_card":"summary_large_image","schema":{"@context":"https:\/\/schema.org","@graph":[{"@type":"WebPage","@id":"https:\/\/www.moriadesign.pl\/produkt\/zawias-ozdobny-z-03u-l20-cm\/","url":"https:\/\/www.moriadesign.pl\/produkt\/zawias-ozdobny-z-03u-l20-cm\/","name":"Zawias ozdobny Z-03u [l=20 cm] - MORIA DESIGN","isPartOf":{"@id":"https:\/\/www.moriadesign.pl\/#website"},"datePublished":"2022-11-27T14:53:56+00:00","dateModified":"2023-01-15T21:23:51+00:00","breadcrumb":{"@id":"https:\/\/www.moriadesign.pl\/produkt\/zawias-ozdobny-z-03u-l20-cm\/#breadcrumb"},"inLanguage":"de","potentialAction":[{"@type":"ReadAction","target":["https:\/\/www.moriadesign.pl\/produkt\/zawias-ozdobny-z-03u-l20-cm\/"]}]},{"@type":"BreadcrumbList","@id":"https:\/\/www.moriadesign.pl\/produkt\/zawias-ozdobny-z-03u-l20-cm\/#breadcrumb","itemListElement":[{"@type":"ListItem","position":1,"name":"Strona g\u0142\u00f3wna","item":"https:\/\/www.moriadesign.pl\/"},{"@type":"ListItem","position":2,"name":"Sklep","item":"https:\/\/www.moriadesign.pl\/sklep\/"},{"@type":"ListItem","position":3,"name":"Zawias ozdobny Z-03u [l=20 cm]"}]},{"@type":"WebSite","@id":"https:\/\/www.moriadesign.pl\/#website","url":"https:\/\/www.moriadesign.pl\/","name":"MORIA DESIGN","description":"okucia do mebli, domu i ogrodu","potentialAction":[{"@type":"SearchAction","target":{"@type":"EntryPoint","urlTemplate":"https:\/\/www.moriadesign.pl\/?s={search_term_string}"},"query-input":"required name=search_term_string"}],"inLanguage":"de"}]}},"_links":{"self":[{"href":"https:\/\/www.moriadesign.pl\/de\/wp-json\/wp\/v2\/product\/496"}],"collection":[{"href":"https:\/\/www.moriadesign.pl\/de\/wp-json\/wp\/v2\/product"}],"about":[{"href":"https:\/\/www.moriadesign.pl\/de\/wp-json\/wp\/v2\/types\/product"}],"wp:featuredmedia":[{"embeddable":true,"href":"https:\/\/www.moriadesign.pl\/de\/wp-json\/wp\/v2\/media\/581"}],"wp:attachment":[{"href":"https:\/\/www.moriadesign.pl\/de\/wp-json\/wp\/v2\/media?parent=496"}],"wp:term":[{"taxonomy":"product_cat","embeddable":true,"href":"https:\/\/www.moriadesign.pl\/de\/wp-json\/wp\/v2\/product_cat?post=496"},{"taxonomy":"product_tag","embeddable":true,"href":"https:\/\/www.moriadesign.pl\/de\/wp-json\/wp\/v2\/product_tag?post=496"}],"curies":[{"name":"wp","href":"https:\/\/api.w.org\/{rel}","templated":true}]}}