{"id":4768,"date":"2025-11-28T14:19:18","date_gmt":"2025-11-28T13:19:18","guid":{"rendered":"https:\/\/www.moriadesign.pl\/?post_type=product&#038;p=4768"},"modified":"2026-04-22T11:03:52","modified_gmt":"2026-04-22T09:03:52","slug":"kotwa-ozdobna-m-08","status":"publish","type":"product","link":"https:\/\/www.moriadesign.pl\/de\/product-2\/zieranker-m-08\/","title":{"rendered":"Dekorativer Anker M-08 [Breite =130 mm]."},"content":{"rendered":"<h2>Merkmale und Vorteile:<\/h2>\n<ul>\n<li>aus hochwertigem Stahl &gt; <b>ewig;<\/b><\/li>\n<li>langer, dicker, massiver Rippenstab verwendet &gt; <strong>funktionell;<\/strong><\/li>\n<li>abgeschr\u00e4gte Befestigungsl\u00f6cher &gt;\u00a0<b>\u00c4sthetik;<\/b><\/li>\n<li>Pulverbeschichtung in Mattschwarz (Null-Glanz, Feinstruktur) - weitaus widerstandsf\u00e4higer gegen Besch\u00e4digungen als Spritzlackierungen, Pulverlacke sind v\u00f6llig unbedenklich f\u00fcr Mensch und Umwelt &gt; <b>langlebig und elegant verarbeitet;<\/b><\/li>\n<li>Abmessungen: Dicke des Blechs - 4 mm, \u03a6 Stange - 20 mm, \u03a6 Befestigungsl\u00f6cher - 8 mm &gt;. <b>robust;<\/b><\/li>\n<li>Maximale Abmessungen: Breite - 13 cm, Tiefe - 11 cm, H\u00f6he - 46 cm &gt; <b>verh\u00e4ltnism\u00e4\u00dfig.<\/b><\/li>\n<\/ul>\n<h2>Anwendung:<\/h2>\n<ul>\n<li>f\u00fcr Gartenlauben, Pergolen, Balken, Zaunpf\u00e4hle, Gartenarchitektur aus Holz.<\/li>\n<\/ul>\n<details>\n<summary style=\"cursor: pointer;\">Mehr lesen<\/summary>\n<h2><span lang=\"pl-PL\">Dekorativer Gartenanker Modell M-08 - ideal zum Schutz von Holzpfosten vor F\u00e4ulnis<\/span><\/h2>\n<p><span lang=\"pl-PL\"><strong>Zieranker im Retro-Stil M-08<\/strong><!-- jw. --> ist eine \u00e4sthetisch ansprechende und funktionale L\u00f6sung von <a href=\"\/de\/?wmc-currency=EUR\">MORIA DESIGN<\/a> f\u00fcr Ihren Garten<\/span><span lang=\"pl-PL\">. Wir empfehlen dieses Produkt insbesondere denjenigen, die eine bew\u00e4hrte und \u00e4sthetisch ansprechende M\u00f6glichkeit suchen, um Pavillonstangen, Unterst\u00e4nde, Pergolen und andere Gartenarchitekturobjekte aus Holz bereits in der Bauphase dauerhaft und effektiv zu sichern. Unsere D\u00fcbel sind aus zertifiziertem Stahl gefertigt<\/span><span lang=\"pl-PL\">. Die Art und Weise, wie die Anker hergestellt werden, kombiniert St\u00e4rke, Funktionalit\u00e4t und ein elegantes und rustikales Aussehen. Die verwendeten Materialien und der Korrosionsschutz machen die D\u00fcbel praktisch unverw\u00fcstlich. Widerstandsf\u00e4hig gegen Witterungseinfl\u00fcsse und mechanische Besch\u00e4digungen sind sie ideal f\u00fcr Ihren Garten.\u00a0<\/span><\/p>\n<p><span lang=\"pl-PL\"><strong>Dekorativer Anker M-08<\/strong> von MORIA DESIGN ist ein garantiertes Beispiel f\u00fcr Solidit\u00e4t und durchdachtes, funktionales Design. Der Anker besteht aus einem 4 mm dicken Stahlblech und einer massiven Rippenstange mit einem Durchmesser von 20 mm. Die Ber\u00fchrungsstelle zwischen Anker und Untergrund ist am anf\u00e4lligsten f\u00fcr \u00e4u\u00dfere Einfl\u00fcsse (Wasser nach Niederschl\u00e4gen, Hundeurin, Chemikalien aus Hochdruckreinigern). Aus diesem Grund haben wir in unserem D\u00fcbel eine 20 mm dicke Stange und einen massiven Korrosionsschutz verwendet, der die erwartete Widerstandsf\u00e4higkeit des D\u00fcbels gegen die oben genannten \u00e4u\u00dferen Einfl\u00fcsse gew\u00e4hrleistet.<\/span><\/p>\n<p><strong>Dekorative D\u00fcbel<\/strong> zeichnen sich durch ihr elegantes, rustikales und originelles Design und ihre hochwertige Verarbeitung aus. Jeder Anker ist mit geschmiedeten Stahlnieten versehen, die das einzigartige Design subtil unterstreichen. Die Zierd\u00fcbel werden in verschiedenen Varianten angeboten, die sich in ihrer Gr\u00f6\u00dfe, Verstellbarkeit sowie der Montageart (zum Schrauben, zum Einbetonieren) unterscheiden, was ihre vielf\u00e4ltigen Einsatzm\u00f6glichkeiten garantiert. Das vorgestellte Ankermodell ist f\u00fcr das Einbetonieren bestimmt. Wir bieten dieses dekorative Ankermodell auch in einer schraubbaren Version an.<\/p>\n<p><span lang=\"pl-PL\">Robuste <a href=\"\/de\/angebot\/zierverschlusse\/?wmc-currency=EUR\">Zieranker<\/a> im Retro-Stil von MORIA DESIGN ist eine gleichzeitige Kombination aus Haltbarkeit, Funktionalit\u00e4t und Eleganz. Die aus hochwertigen Materialien hergestellten, vor Korrosion gesch\u00fctzten und \u00e4sthetisch gestalteten Zieranker werden auch die Bed\u00fcrfnisse der anspruchsvollsten Benutzer erf\u00fcllen. Die dekorativen Stahlanker k\u00f6nnen an Holzpfosten f\u00fcr Pavillons, Z\u00e4une, Pergolen, Carports, Ger\u00e4teh\u00e4user oder Kinderh\u00e4user angebracht werden, was sie zu einer \u00e4u\u00dferst praktischen L\u00f6sung macht. Wir laden Sie ein, solide und elegante Zieranker von MORIA DESIGN zu kaufen, die die Best\u00e4ndigkeit Ihrer Projekte gew\u00e4hrleisten und gleichzeitig eine originelle und subtile Dekoration der Umgebung darstellen.<\/span><\/p>\n<\/details>","protected":false},"excerpt":{"rendered":"<p>Cechy i zalety: wykonana z wysokiej gatunkowo stali &gt; wieczna; zastosowany d\u0142ugi, gruby, solidny pr\u0119t \u017cebrowany &gt; funkcjonalna; fazowane otwory monta\u017cowe &gt;\u00a0estetyczna; pomalowana farb\u0105 proszkow\u0105 w kolorze czarny mat (zero po\u0142ysku, drobna struktura) \u2013 zdecydowanie wy\u017csza odporno\u015b\u0107 na uszkodzenia od pow\u0142ok farb natryskowych, farby proszkowe s\u0105 w pe\u0142ni bezpieczne dla ludzi i \u015brodowiska &gt; trwale&#8230;<\/p>","protected":false},"featured_media":4712,"template":"","meta":{"inline_featured_image":false},"product_cat":[33],"product_tag":[153,156,157,152,160,159,158,155,154],"acf":[],"yoast_head":"<!-- This site is optimized with the Yoast SEO plugin v20.2 - https:\/\/yoast.com\/wordpress\/plugins\/seo\/ -->\n<title>Kotwa ozdobna M-08 [szer.=130 mm] - MORIA DESIGN<\/title>\n<meta name=\"description\" content=\"Tanie i solidne kotwy ozdobne w stylu retro do Twojego ogrodu. Wysoka jako\u015b\u0107 wykonania. Zam\u00f3w ju\u017c dzi\u015b, a wysy\u0142ka ju\u017c jutro!\" \/>\n<meta name=\"robots\" content=\"index, follow, max-snippet:-1, max-image-preview:large, max-video-preview:-1\" \/>\n<link rel=\"canonical\" href=\"https:\/\/www.moriadesign.pl\/de\/product-2\/zieranker-m-08\/?wmc-currency=EUR\" \/>\n<meta property=\"og:locale\" content=\"de_DE\" \/>\n<meta property=\"og:type\" content=\"article\" \/>\n<meta property=\"og:title\" content=\"Kotwa ozdobna M-08 [szer.=130 mm] - MORIA DESIGN\" \/>\n<meta property=\"og:description\" content=\"Tanie i solidne kotwy ozdobne w stylu retro do Twojego ogrodu. Wysoka jako\u015b\u0107 wykonania. Zam\u00f3w ju\u017c dzi\u015b, a wysy\u0142ka ju\u017c jutro!\" \/>\n<meta property=\"og:url\" content=\"https:\/\/www.moriadesign.pl\/de\/product-2\/zieranker-m-08\/?wmc-currency=EUR\" \/>\n<meta property=\"og:site_name\" content=\"MORIA DESIGN\" \/>\n<meta property=\"article:modified_time\" content=\"2026-04-22T09:03:52+00:00\" \/>\n<meta property=\"og:image\" content=\"https:\/\/www.moriadesign.pl\/wp-content\/uploads\/2025\/11\/M-08_1-kotwa-do-zadaszenia-tarasu.png\" \/>\n\t<meta property=\"og:image:width\" content=\"1600\" \/>\n\t<meta property=\"og:image:height\" content=\"1600\" \/>\n\t<meta property=\"og:image:type\" content=\"image\/png\" \/>\n<meta name=\"twitter:card\" content=\"summary_large_image\" \/>\n<meta name=\"twitter:label1\" content=\"Gesch\u00e4tzte Lesezeit\" \/>\n\t<meta name=\"twitter:data1\" content=\"3\u00a0Minuten\" \/>\n<script type=\"application\/ld+json\" class=\"yoast-schema-graph\">{\"@context\":\"https:\/\/schema.org\",\"@graph\":[{\"@type\":\"WebPage\",\"@id\":\"https:\/\/www.moriadesign.pl\/produkt\/kotwa-ozdobna-m-08\/\",\"url\":\"https:\/\/www.moriadesign.pl\/produkt\/kotwa-ozdobna-m-08\/\",\"name\":\"Kotwa ozdobna M-08 [szer.=130 mm] - MORIA DESIGN\",\"isPartOf\":{\"@id\":\"https:\/\/www.moriadesign.pl\/#website\"},\"datePublished\":\"2025-11-28T13:19:18+00:00\",\"dateModified\":\"2026-04-22T09:03:52+00:00\",\"description\":\"Tanie i solidne kotwy ozdobne w stylu retro do Twojego ogrodu. Wysoka jako\u015b\u0107 wykonania. Zam\u00f3w ju\u017c dzi\u015b, a wysy\u0142ka ju\u017c jutro!\",\"breadcrumb\":{\"@id\":\"https:\/\/www.moriadesign.pl\/produkt\/kotwa-ozdobna-m-08\/#breadcrumb\"},\"inLanguage\":\"de\",\"potentialAction\":[{\"@type\":\"ReadAction\",\"target\":[\"https:\/\/www.moriadesign.pl\/produkt\/kotwa-ozdobna-m-08\/\"]}]},{\"@type\":\"BreadcrumbList\",\"@id\":\"https:\/\/www.moriadesign.pl\/produkt\/kotwa-ozdobna-m-08\/#breadcrumb\",\"itemListElement\":[{\"@type\":\"ListItem\",\"position\":1,\"name\":\"Strona g\u0142\u00f3wna\",\"item\":\"https:\/\/www.moriadesign.pl\/\"},{\"@type\":\"ListItem\",\"position\":2,\"name\":\"Sklep\",\"item\":\"https:\/\/www.moriadesign.pl\/sklep\/\"},{\"@type\":\"ListItem\",\"position\":3,\"name\":\"Kotwa ozdobna M-08 [szer.=130 mm]\"}]},{\"@type\":\"WebSite\",\"@id\":\"https:\/\/www.moriadesign.pl\/#website\",\"url\":\"https:\/\/www.moriadesign.pl\/\",\"name\":\"MORIA DESIGN\",\"description\":\"okucia do mebli, domu i ogrodu\",\"potentialAction\":[{\"@type\":\"SearchAction\",\"target\":{\"@type\":\"EntryPoint\",\"urlTemplate\":\"https:\/\/www.moriadesign.pl\/?s={search_term_string}\"},\"query-input\":\"required name=search_term_string\"}],\"inLanguage\":\"de\"}]}<\/script>\n<!-- \/ Yoast SEO plugin. -->","yoast_head_json":{"title":"Kotwa ozdobna M-08 [szer.=130 mm] - MORIA DESIGN","description":"Tanie i solidne kotwy ozdobne w stylu retro do Twojego ogrodu. Wysoka jako\u015b\u0107 wykonania. Zam\u00f3w ju\u017c dzi\u015b, a wysy\u0142ka ju\u017c jutro!","robots":{"index":"index","follow":"follow","max-snippet":"max-snippet:-1","max-image-preview":"max-image-preview:large","max-video-preview":"max-video-preview:-1"},"canonical":"https:\/\/www.moriadesign.pl\/de\/product-2\/zieranker-m-08\/?wmc-currency=EUR","og_locale":"de_DE","og_type":"article","og_title":"Kotwa ozdobna M-08 [szer.=130 mm] - MORIA DESIGN","og_description":"Tanie i solidne kotwy ozdobne w stylu retro do Twojego ogrodu. Wysoka jako\u015b\u0107 wykonania. Zam\u00f3w ju\u017c dzi\u015b, a wysy\u0142ka ju\u017c jutro!","og_url":"https:\/\/www.moriadesign.pl\/de\/product-2\/zieranker-m-08\/?wmc-currency=EUR","og_site_name":"MORIA DESIGN","article_modified_time":"2026-04-22T09:03:52+00:00","og_image":[{"width":1600,"height":1600,"url":"https:\/\/www.moriadesign.pl\/wp-content\/uploads\/2025\/11\/M-08_1-kotwa-do-zadaszenia-tarasu.png","type":"image\/png"}],"twitter_card":"summary_large_image","twitter_misc":{"Gesch\u00e4tzte Lesezeit":"3\u00a0Minuten"},"schema":{"@context":"https:\/\/schema.org","@graph":[{"@type":"WebPage","@id":"https:\/\/www.moriadesign.pl\/produkt\/kotwa-ozdobna-m-08\/","url":"https:\/\/www.moriadesign.pl\/produkt\/kotwa-ozdobna-m-08\/","name":"Kotwa ozdobna M-08 [szer.=130 mm] - MORIA DESIGN","isPartOf":{"@id":"https:\/\/www.moriadesign.pl\/#website"},"datePublished":"2025-11-28T13:19:18+00:00","dateModified":"2026-04-22T09:03:52+00:00","description":"Tanie i solidne kotwy ozdobne w stylu retro do Twojego ogrodu. Wysoka jako\u015b\u0107 wykonania. Zam\u00f3w ju\u017c dzi\u015b, a wysy\u0142ka ju\u017c jutro!","breadcrumb":{"@id":"https:\/\/www.moriadesign.pl\/produkt\/kotwa-ozdobna-m-08\/#breadcrumb"},"inLanguage":"de","potentialAction":[{"@type":"ReadAction","target":["https:\/\/www.moriadesign.pl\/produkt\/kotwa-ozdobna-m-08\/"]}]},{"@type":"BreadcrumbList","@id":"https:\/\/www.moriadesign.pl\/produkt\/kotwa-ozdobna-m-08\/#breadcrumb","itemListElement":[{"@type":"ListItem","position":1,"name":"Strona g\u0142\u00f3wna","item":"https:\/\/www.moriadesign.pl\/"},{"@type":"ListItem","position":2,"name":"Sklep","item":"https:\/\/www.moriadesign.pl\/sklep\/"},{"@type":"ListItem","position":3,"name":"Kotwa ozdobna M-08 [szer.=130 mm]"}]},{"@type":"WebSite","@id":"https:\/\/www.moriadesign.pl\/#website","url":"https:\/\/www.moriadesign.pl\/","name":"MORIA DESIGN","description":"okucia do mebli, domu i ogrodu","potentialAction":[{"@type":"SearchAction","target":{"@type":"EntryPoint","urlTemplate":"https:\/\/www.moriadesign.pl\/?s={search_term_string}"},"query-input":"required name=search_term_string"}],"inLanguage":"de"}]}},"_links":{"self":[{"href":"https:\/\/www.moriadesign.pl\/de\/wp-json\/wp\/v2\/product\/4768"}],"collection":[{"href":"https:\/\/www.moriadesign.pl\/de\/wp-json\/wp\/v2\/product"}],"about":[{"href":"https:\/\/www.moriadesign.pl\/de\/wp-json\/wp\/v2\/types\/product"}],"wp:featuredmedia":[{"embeddable":true,"href":"https:\/\/www.moriadesign.pl\/de\/wp-json\/wp\/v2\/media\/4712"}],"wp:attachment":[{"href":"https:\/\/www.moriadesign.pl\/de\/wp-json\/wp\/v2\/media?parent=4768"}],"wp:term":[{"taxonomy":"product_cat","embeddable":true,"href":"https:\/\/www.moriadesign.pl\/de\/wp-json\/wp\/v2\/product_cat?post=4768"},{"taxonomy":"product_tag","embeddable":true,"href":"https:\/\/www.moriadesign.pl\/de\/wp-json\/wp\/v2\/product_tag?post=4768"}],"curies":[{"name":"wp","href":"https:\/\/api.w.org\/{rel}","templated":true}]}}