{"id":3776,"date":"2024-08-07T14:10:51","date_gmt":"2024-08-07T12:10:51","guid":{"rendered":"https:\/\/www.moriadesign.pl\/?post_type=product&#038;p=3776"},"modified":"2026-04-03T11:00:32","modified_gmt":"2026-04-03T09:00:32","slug":"antracytowy-stojak-rowerowy-b-08-50-k-l34-cm","status":"publish","type":"product","link":"https:\/\/www.moriadesign.pl\/de\/product-2\/antracytowy-stojak-rowerowy-b-08-50-k-l34-cm\/","title":{"rendered":"Fahrradst\u00e4nder B-08.50.k [l=34 cm]"},"content":{"rendered":"<h2>Merkmale und Vorteile:<\/h2>\n<ul>\n<li>aus Stahl (Profil) &gt; <b>modny<\/b>;<\/li>\n<li>Befestigungsart - geschraubt (Metallblende) &gt;\u00a0<b>leicht zu installieren<\/b>;<\/li>\n<li>*Verzinkt und pulverbeschichtet in Anthrazit\/Graphit RAL 7016 - deutlich widerstandsf\u00e4higer gegen Besch\u00e4digungen als Spritzlackierungen, Pulverbeschichtungen sind absolut sicher f\u00fcr Mensch und Umwelt &gt;. <b>langlebig und elegant verarbeitet;<\/b><\/li>\n<li>wymiary: wysoko\u015b\u0107 &#8211; 80 cm, d\u0142ugo\u015b\u0107 &#8211; 34 cm, profil &#8211; 50 x 50 mm, grubo\u015b\u0107 kryzy &#8211; 4 mm &gt;<b> robust<\/b>;<\/li>\n<li>maschinell hergestellt &gt;\u00a0<b>Wiederholte<\/b>.<\/li>\n<\/ul>\n<p>*Nur pulverbeschichtete Version ebenfalls erh\u00e4ltlich.<\/p>\n<h2>Anwendung:<\/h2>\n<ul>\n<li>Die Konstruktion des St\u00e4nders erm\u00f6glicht es, sowohl den Rahmen als auch das Rad des Fahrrads mit einem Sicherheitskabel zu sichern. Er eignet sich auch gut zum Abstellen von Motorrollern.<\/li>\n<\/ul>\n<details>\n<summary style=\"cursor: pointer;\">Mehr lesen<\/summary>\n<h2><span lang=\"pl-PL\">Stojak rowerowy B-08.50.k \u2013 najta\u0144szy modny stojak dla dw\u00f3ch rower\u00f3w<\/span><\/h2>\n<p><span lang=\"pl-PL\"><strong>Nowoczesny stojak na rower B-08.50.k<\/strong> to dopasowane rozwi\u0105zanie dla os\u00f3b, kt\u00f3re potrzebuj\u0105 bezpiecznego sposobu do parkowania swoich rower\u00f3w lub hulajn\u00f3g. Wykonany z solidnego, stalowego profilu, stojak umo\u017cliwia bezpieczne przypi\u0119cie dw\u00f3ch rower\u00f3w za pomoc\u0105 \u0142a\u0144cucha, linki lub U-locka. Jego niezwyk\u0142a prostota po\u0142\u0105czona z funkcjonalno\u015bci\u0105, sprawia \u017ce ukszta\u0142tny stojak rowerowy typu bramka to idealne rozwi\u0105zanie zar\u00f3wno do miejsc publicznych jak i do przydomowych podw\u00f3rek. Jego konstrukcja zapewnia stabilno\u015b\u0107 i bezpiecze\u0144stwo, co sprawia \u017ce staje si\u0119 niezast\u0105pionym elementem infrastruktury rowerowej.<\/span><\/p>\n<p><span lang=\"pl-PL\"><strong>Nowoczesny stojak do roweru B-08.50.k<\/strong> wykonany zosta\u0142 ze stalowego profilu o przekroju 50 x 50 mm i grubo\u015bci \u015bcianki 2 mm oraz solidnej kryzy monta\u017cowej z blachy o grubo\u015bci 4-5 mm. Taki dob\u00f3r materia\u0142\u00f3w potwierdza jego wytrzyma\u0142o\u015b\u0107 i odporno\u015b\u0107 na ewentualne uszkodzenia mechaniczne. Ca\u0142kowita wysoko\u015b\u0107 stojaka wynosi 80 cm. Ten mocny stojak rowerowy ma szeroko\u015b\u0107 34 cm, co czyni go idealnym rowerowym stojakiem dwustanowiskowym wskazanym do monta\u017cu w miejscach o ma\u0142ej powierzchni. Stojak dost\u0119pny jest w wersji pomalowanej proszkowo oraz ocynkowanej i pomalowanej proszkowo, co zapewnia doskona\u0142\u0105 ochron\u0119 antykorozyjn\u0105. Dzi\u0119ki temu stojak rowerowy jest odporny na warunki atmosferyczne i b\u0119dzie s\u0142u\u017cy\u0142 przez wiele lat bez konieczno\u015bci zbyt cz\u0119stych konserwacji.<\/span><\/p>\n<p><span lang=\"pl-PL\"><strong>Nowoczesny, industrialny, stojak rowerowy B-08.50.k<\/strong> wyr\u00f3\u017cnia si\u0119 eleganckim i nowoczesnym, minimalistycznym designem w stylu modern. Jest solidny i stabilny, a jednocze\u015bnie zgrabny i smuk\u0142y. Spos\u00f3b monta\u017cu prezentowanego stojaka polega na jego zakotwieniu, przykr\u0119ceniu do pod\u0142o\u017ca. Dost\u0119pny r\u00f3wnie\u017c w innej wersji monta\u017cowej: do zabetonowania. Dost\u0119pne r\u00f3\u017cne sposoby monta\u017cu sprawiaj\u0105, \u017ce stojak nie tylko b\u0119dzie dobrze spe\u0142nia\u0107 swoj\u0105 funkcj\u0119 ale r\u00f3wnie\u017c b\u0119dzie to atrakcyjny i estetyczny element ma\u0142ej architektury.<\/span><\/p>\n<p><span lang=\"pl-PL\">Je\u017celi szukasz mocnego, funkcjonalnego, a przy tym najta\u0144szego rozwi\u0105zania do bezpiecznego parkowania rower\u00f3w, to stojak rowerowy od <a href=\"\/de\/?wmc-currency=EUR\">MORIA DESIGN<\/a> jest idealnym wyborem. Model B-08.50.k jest nie tylko tani, ale r\u00f3wnie\u017c bezpieczny i odporny na trudne warunki atmosferyczne. Dzi\u0119ki mo\u017cliwo\u015bci jednoczesnego przypi\u0119cia dw\u00f3ch rower\u00f3w, u-kszta\u0142tny stojak rowerowy typu bramka, sprawdzi si\u0119 w ka\u017cdym miejscu. Stojaki mo\u017cesz zamontowa\u0107 szeregowo, tworz\u0105c funkcjonalne pojemne parkingi rowerowe, sk\u0142adaj\u0105ce si\u0119 z kliku, kilkunastu, a nawet kilkudziesi\u0119ciu rowerowych miejsc postojowych. Nie czekaj i zainwestuj w <a href=\"\/de\/angebot\/fahrradstander\/?wmc-currency=EUR\">Fahrradst\u00e4nder<\/a>, kt\u00f3re zosta\u0142y dopasowane do Twoich indywidualnych oczekiwa\u0144!<\/span><\/p>\n<\/details>","protected":false},"excerpt":{"rendered":"<p>Cechy i zalety: wykonany ze stali (profil) &gt; modny; spos\u00f3b monta\u017cu &#8211; przykr\u0119cenie (metalowa kryza) &gt;\u00a0\u0142atwy w monta\u017cu; *ocynkowany oraz pomalowany farb\u0105 proszkow\u0105 w kolorze antracytowym \/ grafitowym RAL 7016 \u2013 zdecydowanie wy\u017csza odporno\u015b\u0107 na uszkodzenia od pow\u0142ok farb natryskowych, farby proszkowe s\u0105 w pe\u0142ni bezpieczne dla ludzi i \u015brodowiska &gt; trwale i elegancko wyko\u0144czony;&#8230;<\/p>","protected":false},"featured_media":3774,"template":"","meta":{"inline_featured_image":false},"product_cat":[35],"product_tag":[60,56,64,59,76,63,62,57,58,72],"acf":[],"yoast_head":"<!-- This site is optimized with the Yoast SEO plugin v20.2 - https:\/\/yoast.com\/wordpress\/plugins\/seo\/ -->\n<title>Stojak rowerowy B-08.50.k [l=34 cm] - MORIA DESIGN<\/title>\n<meta name=\"description\" content=\"Najta\u0144sze nowoczesne stojaki rowerowe typu bramka. Pomalowane proszkowo w kolorze antracytowym, w stylu modern. Idealne na nowoczesne, miejskie place, ulice\" \/>\n<meta name=\"robots\" content=\"index, follow, max-snippet:-1, max-image-preview:large, max-video-preview:-1\" \/>\n<link rel=\"canonical\" href=\"https:\/\/www.moriadesign.pl\/de\/product-2\/antracytowy-stojak-rowerowy-b-08-50-k-l34-cm\/?wmc-currency=EUR\" \/>\n<meta property=\"og:locale\" content=\"de_DE\" \/>\n<meta property=\"og:type\" content=\"article\" \/>\n<meta property=\"og:title\" content=\"Stojak rowerowy B-08.50.k [l=34 cm] - MORIA DESIGN\" \/>\n<meta property=\"og:description\" content=\"Najta\u0144sze nowoczesne stojaki rowerowe typu bramka. Pomalowane proszkowo w kolorze antracytowym, w stylu modern. Idealne na nowoczesne, miejskie place, ulice\" \/>\n<meta property=\"og:url\" content=\"https:\/\/www.moriadesign.pl\/de\/product-2\/antracytowy-stojak-rowerowy-b-08-50-k-l34-cm\/?wmc-currency=EUR\" \/>\n<meta property=\"og:site_name\" content=\"MORIA DESIGN\" \/>\n<meta property=\"article:modified_time\" content=\"2026-04-03T09:00:32+00:00\" \/>\n<meta property=\"og:image\" content=\"https:\/\/www.moriadesign.pl\/wp-content\/uploads\/2024\/08\/B-08.50.k_1-najtanszy-grafitowy-stojak-rowerowy-z-metalu.png\" \/>\n\t<meta property=\"og:image:width\" content=\"1600\" \/>\n\t<meta property=\"og:image:height\" content=\"1600\" \/>\n\t<meta property=\"og:image:type\" content=\"image\/png\" \/>\n<meta name=\"twitter:card\" content=\"summary_large_image\" \/>\n<meta name=\"twitter:label1\" content=\"Gesch\u00e4tzte Lesezeit\" \/>\n\t<meta name=\"twitter:data1\" content=\"3\u00a0Minuten\" \/>\n<script type=\"application\/ld+json\" class=\"yoast-schema-graph\">{\"@context\":\"https:\/\/schema.org\",\"@graph\":[{\"@type\":\"WebPage\",\"@id\":\"https:\/\/www.moriadesign.pl\/produkt\/antracytowy-stojak-rowerowy-b-08-50-k-l34-cm\/\",\"url\":\"https:\/\/www.moriadesign.pl\/produkt\/antracytowy-stojak-rowerowy-b-08-50-k-l34-cm\/\",\"name\":\"Stojak rowerowy B-08.50.k [l=34 cm] - MORIA DESIGN\",\"isPartOf\":{\"@id\":\"https:\/\/www.moriadesign.pl\/#website\"},\"datePublished\":\"2024-08-07T12:10:51+00:00\",\"dateModified\":\"2026-04-03T09:00:32+00:00\",\"description\":\"Najta\u0144sze nowoczesne stojaki rowerowe typu bramka. Pomalowane proszkowo w kolorze antracytowym, w stylu modern. Idealne na nowoczesne, miejskie place, ulice\",\"breadcrumb\":{\"@id\":\"https:\/\/www.moriadesign.pl\/produkt\/antracytowy-stojak-rowerowy-b-08-50-k-l34-cm\/#breadcrumb\"},\"inLanguage\":\"de\",\"potentialAction\":[{\"@type\":\"ReadAction\",\"target\":[\"https:\/\/www.moriadesign.pl\/produkt\/antracytowy-stojak-rowerowy-b-08-50-k-l34-cm\/\"]}]},{\"@type\":\"BreadcrumbList\",\"@id\":\"https:\/\/www.moriadesign.pl\/produkt\/antracytowy-stojak-rowerowy-b-08-50-k-l34-cm\/#breadcrumb\",\"itemListElement\":[{\"@type\":\"ListItem\",\"position\":1,\"name\":\"Strona g\u0142\u00f3wna\",\"item\":\"https:\/\/www.moriadesign.pl\/\"},{\"@type\":\"ListItem\",\"position\":2,\"name\":\"Sklep\",\"item\":\"https:\/\/www.moriadesign.pl\/sklep\/\"},{\"@type\":\"ListItem\",\"position\":3,\"name\":\"Stojak rowerowy B-08.50.k [l=34 cm]\"}]},{\"@type\":\"WebSite\",\"@id\":\"https:\/\/www.moriadesign.pl\/#website\",\"url\":\"https:\/\/www.moriadesign.pl\/\",\"name\":\"MORIA DESIGN\",\"description\":\"okucia do mebli, domu i ogrodu\",\"potentialAction\":[{\"@type\":\"SearchAction\",\"target\":{\"@type\":\"EntryPoint\",\"urlTemplate\":\"https:\/\/www.moriadesign.pl\/?s={search_term_string}\"},\"query-input\":\"required name=search_term_string\"}],\"inLanguage\":\"de\"}]}<\/script>\n<!-- \/ Yoast SEO plugin. -->","yoast_head_json":{"title":"Stojak rowerowy B-08.50.k [l=34 cm] - MORIA DESIGN","description":"Najta\u0144sze nowoczesne stojaki rowerowe typu bramka. Pomalowane proszkowo w kolorze antracytowym, w stylu modern. Idealne na nowoczesne, miejskie place, ulice","robots":{"index":"index","follow":"follow","max-snippet":"max-snippet:-1","max-image-preview":"max-image-preview:large","max-video-preview":"max-video-preview:-1"},"canonical":"https:\/\/www.moriadesign.pl\/de\/product-2\/antracytowy-stojak-rowerowy-b-08-50-k-l34-cm\/?wmc-currency=EUR","og_locale":"de_DE","og_type":"article","og_title":"Stojak rowerowy B-08.50.k [l=34 cm] - MORIA DESIGN","og_description":"Najta\u0144sze nowoczesne stojaki rowerowe typu bramka. Pomalowane proszkowo w kolorze antracytowym, w stylu modern. Idealne na nowoczesne, miejskie place, ulice","og_url":"https:\/\/www.moriadesign.pl\/de\/product-2\/antracytowy-stojak-rowerowy-b-08-50-k-l34-cm\/?wmc-currency=EUR","og_site_name":"MORIA DESIGN","article_modified_time":"2026-04-03T09:00:32+00:00","og_image":[{"width":1600,"height":1600,"url":"https:\/\/www.moriadesign.pl\/wp-content\/uploads\/2024\/08\/B-08.50.k_1-najtanszy-grafitowy-stojak-rowerowy-z-metalu.png","type":"image\/png"}],"twitter_card":"summary_large_image","twitter_misc":{"Gesch\u00e4tzte Lesezeit":"3\u00a0Minuten"},"schema":{"@context":"https:\/\/schema.org","@graph":[{"@type":"WebPage","@id":"https:\/\/www.moriadesign.pl\/produkt\/antracytowy-stojak-rowerowy-b-08-50-k-l34-cm\/","url":"https:\/\/www.moriadesign.pl\/produkt\/antracytowy-stojak-rowerowy-b-08-50-k-l34-cm\/","name":"Stojak rowerowy B-08.50.k [l=34 cm] - MORIA DESIGN","isPartOf":{"@id":"https:\/\/www.moriadesign.pl\/#website"},"datePublished":"2024-08-07T12:10:51+00:00","dateModified":"2026-04-03T09:00:32+00:00","description":"Najta\u0144sze nowoczesne stojaki rowerowe typu bramka. Pomalowane proszkowo w kolorze antracytowym, w stylu modern. Idealne na nowoczesne, miejskie place, ulice","breadcrumb":{"@id":"https:\/\/www.moriadesign.pl\/produkt\/antracytowy-stojak-rowerowy-b-08-50-k-l34-cm\/#breadcrumb"},"inLanguage":"de","potentialAction":[{"@type":"ReadAction","target":["https:\/\/www.moriadesign.pl\/produkt\/antracytowy-stojak-rowerowy-b-08-50-k-l34-cm\/"]}]},{"@type":"BreadcrumbList","@id":"https:\/\/www.moriadesign.pl\/produkt\/antracytowy-stojak-rowerowy-b-08-50-k-l34-cm\/#breadcrumb","itemListElement":[{"@type":"ListItem","position":1,"name":"Strona g\u0142\u00f3wna","item":"https:\/\/www.moriadesign.pl\/"},{"@type":"ListItem","position":2,"name":"Sklep","item":"https:\/\/www.moriadesign.pl\/sklep\/"},{"@type":"ListItem","position":3,"name":"Stojak rowerowy B-08.50.k [l=34 cm]"}]},{"@type":"WebSite","@id":"https:\/\/www.moriadesign.pl\/#website","url":"https:\/\/www.moriadesign.pl\/","name":"MORIA DESIGN","description":"okucia do mebli, domu i ogrodu","potentialAction":[{"@type":"SearchAction","target":{"@type":"EntryPoint","urlTemplate":"https:\/\/www.moriadesign.pl\/?s={search_term_string}"},"query-input":"required name=search_term_string"}],"inLanguage":"de"}]}},"_links":{"self":[{"href":"https:\/\/www.moriadesign.pl\/de\/wp-json\/wp\/v2\/product\/3776"}],"collection":[{"href":"https:\/\/www.moriadesign.pl\/de\/wp-json\/wp\/v2\/product"}],"about":[{"href":"https:\/\/www.moriadesign.pl\/de\/wp-json\/wp\/v2\/types\/product"}],"wp:featuredmedia":[{"embeddable":true,"href":"https:\/\/www.moriadesign.pl\/de\/wp-json\/wp\/v2\/media\/3774"}],"wp:attachment":[{"href":"https:\/\/www.moriadesign.pl\/de\/wp-json\/wp\/v2\/media?parent=3776"}],"wp:term":[{"taxonomy":"product_cat","embeddable":true,"href":"https:\/\/www.moriadesign.pl\/de\/wp-json\/wp\/v2\/product_cat?post=3776"},{"taxonomy":"product_tag","embeddable":true,"href":"https:\/\/www.moriadesign.pl\/de\/wp-json\/wp\/v2\/product_tag?post=3776"}],"curies":[{"name":"wp","href":"https:\/\/api.w.org\/{rel}","templated":true}]}}