{"id":2630,"date":"2023-01-02T13:46:08","date_gmt":"2023-01-02T12:46:08","guid":{"rendered":"https:\/\/www.moriadesign.pl\/?post_type=product&#038;p=2630"},"modified":"2026-04-03T11:15:37","modified_gmt":"2026-04-03T09:15:37","slug":"stojak-rowerowy-b-04-48-k-l25-cm","status":"publish","type":"product","link":"https:\/\/www.moriadesign.pl\/de\/product-2\/fahrradstander-b-04-48-k-l25-cm\/","title":{"rendered":"Fahrradst\u00e4nder B-04.48.k [l=25 cm]"},"content":{"rendered":"<h2>Merkmale und Vorteile:<\/h2>\n<ul>\n<li>aus Stahl (Rohr + Blech mit Logo) &gt;\u00a0<b>immerw\u00e4hrend<\/b>;<\/li>\n<li>Befestigungsart - geschraubt (Metallblende) &gt;\u00a0<b>leicht zu installieren<\/b>;<\/li>\n<li>*Verzinkt und pulverbeschichtet in mattschwarz (glanzlos, feine Struktur) - weitaus widerstandsf\u00e4higer gegen Besch\u00e4digungen als Spritzlackierungen, Pulverlacke sind f\u00fcr Mensch und Umwelt v\u00f6llig unbedenklich &gt;. <b>langlebig und elegant verarbeitet;<\/b><\/li>\n<li>Abmessungen: H\u00f6he - 80 cm, L\u00e4nge - 25 cm, Blechst\u00e4rke - 2 mm, Rohr \u03a6 48,3 mm, \u00d6ffnungsdicke - 4 mm &gt;<b> robust<\/b>;<\/li>\n<li>maschinell hergestellt &gt;\u00a0<b>Wiederholte<\/b>.<\/li>\n<\/ul>\n<p>*Nur pulverbeschichtete Version ebenfalls erh\u00e4ltlich.<\/p>\n<h2>Anwendung:<\/h2>\n<ul>\n<li>Die Konstruktion des St\u00e4nders erm\u00f6glicht es, sowohl den Rahmen als auch das Rad des Fahrrads mit einem Sicherheitskabel zu sichern. Er eignet sich auch gut zum Abstellen von Motorrollern.<\/li>\n<\/ul>\n<details>\n<summary style=\"cursor: pointer;\">Mehr lesen<\/summary>\n<h2><span lang=\"pl-PL\">Slimline-Formst\u00e4nder Modell B-04.48.k - preisg\u00fcnstige Fahrradst\u00e4nder mit zwei St\u00e4ndern<\/span><\/h2>\n<p><span lang=\"pl-PL\"><strong>Fahrradst\u00e4nder Modell B-04.48.k<\/strong><!-- jw. --> sind Fahrradtr\u00e4ger aus Vollrohr zu einem attraktiven Preis von <a href=\"\/de\/?wmc-currency=EUR\">MORIA DESIGN<\/a><\/span><span lang=\"pl-PL\">. Er ist eine gute Wahl f\u00fcr alle, die eine bew\u00e4hrte und \u00e4sthetisch ansprechende L\u00f6sung zu einem erschwinglichen Preis f\u00fcr organisierte Fahrradabstellpl\u00e4tze suchen. Unser geformtes<\/span><span lang=\"pl-PL\"> Die St\u00e4nder sind aus zertifiziertem Stahlrohr und Blech mit einem ausgeschnittenen Fahrradlogo gefertigt. Die angebotenen Fahrradst\u00e4nder vereinen Haltbarkeit, Funktionalit\u00e4t und elegantes Design. Die verwendeten Materialien und der Korrosionsschutz (Option: St\u00e4nder aus verzinktem Rohr) machen die St\u00e4nder praktisch unverw\u00fcstlich. Die St\u00e4nder sind resistent gegen Witterungseinfl\u00fcsse und mechanische Besch\u00e4digungen. Sie sind ideal f\u00fcr st\u00e4dtische R\u00e4ume, Parks, Schulen oder vor dem Haus und bieten einen sicheren und bequemen Platz zum geordneten Abstellen von Fahrr\u00e4dern.\u00a0<\/span><\/p>\n<p><span lang=\"pl-PL\"><strong>Einzelner Fahrradst\u00e4nder B-04.48.k<\/strong> von MORIA DESIGN ist ein bew\u00e4hrtes Beispiel f\u00fcr Robustheit und durchdachtes, funktionales Design. Die St\u00e4nder sind aus einem Stahlrohr mit einem Durchmesser von 60,3 mm und einer Wandst\u00e4rke von 2,9 mm gefertigt, das die erwartete Stabilit\u00e4t und Festigkeit gew\u00e4hrleistet. Die quer angeschwei\u00dfte, 2 mm dicke Platte bietet Platz f\u00fcr die Anbringung eines Logos. Die St\u00e4nder sind in einer pulverbeschichteten Version sowie in verzinkter und pulverbeschichteter Ausf\u00fchrung f\u00fcr zus\u00e4tzliche Haltbarkeit und Korrosionsbest\u00e4ndigkeit erh\u00e4ltlich.<\/span><\/p>\n<p><strong>Fahrradst\u00e4nder Modell B-04.60.k<\/strong> zeichnen sich durch ihr elegantes, schlankes Design und ihre hohe Verarbeitungsqualit\u00e4t aus. Dank ihrer kompakten Abmessungen k\u00f6nnen sie auch in Bereichen mit wenig Platz leicht installiert werden. Das vorgestellte St\u00e4ndermodell ist zum Anschrauben oder Verankern vorgesehen. Diese Ausf\u00fchrung des Fahrradst\u00e4nders bieten wir auch in einer Version zum Einbetonieren an, sowie in einer Retro-Version, der sogenannten Deko-Version mit dekorativen Gussb\u00e4ndern ebenfalls zum Einbetonieren.<\/p>\n<p><span lang=\"pl-PL\">Angeboten von <a href=\"\/de\/angebot\/fahrradstander\/?wmc-currency=EUR\">Fahrradst\u00e4nder<\/a> von MORIA DESIGN ist eine gleichzeitige Kombination aus Haltbarkeit, Funktionalit\u00e4t und Eleganz. Hergestellt aus hochwertigen Materialien, gut gegen Korrosion gesch\u00fctzt und \u00e4sthetisch verarbeitet, genie\u00dfen diese St\u00e4nder zahlreiche positive Meinungen unter den Nutzern. Die St\u00e4nder k\u00f6nnen zum Abstellen von zwei Fahrr\u00e4dern, einschlie\u00dflich Elektrofahrr\u00e4dern und Scootern, verwendet werden. Wir laden Sie ein, robuste und elegante Fahrradst\u00e4nder zu einem attraktiven Preis zu erwerben, die Sicherheit und Nutzungskomfort f\u00fcr viele Jahre gew\u00e4hrleisten.<\/span><\/p>\n<\/details>","protected":false},"excerpt":{"rendered":"<p>Cechy i zalety: wykonany ze stali (rura + blacha z logo) &gt;\u00a0wieczny; spos\u00f3b monta\u017cu &#8211; przykr\u0119cenie (metalowa kryza) &gt;\u00a0\u0142atwy w monta\u017cu; *ocynkowany oraz pomalowany farb\u0105 proszkow\u0105 w kolorze czarny mat (zero po\u0142ysku, drobna struktura) \u2013 zdecydowanie wy\u017csza odporno\u015b\u0107 na uszkodzenia od pow\u0142ok farb natryskowych, farby proszkowe s\u0105 w pe\u0142ni bezpieczne dla ludzi i \u015brodowiska &gt;&#8230;<\/p>","protected":false},"featured_media":2668,"template":"","meta":{"inline_featured_image":false},"product_cat":[35],"product_tag":[61,60,70,56,64,59,55,63,62,58],"acf":[],"yoast_head":"<!-- This site is optimized with the Yoast SEO plugin v20.2 - https:\/\/yoast.com\/wordpress\/plugins\/seo\/ -->\n<title>Stojak rowerowy B-04.48.k [l=25 cm] - MORIA DESIGN<\/title>\n<meta name=\"description\" content=\"Stojaki rowerowe dwustanowiskowe w atrakcyjnej cenie. Ocynkowane, do przykr\u0119cenia. Idealne do tworzenia alei do parkowania rower\u00f3w. Ekspresowa wysy\u0142ka!\" \/>\n<meta name=\"robots\" content=\"index, follow, max-snippet:-1, max-image-preview:large, max-video-preview:-1\" \/>\n<link rel=\"canonical\" href=\"https:\/\/www.moriadesign.pl\/de\/product-2\/fahrradstander-b-04-48-k-l25-cm\/?wmc-currency=EUR\" \/>\n<meta property=\"og:locale\" content=\"de_DE\" \/>\n<meta property=\"og:type\" content=\"article\" \/>\n<meta property=\"og:title\" content=\"Stojak rowerowy B-04.48.k [l=25 cm] - MORIA DESIGN\" \/>\n<meta property=\"og:description\" content=\"Stojaki rowerowe dwustanowiskowe w atrakcyjnej cenie. Ocynkowane, do przykr\u0119cenia. Idealne do tworzenia alei do parkowania rower\u00f3w. Ekspresowa wysy\u0142ka!\" \/>\n<meta property=\"og:url\" content=\"https:\/\/www.moriadesign.pl\/de\/product-2\/fahrradstander-b-04-48-k-l25-cm\/?wmc-currency=EUR\" \/>\n<meta property=\"og:site_name\" content=\"MORIA DESIGN\" \/>\n<meta property=\"article:modified_time\" content=\"2026-04-03T09:15:37+00:00\" \/>\n<meta property=\"og:image\" content=\"https:\/\/www.moriadesign.pl\/wp-content\/uploads\/2023\/07\/B-04.48.k_1-waski-stojak-rowerowy-typ-U-do-przykrecenia.png\" \/>\n\t<meta property=\"og:image:width\" content=\"1600\" \/>\n\t<meta property=\"og:image:height\" content=\"1600\" \/>\n\t<meta property=\"og:image:type\" content=\"image\/png\" \/>\n<meta name=\"twitter:card\" content=\"summary_large_image\" \/>\n<meta name=\"twitter:label1\" content=\"Gesch\u00e4tzte Lesezeit\" \/>\n\t<meta name=\"twitter:data1\" content=\"3\u00a0Minuten\" \/>\n<script type=\"application\/ld+json\" class=\"yoast-schema-graph\">{\"@context\":\"https:\/\/schema.org\",\"@graph\":[{\"@type\":\"WebPage\",\"@id\":\"https:\/\/www.moriadesign.pl\/produkt\/stojak-rowerowy-b-04-48-k-l25-cm\/\",\"url\":\"https:\/\/www.moriadesign.pl\/produkt\/stojak-rowerowy-b-04-48-k-l25-cm\/\",\"name\":\"Stojak rowerowy B-04.48.k [l=25 cm] - MORIA DESIGN\",\"isPartOf\":{\"@id\":\"https:\/\/www.moriadesign.pl\/#website\"},\"datePublished\":\"2023-01-02T12:46:08+00:00\",\"dateModified\":\"2026-04-03T09:15:37+00:00\",\"description\":\"Stojaki rowerowe dwustanowiskowe w atrakcyjnej cenie. Ocynkowane, do przykr\u0119cenia. Idealne do tworzenia alei do parkowania rower\u00f3w. Ekspresowa wysy\u0142ka!\",\"breadcrumb\":{\"@id\":\"https:\/\/www.moriadesign.pl\/produkt\/stojak-rowerowy-b-04-48-k-l25-cm\/#breadcrumb\"},\"inLanguage\":\"de\",\"potentialAction\":[{\"@type\":\"ReadAction\",\"target\":[\"https:\/\/www.moriadesign.pl\/produkt\/stojak-rowerowy-b-04-48-k-l25-cm\/\"]}]},{\"@type\":\"BreadcrumbList\",\"@id\":\"https:\/\/www.moriadesign.pl\/produkt\/stojak-rowerowy-b-04-48-k-l25-cm\/#breadcrumb\",\"itemListElement\":[{\"@type\":\"ListItem\",\"position\":1,\"name\":\"Strona g\u0142\u00f3wna\",\"item\":\"https:\/\/www.moriadesign.pl\/\"},{\"@type\":\"ListItem\",\"position\":2,\"name\":\"Sklep\",\"item\":\"https:\/\/www.moriadesign.pl\/sklep\/\"},{\"@type\":\"ListItem\",\"position\":3,\"name\":\"Stojak rowerowy B-04.48.k [l=25 cm]\"}]},{\"@type\":\"WebSite\",\"@id\":\"https:\/\/www.moriadesign.pl\/#website\",\"url\":\"https:\/\/www.moriadesign.pl\/\",\"name\":\"MORIA DESIGN\",\"description\":\"okucia do mebli, domu i ogrodu\",\"potentialAction\":[{\"@type\":\"SearchAction\",\"target\":{\"@type\":\"EntryPoint\",\"urlTemplate\":\"https:\/\/www.moriadesign.pl\/?s={search_term_string}\"},\"query-input\":\"required name=search_term_string\"}],\"inLanguage\":\"de\"}]}<\/script>\n<!-- \/ Yoast SEO plugin. -->","yoast_head_json":{"title":"Stojak rowerowy B-04.48.k [l=25 cm] - MORIA DESIGN","description":"Stojaki rowerowe dwustanowiskowe w atrakcyjnej cenie. Ocynkowane, do przykr\u0119cenia. Idealne do tworzenia alei do parkowania rower\u00f3w. Ekspresowa wysy\u0142ka!","robots":{"index":"index","follow":"follow","max-snippet":"max-snippet:-1","max-image-preview":"max-image-preview:large","max-video-preview":"max-video-preview:-1"},"canonical":"https:\/\/www.moriadesign.pl\/de\/product-2\/fahrradstander-b-04-48-k-l25-cm\/?wmc-currency=EUR","og_locale":"de_DE","og_type":"article","og_title":"Stojak rowerowy B-04.48.k [l=25 cm] - MORIA DESIGN","og_description":"Stojaki rowerowe dwustanowiskowe w atrakcyjnej cenie. Ocynkowane, do przykr\u0119cenia. Idealne do tworzenia alei do parkowania rower\u00f3w. Ekspresowa wysy\u0142ka!","og_url":"https:\/\/www.moriadesign.pl\/de\/product-2\/fahrradstander-b-04-48-k-l25-cm\/?wmc-currency=EUR","og_site_name":"MORIA DESIGN","article_modified_time":"2026-04-03T09:15:37+00:00","og_image":[{"width":1600,"height":1600,"url":"https:\/\/www.moriadesign.pl\/wp-content\/uploads\/2023\/07\/B-04.48.k_1-waski-stojak-rowerowy-typ-U-do-przykrecenia.png","type":"image\/png"}],"twitter_card":"summary_large_image","twitter_misc":{"Gesch\u00e4tzte Lesezeit":"3\u00a0Minuten"},"schema":{"@context":"https:\/\/schema.org","@graph":[{"@type":"WebPage","@id":"https:\/\/www.moriadesign.pl\/produkt\/stojak-rowerowy-b-04-48-k-l25-cm\/","url":"https:\/\/www.moriadesign.pl\/produkt\/stojak-rowerowy-b-04-48-k-l25-cm\/","name":"Stojak rowerowy B-04.48.k [l=25 cm] - MORIA DESIGN","isPartOf":{"@id":"https:\/\/www.moriadesign.pl\/#website"},"datePublished":"2023-01-02T12:46:08+00:00","dateModified":"2026-04-03T09:15:37+00:00","description":"Stojaki rowerowe dwustanowiskowe w atrakcyjnej cenie. Ocynkowane, do przykr\u0119cenia. Idealne do tworzenia alei do parkowania rower\u00f3w. Ekspresowa wysy\u0142ka!","breadcrumb":{"@id":"https:\/\/www.moriadesign.pl\/produkt\/stojak-rowerowy-b-04-48-k-l25-cm\/#breadcrumb"},"inLanguage":"de","potentialAction":[{"@type":"ReadAction","target":["https:\/\/www.moriadesign.pl\/produkt\/stojak-rowerowy-b-04-48-k-l25-cm\/"]}]},{"@type":"BreadcrumbList","@id":"https:\/\/www.moriadesign.pl\/produkt\/stojak-rowerowy-b-04-48-k-l25-cm\/#breadcrumb","itemListElement":[{"@type":"ListItem","position":1,"name":"Strona g\u0142\u00f3wna","item":"https:\/\/www.moriadesign.pl\/"},{"@type":"ListItem","position":2,"name":"Sklep","item":"https:\/\/www.moriadesign.pl\/sklep\/"},{"@type":"ListItem","position":3,"name":"Stojak rowerowy B-04.48.k [l=25 cm]"}]},{"@type":"WebSite","@id":"https:\/\/www.moriadesign.pl\/#website","url":"https:\/\/www.moriadesign.pl\/","name":"MORIA DESIGN","description":"okucia do mebli, domu i ogrodu","potentialAction":[{"@type":"SearchAction","target":{"@type":"EntryPoint","urlTemplate":"https:\/\/www.moriadesign.pl\/?s={search_term_string}"},"query-input":"required name=search_term_string"}],"inLanguage":"de"}]}},"_links":{"self":[{"href":"https:\/\/www.moriadesign.pl\/de\/wp-json\/wp\/v2\/product\/2630"}],"collection":[{"href":"https:\/\/www.moriadesign.pl\/de\/wp-json\/wp\/v2\/product"}],"about":[{"href":"https:\/\/www.moriadesign.pl\/de\/wp-json\/wp\/v2\/types\/product"}],"wp:featuredmedia":[{"embeddable":true,"href":"https:\/\/www.moriadesign.pl\/de\/wp-json\/wp\/v2\/media\/2668"}],"wp:attachment":[{"href":"https:\/\/www.moriadesign.pl\/de\/wp-json\/wp\/v2\/media?parent=2630"}],"wp:term":[{"taxonomy":"product_cat","embeddable":true,"href":"https:\/\/www.moriadesign.pl\/de\/wp-json\/wp\/v2\/product_cat?post=2630"},{"taxonomy":"product_tag","embeddable":true,"href":"https:\/\/www.moriadesign.pl\/de\/wp-json\/wp\/v2\/product_tag?post=2630"}],"curies":[{"name":"wp","href":"https:\/\/api.w.org\/{rel}","templated":true}]}}