{"id":2625,"date":"2023-01-02T13:00:11","date_gmt":"2023-01-02T12:00:11","guid":{"rendered":"https:\/\/www.moriadesign.pl\/?post_type=product&#038;p=2625"},"modified":"2026-04-03T11:29:17","modified_gmt":"2026-04-03T09:29:17","slug":"stojak-rowerowy-b-02-48-b-l25-cm","status":"publish","type":"product","link":"https:\/\/www.moriadesign.pl\/de\/product-2\/fahrradstander-b-02-48-b-l25-cm\/","title":{"rendered":"Fahrradst\u00e4nder B-02.48.b [l=25 cm]"},"content":{"rendered":"<h2>Merkmale und Vorteile:<\/h2>\n<ul>\n<li>aus Stahl (Rohr) &gt;\u00a0<b>zeitlos<\/b>;<\/li>\n<li>Installationsmethode - Beton (spezielles 30-cm-Rohr) &gt; <b>leicht zu installieren<\/b>;<\/li>\n<li>*Verzinkt und pulverbeschichtet in mattschwarz (glanzlos, feine Struktur) - weitaus widerstandsf\u00e4higer gegen Besch\u00e4digungen als Spritzlackierungen, Pulverlacke sind f\u00fcr Mensch und Umwelt v\u00f6llig unbedenklich &gt;. <b>langlebig und elegant verarbeitet;<\/b><\/li>\n<li>Abmessungen: H\u00f6he - 80 cm + 30 cm zum Einbetonieren, L\u00e4nge - 25 cm, Rohr \u03a6 48,3 mm &gt;.<b> robust<\/b>;<\/li>\n<li>maschinell hergestellt &gt;\u00a0<b>Wiederholte<\/b>.<\/li>\n<\/ul>\n<p>*Nur pulverbeschichtete Version ebenfalls erh\u00e4ltlich.<\/p>\n<h2>Anwendung:<\/h2>\n<ul>\n<li>Die Konstruktion des St\u00e4nders erm\u00f6glicht es, sowohl den Rahmen als auch das Rad des Fahrrads mit einem Sicherheitskabel zu sichern. Er eignet sich auch gut zum Abstellen von Motorrollern.<\/li>\n<\/ul>\n<details>\n<summary style=\"cursor: pointer;\">Mehr lesen<\/summary>\n<h2><span lang=\"pl-PL\">B-02.48.b Fahrradst\u00e4nder - preisg\u00fcnstige, zweist\u00f6ckige Fahrradst\u00e4nder<\/span><\/h2>\n<p><span lang=\"pl-PL\"><strong>Fahrradst\u00e4nder Modell B-02.48.b<\/strong> ist eine praktische L\u00f6sung f\u00fcr Menschen, die eine sichere Abstellm\u00f6glichkeit f\u00fcr ihre Fahrr\u00e4der oder Motorroller ben\u00f6tigen. Die aus massivem Metallrohr gefertigten St\u00e4nder erm\u00f6glichen es, zwei Fahrr\u00e4der mit einer Kette, einem Kabel oder einem anderen Fahrradschloss sicher zu befestigen. Dank ihrer Einfachheit und Funktionalit\u00e4t sind die U-f\u00f6rmigen Fahrradst\u00e4nder, die auch als Gel\u00e4nder- oder Torst\u00e4nder bezeichnet werden, sowohl auf \u00f6ffentlichen Pl\u00e4tzen als auch in Wohnr\u00e4umen ideal. Ihre Konstruktion gew\u00e4hrleistet Stabilit\u00e4t und Sicherheit, was sie zu einem unverzichtbaren Element der Fahrradinfrastruktur macht.<\/span><\/p>\n<p><span lang=\"pl-PL\"><strong>Fahrradst\u00e4nder Modell B-02.48.b<\/strong> sind aus Metallrohr mit einem Durchmesser von 48,3 mm und einer Wandst\u00e4rke von 2,9 mm gefertigt. Diese Materialwahl garantiert ihre Haltbarkeit und Widerstandsf\u00e4higkeit gegen m\u00f6gliche mechanische Besch\u00e4digungen. Die Gesamth\u00f6he der St\u00e4nder betr\u00e4gt 110 cm, wovon 80 cm \u00fcber die Oberfl\u00e4che hinausragen, w\u00e4hrend 30 cm f\u00fcr die Betonierung vorgesehen sind. Diese robusten Fahrradst\u00e4nder haben eine Breite von 36 cm, was sie zu idealen Doppelst\u00e4ndern macht, die f\u00fcr die Aufstellung in kleinen R\u00e4umen empfohlen werden. Die St\u00e4nder sind in pulverbeschichteter sowie in verzinkter und pulverbeschichteter Ausf\u00fchrung erh\u00e4ltlich, die einen hervorragenden Korrosionsschutz bieten. Dadurch sind die Fahrradst\u00e4nder witterungsbest\u00e4ndig, was bedeutet, dass sie viele Jahre lang ohne allzu h\u00e4ufige Wartung auskommen.<\/span><\/p>\n<p><span lang=\"pl-PL\"><strong>Dekorativer Fahrradst\u00e4nder Modell B-02.48.b<\/strong> zeichnen sich durch ihr elegantes und modernes, minimalistisches Design aus. Sie sind robust und stabil, aber dennoch schlank und filigran. Sie sind auch in anderen Montagevarianten erh\u00e4ltlich: zum Schrauben (Verankern) oder zum Einbetonieren mit dekorativen Gussb\u00e4ndern, wodurch sich die St\u00e4nder leicht an individuelle Vorlieben, Erwartungen und die Bed\u00fcrfnisse des Standorts anpassen lassen. Durch die verschiedenen Montagem\u00f6glichkeiten erf\u00fcllen die St\u00e4nder nicht nur ihre Funktion, sondern sind auch ein attraktives, \u00e4sthetisch ansprechendes Element der Stadtm\u00f6blierung.<\/span><\/p>\n<p><span lang=\"pl-PL\">Wenn Sie auf der Suche nach robusten, funktionalen und dennoch kosteng\u00fcnstigen L\u00f6sungen sind, um Ihre Fahrr\u00e4der sicher abzustellen, dann sind Fahrradst\u00e4nder von <a href=\"\/de\/?wmc-currency=EUR\">MORIA DESIGN<\/a>ist die ideale Wahl. Die St\u00e4nder des Modells B-02.60.b sind nicht nur g\u00fcnstig, sondern auch sicher und witterungsbest\u00e4ndig. Dank der M\u00f6glichkeit, zwei Fahrr\u00e4der gleichzeitig zu befestigen, erweisen sich die U-f\u00f6rmigen Fahrradst\u00e4nder, die auch als Fahrradst\u00e4nder mit Gel\u00e4nder bekannt sind, an jedem Ort als n\u00fctzlich. Sie k\u00f6nnen die St\u00e4nder in Reihen aufstellen und so funktionelle, ger\u00e4umige Fahrradabstellpl\u00e4tze schaffen, die aus mehreren, einem Dutzend oder sogar mehreren Dutzend Fahrradstellpl\u00e4tzen bestehen. Warten Sie nicht und investieren Sie in <a href=\"\/de\/angebot\/fahrradstander\/?wmc-currency=EUR\">Fahrradst\u00e4nder<\/a>die auf alle Ihre Erwartungen zugeschnitten sind!<\/span><\/p>\n<\/details>","protected":false},"excerpt":{"rendered":"<p>Cechy i zalety: wykonany ze stali (rura) &gt;\u00a0ponadczasowy; spos\u00f3b monta\u017cu &#8211; zabetonowanie (dedykowane 30 cm rury) &gt; \u0142atwy w monta\u017cu; *ocynkowany oraz pomalowany farb\u0105 proszkow\u0105 w kolorze czarny mat (zero po\u0142ysku, drobna struktura) \u2013 zdecydowanie wy\u017csza odporno\u015b\u0107 na uszkodzenia od pow\u0142ok farb natryskowych, farby proszkowe s\u0105 w pe\u0142ni bezpieczne dla ludzi i \u015brodowiska &gt; trwale&#8230;<\/p>","protected":false},"featured_media":2658,"template":"","meta":{"inline_featured_image":false},"product_cat":[35],"product_tag":[56,59,67,76,63,62,57,58,72,69],"acf":[],"yoast_head":"<!-- This site is optimized with the Yoast SEO plugin v20.2 - https:\/\/yoast.com\/wordpress\/plugins\/seo\/ -->\n<title>Stojak rowerowy B-02.48.b [l=25 cm] - MORIA DESIGN<\/title>\n<meta name=\"description\" content=\"Tanie stojaki rowerowe z ocynkowanej rury, pomalowanej proszkowo w stylu retro. Idealnie pasuj\u0105 do zrewitalizowanych przestrzeni. Gwarancja szybkiej wysy\u0142ki\" \/>\n<meta name=\"robots\" content=\"index, follow, max-snippet:-1, max-image-preview:large, max-video-preview:-1\" \/>\n<link rel=\"canonical\" href=\"https:\/\/www.moriadesign.pl\/de\/product-2\/fahrradstander-b-02-48-b-l25-cm\/?wmc-currency=EUR\" \/>\n<meta property=\"og:locale\" content=\"de_DE\" \/>\n<meta property=\"og:type\" content=\"article\" \/>\n<meta property=\"og:title\" content=\"Stojak rowerowy B-02.48.b [l=25 cm] - MORIA DESIGN\" \/>\n<meta property=\"og:description\" content=\"Tanie stojaki rowerowe z ocynkowanej rury, pomalowanej proszkowo w stylu retro. Idealnie pasuj\u0105 do zrewitalizowanych przestrzeni. Gwarancja szybkiej wysy\u0142ki\" \/>\n<meta property=\"og:url\" content=\"https:\/\/www.moriadesign.pl\/de\/product-2\/fahrradstander-b-02-48-b-l25-cm\/?wmc-currency=EUR\" \/>\n<meta property=\"og:site_name\" content=\"MORIA DESIGN\" \/>\n<meta property=\"article:modified_time\" content=\"2026-04-03T09:29:17+00:00\" \/>\n<meta property=\"og:image\" content=\"https:\/\/www.moriadesign.pl\/wp-content\/uploads\/2023\/07\/B-02.48.b_1-tani-ocynkowany-stojak-rowerowy-typ-U.png\" \/>\n\t<meta property=\"og:image:width\" content=\"1600\" \/>\n\t<meta property=\"og:image:height\" content=\"1600\" \/>\n\t<meta property=\"og:image:type\" content=\"image\/png\" \/>\n<meta name=\"twitter:card\" content=\"summary_large_image\" \/>\n<meta name=\"twitter:label1\" content=\"Gesch\u00e4tzte Lesezeit\" \/>\n\t<meta name=\"twitter:data1\" content=\"3\u00a0Minuten\" \/>\n<script type=\"application\/ld+json\" class=\"yoast-schema-graph\">{\"@context\":\"https:\/\/schema.org\",\"@graph\":[{\"@type\":\"WebPage\",\"@id\":\"https:\/\/www.moriadesign.pl\/produkt\/stojak-rowerowy-b-02-48-b-l25-cm\/\",\"url\":\"https:\/\/www.moriadesign.pl\/produkt\/stojak-rowerowy-b-02-48-b-l25-cm\/\",\"name\":\"Stojak rowerowy B-02.48.b [l=25 cm] - MORIA DESIGN\",\"isPartOf\":{\"@id\":\"https:\/\/www.moriadesign.pl\/#website\"},\"datePublished\":\"2023-01-02T12:00:11+00:00\",\"dateModified\":\"2026-04-03T09:29:17+00:00\",\"description\":\"Tanie stojaki rowerowe z ocynkowanej rury, pomalowanej proszkowo w stylu retro. Idealnie pasuj\u0105 do zrewitalizowanych przestrzeni. Gwarancja szybkiej wysy\u0142ki\",\"breadcrumb\":{\"@id\":\"https:\/\/www.moriadesign.pl\/produkt\/stojak-rowerowy-b-02-48-b-l25-cm\/#breadcrumb\"},\"inLanguage\":\"de\",\"potentialAction\":[{\"@type\":\"ReadAction\",\"target\":[\"https:\/\/www.moriadesign.pl\/produkt\/stojak-rowerowy-b-02-48-b-l25-cm\/\"]}]},{\"@type\":\"BreadcrumbList\",\"@id\":\"https:\/\/www.moriadesign.pl\/produkt\/stojak-rowerowy-b-02-48-b-l25-cm\/#breadcrumb\",\"itemListElement\":[{\"@type\":\"ListItem\",\"position\":1,\"name\":\"Strona g\u0142\u00f3wna\",\"item\":\"https:\/\/www.moriadesign.pl\/\"},{\"@type\":\"ListItem\",\"position\":2,\"name\":\"Sklep\",\"item\":\"https:\/\/www.moriadesign.pl\/sklep\/\"},{\"@type\":\"ListItem\",\"position\":3,\"name\":\"Stojak rowerowy B-02.48.b [l=25 cm]\"}]},{\"@type\":\"WebSite\",\"@id\":\"https:\/\/www.moriadesign.pl\/#website\",\"url\":\"https:\/\/www.moriadesign.pl\/\",\"name\":\"MORIA DESIGN\",\"description\":\"okucia do mebli, domu i ogrodu\",\"potentialAction\":[{\"@type\":\"SearchAction\",\"target\":{\"@type\":\"EntryPoint\",\"urlTemplate\":\"https:\/\/www.moriadesign.pl\/?s={search_term_string}\"},\"query-input\":\"required name=search_term_string\"}],\"inLanguage\":\"de\"}]}<\/script>\n<!-- \/ Yoast SEO plugin. -->","yoast_head_json":{"title":"Stojak rowerowy B-02.48.b [l=25 cm] - MORIA DESIGN","description":"Tanie stojaki rowerowe z ocynkowanej rury, pomalowanej proszkowo w stylu retro. Idealnie pasuj\u0105 do zrewitalizowanych przestrzeni. Gwarancja szybkiej wysy\u0142ki","robots":{"index":"index","follow":"follow","max-snippet":"max-snippet:-1","max-image-preview":"max-image-preview:large","max-video-preview":"max-video-preview:-1"},"canonical":"https:\/\/www.moriadesign.pl\/de\/product-2\/fahrradstander-b-02-48-b-l25-cm\/?wmc-currency=EUR","og_locale":"de_DE","og_type":"article","og_title":"Stojak rowerowy B-02.48.b [l=25 cm] - MORIA DESIGN","og_description":"Tanie stojaki rowerowe z ocynkowanej rury, pomalowanej proszkowo w stylu retro. Idealnie pasuj\u0105 do zrewitalizowanych przestrzeni. Gwarancja szybkiej wysy\u0142ki","og_url":"https:\/\/www.moriadesign.pl\/de\/product-2\/fahrradstander-b-02-48-b-l25-cm\/?wmc-currency=EUR","og_site_name":"MORIA DESIGN","article_modified_time":"2026-04-03T09:29:17+00:00","og_image":[{"width":1600,"height":1600,"url":"https:\/\/www.moriadesign.pl\/wp-content\/uploads\/2023\/07\/B-02.48.b_1-tani-ocynkowany-stojak-rowerowy-typ-U.png","type":"image\/png"}],"twitter_card":"summary_large_image","twitter_misc":{"Gesch\u00e4tzte Lesezeit":"3\u00a0Minuten"},"schema":{"@context":"https:\/\/schema.org","@graph":[{"@type":"WebPage","@id":"https:\/\/www.moriadesign.pl\/produkt\/stojak-rowerowy-b-02-48-b-l25-cm\/","url":"https:\/\/www.moriadesign.pl\/produkt\/stojak-rowerowy-b-02-48-b-l25-cm\/","name":"Stojak rowerowy B-02.48.b [l=25 cm] - MORIA DESIGN","isPartOf":{"@id":"https:\/\/www.moriadesign.pl\/#website"},"datePublished":"2023-01-02T12:00:11+00:00","dateModified":"2026-04-03T09:29:17+00:00","description":"Tanie stojaki rowerowe z ocynkowanej rury, pomalowanej proszkowo w stylu retro. Idealnie pasuj\u0105 do zrewitalizowanych przestrzeni. Gwarancja szybkiej wysy\u0142ki","breadcrumb":{"@id":"https:\/\/www.moriadesign.pl\/produkt\/stojak-rowerowy-b-02-48-b-l25-cm\/#breadcrumb"},"inLanguage":"de","potentialAction":[{"@type":"ReadAction","target":["https:\/\/www.moriadesign.pl\/produkt\/stojak-rowerowy-b-02-48-b-l25-cm\/"]}]},{"@type":"BreadcrumbList","@id":"https:\/\/www.moriadesign.pl\/produkt\/stojak-rowerowy-b-02-48-b-l25-cm\/#breadcrumb","itemListElement":[{"@type":"ListItem","position":1,"name":"Strona g\u0142\u00f3wna","item":"https:\/\/www.moriadesign.pl\/"},{"@type":"ListItem","position":2,"name":"Sklep","item":"https:\/\/www.moriadesign.pl\/sklep\/"},{"@type":"ListItem","position":3,"name":"Stojak rowerowy B-02.48.b [l=25 cm]"}]},{"@type":"WebSite","@id":"https:\/\/www.moriadesign.pl\/#website","url":"https:\/\/www.moriadesign.pl\/","name":"MORIA DESIGN","description":"okucia do mebli, domu i ogrodu","potentialAction":[{"@type":"SearchAction","target":{"@type":"EntryPoint","urlTemplate":"https:\/\/www.moriadesign.pl\/?s={search_term_string}"},"query-input":"required name=search_term_string"}],"inLanguage":"de"}]}},"_links":{"self":[{"href":"https:\/\/www.moriadesign.pl\/de\/wp-json\/wp\/v2\/product\/2625"}],"collection":[{"href":"https:\/\/www.moriadesign.pl\/de\/wp-json\/wp\/v2\/product"}],"about":[{"href":"https:\/\/www.moriadesign.pl\/de\/wp-json\/wp\/v2\/types\/product"}],"wp:featuredmedia":[{"embeddable":true,"href":"https:\/\/www.moriadesign.pl\/de\/wp-json\/wp\/v2\/media\/2658"}],"wp:attachment":[{"href":"https:\/\/www.moriadesign.pl\/de\/wp-json\/wp\/v2\/media?parent=2625"}],"wp:term":[{"taxonomy":"product_cat","embeddable":true,"href":"https:\/\/www.moriadesign.pl\/de\/wp-json\/wp\/v2\/product_cat?post=2625"},{"taxonomy":"product_tag","embeddable":true,"href":"https:\/\/www.moriadesign.pl\/de\/wp-json\/wp\/v2\/product_tag?post=2625"}],"curies":[{"name":"wp","href":"https:\/\/api.w.org\/{rel}","templated":true}]}}