{"id":1750,"date":"2023-01-02T14:24:19","date_gmt":"2023-01-02T13:24:19","guid":{"rendered":"https:\/\/www.moriadesign.pl\/?post_type=product&#038;p=1750"},"modified":"2026-04-03T11:06:51","modified_gmt":"2026-04-03T09:06:51","slug":"stojak-rowerowy-retro-b-06-60-k-l60-cm","status":"publish","type":"product","link":"https:\/\/www.moriadesign.pl\/de\/product-2\/retro-fahrradstander-b-06-60-k-l60-cm\/","title":{"rendered":"Retro-Fahrradst\u00e4nder B-06.60.k [l=60 cm]"},"content":{"rendered":"<h2>Merkmale und Vorteile:<\/h2>\n<ul>\n<li>aus Stahl (Rohr + Blech mit Logo + Gusskugel) &gt;\u00a0<b>immerw\u00e4hrend<\/b>;<\/li>\n<li>Zierkugel aus Gusseisen verwendet &gt;\u00a0<b>klassisch dekoriert<\/b>;<\/li>\n<li>Befestigungsart - geschraubt (Metallblende) &gt;\u00a0<b>leicht zu installieren<\/b>;<\/li>\n<li>*Verzinkt und pulverbeschichtet in mattschwarz (glanzlos, feine Struktur) - weitaus widerstandsf\u00e4higer gegen Besch\u00e4digungen als Spritzlackierungen, Pulverlacke sind f\u00fcr Mensch und Umwelt v\u00f6llig unbedenklich &gt;. <b>langlebig und elegant verarbeitet;<\/b><\/li>\n<li>Abmessungen: H\u00f6he - 100 cm, L\u00e4nge - 60 cm, Blechst\u00e4rke - 2 mm, Rohr \u03a6 60,3 mm, \u00d6ffnungsdicke - 4 mm &gt;<b>\u00a0sehr solide<\/b>;<\/li>\n<li>maschinell hergestellt &gt;\u00a0<b>Wiederholte<\/b>.<\/li>\n<\/ul>\n<p>*Nur pulverbeschichtete Version ebenfalls erh\u00e4ltlich.<\/p>\n<h2>Anwendung:<\/h2>\n<ul>\n<li>Die Konstruktion des St\u00e4nders erm\u00f6glicht es, sowohl den Rahmen als auch das Rad des Fahrrads mit einem Sicherheitskabel zu sichern. Er eignet sich auch gut zum Abstellen von Motorrollern.<\/li>\n<\/ul>\n<details>\n<summary style=\"cursor: pointer;\">Mehr lesen<\/summary>\n<h2><span lang=\"pl-PL\">Fahrradst\u00e4nder B-06.60.k - der Weg zur subtilen Dekoration des st\u00e4dtischen Raums<\/span><\/h2>\n<p><span lang=\"pl-PL\"><strong>Retro-Fahrradst\u00e4nder Modell B-06.60.k<\/strong> ist eine bew\u00e4hrte und praktische Dekoration f\u00fcr st\u00e4dtische R\u00e4ume. Dieser aus robusten Materialien gefertigte Doppelst\u00e4nder hebt sich durch sein originelles Retro-Design von anderen ab. Er f\u00fcgt sich perfekt in innerst\u00e4dtische Belebungsgebiete ein und macht sie funktional und optisch attraktiv.<\/span><\/p>\n<p><span lang=\"pl-PL\">Original, dekorativ <a href=\"https:\/\/www.moriadesign.pl\/de\/angebot\/fahrradstander\/?wmc-currency=EUR\">Fahrradst\u00e4nder<\/a> MORIA DESIGN zeichnet sich durch Schlichtheit, Funktionalit\u00e4t und hohe Verarbeitungsqualit\u00e4t aus. Das vorgestellte Modell des St\u00e4nders ist aus einem massiven Metallrohr mit einem Durchmesser von 60,3 mm und einer Wandst\u00e4rke von 2,9 mm sowie einer Stahlplatte mit einer St\u00e4rke von 2 mm gefertigt, was seine Haltbarkeit und hohe Widerstandsf\u00e4higkeit gegen Besch\u00e4digungen gew\u00e4hrleistet. Die massive, kugelf\u00f6rmige Speerspitze aus Gusseisen unterstreicht den Stil und die Eleganz des St\u00e4nders. Die 4-5 mm dicken Metall\u00f6ffnungen sind f\u00fcr die Stabilit\u00e4t des St\u00e4nders verantwortlich. Die St\u00e4nder sind in verzinkter und pulverbeschichteter Ausf\u00fchrung f\u00fcr hohe Witterungsbest\u00e4ndigkeit erh\u00e4ltlich.<\/span><\/p>\n<p><span lang=\"pl-PL\"><strong>St\u00e4dtischer Fahrradst\u00e4nder B-06.60.k<\/strong> ist in erster Linie f\u00fcr klassische st\u00e4dtische R\u00e4ume im Retrostil gedacht. Mit seiner eleganten und robusten Ausf\u00fchrung erf\u00fcllt der St\u00e4nder sowohl seine prim\u00e4re Funktion als auch ein visuell ansprechendes urbanes M\u00f6belst\u00fcck. Der St\u00e4nder hat eine \u00e4sthetisch ansprechende, geschwei\u00dfte Querplatte mit Platz f\u00fcr ein Logo. Der St\u00e4nder l\u00e4sst sich leicht montieren, indem dicke Stahl\u00f6ffnungen mit D\u00fcbeln oder Gewindestiften und chemischen D\u00fcbeln z. B. auf die Oberfl\u00e4che von Beton oder Pflastersteinen geschraubt werden.<\/span><\/p>\n<p><span lang=\"pl-PL\"><strong>Fahrradst\u00e4nder im dekorativen Retro-Design B-06.60.k<\/strong>\u00a0von <a href=\"\/de\/?wmc-currency=EUR\">MORIA DESIGN<\/a> macht sie zu einem empfohlenen Produkt f\u00fcr die st\u00e4dtische Infrastruktur, um praktische und stilvolle Fahrradabstellanlagen zu schaffen. Einfach zu installieren und \u00e4u\u00dferst korrosions- und witterungsbest\u00e4ndig, sind die vorgestellten Fahrradst\u00e4nder eine garantierte L\u00f6sung, die viele Jahre lang dienen und gefallen wird. Wir empfehlen den Kauf von dekorativen Retro-Fahrradst\u00e4ndern, um Ihren st\u00e4dtischen Raum optisch aufzuwerten.<\/span><\/p>\n<\/details>","protected":false},"excerpt":{"rendered":"<p>Cechy i zalety: wykonany ze stali (rura + blacha z logo + kula \u017celiwna) &gt;\u00a0wieczny; zastosowana \u017celiwna kula ozdobna &gt;\u00a0klasycznie ozdobiony; spos\u00f3b monta\u017cu &#8211; przykr\u0119cenie (metalowa kryza) &gt;\u00a0\u0142atwy w monta\u017cu; *ocynkowany oraz pomalowany farb\u0105 proszkow\u0105 w kolorze czarny mat (zero po\u0142ysku, drobna struktura) \u2013 zdecydowanie wy\u017csza odporno\u015b\u0107 na uszkodzenia od pow\u0142ok farb natryskowych, farby proszkowe&#8230;<\/p>","protected":false},"featured_media":1714,"template":"","meta":{"inline_featured_image":false},"product_cat":[35],"product_tag":[61,60,56,65,66,55,63,62,57,58],"acf":[],"yoast_head":"<!-- This site is optimized with the Yoast SEO plugin v20.2 - https:\/\/yoast.com\/wordpress\/plugins\/seo\/ -->\n<title>Stojak rowerowy retro B-06.60.k [l=60 cm] - MORIA DESIGN<\/title>\n<meta name=\"description\" content=\"Klasyczny stojak rowerowy z solidnej rury z \u017celiwnym kulistym grotem. Idealnie pasuje do zrewitalizowanych \u015br\u00f3dmiejskich przestrzeni. Szybka wysy\u0142ka.\" \/>\n<meta name=\"robots\" content=\"index, follow, max-snippet:-1, max-image-preview:large, max-video-preview:-1\" \/>\n<link rel=\"canonical\" href=\"https:\/\/www.moriadesign.pl\/de\/product-2\/retro-fahrradstander-b-06-60-k-l60-cm\/?wmc-currency=EUR\" \/>\n<meta property=\"og:locale\" content=\"de_DE\" \/>\n<meta property=\"og:type\" content=\"article\" \/>\n<meta property=\"og:title\" content=\"Stojak rowerowy retro B-06.60.k [l=60 cm] - MORIA DESIGN\" \/>\n<meta property=\"og:description\" content=\"Klasyczny stojak rowerowy z solidnej rury z \u017celiwnym kulistym grotem. Idealnie pasuje do zrewitalizowanych \u015br\u00f3dmiejskich przestrzeni. Szybka wysy\u0142ka.\" \/>\n<meta property=\"og:url\" content=\"https:\/\/www.moriadesign.pl\/de\/product-2\/retro-fahrradstander-b-06-60-k-l60-cm\/?wmc-currency=EUR\" \/>\n<meta property=\"og:site_name\" content=\"MORIA DESIGN\" \/>\n<meta property=\"article:modified_time\" content=\"2026-04-03T09:06:51+00:00\" \/>\n<meta property=\"og:image\" content=\"https:\/\/www.moriadesign.pl\/wp-content\/uploads\/2022\/12\/B-06.60.k_1-stojak-na-rowery-z-zeliwna-kula.png\" \/>\n\t<meta property=\"og:image:width\" content=\"1600\" \/>\n\t<meta property=\"og:image:height\" content=\"1600\" \/>\n\t<meta property=\"og:image:type\" content=\"image\/png\" \/>\n<meta name=\"twitter:card\" content=\"summary_large_image\" \/>\n<meta name=\"twitter:label1\" content=\"Gesch\u00e4tzte Lesezeit\" \/>\n\t<meta name=\"twitter:data1\" content=\"2\u00a0Minuten\" \/>\n<script type=\"application\/ld+json\" class=\"yoast-schema-graph\">{\"@context\":\"https:\/\/schema.org\",\"@graph\":[{\"@type\":\"WebPage\",\"@id\":\"https:\/\/www.moriadesign.pl\/produkt\/stojak-rowerowy-retro-b-06-60-k-l60-cm\/\",\"url\":\"https:\/\/www.moriadesign.pl\/produkt\/stojak-rowerowy-retro-b-06-60-k-l60-cm\/\",\"name\":\"Stojak rowerowy retro B-06.60.k [l=60 cm] - MORIA DESIGN\",\"isPartOf\":{\"@id\":\"https:\/\/www.moriadesign.pl\/#website\"},\"datePublished\":\"2023-01-02T13:24:19+00:00\",\"dateModified\":\"2026-04-03T09:06:51+00:00\",\"description\":\"Klasyczny stojak rowerowy z solidnej rury z \u017celiwnym kulistym grotem. Idealnie pasuje do zrewitalizowanych \u015br\u00f3dmiejskich przestrzeni. Szybka wysy\u0142ka.\",\"breadcrumb\":{\"@id\":\"https:\/\/www.moriadesign.pl\/produkt\/stojak-rowerowy-retro-b-06-60-k-l60-cm\/#breadcrumb\"},\"inLanguage\":\"de\",\"potentialAction\":[{\"@type\":\"ReadAction\",\"target\":[\"https:\/\/www.moriadesign.pl\/produkt\/stojak-rowerowy-retro-b-06-60-k-l60-cm\/\"]}]},{\"@type\":\"BreadcrumbList\",\"@id\":\"https:\/\/www.moriadesign.pl\/produkt\/stojak-rowerowy-retro-b-06-60-k-l60-cm\/#breadcrumb\",\"itemListElement\":[{\"@type\":\"ListItem\",\"position\":1,\"name\":\"Strona g\u0142\u00f3wna\",\"item\":\"https:\/\/www.moriadesign.pl\/\"},{\"@type\":\"ListItem\",\"position\":2,\"name\":\"Sklep\",\"item\":\"https:\/\/www.moriadesign.pl\/sklep\/\"},{\"@type\":\"ListItem\",\"position\":3,\"name\":\"Stojak rowerowy retro B-06.60.k [l=60 cm]\"}]},{\"@type\":\"WebSite\",\"@id\":\"https:\/\/www.moriadesign.pl\/#website\",\"url\":\"https:\/\/www.moriadesign.pl\/\",\"name\":\"MORIA DESIGN\",\"description\":\"okucia do mebli, domu i ogrodu\",\"potentialAction\":[{\"@type\":\"SearchAction\",\"target\":{\"@type\":\"EntryPoint\",\"urlTemplate\":\"https:\/\/www.moriadesign.pl\/?s={search_term_string}\"},\"query-input\":\"required name=search_term_string\"}],\"inLanguage\":\"de\"}]}<\/script>\n<!-- \/ Yoast SEO plugin. -->","yoast_head_json":{"title":"Stojak rowerowy retro B-06.60.k [l=60 cm] - MORIA DESIGN","description":"Klasyczny stojak rowerowy z solidnej rury z \u017celiwnym kulistym grotem. Idealnie pasuje do zrewitalizowanych \u015br\u00f3dmiejskich przestrzeni. Szybka wysy\u0142ka.","robots":{"index":"index","follow":"follow","max-snippet":"max-snippet:-1","max-image-preview":"max-image-preview:large","max-video-preview":"max-video-preview:-1"},"canonical":"https:\/\/www.moriadesign.pl\/de\/product-2\/retro-fahrradstander-b-06-60-k-l60-cm\/?wmc-currency=EUR","og_locale":"de_DE","og_type":"article","og_title":"Stojak rowerowy retro B-06.60.k [l=60 cm] - MORIA DESIGN","og_description":"Klasyczny stojak rowerowy z solidnej rury z \u017celiwnym kulistym grotem. Idealnie pasuje do zrewitalizowanych \u015br\u00f3dmiejskich przestrzeni. Szybka wysy\u0142ka.","og_url":"https:\/\/www.moriadesign.pl\/de\/product-2\/retro-fahrradstander-b-06-60-k-l60-cm\/?wmc-currency=EUR","og_site_name":"MORIA DESIGN","article_modified_time":"2026-04-03T09:06:51+00:00","og_image":[{"width":1600,"height":1600,"url":"https:\/\/www.moriadesign.pl\/wp-content\/uploads\/2022\/12\/B-06.60.k_1-stojak-na-rowery-z-zeliwna-kula.png","type":"image\/png"}],"twitter_card":"summary_large_image","twitter_misc":{"Gesch\u00e4tzte Lesezeit":"2\u00a0Minuten"},"schema":{"@context":"https:\/\/schema.org","@graph":[{"@type":"WebPage","@id":"https:\/\/www.moriadesign.pl\/produkt\/stojak-rowerowy-retro-b-06-60-k-l60-cm\/","url":"https:\/\/www.moriadesign.pl\/produkt\/stojak-rowerowy-retro-b-06-60-k-l60-cm\/","name":"Stojak rowerowy retro B-06.60.k [l=60 cm] - MORIA DESIGN","isPartOf":{"@id":"https:\/\/www.moriadesign.pl\/#website"},"datePublished":"2023-01-02T13:24:19+00:00","dateModified":"2026-04-03T09:06:51+00:00","description":"Klasyczny stojak rowerowy z solidnej rury z \u017celiwnym kulistym grotem. Idealnie pasuje do zrewitalizowanych \u015br\u00f3dmiejskich przestrzeni. Szybka wysy\u0142ka.","breadcrumb":{"@id":"https:\/\/www.moriadesign.pl\/produkt\/stojak-rowerowy-retro-b-06-60-k-l60-cm\/#breadcrumb"},"inLanguage":"de","potentialAction":[{"@type":"ReadAction","target":["https:\/\/www.moriadesign.pl\/produkt\/stojak-rowerowy-retro-b-06-60-k-l60-cm\/"]}]},{"@type":"BreadcrumbList","@id":"https:\/\/www.moriadesign.pl\/produkt\/stojak-rowerowy-retro-b-06-60-k-l60-cm\/#breadcrumb","itemListElement":[{"@type":"ListItem","position":1,"name":"Strona g\u0142\u00f3wna","item":"https:\/\/www.moriadesign.pl\/"},{"@type":"ListItem","position":2,"name":"Sklep","item":"https:\/\/www.moriadesign.pl\/sklep\/"},{"@type":"ListItem","position":3,"name":"Stojak rowerowy retro B-06.60.k [l=60 cm]"}]},{"@type":"WebSite","@id":"https:\/\/www.moriadesign.pl\/#website","url":"https:\/\/www.moriadesign.pl\/","name":"MORIA DESIGN","description":"okucia do mebli, domu i ogrodu","potentialAction":[{"@type":"SearchAction","target":{"@type":"EntryPoint","urlTemplate":"https:\/\/www.moriadesign.pl\/?s={search_term_string}"},"query-input":"required name=search_term_string"}],"inLanguage":"de"}]}},"_links":{"self":[{"href":"https:\/\/www.moriadesign.pl\/de\/wp-json\/wp\/v2\/product\/1750"}],"collection":[{"href":"https:\/\/www.moriadesign.pl\/de\/wp-json\/wp\/v2\/product"}],"about":[{"href":"https:\/\/www.moriadesign.pl\/de\/wp-json\/wp\/v2\/types\/product"}],"wp:featuredmedia":[{"embeddable":true,"href":"https:\/\/www.moriadesign.pl\/de\/wp-json\/wp\/v2\/media\/1714"}],"wp:attachment":[{"href":"https:\/\/www.moriadesign.pl\/de\/wp-json\/wp\/v2\/media?parent=1750"}],"wp:term":[{"taxonomy":"product_cat","embeddable":true,"href":"https:\/\/www.moriadesign.pl\/de\/wp-json\/wp\/v2\/product_cat?post=1750"},{"taxonomy":"product_tag","embeddable":true,"href":"https:\/\/www.moriadesign.pl\/de\/wp-json\/wp\/v2\/product_tag?post=1750"}],"curies":[{"name":"wp","href":"https:\/\/api.w.org\/{rel}","templated":true}]}}