{"id":1745,"date":"2023-01-02T14:05:32","date_gmt":"2023-01-02T13:05:32","guid":{"rendered":"https:\/\/www.moriadesign.pl\/?post_type=product&#038;p=1745"},"modified":"2026-04-03T11:12:03","modified_gmt":"2026-04-03T09:12:03","slug":"stojak-rowerowy-retro-b-05-60-b-l60-cm","status":"publish","type":"product","link":"https:\/\/www.moriadesign.pl\/de\/product-2\/stojak-rowerowy-retro-b-05-60-b-l60-cm\/","title":{"rendered":"Retro-Fahrradst\u00e4nder B-05.60.b [l=60 cm]"},"content":{"rendered":"<h2>Merkmale und Vorteile:<\/h2>\n<ul>\n<li>aus Stahl (Rohr + Gusskugel) &gt;\u00a0<b>immerw\u00e4hrend<\/b>;<\/li>\n<li>Zierkugel aus Gusseisen verwendet &gt;\u00a0<b>klassisch dekoriert<\/b>;<\/li>\n<li>Art der Verlegung von Beton (spezielles 30-cm-Rohr) &gt; <b>leicht zu installieren<\/b>;<\/li>\n<li>*Verzinkt und pulverbeschichtet in mattschwarz (glanzlos, feine Struktur) - weitaus widerstandsf\u00e4higer gegen Besch\u00e4digungen als Spritzlackierungen, Pulverlacke sind f\u00fcr Mensch und Umwelt v\u00f6llig unbedenklich &gt;. <b>langlebig und elegant verarbeitet;<\/b><\/li>\n<li>Abmessungen: H\u00f6he - 100 cm + 30 cm zum Einbetonieren, L\u00e4nge - 60 cm, \u03a6-Rohr - 60,3 mm &gt;<b>\u00a0sehr solide<\/b>;<\/li>\n<li>maschinell hergestellt &gt;\u00a0<b>Wiederholte<\/b>.<\/li>\n<\/ul>\n<p>*Nur pulverbeschichtete Version ebenfalls erh\u00e4ltlich.<\/p>\n<h2>Anwendung:<\/h2>\n<ul>\n<li>Die Konstruktion des St\u00e4nders erm\u00f6glicht es, sowohl den Rahmen als auch das Rad des Fahrrads mit einem Sicherheitskabel zu sichern. Er eignet sich auch gut zum Abstellen von Motorrollern.<\/li>\n<\/ul>\n<details>\n<summary style=\"cursor: pointer;\">Mehr lesen<\/summary>\n<h2><span lang=\"pl-PL\">Stojak rowerowy B-05.60.b \u2013 oryginalny stojak rowerowy w stylu retro<\/span><\/h2>\n<p><span lang=\"pl-PL\"><strong>Oryginalne retro stojaki rowerowe model B-05.60.b<\/strong>, kt\u00f3re znajdziesz w firmie MORIA DESIGN to doskona\u0142e rozwi\u0105zanie do miejskich przestrzeni, kt\u00f3re potrzebuj\u0105 praktycznych i stylowych miejsc do parkowania rower\u00f3w i hulajn\u00f3g. Te dwustanowiskowe stojaki, wykonane z solidnych materia\u0142\u00f3w, wyr\u00f3\u017cniaj\u0105 si\u0119 na tle innych dzi\u0119ki swojemu klasycznemu, retro designowi. Idealnie nadaj\u0105 si\u0119 do obszar\u00f3w rewitalizacji, uzupe\u0142niaj\u0105c je o po\u017c\u0105dan\u0105 elegancj\u0119 i funkcjonalno\u015b\u0107.<\/span><\/p>\n<p><span lang=\"pl-PL\">Stilvoll <a href=\"https:\/\/www.moriadesign.pl\/de\/angebot\/fahrradstander\/?wmc-currency=EUR\">Fahrradst\u00e4nder<\/a> MORIA DESIGN charakteryzuj\u0105 si\u0119 wysok\u0105 jako\u015bci\u0105 wykonania. Prezentowany model stojaka jest produkowany z solidnej metalowej rury o \u015brednicy 60,3 mm i grubo\u015bci \u015bcianki 2,9 mm co zapewnia ich trwa\u0142o\u015b\u0107 i odporno\u015b\u0107 na uszkodzenia. Masywny, odlany z \u017celiwa, kulisty grot podkre\u015bla masywno\u015b\u0107 i elegancj\u0119 stojaka. Stojaki s\u0105 dost\u0119pne w wersji ocynkowanej i pomalowanej proszkowo, co dodatkowo zwi\u0119ksza ich odporno\u015b\u0107 na warunki atmosferyczne.<\/span><\/p>\n<p><span lang=\"pl-PL\"><strong>Stojaki retro model B-05.60.b<\/strong>, design tych retro stojak\u00f3w rowerowych doskonale komponuje si\u0119 z miejskimi przestrzeniami w stylu klasycznym. Eleganckie wyko\u0144czenie i solidno\u015b\u0107 wykonania sprawiaj\u0105, \u017ce stojaki te nie tylko spe\u0142niaj\u0105 swoj\u0105 podstawow\u0105 funkcj\u0119, ale r\u00f3wnie\u017c stanowi\u0105 estetyczny element krajobrazu miejskiego. Stojak \u0142atwo zamontujesz betonuj\u0105c dedykowane 30 cm rury pod powierzchni\u0105 posadzki.<\/span><\/p>\n<p><span lang=\"pl-PL\"><strong>Solidne stojaki rowerowe B-05.60.b<\/strong> von <a href=\"\/de\/?wmc-currency=EUR\">MORIA DESIGN<\/a> to idealne rozwi\u0105zanie dla miast poszukuj\u0105cych sposobu na urz\u0105dzenie trwa\u0142ych, praktycznych i stylowych miejsc do parkowania rower\u00f3w. \u0141atwe w monta\u017cu, odporne na korozj\u0119 i warunki atmosferyczne, te retro stojaki rowerowe mog\u0105 by\u0107 zakupem, kt\u00f3ry b\u0119dzie cieszy\u0107 przez lata. Zach\u0119camy do zakupu oryginalnych, klasycznych stojak\u00f3w na rower, kt\u00f3re z pewno\u015bci\u0105 poprawi\u0105 estetyk\u0119 i funkcjonalno\u015b\u0107 naszej miejskiej przestrzeni.<\/span><\/p>\n<\/details>","protected":false},"excerpt":{"rendered":"<p>Cechy i zalety: wykonany ze stali (rura + kula \u017celiwna) &gt;\u00a0wieczny; zastosowana \u017celiwna kula ozdobna &gt;\u00a0klasycznie ozdobiony; spos\u00f3b monta\u017cu zabetonowanie (dedykowane 30 cm rury) &gt; \u0142atwy w monta\u017cu; *ocynkowany oraz pomalowany farb\u0105 proszkow\u0105 w kolorze czarny mat (zero po\u0142ysku, drobna struktura) \u2013 zdecydowanie wy\u017csza odporno\u015b\u0107 na uszkodzenia od pow\u0142ok farb natryskowych, farby proszkowe s\u0105 w&#8230;<\/p>","protected":false},"featured_media":1705,"template":"","meta":{"inline_featured_image":false},"product_cat":[35],"product_tag":[60,56,64,59,55,67,63,62,57,58],"acf":[],"yoast_head":"<!-- This site is optimized with the Yoast SEO plugin v20.2 - https:\/\/yoast.com\/wordpress\/plugins\/seo\/ -->\n<title>Stojak rowerowy retro B-05.60.b [l=60 cm] - MORIA DESIGN<\/title>\n<meta name=\"description\" content=\"Oryginalny stojak rowerowy w stylu retro z \u017celiwnymi okuciami. \u015awietny do zrewitalizowanych \u015br\u00f3dmiejskich przestrzeni. Jako\u015b\u0107 premium, szybka wysy\u0142ka!\" \/>\n<meta name=\"robots\" content=\"index, follow, max-snippet:-1, max-image-preview:large, max-video-preview:-1\" \/>\n<link rel=\"canonical\" href=\"https:\/\/www.moriadesign.pl\/de\/product-2\/stojak-rowerowy-retro-b-05-60-b-l60-cm\/?wmc-currency=EUR\" \/>\n<meta property=\"og:locale\" content=\"de_DE\" \/>\n<meta property=\"og:type\" content=\"article\" \/>\n<meta property=\"og:title\" content=\"Stojak rowerowy retro B-05.60.b [l=60 cm] - MORIA DESIGN\" \/>\n<meta property=\"og:description\" content=\"Oryginalny stojak rowerowy w stylu retro z \u017celiwnymi okuciami. \u015awietny do zrewitalizowanych \u015br\u00f3dmiejskich przestrzeni. Jako\u015b\u0107 premium, szybka wysy\u0142ka!\" \/>\n<meta property=\"og:url\" content=\"https:\/\/www.moriadesign.pl\/de\/product-2\/stojak-rowerowy-retro-b-05-60-b-l60-cm\/?wmc-currency=EUR\" \/>\n<meta property=\"og:site_name\" content=\"MORIA DESIGN\" \/>\n<meta property=\"article:modified_time\" content=\"2026-04-03T09:12:03+00:00\" \/>\n<meta property=\"og:image\" content=\"https:\/\/www.moriadesign.pl\/wp-content\/uploads\/2022\/12\/B-05.60.b_1-dekoracyjny-metalowy-stojak-rowerowy-do-zabetonowania.png\" \/>\n\t<meta property=\"og:image:width\" content=\"1600\" \/>\n\t<meta property=\"og:image:height\" content=\"1600\" \/>\n\t<meta property=\"og:image:type\" content=\"image\/png\" \/>\n<meta name=\"twitter:card\" content=\"summary_large_image\" \/>\n<meta name=\"twitter:label1\" content=\"Gesch\u00e4tzte Lesezeit\" \/>\n\t<meta name=\"twitter:data1\" content=\"2\u00a0Minuten\" \/>\n<script type=\"application\/ld+json\" class=\"yoast-schema-graph\">{\"@context\":\"https:\/\/schema.org\",\"@graph\":[{\"@type\":\"WebPage\",\"@id\":\"https:\/\/www.moriadesign.pl\/produkt\/stojak-rowerowy-retro-b-05-60-b-l60-cm\/\",\"url\":\"https:\/\/www.moriadesign.pl\/produkt\/stojak-rowerowy-retro-b-05-60-b-l60-cm\/\",\"name\":\"Stojak rowerowy retro B-05.60.b [l=60 cm] - MORIA DESIGN\",\"isPartOf\":{\"@id\":\"https:\/\/www.moriadesign.pl\/#website\"},\"datePublished\":\"2023-01-02T13:05:32+00:00\",\"dateModified\":\"2026-04-03T09:12:03+00:00\",\"description\":\"Oryginalny stojak rowerowy w stylu retro z \u017celiwnymi okuciami. \u015awietny do zrewitalizowanych \u015br\u00f3dmiejskich przestrzeni. Jako\u015b\u0107 premium, szybka wysy\u0142ka!\",\"breadcrumb\":{\"@id\":\"https:\/\/www.moriadesign.pl\/produkt\/stojak-rowerowy-retro-b-05-60-b-l60-cm\/#breadcrumb\"},\"inLanguage\":\"de\",\"potentialAction\":[{\"@type\":\"ReadAction\",\"target\":[\"https:\/\/www.moriadesign.pl\/produkt\/stojak-rowerowy-retro-b-05-60-b-l60-cm\/\"]}]},{\"@type\":\"BreadcrumbList\",\"@id\":\"https:\/\/www.moriadesign.pl\/produkt\/stojak-rowerowy-retro-b-05-60-b-l60-cm\/#breadcrumb\",\"itemListElement\":[{\"@type\":\"ListItem\",\"position\":1,\"name\":\"Strona g\u0142\u00f3wna\",\"item\":\"https:\/\/www.moriadesign.pl\/\"},{\"@type\":\"ListItem\",\"position\":2,\"name\":\"Sklep\",\"item\":\"https:\/\/www.moriadesign.pl\/sklep\/\"},{\"@type\":\"ListItem\",\"position\":3,\"name\":\"Stojak rowerowy retro B-05.60.b [l=60 cm]\"}]},{\"@type\":\"WebSite\",\"@id\":\"https:\/\/www.moriadesign.pl\/#website\",\"url\":\"https:\/\/www.moriadesign.pl\/\",\"name\":\"MORIA DESIGN\",\"description\":\"okucia do mebli, domu i ogrodu\",\"potentialAction\":[{\"@type\":\"SearchAction\",\"target\":{\"@type\":\"EntryPoint\",\"urlTemplate\":\"https:\/\/www.moriadesign.pl\/?s={search_term_string}\"},\"query-input\":\"required name=search_term_string\"}],\"inLanguage\":\"de\"}]}<\/script>\n<!-- \/ Yoast SEO plugin. -->","yoast_head_json":{"title":"Stojak rowerowy retro B-05.60.b [l=60 cm] - MORIA DESIGN","description":"Oryginalny stojak rowerowy w stylu retro z \u017celiwnymi okuciami. \u015awietny do zrewitalizowanych \u015br\u00f3dmiejskich przestrzeni. Jako\u015b\u0107 premium, szybka wysy\u0142ka!","robots":{"index":"index","follow":"follow","max-snippet":"max-snippet:-1","max-image-preview":"max-image-preview:large","max-video-preview":"max-video-preview:-1"},"canonical":"https:\/\/www.moriadesign.pl\/de\/product-2\/stojak-rowerowy-retro-b-05-60-b-l60-cm\/?wmc-currency=EUR","og_locale":"de_DE","og_type":"article","og_title":"Stojak rowerowy retro B-05.60.b [l=60 cm] - MORIA DESIGN","og_description":"Oryginalny stojak rowerowy w stylu retro z \u017celiwnymi okuciami. \u015awietny do zrewitalizowanych \u015br\u00f3dmiejskich przestrzeni. Jako\u015b\u0107 premium, szybka wysy\u0142ka!","og_url":"https:\/\/www.moriadesign.pl\/de\/product-2\/stojak-rowerowy-retro-b-05-60-b-l60-cm\/?wmc-currency=EUR","og_site_name":"MORIA DESIGN","article_modified_time":"2026-04-03T09:12:03+00:00","og_image":[{"width":1600,"height":1600,"url":"https:\/\/www.moriadesign.pl\/wp-content\/uploads\/2022\/12\/B-05.60.b_1-dekoracyjny-metalowy-stojak-rowerowy-do-zabetonowania.png","type":"image\/png"}],"twitter_card":"summary_large_image","twitter_misc":{"Gesch\u00e4tzte Lesezeit":"2\u00a0Minuten"},"schema":{"@context":"https:\/\/schema.org","@graph":[{"@type":"WebPage","@id":"https:\/\/www.moriadesign.pl\/produkt\/stojak-rowerowy-retro-b-05-60-b-l60-cm\/","url":"https:\/\/www.moriadesign.pl\/produkt\/stojak-rowerowy-retro-b-05-60-b-l60-cm\/","name":"Stojak rowerowy retro B-05.60.b [l=60 cm] - MORIA DESIGN","isPartOf":{"@id":"https:\/\/www.moriadesign.pl\/#website"},"datePublished":"2023-01-02T13:05:32+00:00","dateModified":"2026-04-03T09:12:03+00:00","description":"Oryginalny stojak rowerowy w stylu retro z \u017celiwnymi okuciami. \u015awietny do zrewitalizowanych \u015br\u00f3dmiejskich przestrzeni. Jako\u015b\u0107 premium, szybka wysy\u0142ka!","breadcrumb":{"@id":"https:\/\/www.moriadesign.pl\/produkt\/stojak-rowerowy-retro-b-05-60-b-l60-cm\/#breadcrumb"},"inLanguage":"de","potentialAction":[{"@type":"ReadAction","target":["https:\/\/www.moriadesign.pl\/produkt\/stojak-rowerowy-retro-b-05-60-b-l60-cm\/"]}]},{"@type":"BreadcrumbList","@id":"https:\/\/www.moriadesign.pl\/produkt\/stojak-rowerowy-retro-b-05-60-b-l60-cm\/#breadcrumb","itemListElement":[{"@type":"ListItem","position":1,"name":"Strona g\u0142\u00f3wna","item":"https:\/\/www.moriadesign.pl\/"},{"@type":"ListItem","position":2,"name":"Sklep","item":"https:\/\/www.moriadesign.pl\/sklep\/"},{"@type":"ListItem","position":3,"name":"Stojak rowerowy retro B-05.60.b [l=60 cm]"}]},{"@type":"WebSite","@id":"https:\/\/www.moriadesign.pl\/#website","url":"https:\/\/www.moriadesign.pl\/","name":"MORIA DESIGN","description":"okucia do mebli, domu i ogrodu","potentialAction":[{"@type":"SearchAction","target":{"@type":"EntryPoint","urlTemplate":"https:\/\/www.moriadesign.pl\/?s={search_term_string}"},"query-input":"required name=search_term_string"}],"inLanguage":"de"}]}},"_links":{"self":[{"href":"https:\/\/www.moriadesign.pl\/de\/wp-json\/wp\/v2\/product\/1745"}],"collection":[{"href":"https:\/\/www.moriadesign.pl\/de\/wp-json\/wp\/v2\/product"}],"about":[{"href":"https:\/\/www.moriadesign.pl\/de\/wp-json\/wp\/v2\/types\/product"}],"wp:featuredmedia":[{"embeddable":true,"href":"https:\/\/www.moriadesign.pl\/de\/wp-json\/wp\/v2\/media\/1705"}],"wp:attachment":[{"href":"https:\/\/www.moriadesign.pl\/de\/wp-json\/wp\/v2\/media?parent=1745"}],"wp:term":[{"taxonomy":"product_cat","embeddable":true,"href":"https:\/\/www.moriadesign.pl\/de\/wp-json\/wp\/v2\/product_cat?post=1745"},{"taxonomy":"product_tag","embeddable":true,"href":"https:\/\/www.moriadesign.pl\/de\/wp-json\/wp\/v2\/product_tag?post=1745"}],"curies":[{"name":"wp","href":"https:\/\/api.w.org\/{rel}","templated":true}]}}