{"id":1741,"date":"2023-01-02T13:40:19","date_gmt":"2023-01-02T12:40:19","guid":{"rendered":"https:\/\/www.moriadesign.pl\/?post_type=product&#038;p=1741"},"modified":"2026-04-03T11:20:13","modified_gmt":"2026-04-03T09:20:13","slug":"stojak-rowerowy-retro-b-03-60-o-l80-cm","status":"publish","type":"product","link":"https:\/\/www.moriadesign.pl\/de\/product-2\/retro-fahrradstander-b-03-60-o-l80-cm\/","title":{"rendered":"Retro Fahrradst\u00e4nder B-03.60.o [l=80 cm]"},"content":{"rendered":"<h2>Merkmale und Vorteile:<\/h2>\n<ul>\n<li>aus Stahl (Rohr + Blech mit Logo + Gusseisenbeschl\u00e4ge) &gt;\u00a0<b>immerw\u00e4hrend<\/b>;<\/li>\n<li>dekorative Gusseisenb\u00e4nder angebracht &gt;\u00a0<b>klassisch dekoriert<\/b>;<\/li>\n<li>Verlegeart - Betonieren (30 cm des Rohrs reichen unter die B\u00e4nder) &gt;\u00a0<b>leicht zu installieren<\/b>;<\/li>\n<li>*Verzinkt und pulverbeschichtet in mattschwarz (glanzlos, feine Struktur) - weitaus widerstandsf\u00e4higer gegen Besch\u00e4digungen als Spritzlackierungen, Pulverlacke sind f\u00fcr Mensch und Umwelt v\u00f6llig unbedenklich &gt;. <b>langlebig und elegant verarbeitet;<\/b><\/li>\n<li>Abmessungen: H\u00f6he - 80 cm + 30 cm zum Einbetonieren, L\u00e4nge - 80 cm, Blechst\u00e4rke - 2 mm, \u03a6-Rohr - 60,3 mm &gt;<b>\u00a0sehr solide<\/b>;<\/li>\n<li>maschinell hergestellt &gt;\u00a0<b>Wiederholte<\/b>.<\/li>\n<\/ul>\n<p>*Nur pulverbeschichtete Version ebenfalls erh\u00e4ltlich.<\/p>\n<h2>Anwendung:<\/h2>\n<ul>\n<li>Die Konstruktion des St\u00e4nders erm\u00f6glicht es, sowohl den Rahmen als auch das Rad des Fahrrads mit einem Sicherheitskabel zu sichern. Er eignet sich auch gut zum Abstellen von Motorrollern.<\/li>\n<\/ul>\n<details>\n<summary style=\"cursor: pointer;\">Mehr lesen<\/summary>\n<h2><span lang=\"pl-PL\">Dekorativer Fahrradst\u00e4nder im Retro-Stil Modell B-03.60.o - ein robustes M\u00f6belst\u00fcck f\u00fcr Regenerationsbereiche<\/span><\/h2>\n<p><span lang=\"pl-PL\"><strong>Dekorativer Fahrradst\u00e4nder Modell B-03.60.o<\/strong>ein mit gusseisernen B\u00e4ndern verziertes U-Tor, ist eine ausgezeichnete und bew\u00e4hrte M\u00f6glichkeit, Fahrr\u00e4der in stilvollen und originellen R\u00e4umen der Innenstadt abzustellen. <\/span><span lang=\"pl-PL\">Dieser robuste, funktionelle und originell aussehende Fahrradst\u00e4nder wurde entwickelt, um die Sicherheit und den Komfort der Benutzer von Fahrr\u00e4dern und Motorrollern zu gew\u00e4hrleisten. Die Verwendung von hochwertigen, soliden und zertifizierten Materialien macht den St\u00e4nder extrem langlebig und wird von Denkmalsch\u00fctzern f\u00fcr die Aufstellung in belebten st\u00e4dtischen R\u00e4umen empfohlen.<\/span><\/p>\n<p><span lang=\"pl-PL\"><strong>Retro U-Typ Fahrradst\u00e4nder Modell B-03.60.o<\/strong> ist aus Stahlrohr mit einem Durchmesser von 60,3 mm und einer Wandst\u00e4rke von 2,9 mm gefertigt. Der St\u00e4nder verf\u00fcgt au\u00dferdem \u00fcber ein \u00e4sthetisch ansprechendes, kreuzweise geschwei\u00dftes 2 mm dickes Blech, aus dem das Fahrradlogo ausgeschnitten ist, was ihm ein modernes und originelles Aussehen verleiht. Dar\u00fcber hinaus ist der St\u00e4nder mit zwei massiven, dekorativen Gusseisenb\u00e4ndern ausgestattet. Dank des Korrosionsschutzes ist die gesamte Konstruktion witterungsbest\u00e4ndig. In unserem regul\u00e4ren Angebot sind St\u00e4nder in zwei Ausf\u00fchrungen erh\u00e4ltlich: ein verzinkter und pulverbeschichteter St\u00e4nder sowie: ein pulverbeschichteter St\u00e4nder.<\/span><\/p>\n<p><span lang=\"pl-PL\">Elegant und stilvoll, das zeitlose Design des dekorativen Fahrradst\u00e4nders in U-Form macht den <strong>Modell B-03.60.o<\/strong> ist sowohl funktional als auch \u00e4sthetisch ansprechend. Die proportionale und klassische Form f\u00fcgt sich perfekt in die innerst\u00e4dtische Architektur ein, und die verf\u00fcgbaren Oberfl\u00e4chenoptionen machen es einfach, den St\u00e4nder an verschiedene R\u00e4ume anzupassen. Pulverbeschichtet mit einer feinen Textur in tiefschwarzem Matt, passt der St\u00e4nder perfekt in belebte st\u00e4dtische R\u00e4ume. Dieses Fahrradst\u00e4ndermodell erm\u00f6glicht das gleichzeitige Abstellen von zwei Fahrr\u00e4dern oder Scootern, die mit einer Kette, einem Kabel oder einem anderen Fahrradschloss sicher befestigt werden k\u00f6nnen.<\/span><\/p>\n<p><span lang=\"pl-PL\">Zusammenfassend l\u00e4sst sich sagen, dass der U-f\u00f6rmige Fahrradst\u00e4nder, Modell B-03.60.o, ein solides, sicheres und zugleich stilvolles Stadtm\u00f6bel ist, das einen hohen Nutzungskomfort gew\u00e4hrleistet. Die Montage des St\u00e4nders ist einfach und besteht in diesem Fall nur aus dem Betonieren. Auch verf\u00fcgbar <a href=\"\/de\/angebot\/fahrradstander\/?wmc-currency=EUR\">Fahrradst\u00e4nder<\/a> ohne in den Boden zu betonierende Zierelemente und zu verankernde oder zu verschraubende St\u00e4nder. <a href=\"\/de\/?wmc-currency=EUR\">MORIA DESIGN<\/a> hat sich seit Jahren auf die Herstellung von dekorativen Fahrradst\u00e4ndern im Retro-Stil spezialisiert. Entscheiden Sie sich f\u00fcr dekorative Fahrradst\u00e4nder im Retro-Stil und \u00fcberzeugen Sie sich selbst davon, dass es sich lohnt, in Premium-Produkte zu investieren!<\/span><\/p>\n<\/details>","protected":false},"excerpt":{"rendered":"<p>Cechy i zalety: wykonany ze stali (rura + blacha z logo + okucia \u017celiwne) &gt;\u00a0wieczny; zastosowane ozdobne opaski \u017celiwne &gt;\u00a0klasycznie ozdobiony; spos\u00f3b monta\u017cu &#8211; zabetonowanie (30 cm rury wystaje poni\u017cej opasek) &gt;\u00a0\u0142atwy w monta\u017cu; *ocynkowany oraz pomalowany farb\u0105 proszkow\u0105 w kolorze czarny mat (zero po\u0142ysku, drobna struktura) \u2013 zdecydowanie wy\u017csza odporno\u015b\u0107 na uszkodzenia od pow\u0142ok&#8230;<\/p>","protected":false},"featured_media":1696,"template":"","meta":{"inline_featured_image":false},"product_cat":[35],"product_tag":[61,60,56,64,59,63,62,75,57,58],"acf":[],"yoast_head":"<!-- This site is optimized with the Yoast SEO plugin v20.2 - https:\/\/yoast.com\/wordpress\/plugins\/seo\/ -->\n<title>Stojak rowerowy retro B-03.60.o [l=80 cm] - MORIA DESIGN<\/title>\n<meta name=\"description\" content=\"Dekoracyjny stojak rowerowy w stylu retro. Z solidnej rury z \u017celiwnymi opaskami oraz logo roweru. Pasuje do zrewitalizowanych przestrzeni. Najwy\u017csza jako\u015b\u0107!\" \/>\n<meta name=\"robots\" content=\"index, follow, max-snippet:-1, max-image-preview:large, max-video-preview:-1\" \/>\n<link rel=\"canonical\" href=\"https:\/\/www.moriadesign.pl\/de\/product-2\/retro-fahrradstander-b-03-60-o-l80-cm\/?wmc-currency=EUR\" \/>\n<meta property=\"og:locale\" content=\"de_DE\" \/>\n<meta property=\"og:type\" content=\"article\" \/>\n<meta property=\"og:title\" content=\"Stojak rowerowy retro B-03.60.o [l=80 cm] - MORIA DESIGN\" \/>\n<meta property=\"og:description\" content=\"Dekoracyjny stojak rowerowy w stylu retro. Z solidnej rury z \u017celiwnymi opaskami oraz logo roweru. Pasuje do zrewitalizowanych przestrzeni. Najwy\u017csza jako\u015b\u0107!\" \/>\n<meta property=\"og:url\" content=\"https:\/\/www.moriadesign.pl\/de\/product-2\/retro-fahrradstander-b-03-60-o-l80-cm\/?wmc-currency=EUR\" \/>\n<meta property=\"og:site_name\" content=\"MORIA DESIGN\" \/>\n<meta property=\"article:modified_time\" content=\"2026-04-03T09:20:13+00:00\" \/>\n<meta property=\"og:image\" content=\"https:\/\/www.moriadesign.pl\/wp-content\/uploads\/2022\/12\/B-03.60.o_1-miejski-stojak-na-rowery-obszar-rewitalizacji.png\" \/>\n\t<meta property=\"og:image:width\" content=\"1600\" \/>\n\t<meta property=\"og:image:height\" content=\"1600\" \/>\n\t<meta property=\"og:image:type\" content=\"image\/png\" \/>\n<meta name=\"twitter:card\" content=\"summary_large_image\" \/>\n<meta name=\"twitter:label1\" content=\"Gesch\u00e4tzte Lesezeit\" \/>\n\t<meta name=\"twitter:data1\" content=\"3\u00a0Minuten\" \/>\n<script type=\"application\/ld+json\" class=\"yoast-schema-graph\">{\"@context\":\"https:\/\/schema.org\",\"@graph\":[{\"@type\":\"WebPage\",\"@id\":\"https:\/\/www.moriadesign.pl\/produkt\/stojak-rowerowy-retro-b-03-60-o-l80-cm\/\",\"url\":\"https:\/\/www.moriadesign.pl\/produkt\/stojak-rowerowy-retro-b-03-60-o-l80-cm\/\",\"name\":\"Stojak rowerowy retro B-03.60.o [l=80 cm] - MORIA DESIGN\",\"isPartOf\":{\"@id\":\"https:\/\/www.moriadesign.pl\/#website\"},\"datePublished\":\"2023-01-02T12:40:19+00:00\",\"dateModified\":\"2026-04-03T09:20:13+00:00\",\"description\":\"Dekoracyjny stojak rowerowy w stylu retro. Z solidnej rury z \u017celiwnymi opaskami oraz logo roweru. Pasuje do zrewitalizowanych przestrzeni. Najwy\u017csza jako\u015b\u0107!\",\"breadcrumb\":{\"@id\":\"https:\/\/www.moriadesign.pl\/produkt\/stojak-rowerowy-retro-b-03-60-o-l80-cm\/#breadcrumb\"},\"inLanguage\":\"de\",\"potentialAction\":[{\"@type\":\"ReadAction\",\"target\":[\"https:\/\/www.moriadesign.pl\/produkt\/stojak-rowerowy-retro-b-03-60-o-l80-cm\/\"]}]},{\"@type\":\"BreadcrumbList\",\"@id\":\"https:\/\/www.moriadesign.pl\/produkt\/stojak-rowerowy-retro-b-03-60-o-l80-cm\/#breadcrumb\",\"itemListElement\":[{\"@type\":\"ListItem\",\"position\":1,\"name\":\"Strona g\u0142\u00f3wna\",\"item\":\"https:\/\/www.moriadesign.pl\/\"},{\"@type\":\"ListItem\",\"position\":2,\"name\":\"Sklep\",\"item\":\"https:\/\/www.moriadesign.pl\/sklep\/\"},{\"@type\":\"ListItem\",\"position\":3,\"name\":\"Stojak rowerowy retro B-03.60.o [l=80 cm]\"}]},{\"@type\":\"WebSite\",\"@id\":\"https:\/\/www.moriadesign.pl\/#website\",\"url\":\"https:\/\/www.moriadesign.pl\/\",\"name\":\"MORIA DESIGN\",\"description\":\"okucia do mebli, domu i ogrodu\",\"potentialAction\":[{\"@type\":\"SearchAction\",\"target\":{\"@type\":\"EntryPoint\",\"urlTemplate\":\"https:\/\/www.moriadesign.pl\/?s={search_term_string}\"},\"query-input\":\"required name=search_term_string\"}],\"inLanguage\":\"de\"}]}<\/script>\n<!-- \/ Yoast SEO plugin. -->","yoast_head_json":{"title":"Stojak rowerowy retro B-03.60.o [l=80 cm] - MORIA DESIGN","description":"Dekoracyjny stojak rowerowy w stylu retro. Z solidnej rury z \u017celiwnymi opaskami oraz logo roweru. Pasuje do zrewitalizowanych przestrzeni. Najwy\u017csza jako\u015b\u0107!","robots":{"index":"index","follow":"follow","max-snippet":"max-snippet:-1","max-image-preview":"max-image-preview:large","max-video-preview":"max-video-preview:-1"},"canonical":"https:\/\/www.moriadesign.pl\/de\/product-2\/retro-fahrradstander-b-03-60-o-l80-cm\/?wmc-currency=EUR","og_locale":"de_DE","og_type":"article","og_title":"Stojak rowerowy retro B-03.60.o [l=80 cm] - MORIA DESIGN","og_description":"Dekoracyjny stojak rowerowy w stylu retro. Z solidnej rury z \u017celiwnymi opaskami oraz logo roweru. Pasuje do zrewitalizowanych przestrzeni. Najwy\u017csza jako\u015b\u0107!","og_url":"https:\/\/www.moriadesign.pl\/de\/product-2\/retro-fahrradstander-b-03-60-o-l80-cm\/?wmc-currency=EUR","og_site_name":"MORIA DESIGN","article_modified_time":"2026-04-03T09:20:13+00:00","og_image":[{"width":1600,"height":1600,"url":"https:\/\/www.moriadesign.pl\/wp-content\/uploads\/2022\/12\/B-03.60.o_1-miejski-stojak-na-rowery-obszar-rewitalizacji.png","type":"image\/png"}],"twitter_card":"summary_large_image","twitter_misc":{"Gesch\u00e4tzte Lesezeit":"3\u00a0Minuten"},"schema":{"@context":"https:\/\/schema.org","@graph":[{"@type":"WebPage","@id":"https:\/\/www.moriadesign.pl\/produkt\/stojak-rowerowy-retro-b-03-60-o-l80-cm\/","url":"https:\/\/www.moriadesign.pl\/produkt\/stojak-rowerowy-retro-b-03-60-o-l80-cm\/","name":"Stojak rowerowy retro B-03.60.o [l=80 cm] - MORIA DESIGN","isPartOf":{"@id":"https:\/\/www.moriadesign.pl\/#website"},"datePublished":"2023-01-02T12:40:19+00:00","dateModified":"2026-04-03T09:20:13+00:00","description":"Dekoracyjny stojak rowerowy w stylu retro. Z solidnej rury z \u017celiwnymi opaskami oraz logo roweru. Pasuje do zrewitalizowanych przestrzeni. Najwy\u017csza jako\u015b\u0107!","breadcrumb":{"@id":"https:\/\/www.moriadesign.pl\/produkt\/stojak-rowerowy-retro-b-03-60-o-l80-cm\/#breadcrumb"},"inLanguage":"de","potentialAction":[{"@type":"ReadAction","target":["https:\/\/www.moriadesign.pl\/produkt\/stojak-rowerowy-retro-b-03-60-o-l80-cm\/"]}]},{"@type":"BreadcrumbList","@id":"https:\/\/www.moriadesign.pl\/produkt\/stojak-rowerowy-retro-b-03-60-o-l80-cm\/#breadcrumb","itemListElement":[{"@type":"ListItem","position":1,"name":"Strona g\u0142\u00f3wna","item":"https:\/\/www.moriadesign.pl\/"},{"@type":"ListItem","position":2,"name":"Sklep","item":"https:\/\/www.moriadesign.pl\/sklep\/"},{"@type":"ListItem","position":3,"name":"Stojak rowerowy retro B-03.60.o [l=80 cm]"}]},{"@type":"WebSite","@id":"https:\/\/www.moriadesign.pl\/#website","url":"https:\/\/www.moriadesign.pl\/","name":"MORIA DESIGN","description":"okucia do mebli, domu i ogrodu","potentialAction":[{"@type":"SearchAction","target":{"@type":"EntryPoint","urlTemplate":"https:\/\/www.moriadesign.pl\/?s={search_term_string}"},"query-input":"required name=search_term_string"}],"inLanguage":"de"}]}},"_links":{"self":[{"href":"https:\/\/www.moriadesign.pl\/de\/wp-json\/wp\/v2\/product\/1741"}],"collection":[{"href":"https:\/\/www.moriadesign.pl\/de\/wp-json\/wp\/v2\/product"}],"about":[{"href":"https:\/\/www.moriadesign.pl\/de\/wp-json\/wp\/v2\/types\/product"}],"wp:featuredmedia":[{"embeddable":true,"href":"https:\/\/www.moriadesign.pl\/de\/wp-json\/wp\/v2\/media\/1696"}],"wp:attachment":[{"href":"https:\/\/www.moriadesign.pl\/de\/wp-json\/wp\/v2\/media?parent=1741"}],"wp:term":[{"taxonomy":"product_cat","embeddable":true,"href":"https:\/\/www.moriadesign.pl\/de\/wp-json\/wp\/v2\/product_cat?post=1741"},{"taxonomy":"product_tag","embeddable":true,"href":"https:\/\/www.moriadesign.pl\/de\/wp-json\/wp\/v2\/product_tag?post=1741"}],"curies":[{"name":"wp","href":"https:\/\/api.w.org\/{rel}","templated":true}]}}