{"id":1740,"date":"2023-01-02T13:34:36","date_gmt":"2023-01-02T12:34:36","guid":{"rendered":"https:\/\/www.moriadesign.pl\/?post_type=product&#038;p=1740"},"modified":"2026-04-03T11:23:18","modified_gmt":"2026-04-03T09:23:18","slug":"stojak-rowerowy-bramka-typ-u-kotwiony-b-03-60-k-l80-cm","status":"publish","type":"product","link":"https:\/\/www.moriadesign.pl\/de\/product-2\/stojak-rowerowy-bramka-typ-u-kotwiony-b-03-60-k-l80-cm\/","title":{"rendered":"Fahrradst\u00e4nder B-03.60.k [l=80 cm]"},"content":{"rendered":"<h2>Merkmale und Vorteile:<\/h2>\n<ul>\n<li>aus Stahl (Rohr + Blech mit Logo) &gt;\u00a0<b>immerw\u00e4hrend<\/b>;<\/li>\n<li>Befestigungsart - geschraubt (Metallblende) &gt;\u00a0<b>leicht zu installieren<\/b>;<\/li>\n<li>*Verzinkt und pulverbeschichtet in mattschwarz (glanzlos, feine Struktur) - weitaus widerstandsf\u00e4higer gegen Besch\u00e4digungen als Spritzlackierungen, Pulverlacke sind f\u00fcr Mensch und Umwelt v\u00f6llig unbedenklich &gt;. <b>langlebig und elegant verarbeitet;<\/b><\/li>\n<li>wymiary: wysoko\u015b\u0107 &#8211; 80 cm, d\u0142ugo\u015b\u0107 &#8211; 80 cm, grubo\u015b\u0107 blachy &#8211; 2 mm, \u03a6 rury &#8211; 60,3 mm, grubo\u015b\u0107 kryzy &#8211; 4 mm &gt;<b>\u00a0sehr solide<\/b>;<\/li>\n<li>maschinell hergestellt &gt;\u00a0<b>Wiederholte<\/b>.<\/li>\n<\/ul>\n<p>*Nur pulverbeschichtete Version ebenfalls erh\u00e4ltlich.<\/p>\n<h2>Anwendung:<\/h2>\n<ul>\n<li>Die Konstruktion des St\u00e4nders erm\u00f6glicht es, sowohl den Rahmen als auch das Rad des Fahrrads mit einem Sicherheitskabel zu sichern. Er eignet sich auch gut zum Abstellen von Motorrollern.<\/li>\n<\/ul>\n<details>\n<summary style=\"cursor: pointer;\">Mehr lesen<\/summary>\n<h2><span lang=\"pl-PL\">Stojak rowerowy, bramka typ U, kotwiony model B-03.60.k \u2013 oryginalne, solidne i funkcjonalne rozwi\u0105zanie do parkowania rower\u00f3w<\/span><\/h2>\n<p><span lang=\"pl-PL\"><strong>Oryginalny stojak rowerowy model B-03.60.k<\/strong>, bramka typ U (kotwiony stojak ukszta\u0142tny), znany r\u00f3wnie\u017c jako barierka do parkowania rower\u00f3w, to \u015bwietny i sprawdzony spos\u00f3b na parkowanie rower\u00f3w w przestrzeniach miejskich. <\/span><span lang=\"pl-PL\">Ten solidny, funkcjonalny i oryginalnie wygl\u0105daj\u0105cy stojak rowerowy zosta\u0142 zaprojektowany, aby zapewni\u0107 bezpiecze\u0144stwo oraz wygod\u0119 u\u017cytkownikom rower\u00f3w, jak r\u00f3wnie\u017c hulajn\u00f3g. Dzi\u0119ki zastosowaniu wysokiej jako\u015bci, masywnych i certyfikowanych materia\u0142\u00f3w, stojak charakteryzuje si\u0119 wyj\u0105tkow\u0105 trwa\u0142o\u015bci\u0105 i jest ch\u0119tnie wybierany przez sp\u00f3\u0142dzielnie mieszkaniowe do instalacji miejscach publicznych.<\/span><\/p>\n<p><span lang=\"pl-PL\"><strong>Stojak rowerowy typu U model B-03.60.k<\/strong> wykonany zosta\u0142 ze stalowej rury o \u015brednicy 60,3 mm i grubo\u015bci \u015bcianki 2,9 mm. Stojak posiada estetycznie wspawan\u0105 poprzecznie blach\u0119 o grubo\u015bci 2 mm, z wyci\u0119tym logo roweru, co nadaje mu nowoczesny i oryginalny wygl\u0105d. Dodatkowo stojak wyposa\u017cony jest w dwie solidne kryzy monta\u017cowe o grubo\u015bci blachy 4-5 mm. Dzi\u0119ki zabezpieczeniu antykorozyjnemu ca\u0142o\u015b\u0107 konstrukcji jest odporna na warunki atmosferyczne. W sta\u0142ej ofercie dost\u0119pne s\u0105 stojaki w dw\u00f3ch wersjach: stojak ocynkowany i pomalowany proszkowo, a tak\u017ce: stojak pomalowany proszkowo.<\/span><\/p>\n<p><span lang=\"pl-PL\">Prosty, ponadczasowy wz\u00f3r stojaka rowerowego typ U sprawia, \u017ce <strong>model B-03.60.k<\/strong> jest zar\u00f3wno funkcjonalny oraz estetyczny i gwarantuj\u0105cy bezpiecze\u0144stwo. Proporcjonalna i elegancka konstrukcja doskonale komponuje si\u0119 z miejsk\u0105 architektur\u0105, a dost\u0119pne warianty wyko\u0144cze\u0144 umo\u017cliwiaj\u0105 \u0142atwe dopasowanie stojaka do r\u00f3\u017cnych przestrzeni. Stojak pomalowany farb\u0105 proszkow\u0105, z delikatn\u0105 struktur\u0105 w g\u0142\u0119bokim czarnym macie, doskonale pasuje do zrewitalizowanych przestrzeni miejskich. Ten model stojaka rowerowego umo\u017cliwia jednoczesne parkowanie dw\u00f3ch rower\u00f3w lub hulajn\u00f3g, kt\u00f3re mo\u017cna bezpiecznie przypi\u0105\u0107 za pomoc\u0105 \u0142a\u0144cucha, linki czy u-locka.<\/span><\/p>\n<p><span lang=\"pl-PL\">Podsumowuj\u0105c, stojak rowerowy typ U model B-03.60.k to solidny, stabilny i r\u00f3wnocze\u015bnie elegancki element ma\u0142ej architektury miejskiej, kt\u00f3ry gwarantuje bezpiecze\u0144stwo i wygod\u0119 u\u017cytkowania. Monta\u017c stojaka jest prosty i w tym przypadku polega wy\u0142\u0105cznie na przykr\u0119ceniu stalowych kryz, po 4 fazowane otwory o \u015brednicy 11 mm w ka\u017cdej z dw\u00f3ch kryz. Dost\u0119pne s\u0105 r\u00f3wnie\u017c <a href=\"\/de\/angebot\/fahrradstander\/?wmc-currency=EUR\">Fahrradst\u00e4nder<\/a> przeznaczone do zabetonowania w pod\u0142o\u017cu oraz stojaki dekoracyjne do zabetonowania w wersji ozdobionej \u017celiwnymi okuciami. Jest to polski produkt firmy <a href=\"\/de\/?wmc-currency=EUR\">MORIA DESIGN<\/a>, w kt\u00f3rej ofercie znajduj\u0105 si\u0119 ozdobne okucia do mebli, domu i ogrodu. Zach\u0119camy do zakupu tego solidnego i funkcjonalnego stojaka rowerowego, kt\u00f3ry efektywnie pomo\u017ce Ci uporz\u0105dkowa\u0107 otaczaj\u0105c\u0105 Ci\u0119 przestrze\u0144!<\/span><\/p>\n<\/details>","protected":false},"excerpt":{"rendered":"<p>Cechy i zalety: wykonany ze stali (rura + blacha z logo) &gt;\u00a0wieczny; spos\u00f3b monta\u017cu &#8211; przykr\u0119cenie (metalowa kryza) &gt;\u00a0\u0142atwy w monta\u017cu; *ocynkowany oraz pomalowany farb\u0105 proszkow\u0105 w kolorze czarny mat (zero po\u0142ysku, drobna struktura) \u2013 zdecydowanie wy\u017csza odporno\u015b\u0107 na uszkodzenia od pow\u0142ok farb natryskowych, farby proszkowe s\u0105 w pe\u0142ni bezpieczne dla ludzi i \u015brodowiska &gt;&#8230;<\/p>","protected":false},"featured_media":1691,"template":"","meta":{"inline_featured_image":false},"product_cat":[23,35],"product_tag":[61,60,56,64,59,55,63,62,57,58],"acf":[],"yoast_head":"<!-- This site is optimized with the Yoast SEO plugin v20.2 - https:\/\/yoast.com\/wordpress\/plugins\/seo\/ -->\n<title>Stojak rowerowy B-03.60.k [l=80 cm] - MORIA DESIGN<\/title>\n<meta name=\"description\" content=\"Oryginalny stojak rowerowy, bramka typ U, kotwiony. Z solidnej, stalowej ocynkowanej rury, pomalowanej proszkowo i poprzecznie wspawanej blachy z logo.\" \/>\n<meta name=\"robots\" content=\"index, follow, max-snippet:-1, max-image-preview:large, max-video-preview:-1\" \/>\n<link rel=\"canonical\" href=\"https:\/\/www.moriadesign.pl\/de\/product-2\/stojak-rowerowy-bramka-typ-u-kotwiony-b-03-60-k-l80-cm\/?wmc-currency=EUR\" \/>\n<meta property=\"og:locale\" content=\"de_DE\" \/>\n<meta property=\"og:type\" content=\"article\" \/>\n<meta property=\"og:title\" content=\"Stojak rowerowy B-03.60.k [l=80 cm] - MORIA DESIGN\" \/>\n<meta property=\"og:description\" content=\"Oryginalny stojak rowerowy, bramka typ U, kotwiony. Z solidnej, stalowej ocynkowanej rury, pomalowanej proszkowo i poprzecznie wspawanej blachy z logo.\" \/>\n<meta property=\"og:url\" content=\"https:\/\/www.moriadesign.pl\/de\/product-2\/stojak-rowerowy-bramka-typ-u-kotwiony-b-03-60-k-l80-cm\/?wmc-currency=EUR\" \/>\n<meta property=\"og:site_name\" content=\"MORIA DESIGN\" \/>\n<meta property=\"article:modified_time\" content=\"2026-04-03T09:23:18+00:00\" \/>\n<meta property=\"og:image\" content=\"https:\/\/www.moriadesign.pl\/wp-content\/uploads\/2022\/12\/B-03.60.k_1-rowerowy-stojak-barierka-typ-U.png\" \/>\n\t<meta property=\"og:image:width\" content=\"1600\" \/>\n\t<meta property=\"og:image:height\" content=\"1600\" \/>\n\t<meta property=\"og:image:type\" content=\"image\/png\" \/>\n<meta name=\"twitter:card\" content=\"summary_large_image\" \/>\n<meta name=\"twitter:label1\" content=\"Gesch\u00e4tzte Lesezeit\" \/>\n\t<meta name=\"twitter:data1\" content=\"3\u00a0Minuten\" \/>\n<script type=\"application\/ld+json\" class=\"yoast-schema-graph\">{\"@context\":\"https:\/\/schema.org\",\"@graph\":[{\"@type\":\"WebPage\",\"@id\":\"https:\/\/www.moriadesign.pl\/produkt\/stojak-rowerowy-bramka-typ-u-kotwiony-b-03-60-k-l80-cm\/\",\"url\":\"https:\/\/www.moriadesign.pl\/produkt\/stojak-rowerowy-bramka-typ-u-kotwiony-b-03-60-k-l80-cm\/\",\"name\":\"Stojak rowerowy B-03.60.k [l=80 cm] - MORIA DESIGN\",\"isPartOf\":{\"@id\":\"https:\/\/www.moriadesign.pl\/#website\"},\"datePublished\":\"2023-01-02T12:34:36+00:00\",\"dateModified\":\"2026-04-03T09:23:18+00:00\",\"description\":\"Oryginalny stojak rowerowy, bramka typ U, kotwiony. Z solidnej, stalowej ocynkowanej rury, pomalowanej proszkowo i poprzecznie wspawanej blachy z logo.\",\"breadcrumb\":{\"@id\":\"https:\/\/www.moriadesign.pl\/produkt\/stojak-rowerowy-bramka-typ-u-kotwiony-b-03-60-k-l80-cm\/#breadcrumb\"},\"inLanguage\":\"de\",\"potentialAction\":[{\"@type\":\"ReadAction\",\"target\":[\"https:\/\/www.moriadesign.pl\/produkt\/stojak-rowerowy-bramka-typ-u-kotwiony-b-03-60-k-l80-cm\/\"]}]},{\"@type\":\"BreadcrumbList\",\"@id\":\"https:\/\/www.moriadesign.pl\/produkt\/stojak-rowerowy-bramka-typ-u-kotwiony-b-03-60-k-l80-cm\/#breadcrumb\",\"itemListElement\":[{\"@type\":\"ListItem\",\"position\":1,\"name\":\"Strona g\u0142\u00f3wna\",\"item\":\"https:\/\/www.moriadesign.pl\/\"},{\"@type\":\"ListItem\",\"position\":2,\"name\":\"Sklep\",\"item\":\"https:\/\/www.moriadesign.pl\/sklep\/\"},{\"@type\":\"ListItem\",\"position\":3,\"name\":\"Stojak rowerowy B-03.60.k [l=80 cm]\"}]},{\"@type\":\"WebSite\",\"@id\":\"https:\/\/www.moriadesign.pl\/#website\",\"url\":\"https:\/\/www.moriadesign.pl\/\",\"name\":\"MORIA DESIGN\",\"description\":\"okucia do mebli, domu i ogrodu\",\"potentialAction\":[{\"@type\":\"SearchAction\",\"target\":{\"@type\":\"EntryPoint\",\"urlTemplate\":\"https:\/\/www.moriadesign.pl\/?s={search_term_string}\"},\"query-input\":\"required name=search_term_string\"}],\"inLanguage\":\"de\"}]}<\/script>\n<!-- \/ Yoast SEO plugin. -->","yoast_head_json":{"title":"Stojak rowerowy B-03.60.k [l=80 cm] - MORIA DESIGN","description":"Oryginalny stojak rowerowy, bramka typ U, kotwiony. Z solidnej, stalowej ocynkowanej rury, pomalowanej proszkowo i poprzecznie wspawanej blachy z logo.","robots":{"index":"index","follow":"follow","max-snippet":"max-snippet:-1","max-image-preview":"max-image-preview:large","max-video-preview":"max-video-preview:-1"},"canonical":"https:\/\/www.moriadesign.pl\/de\/product-2\/stojak-rowerowy-bramka-typ-u-kotwiony-b-03-60-k-l80-cm\/?wmc-currency=EUR","og_locale":"de_DE","og_type":"article","og_title":"Stojak rowerowy B-03.60.k [l=80 cm] - MORIA DESIGN","og_description":"Oryginalny stojak rowerowy, bramka typ U, kotwiony. Z solidnej, stalowej ocynkowanej rury, pomalowanej proszkowo i poprzecznie wspawanej blachy z logo.","og_url":"https:\/\/www.moriadesign.pl\/de\/product-2\/stojak-rowerowy-bramka-typ-u-kotwiony-b-03-60-k-l80-cm\/?wmc-currency=EUR","og_site_name":"MORIA DESIGN","article_modified_time":"2026-04-03T09:23:18+00:00","og_image":[{"width":1600,"height":1600,"url":"https:\/\/www.moriadesign.pl\/wp-content\/uploads\/2022\/12\/B-03.60.k_1-rowerowy-stojak-barierka-typ-U.png","type":"image\/png"}],"twitter_card":"summary_large_image","twitter_misc":{"Gesch\u00e4tzte Lesezeit":"3\u00a0Minuten"},"schema":{"@context":"https:\/\/schema.org","@graph":[{"@type":"WebPage","@id":"https:\/\/www.moriadesign.pl\/produkt\/stojak-rowerowy-bramka-typ-u-kotwiony-b-03-60-k-l80-cm\/","url":"https:\/\/www.moriadesign.pl\/produkt\/stojak-rowerowy-bramka-typ-u-kotwiony-b-03-60-k-l80-cm\/","name":"Stojak rowerowy B-03.60.k [l=80 cm] - MORIA DESIGN","isPartOf":{"@id":"https:\/\/www.moriadesign.pl\/#website"},"datePublished":"2023-01-02T12:34:36+00:00","dateModified":"2026-04-03T09:23:18+00:00","description":"Oryginalny stojak rowerowy, bramka typ U, kotwiony. Z solidnej, stalowej ocynkowanej rury, pomalowanej proszkowo i poprzecznie wspawanej blachy z logo.","breadcrumb":{"@id":"https:\/\/www.moriadesign.pl\/produkt\/stojak-rowerowy-bramka-typ-u-kotwiony-b-03-60-k-l80-cm\/#breadcrumb"},"inLanguage":"de","potentialAction":[{"@type":"ReadAction","target":["https:\/\/www.moriadesign.pl\/produkt\/stojak-rowerowy-bramka-typ-u-kotwiony-b-03-60-k-l80-cm\/"]}]},{"@type":"BreadcrumbList","@id":"https:\/\/www.moriadesign.pl\/produkt\/stojak-rowerowy-bramka-typ-u-kotwiony-b-03-60-k-l80-cm\/#breadcrumb","itemListElement":[{"@type":"ListItem","position":1,"name":"Strona g\u0142\u00f3wna","item":"https:\/\/www.moriadesign.pl\/"},{"@type":"ListItem","position":2,"name":"Sklep","item":"https:\/\/www.moriadesign.pl\/sklep\/"},{"@type":"ListItem","position":3,"name":"Stojak rowerowy B-03.60.k [l=80 cm]"}]},{"@type":"WebSite","@id":"https:\/\/www.moriadesign.pl\/#website","url":"https:\/\/www.moriadesign.pl\/","name":"MORIA DESIGN","description":"okucia do mebli, domu i ogrodu","potentialAction":[{"@type":"SearchAction","target":{"@type":"EntryPoint","urlTemplate":"https:\/\/www.moriadesign.pl\/?s={search_term_string}"},"query-input":"required name=search_term_string"}],"inLanguage":"de"}]}},"_links":{"self":[{"href":"https:\/\/www.moriadesign.pl\/de\/wp-json\/wp\/v2\/product\/1740"}],"collection":[{"href":"https:\/\/www.moriadesign.pl\/de\/wp-json\/wp\/v2\/product"}],"about":[{"href":"https:\/\/www.moriadesign.pl\/de\/wp-json\/wp\/v2\/types\/product"}],"wp:featuredmedia":[{"embeddable":true,"href":"https:\/\/www.moriadesign.pl\/de\/wp-json\/wp\/v2\/media\/1691"}],"wp:attachment":[{"href":"https:\/\/www.moriadesign.pl\/de\/wp-json\/wp\/v2\/media?parent=1740"}],"wp:term":[{"taxonomy":"product_cat","embeddable":true,"href":"https:\/\/www.moriadesign.pl\/de\/wp-json\/wp\/v2\/product_cat?post=1740"},{"taxonomy":"product_tag","embeddable":true,"href":"https:\/\/www.moriadesign.pl\/de\/wp-json\/wp\/v2\/product_tag?post=1740"}],"curies":[{"name":"wp","href":"https:\/\/api.w.org\/{rel}","templated":true}]}}