{"id":1734,"date":"2022-12-30T11:59:33","date_gmt":"2022-12-30T10:59:33","guid":{"rendered":"https:\/\/www.moriadesign.pl\/?post_type=product&#038;p=1734"},"modified":"2026-04-03T11:33:06","modified_gmt":"2026-04-03T09:33:06","slug":"stojak-rowerowy-retro-b-01-60-k-l80-cm","status":"publish","type":"product","link":"https:\/\/www.moriadesign.pl\/de\/product-2\/retro-fahrradstander-b-01-60-k-l80-cm\/","title":{"rendered":"Fahrradst\u00e4nder B-01.60.k [l=80 cm]"},"content":{"rendered":"<h2>Merkmale und Vorteile:<\/h2>\n<ul>\n<li>aus Stahl (Rohr) &gt;\u00a0<b>zeitlos<\/b>;<\/li>\n<li>Befestigungsart - geschraubt (Metallblende) &gt;\u00a0<b>leicht zu installieren<\/b>;<\/li>\n<li>*Verzinkt und pulverbeschichtet in mattschwarz (glanzlos, feine Struktur) - weitaus widerstandsf\u00e4higer gegen Besch\u00e4digungen als Spritzlackierungen, Pulverlacke sind f\u00fcr Mensch und Umwelt v\u00f6llig unbedenklich &gt;. <b>langlebig und elegant verarbeitet;<\/b><\/li>\n<li>Abmessungen: H\u00f6he - 80 cm, L\u00e4nge - 80 cm, Rohr \u03a6 60,3 mm, Dicke der Blende - 4 mm &gt;<b>\u00a0sehr solide<\/b>;<\/li>\n<li>maschinell hergestellt &gt;\u00a0<b>Wiederholte<\/b>.<\/li>\n<\/ul>\n<p>*Nur pulverbeschichtete Version ebenfalls erh\u00e4ltlich.<\/p>\n<h2>Anwendung:<\/h2>\n<ul>\n<li>Die Konstruktion des St\u00e4nders erm\u00f6glicht es, sowohl den Rahmen als auch das Rad des Fahrrads mit einem Sicherheitskabel zu sichern. Er eignet sich auch gut zum Abstellen von Motorrollern.<\/li>\n<\/ul>\n<details>\n<summary style=\"cursor: pointer;\">Mehr lesen<\/summary>\n<h2><span lang=\"pl-PL\">Fahrradst\u00e4nder B-01.60.k - Gew\u00e4hrleistung von Sicherheit und Funktionalit\u00e4t<\/span><\/h2>\n<p><span lang=\"pl-PL\"><strong>Fahrradst\u00e4nder Retro B-01.60.k<\/strong> garantiert Sicherheit sowie Funktionalit\u00e4t, \u00c4sthetik und Langlebigkeit und wurde f\u00fcr Fahrrad- und Rollernutzer entwickelt, denen Sicherheit und Komfort wichtig sind. Er besteht aus einem robusten Stahlrohr mit einem Durchmesser von 60,3 mm und einer Wandst\u00e4rke von 2,9 mm und bietet einen stabilen und sicheren Platz, um sowohl den Rahmen als auch das Rad des Fahrrads zu befestigen. Der U-f\u00f6rmige Fahrradst\u00e4nder aus Metall erm\u00f6glicht es, jedes Fahrrad oder jeden Roller, unabh\u00e4ngig von seinen Abmessungen, mit einem Sicherheitskabel, einem B\u00fcgelschloss oder einer Kette sicher zu befestigen.<\/span><\/p>\n<p><span lang=\"pl-PL\">Dieser Fahrradst\u00e4nder ist ein klassisches Design, ein sogenannter U-f\u00f6rmiger St\u00e4nder, ein Gel\u00e4nderst\u00e4nder, der sich perfekt f\u00fcr jeden Platz eignet, ob in einem st\u00e4dtischen Fahrradparkhaus oder vor einem Einfamilienhaus. Die H\u00f6he des St\u00e4nders betr\u00e4gt 80 cm. Es handelt sich um ein Ankerst\u00e4ndermodell, das mit massiven, dicken Metallbefestigungs\u00f6ffnungen f\u00fcr eine einfache Montage und Stabilit\u00e4t ausgestattet ist. Der St\u00e4nder wurde verzinkt und anschlie\u00dfend mattschwarz pulverbeschichtet, um eine hohe Widerstandsf\u00e4higkeit gegen Besch\u00e4digungen und Witterungseinfl\u00fcsse zu gew\u00e4hrleisten. Diese Lackierung sch\u00fctzt den St\u00e4nder nicht nur perfekt vor Korrosion, sondern verleiht ihm auch ein elegantes Aussehen.<\/span><\/p>\n<p><span lang=\"pl-PL\"><strong>Retro-St\u00e4nder Modell B-01.60.k<\/strong> ist ein einzelner, maschinell hergestellter Fahrradst\u00e4nder mit zwei St\u00e4ndern, der seine Wiederholbarkeit und hohe Qualit\u00e4t garantiert.<\/span><\/p>\n<p><span lang=\"pl-PL\"><strong>Retro-Fahrradst\u00e4nder Modell B-01.60.k<\/strong>\u00a0ist auch in einer nur pulverbeschichteten Version erh\u00e4ltlich. Diese Option ist f\u00fcr diejenigen gedacht, die den St\u00e4nder in Innenr\u00e4umen verwenden, wo er keinen widrigen Wetterbedingungen ausgesetzt ist. Die Konstruktion des St\u00e4nders erm\u00f6glicht es, sowohl Fahrr\u00e4der als auch Roller effektiv zu sichern, was ihn zu einer vielseitigen Wahl f\u00fcr viele Benutzer macht.<\/span><\/p>\n<p><span lang=\"pl-PL\">Zusammenfassend l\u00e4sst sich sagen, dass der u-f\u00f6rmige Fahrradst\u00e4nder B-01.60.k von <a href=\"\/de\/?wmc-currency=EUR\">MORIA DESIGN<\/a> ist einer der erschwinglichsten Fahrradst\u00e4nder, der eine ausgezeichnete Wahl f\u00fcr alle ist, die eine sehr robuste, \u00e4sthetisch ansprechende und preislich attraktive L\u00f6sung f\u00fcr das sichere Abstellen von Fahrr\u00e4dern suchen. Investieren Sie in <a href=\"\/de\/angebot\/fahrradstander\/?wmc-currency=EUR\">Fahrradst\u00e4nder<\/a>um den Raum rund um Ihr B\u00fcro, Ihr Gesch\u00e4ft, Ihr Haus oder Ihr Anwesen effektiv aufzur\u00e4umen!<\/span><\/p>\n<\/details>","protected":false},"excerpt":{"rendered":"<p>Cechy i zalety: wykonany ze stali (rura) &gt;\u00a0ponadczasowy; spos\u00f3b monta\u017cu &#8211; przykr\u0119cenie (metalowa kryza) &gt;\u00a0\u0142atwy w monta\u017cu; *ocynkowany oraz pomalowany farb\u0105 proszkow\u0105 w kolorze czarny mat (zero po\u0142ysku, drobna struktura) \u2013 zdecydowanie wy\u017csza odporno\u015b\u0107 na uszkodzenia od pow\u0142ok farb natryskowych, farby proszkowe s\u0105 w pe\u0142ni bezpieczne dla ludzi i \u015brodowiska &gt; trwale i elegancko wyko\u0144czony;&#8230;<\/p>","protected":false},"featured_media":1677,"template":"","meta":{"inline_featured_image":false},"product_cat":[35],"product_tag":[86,61,60,56,63,62,57,58,81,82],"acf":[],"yoast_head":"<!-- This site is optimized with the Yoast SEO plugin v20.2 - https:\/\/yoast.com\/wordpress\/plugins\/seo\/ -->\n<title>Stojak rowerowy B-01.60.k [l=80 cm] - MORIA DESIGN<\/title>\n<meta name=\"description\" content=\"Tani, metalowy stojak rowerowy typ U z ocynkowanej rury pomalowanej proszkowo. Idealnie pasuje do osiedli mieszkaniowych. Zam\u00f3w dzi\u015b - wysy\u0142ka jutro!\" \/>\n<meta name=\"robots\" content=\"index, follow, max-snippet:-1, max-image-preview:large, max-video-preview:-1\" \/>\n<link rel=\"canonical\" href=\"https:\/\/www.moriadesign.pl\/de\/product-2\/retro-fahrradstander-b-01-60-k-l80-cm\/?wmc-currency=EUR\" \/>\n<meta property=\"og:locale\" content=\"de_DE\" \/>\n<meta property=\"og:type\" content=\"article\" \/>\n<meta property=\"og:title\" content=\"Stojak rowerowy B-01.60.k [l=80 cm] - MORIA DESIGN\" \/>\n<meta property=\"og:description\" content=\"Tani, metalowy stojak rowerowy typ U z ocynkowanej rury pomalowanej proszkowo. Idealnie pasuje do osiedli mieszkaniowych. Zam\u00f3w dzi\u015b - wysy\u0142ka jutro!\" \/>\n<meta property=\"og:url\" content=\"https:\/\/www.moriadesign.pl\/de\/product-2\/retro-fahrradstander-b-01-60-k-l80-cm\/?wmc-currency=EUR\" \/>\n<meta property=\"og:site_name\" content=\"MORIA DESIGN\" \/>\n<meta property=\"article:modified_time\" content=\"2026-04-03T09:33:06+00:00\" \/>\n<meta property=\"og:image\" content=\"https:\/\/www.moriadesign.pl\/wp-content\/uploads\/2022\/12\/B-01.60.k_1-najtanszy-stojak-na-rowery-typ-U-barierka.png\" \/>\n\t<meta property=\"og:image:width\" content=\"1600\" \/>\n\t<meta property=\"og:image:height\" content=\"1600\" \/>\n\t<meta property=\"og:image:type\" content=\"image\/png\" \/>\n<meta name=\"twitter:card\" content=\"summary_large_image\" \/>\n<meta name=\"twitter:label1\" content=\"Gesch\u00e4tzte Lesezeit\" \/>\n\t<meta name=\"twitter:data1\" content=\"2\u00a0Minuten\" \/>\n<script type=\"application\/ld+json\" class=\"yoast-schema-graph\">{\"@context\":\"https:\/\/schema.org\",\"@graph\":[{\"@type\":\"WebPage\",\"@id\":\"https:\/\/www.moriadesign.pl\/produkt\/stojak-rowerowy-retro-b-01-60-k-l80-cm\/\",\"url\":\"https:\/\/www.moriadesign.pl\/produkt\/stojak-rowerowy-retro-b-01-60-k-l80-cm\/\",\"name\":\"Stojak rowerowy B-01.60.k [l=80 cm] - MORIA DESIGN\",\"isPartOf\":{\"@id\":\"https:\/\/www.moriadesign.pl\/#website\"},\"datePublished\":\"2022-12-30T10:59:33+00:00\",\"dateModified\":\"2026-04-03T09:33:06+00:00\",\"description\":\"Tani, metalowy stojak rowerowy typ U z ocynkowanej rury pomalowanej proszkowo. Idealnie pasuje do osiedli mieszkaniowych. Zam\u00f3w dzi\u015b - wysy\u0142ka jutro!\",\"breadcrumb\":{\"@id\":\"https:\/\/www.moriadesign.pl\/produkt\/stojak-rowerowy-retro-b-01-60-k-l80-cm\/#breadcrumb\"},\"inLanguage\":\"de\",\"potentialAction\":[{\"@type\":\"ReadAction\",\"target\":[\"https:\/\/www.moriadesign.pl\/produkt\/stojak-rowerowy-retro-b-01-60-k-l80-cm\/\"]}]},{\"@type\":\"BreadcrumbList\",\"@id\":\"https:\/\/www.moriadesign.pl\/produkt\/stojak-rowerowy-retro-b-01-60-k-l80-cm\/#breadcrumb\",\"itemListElement\":[{\"@type\":\"ListItem\",\"position\":1,\"name\":\"Strona g\u0142\u00f3wna\",\"item\":\"https:\/\/www.moriadesign.pl\/\"},{\"@type\":\"ListItem\",\"position\":2,\"name\":\"Sklep\",\"item\":\"https:\/\/www.moriadesign.pl\/sklep\/\"},{\"@type\":\"ListItem\",\"position\":3,\"name\":\"Stojak rowerowy B-01.60.k [l=80 cm]\"}]},{\"@type\":\"WebSite\",\"@id\":\"https:\/\/www.moriadesign.pl\/#website\",\"url\":\"https:\/\/www.moriadesign.pl\/\",\"name\":\"MORIA DESIGN\",\"description\":\"okucia do mebli, domu i ogrodu\",\"potentialAction\":[{\"@type\":\"SearchAction\",\"target\":{\"@type\":\"EntryPoint\",\"urlTemplate\":\"https:\/\/www.moriadesign.pl\/?s={search_term_string}\"},\"query-input\":\"required name=search_term_string\"}],\"inLanguage\":\"de\"}]}<\/script>\n<!-- \/ Yoast SEO plugin. -->","yoast_head_json":{"title":"Stojak rowerowy B-01.60.k [l=80 cm] - MORIA DESIGN","description":"Tani, metalowy stojak rowerowy typ U z ocynkowanej rury pomalowanej proszkowo. Idealnie pasuje do osiedli mieszkaniowych. Zam\u00f3w dzi\u015b - wysy\u0142ka jutro!","robots":{"index":"index","follow":"follow","max-snippet":"max-snippet:-1","max-image-preview":"max-image-preview:large","max-video-preview":"max-video-preview:-1"},"canonical":"https:\/\/www.moriadesign.pl\/de\/product-2\/retro-fahrradstander-b-01-60-k-l80-cm\/?wmc-currency=EUR","og_locale":"de_DE","og_type":"article","og_title":"Stojak rowerowy B-01.60.k [l=80 cm] - MORIA DESIGN","og_description":"Tani, metalowy stojak rowerowy typ U z ocynkowanej rury pomalowanej proszkowo. Idealnie pasuje do osiedli mieszkaniowych. Zam\u00f3w dzi\u015b - wysy\u0142ka jutro!","og_url":"https:\/\/www.moriadesign.pl\/de\/product-2\/retro-fahrradstander-b-01-60-k-l80-cm\/?wmc-currency=EUR","og_site_name":"MORIA DESIGN","article_modified_time":"2026-04-03T09:33:06+00:00","og_image":[{"width":1600,"height":1600,"url":"https:\/\/www.moriadesign.pl\/wp-content\/uploads\/2022\/12\/B-01.60.k_1-najtanszy-stojak-na-rowery-typ-U-barierka.png","type":"image\/png"}],"twitter_card":"summary_large_image","twitter_misc":{"Gesch\u00e4tzte Lesezeit":"2\u00a0Minuten"},"schema":{"@context":"https:\/\/schema.org","@graph":[{"@type":"WebPage","@id":"https:\/\/www.moriadesign.pl\/produkt\/stojak-rowerowy-retro-b-01-60-k-l80-cm\/","url":"https:\/\/www.moriadesign.pl\/produkt\/stojak-rowerowy-retro-b-01-60-k-l80-cm\/","name":"Stojak rowerowy B-01.60.k [l=80 cm] - MORIA DESIGN","isPartOf":{"@id":"https:\/\/www.moriadesign.pl\/#website"},"datePublished":"2022-12-30T10:59:33+00:00","dateModified":"2026-04-03T09:33:06+00:00","description":"Tani, metalowy stojak rowerowy typ U z ocynkowanej rury pomalowanej proszkowo. Idealnie pasuje do osiedli mieszkaniowych. Zam\u00f3w dzi\u015b - wysy\u0142ka jutro!","breadcrumb":{"@id":"https:\/\/www.moriadesign.pl\/produkt\/stojak-rowerowy-retro-b-01-60-k-l80-cm\/#breadcrumb"},"inLanguage":"de","potentialAction":[{"@type":"ReadAction","target":["https:\/\/www.moriadesign.pl\/produkt\/stojak-rowerowy-retro-b-01-60-k-l80-cm\/"]}]},{"@type":"BreadcrumbList","@id":"https:\/\/www.moriadesign.pl\/produkt\/stojak-rowerowy-retro-b-01-60-k-l80-cm\/#breadcrumb","itemListElement":[{"@type":"ListItem","position":1,"name":"Strona g\u0142\u00f3wna","item":"https:\/\/www.moriadesign.pl\/"},{"@type":"ListItem","position":2,"name":"Sklep","item":"https:\/\/www.moriadesign.pl\/sklep\/"},{"@type":"ListItem","position":3,"name":"Stojak rowerowy B-01.60.k [l=80 cm]"}]},{"@type":"WebSite","@id":"https:\/\/www.moriadesign.pl\/#website","url":"https:\/\/www.moriadesign.pl\/","name":"MORIA DESIGN","description":"okucia do mebli, domu i ogrodu","potentialAction":[{"@type":"SearchAction","target":{"@type":"EntryPoint","urlTemplate":"https:\/\/www.moriadesign.pl\/?s={search_term_string}"},"query-input":"required name=search_term_string"}],"inLanguage":"de"}]}},"_links":{"self":[{"href":"https:\/\/www.moriadesign.pl\/de\/wp-json\/wp\/v2\/product\/1734"}],"collection":[{"href":"https:\/\/www.moriadesign.pl\/de\/wp-json\/wp\/v2\/product"}],"about":[{"href":"https:\/\/www.moriadesign.pl\/de\/wp-json\/wp\/v2\/types\/product"}],"wp:featuredmedia":[{"embeddable":true,"href":"https:\/\/www.moriadesign.pl\/de\/wp-json\/wp\/v2\/media\/1677"}],"wp:attachment":[{"href":"https:\/\/www.moriadesign.pl\/de\/wp-json\/wp\/v2\/media?parent=1734"}],"wp:term":[{"taxonomy":"product_cat","embeddable":true,"href":"https:\/\/www.moriadesign.pl\/de\/wp-json\/wp\/v2\/product_cat?post=1734"},{"taxonomy":"product_tag","embeddable":true,"href":"https:\/\/www.moriadesign.pl\/de\/wp-json\/wp\/v2\/product_tag?post=1734"}],"curies":[{"name":"wp","href":"https:\/\/api.w.org\/{rel}","templated":true}]}}