{"id":1498,"date":"2022-12-22T15:12:51","date_gmt":"2022-12-22T14:12:51","guid":{"rendered":"https:\/\/www.moriadesign.pl\/?post_type=product&#038;p=1498"},"modified":"2023-01-16T14:57:24","modified_gmt":"2023-01-16T13:57:24","slug":"uchwyt-ozdobny-r-05-h40-cm","status":"publish","type":"product","link":"https:\/\/www.moriadesign.pl\/de\/product-2\/ziergriff-r-05-h40-cm\/","title":{"rendered":"Dekorativer Griff R-05 [h=40 cm]"},"content":{"rendered":"<h2><strong>Sie haben die Wahl zwischen 2 Farbvarianten:<\/strong> schwarz, wei\u00df.<\/h2>\n<h2>Merkmale und Vorteile:<\/h2>\n<ul>\n<li>inklusive 2 Schrauben f\u00fcr die Montage &gt; <strong>Sparen;<\/strong><\/li>\n<li>aus hochwertigem Stahl &gt; <b>ewig;<\/b><\/li>\n<li>verwendete Zierperlen &gt; <strong>klassisch dekoriert<\/strong>;<\/li>\n<li>Abgeschr\u00e4gte Befestigungsl\u00f6cher und unsichtbare Schwei\u00dfn\u00e4hte &gt;\u00a0<b>\u00e4sthetisch ansprechend;<\/b><\/li>\n<li>Lackiert mit Pulverlack - weitaus widerstandsf\u00e4higer gegen Besch\u00e4digungen als fl\u00fcssige Spr\u00fchlacke, sind Pulverlacke v\u00f6llig sicher f\u00fcr Mensch und Umwelt &gt; <b>langlebig und elegant verarbeitet;<\/b><\/li>\n<li>Abmessungen: Dicke des Blechs - 5 mm, Dicke der Stange - 16 x 16 mm, \u03a6 der Befestigungsl\u00f6cher - 8 mm &gt; <b>massiv;<\/b><\/li>\n<li>maximale Abmessungen: Breite - 120 mm, L\u00e4nge - 400 mm, H\u00f6he - 75 mm &gt; <b>ordentlich.<\/b><\/li>\n<\/ul>\n<h2>Anwendung:<\/h2>\n<ul>\n<li>f\u00fcr Tore, T\u00fcren, Pforten, Gartenarchitektur aus Holz.<\/li>\n<\/ul>","protected":false},"excerpt":{"rendered":"<p>Do wyboru 2 warianty kolorystyczne: czarny, bia\u0142y. Cechy i zalety: zawiera 2 \u015bruby do monta\u017cu &gt; oszcz\u0119dno\u015b\u0107; wykonany z wysokiej gatunkowo stali &gt; wieczny; zastosowane kulki ozdobne &gt; klasycznie ozdobiony; fazowane otwory monta\u017cowe i niewidoczne spawy &gt;\u00a0estetyczny; pomalowany farb\u0105 proszkow\u0105 \u2013 zdecydowanie wy\u017csza odporno\u015b\u0107 na uszkodzenia od ciek\u0142ych farb natryskowych, farby proszkowe s\u0105 w pe\u0142ni&#8230;<\/p>","protected":false},"featured_media":1438,"template":"","meta":{"inline_featured_image":false},"product_cat":[30],"product_tag":[],"acf":[],"yoast_head":"<!-- This site is optimized with the Yoast SEO plugin v20.2 - https:\/\/yoast.com\/wordpress\/plugins\/seo\/ -->\n<title>Uchwyt ozdobny R-05 [h=40 cm] - MORIA DESIGN<\/title>\n<meta name=\"robots\" content=\"index, follow, max-snippet:-1, max-image-preview:large, max-video-preview:-1\" \/>\n<link rel=\"canonical\" href=\"https:\/\/www.moriadesign.pl\/de\/product-2\/ziergriff-r-05-h40-cm\/?wmc-currency=EUR\" \/>\n<meta property=\"og:locale\" content=\"de_DE\" \/>\n<meta property=\"og:type\" content=\"article\" \/>\n<meta property=\"og:title\" content=\"Uchwyt ozdobny R-05 [h=40 cm] - MORIA DESIGN\" \/>\n<meta property=\"og:description\" content=\"Do wyboru 2 warianty kolorystyczne: czarny, bia\u0142y. Cechy i zalety: zawiera 2 \u015bruby do monta\u017cu &gt; oszcz\u0119dno\u015b\u0107; wykonany z wysokiej gatunkowo stali &gt; wieczny; zastosowane kulki ozdobne &gt; klasycznie ozdobiony; fazowane otwory monta\u017cowe i niewidoczne spawy &gt;\u00a0estetyczny; pomalowany farb\u0105 proszkow\u0105 \u2013 zdecydowanie wy\u017csza odporno\u015b\u0107 na uszkodzenia od ciek\u0142ych farb natryskowych, farby proszkowe s\u0105 w pe\u0142ni...\" \/>\n<meta property=\"og:url\" content=\"https:\/\/www.moriadesign.pl\/de\/product-2\/ziergriff-r-05-h40-cm\/?wmc-currency=EUR\" \/>\n<meta property=\"og:site_name\" content=\"MORIA DESIGN\" \/>\n<meta property=\"article:modified_time\" content=\"2023-01-16T13:57:24+00:00\" \/>\n<meta property=\"og:image\" content=\"https:\/\/www.moriadesign.pl\/wp-content\/uploads\/2022\/12\/R-05_1.jpg\" \/>\n\t<meta property=\"og:image:width\" content=\"1600\" \/>\n\t<meta property=\"og:image:height\" content=\"1600\" \/>\n\t<meta property=\"og:image:type\" content=\"image\/jpeg\" \/>\n<meta name=\"twitter:card\" content=\"summary_large_image\" \/>\n<meta name=\"twitter:label1\" content=\"Gesch\u00e4tzte Lesezeit\" \/>\n\t<meta name=\"twitter:data1\" content=\"1\u00a0Minute\" \/>\n<script type=\"application\/ld+json\" class=\"yoast-schema-graph\">{\"@context\":\"https:\/\/schema.org\",\"@graph\":[{\"@type\":\"WebPage\",\"@id\":\"https:\/\/www.moriadesign.pl\/produkt\/uchwyt-ozdobny-r-05-h40-cm\/\",\"url\":\"https:\/\/www.moriadesign.pl\/produkt\/uchwyt-ozdobny-r-05-h40-cm\/\",\"name\":\"Uchwyt ozdobny R-05 [h=40 cm] - MORIA DESIGN\",\"isPartOf\":{\"@id\":\"https:\/\/www.moriadesign.pl\/#website\"},\"datePublished\":\"2022-12-22T14:12:51+00:00\",\"dateModified\":\"2023-01-16T13:57:24+00:00\",\"breadcrumb\":{\"@id\":\"https:\/\/www.moriadesign.pl\/produkt\/uchwyt-ozdobny-r-05-h40-cm\/#breadcrumb\"},\"inLanguage\":\"de\",\"potentialAction\":[{\"@type\":\"ReadAction\",\"target\":[\"https:\/\/www.moriadesign.pl\/produkt\/uchwyt-ozdobny-r-05-h40-cm\/\"]}]},{\"@type\":\"BreadcrumbList\",\"@id\":\"https:\/\/www.moriadesign.pl\/produkt\/uchwyt-ozdobny-r-05-h40-cm\/#breadcrumb\",\"itemListElement\":[{\"@type\":\"ListItem\",\"position\":1,\"name\":\"Strona g\u0142\u00f3wna\",\"item\":\"https:\/\/www.moriadesign.pl\/\"},{\"@type\":\"ListItem\",\"position\":2,\"name\":\"Sklep\",\"item\":\"https:\/\/www.moriadesign.pl\/sklep\/\"},{\"@type\":\"ListItem\",\"position\":3,\"name\":\"Uchwyt ozdobny R-05 [h=40 cm]\"}]},{\"@type\":\"WebSite\",\"@id\":\"https:\/\/www.moriadesign.pl\/#website\",\"url\":\"https:\/\/www.moriadesign.pl\/\",\"name\":\"MORIA DESIGN\",\"description\":\"okucia do mebli, domu i ogrodu\",\"potentialAction\":[{\"@type\":\"SearchAction\",\"target\":{\"@type\":\"EntryPoint\",\"urlTemplate\":\"https:\/\/www.moriadesign.pl\/?s={search_term_string}\"},\"query-input\":\"required name=search_term_string\"}],\"inLanguage\":\"de\"}]}<\/script>\n<!-- \/ Yoast SEO plugin. -->","yoast_head_json":{"title":"Uchwyt ozdobny R-05 [h=40 cm] - MORIA DESIGN","robots":{"index":"index","follow":"follow","max-snippet":"max-snippet:-1","max-image-preview":"max-image-preview:large","max-video-preview":"max-video-preview:-1"},"canonical":"https:\/\/www.moriadesign.pl\/de\/product-2\/ziergriff-r-05-h40-cm\/?wmc-currency=EUR","og_locale":"de_DE","og_type":"article","og_title":"Uchwyt ozdobny R-05 [h=40 cm] - MORIA DESIGN","og_description":"Do wyboru 2 warianty kolorystyczne: czarny, bia\u0142y. Cechy i zalety: zawiera 2 \u015bruby do monta\u017cu &gt; oszcz\u0119dno\u015b\u0107; wykonany z wysokiej gatunkowo stali &gt; wieczny; zastosowane kulki ozdobne &gt; klasycznie ozdobiony; fazowane otwory monta\u017cowe i niewidoczne spawy &gt;\u00a0estetyczny; pomalowany farb\u0105 proszkow\u0105 \u2013 zdecydowanie wy\u017csza odporno\u015b\u0107 na uszkodzenia od ciek\u0142ych farb natryskowych, farby proszkowe s\u0105 w pe\u0142ni...","og_url":"https:\/\/www.moriadesign.pl\/de\/product-2\/ziergriff-r-05-h40-cm\/?wmc-currency=EUR","og_site_name":"MORIA DESIGN","article_modified_time":"2023-01-16T13:57:24+00:00","og_image":[{"width":1600,"height":1600,"url":"https:\/\/www.moriadesign.pl\/wp-content\/uploads\/2022\/12\/R-05_1.jpg","type":"image\/jpeg"}],"twitter_card":"summary_large_image","twitter_misc":{"Gesch\u00e4tzte Lesezeit":"1\u00a0Minute"},"schema":{"@context":"https:\/\/schema.org","@graph":[{"@type":"WebPage","@id":"https:\/\/www.moriadesign.pl\/produkt\/uchwyt-ozdobny-r-05-h40-cm\/","url":"https:\/\/www.moriadesign.pl\/produkt\/uchwyt-ozdobny-r-05-h40-cm\/","name":"Uchwyt ozdobny R-05 [h=40 cm] - MORIA DESIGN","isPartOf":{"@id":"https:\/\/www.moriadesign.pl\/#website"},"datePublished":"2022-12-22T14:12:51+00:00","dateModified":"2023-01-16T13:57:24+00:00","breadcrumb":{"@id":"https:\/\/www.moriadesign.pl\/produkt\/uchwyt-ozdobny-r-05-h40-cm\/#breadcrumb"},"inLanguage":"de","potentialAction":[{"@type":"ReadAction","target":["https:\/\/www.moriadesign.pl\/produkt\/uchwyt-ozdobny-r-05-h40-cm\/"]}]},{"@type":"BreadcrumbList","@id":"https:\/\/www.moriadesign.pl\/produkt\/uchwyt-ozdobny-r-05-h40-cm\/#breadcrumb","itemListElement":[{"@type":"ListItem","position":1,"name":"Strona g\u0142\u00f3wna","item":"https:\/\/www.moriadesign.pl\/"},{"@type":"ListItem","position":2,"name":"Sklep","item":"https:\/\/www.moriadesign.pl\/sklep\/"},{"@type":"ListItem","position":3,"name":"Uchwyt ozdobny R-05 [h=40 cm]"}]},{"@type":"WebSite","@id":"https:\/\/www.moriadesign.pl\/#website","url":"https:\/\/www.moriadesign.pl\/","name":"MORIA DESIGN","description":"okucia do mebli, domu i ogrodu","potentialAction":[{"@type":"SearchAction","target":{"@type":"EntryPoint","urlTemplate":"https:\/\/www.moriadesign.pl\/?s={search_term_string}"},"query-input":"required name=search_term_string"}],"inLanguage":"de"}]}},"_links":{"self":[{"href":"https:\/\/www.moriadesign.pl\/de\/wp-json\/wp\/v2\/product\/1498"}],"collection":[{"href":"https:\/\/www.moriadesign.pl\/de\/wp-json\/wp\/v2\/product"}],"about":[{"href":"https:\/\/www.moriadesign.pl\/de\/wp-json\/wp\/v2\/types\/product"}],"wp:featuredmedia":[{"embeddable":true,"href":"https:\/\/www.moriadesign.pl\/de\/wp-json\/wp\/v2\/media\/1438"}],"wp:attachment":[{"href":"https:\/\/www.moriadesign.pl\/de\/wp-json\/wp\/v2\/media?parent=1498"}],"wp:term":[{"taxonomy":"product_cat","embeddable":true,"href":"https:\/\/www.moriadesign.pl\/de\/wp-json\/wp\/v2\/product_cat?post=1498"},{"taxonomy":"product_tag","embeddable":true,"href":"https:\/\/www.moriadesign.pl\/de\/wp-json\/wp\/v2\/product_tag?post=1498"}],"curies":[{"name":"wp","href":"https:\/\/api.w.org\/{rel}","templated":true}]}}