{"id":1271,"date":"2022-12-20T12:51:49","date_gmt":"2022-12-20T11:51:49","guid":{"rendered":"https:\/\/www.moriadesign.pl\/?post_type=product&#038;p=1271"},"modified":"2026-02-02T13:13:57","modified_gmt":"2026-02-02T12:13:57","slug":"hairpin-leg-n-04-3-10-l36-cm-3-prety-%cf%86-10-mm","status":"publish","type":"product","link":"https:\/\/www.moriadesign.pl\/de\/product-2\/hairpin-leg-n-04-3-10-l36-cm-3-prety-%cf%86-10-mm\/","title":{"rendered":"Haarnadelbein N-04.3.10 [l=36 cm, 3 Stangen \u03a6 10 mm]."},"content":{"rendered":"<h2><strong>Sie haben die Wahl zwischen 4 Farbvarianten:<\/strong> schwarz, wei\u00df, grau, gold<\/h2>\n<h2>Merkmale und Vorteile:<\/h2>\n<ul>\n<li>aus hochwertigem Stahl &gt; <b>ewig;<\/b><\/li>\n<li>Abgeschr\u00e4gte Befestigungsl\u00f6cher und unsichtbare Schwei\u00dfn\u00e4hte &gt;\u00a0<b>\u00c4sthetik;<\/b><\/li>\n<li>Pulverbeschichtet - weitaus widerstandsf\u00e4higer gegen Besch\u00e4digungen als Spritzlackierungen, sind Pulverbeschichtungen v\u00f6llig sicher f\u00fcr Mensch und Umwelt &gt; <b>langlebig und elegant verarbeitet;<\/b><\/li>\n<li>Abmessungen: Dicke des Blechs - 4 mm, \u03a6 der Befestigungsl\u00f6cher - 5,2 mm, 3 Stangen \u03a6 10 mm &gt;. <b>massiv;<\/b><\/li>\n<li>maximale Abmessungen: Breite - 120 mm, L\u00e4nge - 120 mm, H\u00f6he - 360 mm &gt; <b>ordentlich.<\/b><\/li>\n<\/ul>\n<h2>Anwendung:<\/h2>\n<ul>\n<li>f\u00fcr Kommoden, Schr\u00e4nke und Tische.<\/li>\n<\/ul>","protected":false},"excerpt":{"rendered":"<p>Do wyboru 4 warianty kolorystyczne: czarny, bia\u0142y, szary, z\u0142oty Cechy i zalety: wykonana z wysokiej gatunkowo stali &gt; wieczna; fazowane otwory monta\u017cowe i niewidoczne spawy &gt;\u00a0estetyczna; pomalowana farb\u0105 proszkow\u0105 \u2013 zdecydowanie wy\u017csza odporno\u015b\u0107 na uszkodzenia od pow\u0142ok farb natryskowych, farby proszkowe s\u0105 w pe\u0142ni bezpieczne dla ludzi i \u015brodowiska &gt; trwale i elegancko wyko\u0144czona; wymiary:&#8230;<\/p>","protected":false},"featured_media":1106,"template":"","meta":{"inline_featured_image":false},"product_cat":[28],"product_tag":[96,95,94,87,88,91,90,93,89,92],"acf":[],"yoast_head":"<!-- This site is optimized with the Yoast SEO plugin v20.2 - https:\/\/yoast.com\/wordpress\/plugins\/seo\/ -->\n<title>Hairpin leg N-04.3.10 [l=36 cm, 3 pr\u0119ty \u03a6 10 mm] - MORIA DESIGN<\/title>\n<meta name=\"description\" content=\"MORIA DESIGN to najwy\u017cej oceniany pod wzgl\u0119dem jako\u015bci i obs\u0142ugi klienta producent hairpin legs w Polsce. Od r\u0119ki mamy dost\u0119pne r\u00f3\u017cne rozmiary oraz kolory.\" \/>\n<meta name=\"robots\" content=\"index, follow, max-snippet:-1, max-image-preview:large, max-video-preview:-1\" \/>\n<link rel=\"canonical\" href=\"https:\/\/www.moriadesign.pl\/de\/product-2\/hairpin-leg-n-04-3-10-l36-cm-3-prety-\u03c6-10-mm\/?wmc-currency=EUR\" \/>\n<meta property=\"og:locale\" content=\"de_DE\" \/>\n<meta property=\"og:type\" content=\"article\" \/>\n<meta property=\"og:title\" content=\"Hairpin leg N-04.3.10 [l=36 cm, 3 pr\u0119ty \u03a6 10 mm] - MORIA DESIGN\" \/>\n<meta property=\"og:description\" content=\"MORIA DESIGN to najwy\u017cej oceniany pod wzgl\u0119dem jako\u015bci i obs\u0142ugi klienta producent hairpin legs w Polsce. Od r\u0119ki mamy dost\u0119pne r\u00f3\u017cne rozmiary oraz kolory.\" \/>\n<meta property=\"og:url\" content=\"https:\/\/www.moriadesign.pl\/de\/product-2\/hairpin-leg-n-04-3-10-l36-cm-3-prety-\u03c6-10-mm\/?wmc-currency=EUR\" \/>\n<meta property=\"og:site_name\" content=\"MORIA DESIGN\" \/>\n<meta property=\"article:modified_time\" content=\"2026-02-02T12:13:57+00:00\" \/>\n<meta property=\"og:image\" content=\"https:\/\/www.moriadesign.pl\/wp-content\/uploads\/2022\/12\/N-10.3.10.m_8.png\" \/>\n\t<meta property=\"og:image:width\" content=\"1600\" \/>\n\t<meta property=\"og:image:height\" content=\"1600\" \/>\n\t<meta property=\"og:image:type\" content=\"image\/png\" \/>\n<meta name=\"twitter:card\" content=\"summary_large_image\" \/>\n<script type=\"application\/ld+json\" class=\"yoast-schema-graph\">{\"@context\":\"https:\/\/schema.org\",\"@graph\":[{\"@type\":\"WebPage\",\"@id\":\"https:\/\/www.moriadesign.pl\/produkt\/hairpin-leg-n-04-3-10-l36-cm-3-prety-%cf%86-10-mm\/\",\"url\":\"https:\/\/www.moriadesign.pl\/produkt\/hairpin-leg-n-04-3-10-l36-cm-3-prety-%cf%86-10-mm\/\",\"name\":\"Hairpin leg N-04.3.10 [l=36 cm, 3 pr\u0119ty \u03a6 10 mm] - MORIA DESIGN\",\"isPartOf\":{\"@id\":\"https:\/\/www.moriadesign.pl\/#website\"},\"datePublished\":\"2022-12-20T11:51:49+00:00\",\"dateModified\":\"2026-02-02T12:13:57+00:00\",\"description\":\"MORIA DESIGN to najwy\u017cej oceniany pod wzgl\u0119dem jako\u015bci i obs\u0142ugi klienta producent hairpin legs w Polsce. Od r\u0119ki mamy dost\u0119pne r\u00f3\u017cne rozmiary oraz kolory.\",\"breadcrumb\":{\"@id\":\"https:\/\/www.moriadesign.pl\/produkt\/hairpin-leg-n-04-3-10-l36-cm-3-prety-%cf%86-10-mm\/#breadcrumb\"},\"inLanguage\":\"de\",\"potentialAction\":[{\"@type\":\"ReadAction\",\"target\":[\"https:\/\/www.moriadesign.pl\/produkt\/hairpin-leg-n-04-3-10-l36-cm-3-prety-%cf%86-10-mm\/\"]}]},{\"@type\":\"BreadcrumbList\",\"@id\":\"https:\/\/www.moriadesign.pl\/produkt\/hairpin-leg-n-04-3-10-l36-cm-3-prety-%cf%86-10-mm\/#breadcrumb\",\"itemListElement\":[{\"@type\":\"ListItem\",\"position\":1,\"name\":\"Strona g\u0142\u00f3wna\",\"item\":\"https:\/\/www.moriadesign.pl\/\"},{\"@type\":\"ListItem\",\"position\":2,\"name\":\"Sklep\",\"item\":\"https:\/\/www.moriadesign.pl\/sklep\/\"},{\"@type\":\"ListItem\",\"position\":3,\"name\":\"Hairpin leg N-04.3.10 [l=36 cm, 3 pr\u0119ty \u03a6 10 mm]\"}]},{\"@type\":\"WebSite\",\"@id\":\"https:\/\/www.moriadesign.pl\/#website\",\"url\":\"https:\/\/www.moriadesign.pl\/\",\"name\":\"MORIA DESIGN\",\"description\":\"okucia do mebli, domu i ogrodu\",\"potentialAction\":[{\"@type\":\"SearchAction\",\"target\":{\"@type\":\"EntryPoint\",\"urlTemplate\":\"https:\/\/www.moriadesign.pl\/?s={search_term_string}\"},\"query-input\":\"required name=search_term_string\"}],\"inLanguage\":\"de\"}]}<\/script>\n<!-- \/ Yoast SEO plugin. -->","yoast_head_json":{"title":"Hairpin leg N-04.3.10 [l=36 cm, 3 pr\u0119ty \u03a6 10 mm] - MORIA DESIGN","description":"MORIA DESIGN to najwy\u017cej oceniany pod wzgl\u0119dem jako\u015bci i obs\u0142ugi klienta producent hairpin legs w Polsce. Od r\u0119ki mamy dost\u0119pne r\u00f3\u017cne rozmiary oraz kolory.","robots":{"index":"index","follow":"follow","max-snippet":"max-snippet:-1","max-image-preview":"max-image-preview:large","max-video-preview":"max-video-preview:-1"},"canonical":"https:\/\/www.moriadesign.pl\/de\/product-2\/hairpin-leg-n-04-3-10-l36-cm-3-prety-\u03c6-10-mm\/?wmc-currency=EUR","og_locale":"de_DE","og_type":"article","og_title":"Hairpin leg N-04.3.10 [l=36 cm, 3 pr\u0119ty \u03a6 10 mm] - MORIA DESIGN","og_description":"MORIA DESIGN to najwy\u017cej oceniany pod wzgl\u0119dem jako\u015bci i obs\u0142ugi klienta producent hairpin legs w Polsce. Od r\u0119ki mamy dost\u0119pne r\u00f3\u017cne rozmiary oraz kolory.","og_url":"https:\/\/www.moriadesign.pl\/de\/product-2\/hairpin-leg-n-04-3-10-l36-cm-3-prety-\u03c6-10-mm\/?wmc-currency=EUR","og_site_name":"MORIA DESIGN","article_modified_time":"2026-02-02T12:13:57+00:00","og_image":[{"width":1600,"height":1600,"url":"https:\/\/www.moriadesign.pl\/wp-content\/uploads\/2022\/12\/N-10.3.10.m_8.png","type":"image\/png"}],"twitter_card":"summary_large_image","schema":{"@context":"https:\/\/schema.org","@graph":[{"@type":"WebPage","@id":"https:\/\/www.moriadesign.pl\/produkt\/hairpin-leg-n-04-3-10-l36-cm-3-prety-%cf%86-10-mm\/","url":"https:\/\/www.moriadesign.pl\/produkt\/hairpin-leg-n-04-3-10-l36-cm-3-prety-%cf%86-10-mm\/","name":"Hairpin leg N-04.3.10 [l=36 cm, 3 pr\u0119ty \u03a6 10 mm] - MORIA DESIGN","isPartOf":{"@id":"https:\/\/www.moriadesign.pl\/#website"},"datePublished":"2022-12-20T11:51:49+00:00","dateModified":"2026-02-02T12:13:57+00:00","description":"MORIA DESIGN to najwy\u017cej oceniany pod wzgl\u0119dem jako\u015bci i obs\u0142ugi klienta producent hairpin legs w Polsce. Od r\u0119ki mamy dost\u0119pne r\u00f3\u017cne rozmiary oraz kolory.","breadcrumb":{"@id":"https:\/\/www.moriadesign.pl\/produkt\/hairpin-leg-n-04-3-10-l36-cm-3-prety-%cf%86-10-mm\/#breadcrumb"},"inLanguage":"de","potentialAction":[{"@type":"ReadAction","target":["https:\/\/www.moriadesign.pl\/produkt\/hairpin-leg-n-04-3-10-l36-cm-3-prety-%cf%86-10-mm\/"]}]},{"@type":"BreadcrumbList","@id":"https:\/\/www.moriadesign.pl\/produkt\/hairpin-leg-n-04-3-10-l36-cm-3-prety-%cf%86-10-mm\/#breadcrumb","itemListElement":[{"@type":"ListItem","position":1,"name":"Strona g\u0142\u00f3wna","item":"https:\/\/www.moriadesign.pl\/"},{"@type":"ListItem","position":2,"name":"Sklep","item":"https:\/\/www.moriadesign.pl\/sklep\/"},{"@type":"ListItem","position":3,"name":"Hairpin leg N-04.3.10 [l=36 cm, 3 pr\u0119ty \u03a6 10 mm]"}]},{"@type":"WebSite","@id":"https:\/\/www.moriadesign.pl\/#website","url":"https:\/\/www.moriadesign.pl\/","name":"MORIA DESIGN","description":"okucia do mebli, domu i ogrodu","potentialAction":[{"@type":"SearchAction","target":{"@type":"EntryPoint","urlTemplate":"https:\/\/www.moriadesign.pl\/?s={search_term_string}"},"query-input":"required name=search_term_string"}],"inLanguage":"de"}]}},"_links":{"self":[{"href":"https:\/\/www.moriadesign.pl\/de\/wp-json\/wp\/v2\/product\/1271"}],"collection":[{"href":"https:\/\/www.moriadesign.pl\/de\/wp-json\/wp\/v2\/product"}],"about":[{"href":"https:\/\/www.moriadesign.pl\/de\/wp-json\/wp\/v2\/types\/product"}],"wp:featuredmedia":[{"embeddable":true,"href":"https:\/\/www.moriadesign.pl\/de\/wp-json\/wp\/v2\/media\/1106"}],"wp:attachment":[{"href":"https:\/\/www.moriadesign.pl\/de\/wp-json\/wp\/v2\/media?parent=1271"}],"wp:term":[{"taxonomy":"product_cat","embeddable":true,"href":"https:\/\/www.moriadesign.pl\/de\/wp-json\/wp\/v2\/product_cat?post=1271"},{"taxonomy":"product_tag","embeddable":true,"href":"https:\/\/www.moriadesign.pl\/de\/wp-json\/wp\/v2\/product_tag?post=1271"}],"curies":[{"name":"wp","href":"https:\/\/api.w.org\/{rel}","templated":true}]}}