{"id":5059,"date":"2026-04-23T12:07:37","date_gmt":"2026-04-23T10:07:37","guid":{"rendered":"https:\/\/www.moriadesign.pl\/?page_id=5059"},"modified":"2026-04-23T12:10:43","modified_gmt":"2026-04-23T10:10:43","slug":"impressum","status":"publish","type":"page","link":"https:\/\/www.moriadesign.pl\/de\/impressum\/","title":{"rendered":"Impressum"},"content":{"rendered":"<section class=\"l-section wpb_row height_small\"><div class=\"l-section-h i-cf\"><div class=\"g-cols vc_row via_flex valign_middle type_default reversed stacking_default\"><div class=\"vc_col-sm-12 wpb_column vc_column_container\"><div class=\"vc_column-inner\"><div class=\"wpb_wrapper\"><div class=\"wpb_text_column us_custom_baf8849b\"><div class=\"wpb_wrapper\"><div data-no-translation=\"\">\n<h1>\ud83d\udcc4 IMPRESSUM<\/h1>\n<h4>Angaben gem\u00e4\u00df \u00a7 5 TMG:<\/h4>\n<p>Vertreten durch:<br \/>\nMateusz Kami\u0144ski<br \/>\nhandelnd unter der Marke \u201eMORIA DESIGN\u201c<br \/>\n\u015aLUSARSTWO KAMI\u0143SKI Mateusz Kami\u0144ski<br \/>\nStok-Stra\u00dfe 4, 26-804 Stromiec, Polen<\/p>\n<p>\ud83d\udcde Telefon: +48 535 815 715<br \/>\n\ud83d\udce7 E-Mail: sklep@moriadesign.pl<br \/>\n\ud83c\udf10 Website: https:\/\/www.moriadesign.pl\/<\/p>\n<h4>Umsatzsteuer-Identifikationsnummer gem\u00e4\u00df \u00a7 27a UStG:<\/h4>\n<p>PL7981467585<\/p>\n<h4>Hinweis zur Umsatzsteuer:<\/h4>\n<p>F\u00fcr Lieferungen an Verbraucher innerhalb der Europ\u00e4ischen Union erfolgt die Besteuerung im Rahmen des One-Stop-Shop (OSS)-Verfahrens gem\u00e4\u00df den jeweils geltenden Mehrwertsteuers\u00e4tzen des Bestimmungslandes.<\/p>\n<p>F\u00fcr Lieferungen an Unternehmer innerhalb der Europ\u00e4ischen Union kann eine steuerfreie innergemeinschaftliche Lieferung (0 % MwSt.) gem\u00e4\u00df Art. 138 MwStSystRL erfolgen, sofern der Kunde \u00fcber eine g\u00fcltige Umsatzsteuer-Identifikationsnummer verf\u00fcgt und diese im VIES-System \u00fcberpr\u00fcfbar ist.<\/p>\n<h4>Verantwortlich f\u00fcr den Inhalt nach \u00a7 18 Abs. 2 MStV:<\/h4>\n<p>Vertreten durch:<br \/>\nMateusz Kami\u0144ski<br \/>\nStok-Stra\u00dfe 4, 26-804 Stromiec, Polen<\/p>\n<h4>Alternative Streitbeilegung gem\u00e4\u00df Art. 14 Abs. 1 ODR-VO:<\/h4>\n<p>Die Europ\u00e4ische Kommission stellt eine Plattform zur Online-Streitbeilegung (OS) bereit: \ud83d\udc49 <a href=\"https:\/\/ec.europa.eu\/consumers\/odr\" target=\"_blank\" rel=\"noopener noreferrer\">https:\/\/ec.europa.eu\/consumers\/odr<\/a><\/p>\n<p>Unsere E-Mail-Adresse finden Sie oben im Impressum.<\/p>\n<p>Wir sind nicht verpflichtet und nicht bereit, an Streitbeilegungsverfahren vor einer Verbraucherschlichtungsstelle teilzunehmen.<\/p>\n<\/div>\n<\/div><\/div><\/div><\/div><\/div><\/div><\/div><\/section>","protected":false},"excerpt":{"rendered":"\ud83d\udcc4 IMPRESSUM Angaben gem\u00e4\u00df \u00a7 5 TMG: Vertreten durch: Mateusz Kami\u0144ski handelnd unter der Marke \u201eMORIA DESIGN\u201c \u015aLUSARSTWO KAMI\u0143SKI Mateusz Kami\u0144ski Stok-Stra\u00dfe 4, 26-804 Stromiec, Polen \ud83d\udcde Telefon: +48 535 815 715 \ud83d\udce7 E-Mail: sklep@moriadesign.pl \ud83c\udf10 Website: https:\/\/www.moriadesign.pl\/ Umsatzsteuer-Identifikationsnummer gem\u00e4\u00df \u00a7 27a UStG: PL7981467585 Hinweis zur Umsatzsteuer: F\u00fcr Lieferungen an Verbraucher innerhalb der Europ\u00e4ischen Union...","protected":false},"author":1,"featured_media":0,"parent":0,"menu_order":0,"comment_status":"closed","ping_status":"closed","template":"","meta":{"inline_featured_image":false},"acf":[],"yoast_head":"<!-- This site is optimized with the Yoast SEO plugin v20.2 - https:\/\/yoast.com\/wordpress\/plugins\/seo\/ -->\n<title>Impressum - MORIA DESIGN<\/title>\n<meta name=\"robots\" content=\"index, follow, max-snippet:-1, max-image-preview:large, max-video-preview:-1\" \/>\n<link rel=\"canonical\" href=\"https:\/\/www.moriadesign.pl\/de\/impressum\/?wmc-currency=EUR\" \/>\n<meta property=\"og:locale\" content=\"de_DE\" \/>\n<meta property=\"og:type\" content=\"article\" \/>\n<meta property=\"og:title\" content=\"Impressum - MORIA DESIGN\" \/>\n<meta property=\"og:url\" content=\"https:\/\/www.moriadesign.pl\/de\/impressum\/?wmc-currency=EUR\" \/>\n<meta property=\"og:site_name\" content=\"MORIA DESIGN\" \/>\n<meta property=\"article:modified_time\" content=\"2026-04-23T10:10:43+00:00\" \/>\n<meta name=\"twitter:card\" content=\"summary_large_image\" \/>\n<meta name=\"twitter:label1\" content=\"Gesch\u00e4tzte Lesezeit\" \/>\n\t<meta name=\"twitter:data1\" content=\"1\u00a0Minute\" \/>\n<script type=\"application\/ld+json\" class=\"yoast-schema-graph\">{\"@context\":\"https:\/\/schema.org\",\"@graph\":[{\"@type\":\"WebPage\",\"@id\":\"https:\/\/www.moriadesign.pl\/impressum\/\",\"url\":\"https:\/\/www.moriadesign.pl\/impressum\/\",\"name\":\"Impressum - MORIA DESIGN\",\"isPartOf\":{\"@id\":\"https:\/\/www.moriadesign.pl\/#website\"},\"datePublished\":\"2026-04-23T10:07:37+00:00\",\"dateModified\":\"2026-04-23T10:10:43+00:00\",\"breadcrumb\":{\"@id\":\"https:\/\/www.moriadesign.pl\/impressum\/#breadcrumb\"},\"inLanguage\":\"de\",\"potentialAction\":[{\"@type\":\"ReadAction\",\"target\":[\"https:\/\/www.moriadesign.pl\/impressum\/\"]}]},{\"@type\":\"BreadcrumbList\",\"@id\":\"https:\/\/www.moriadesign.pl\/impressum\/#breadcrumb\",\"itemListElement\":[{\"@type\":\"ListItem\",\"position\":1,\"name\":\"Strona g\u0142\u00f3wna\",\"item\":\"https:\/\/www.moriadesign.pl\/\"},{\"@type\":\"ListItem\",\"position\":2,\"name\":\"Impressum\"}]},{\"@type\":\"WebSite\",\"@id\":\"https:\/\/www.moriadesign.pl\/#website\",\"url\":\"https:\/\/www.moriadesign.pl\/\",\"name\":\"MORIA DESIGN\",\"description\":\"okucia do mebli, domu i ogrodu\",\"potentialAction\":[{\"@type\":\"SearchAction\",\"target\":{\"@type\":\"EntryPoint\",\"urlTemplate\":\"https:\/\/www.moriadesign.pl\/?s={search_term_string}\"},\"query-input\":\"required name=search_term_string\"}],\"inLanguage\":\"de\"}]}<\/script>\n<!-- \/ Yoast SEO plugin. -->","yoast_head_json":{"title":"Impressum - MORIA DESIGN","robots":{"index":"index","follow":"follow","max-snippet":"max-snippet:-1","max-image-preview":"max-image-preview:large","max-video-preview":"max-video-preview:-1"},"canonical":"https:\/\/www.moriadesign.pl\/de\/impressum\/?wmc-currency=EUR","og_locale":"de_DE","og_type":"article","og_title":"Impressum - MORIA DESIGN","og_url":"https:\/\/www.moriadesign.pl\/de\/impressum\/?wmc-currency=EUR","og_site_name":"MORIA DESIGN","article_modified_time":"2026-04-23T10:10:43+00:00","twitter_card":"summary_large_image","twitter_misc":{"Gesch\u00e4tzte Lesezeit":"1\u00a0Minute"},"schema":{"@context":"https:\/\/schema.org","@graph":[{"@type":"WebPage","@id":"https:\/\/www.moriadesign.pl\/impressum\/","url":"https:\/\/www.moriadesign.pl\/impressum\/","name":"Impressum - MORIA DESIGN","isPartOf":{"@id":"https:\/\/www.moriadesign.pl\/#website"},"datePublished":"2026-04-23T10:07:37+00:00","dateModified":"2026-04-23T10:10:43+00:00","breadcrumb":{"@id":"https:\/\/www.moriadesign.pl\/impressum\/#breadcrumb"},"inLanguage":"de","potentialAction":[{"@type":"ReadAction","target":["https:\/\/www.moriadesign.pl\/impressum\/"]}]},{"@type":"BreadcrumbList","@id":"https:\/\/www.moriadesign.pl\/impressum\/#breadcrumb","itemListElement":[{"@type":"ListItem","position":1,"name":"Strona g\u0142\u00f3wna","item":"https:\/\/www.moriadesign.pl\/"},{"@type":"ListItem","position":2,"name":"Impressum"}]},{"@type":"WebSite","@id":"https:\/\/www.moriadesign.pl\/#website","url":"https:\/\/www.moriadesign.pl\/","name":"MORIA DESIGN","description":"okucia do mebli, domu i ogrodu","potentialAction":[{"@type":"SearchAction","target":{"@type":"EntryPoint","urlTemplate":"https:\/\/www.moriadesign.pl\/?s={search_term_string}"},"query-input":"required name=search_term_string"}],"inLanguage":"de"}]}},"_links":{"self":[{"href":"https:\/\/www.moriadesign.pl\/de\/wp-json\/wp\/v2\/pages\/5059"}],"collection":[{"href":"https:\/\/www.moriadesign.pl\/de\/wp-json\/wp\/v2\/pages"}],"about":[{"href":"https:\/\/www.moriadesign.pl\/de\/wp-json\/wp\/v2\/types\/page"}],"author":[{"embeddable":true,"href":"https:\/\/www.moriadesign.pl\/de\/wp-json\/wp\/v2\/users\/1"}],"replies":[{"embeddable":true,"href":"https:\/\/www.moriadesign.pl\/de\/wp-json\/wp\/v2\/comments?post=5059"}],"version-history":[{"count":2,"href":"https:\/\/www.moriadesign.pl\/de\/wp-json\/wp\/v2\/pages\/5059\/revisions"}],"predecessor-version":[{"id":5062,"href":"https:\/\/www.moriadesign.pl\/de\/wp-json\/wp\/v2\/pages\/5059\/revisions\/5062"}],"wp:attachment":[{"href":"https:\/\/www.moriadesign.pl\/de\/wp-json\/wp\/v2\/media?parent=5059"}],"curies":[{"name":"wp","href":"https:\/\/api.w.org\/{rel}","templated":true}]}}