{"id":360,"date":"2022-11-10T10:38:28","date_gmt":"2022-11-10T09:38:28","guid":{"rendered":"https:\/\/www.moriadesign.pl\/?page_id=360"},"modified":"2026-04-23T12:02:08","modified_gmt":"2026-04-23T10:02:08","slug":"zwrot","status":"publish","type":"page","link":"https:\/\/www.moriadesign.pl\/de\/return\/","title":{"rendered":"Widerrufsbelehrung &amp; Reklamation"},"content":{"rendered":"<section class=\"l-section wpb_row height_small\"><div class=\"l-section-h i-cf\"><div class=\"g-cols vc_row via_flex valign_middle type_default reversed stacking_default\"><div class=\"vc_col-sm-12 wpb_column vc_column_container\"><div class=\"vc_column-inner\"><div class=\"wpb_wrapper\"><div class=\"wpb_text_column us_custom_baf8849b\"><div class=\"wpb_wrapper\"><div data-no-translation=\"\">\n<h1>\ud83d\udcc4 WIDERRUFSBELEHRUNG &amp; REKLAMATION<\/h1>\n<h4>\ud83e\uddfe Widerrufsrecht<\/h4>\n<p>Verbraucher haben das Recht, binnen 14 Tagen ohne Angabe von Gr\u00fcnden diesen Vertrag zu widerrufen.<\/p>\n<p>Die Widerrufsfrist betr\u00e4gt 14 Tage ab dem Tag, an dem Sie oder ein von Ihnen benannter Dritter, der nicht der Bef\u00f6rderer ist, die Waren in Besitz genommen haben.<\/p>\n<h4>\ud83d\udce9 Aus\u00fcbung des Widerrufsrechts<\/h4>\n<p>Um Ihr Widerrufsrecht auszu\u00fcben, m\u00fcssen Sie uns:<\/p>\n<p>Mateusz Kami\u0144ski<br \/>\nhandelnd unter der Marke \u201eMORIA DESIGN\u201c<br \/>\n\u015aLUSARSTWO KAMI\u0143SKI Mateusz Kami\u0144ski<br \/>\nStok-Stra\u00dfe 4, 26-804 Stromiec, Polen<br \/>\n\ud83d\udce7 E-Mail: <a href=\"mailto:sklep@moriadesign.pl\">sklep@moriadesign.pl<\/a><\/p>\n<p>mittels einer eindeutigen Erkl\u00e4rung (z. B. per E-Mail) \u00fcber Ihren Entschluss, diesen Vertrag zu widerrufen, informieren.<\/p>\n<p>Sie k\u00f6nnen daf\u00fcr das beigef\u00fcgte Muster-Widerrufsformular verwenden, das jedoch nicht vorgeschrieben ist.<\/p>\n<h4>\ud83d\udce6 Folgen des Widerrufs<\/h4>\n<p>Wenn Sie diesen Vertrag widerrufen, haben wir Ihnen alle Zahlungen, die wir von Ihnen erhalten haben,<\/p>\n<ul>\n<li>\ud83d\udc49 einschlie\u00dflich der Kosten der g\u00fcnstigsten Standardlieferung<\/li>\n<\/ul>\n<p>unverz\u00fcglich und sp\u00e4testens binnen 14 Tagen ab dem Tag zur\u00fcckzuzahlen, an dem die Mitteilung \u00fcber Ihren Widerruf dieses Vertrags bei uns eingegangen ist.<\/p>\n<p>F\u00fcr diese R\u00fcckzahlung verwenden wir dasselbe Zahlungsmittel, das Sie bei der urspr\u00fcnglichen Transaktion eingesetzt haben, es sei denn, mit Ihnen wurde ausdr\u00fccklich etwas anderes vereinbart.<\/p>\n<p>Wir k\u00f6nnen die R\u00fcckzahlung verweigern, bis wir die Waren wieder zur\u00fcckerhalten haben oder bis Sie den Nachweis erbracht haben, dass Sie die Waren zur\u00fcckgesandt haben, je nachdem, welches der fr\u00fchere Zeitpunkt ist.<\/p>\n<h4>\ud83d\ude9a R\u00fccksendung der Waren<\/h4>\n<p>Sie haben die Waren unverz\u00fcglich und in jedem Fall sp\u00e4testens binnen 14 Tagen ab dem Tag, an dem Sie uns \u00fcber den Widerruf dieses Vertrags unterrichten, an uns zur\u00fcckzusenden.<\/p>\n<p>Die Frist ist gewahrt, wenn Sie die Waren vor Ablauf der Frist von 14 Tagen absenden.<\/p>\n<ul>\n<li>\ud83d\udc49 Sie tragen die unmittelbaren Kosten der R\u00fccksendung der Waren.<\/li>\n<\/ul>\n<h4>\u26a0\ufe0f Zustand der Ware<\/h4>\n<p>Sie m\u00fcssen f\u00fcr einen etwaigen Wertverlust der Waren nur aufkommen, wenn dieser Wertverlust auf einen zur Pr\u00fcfung der Beschaffenheit, Eigenschaften und Funktionsweise der Waren nicht notwendigen Umgang mit ihnen zur\u00fcckzuf\u00fchren ist.<\/p>\n<h4>\u274c Ausschluss des Widerrufsrechts<\/h4>\n<p>Das Widerrufsrecht besteht nicht bei Vertr\u00e4gen zur Lieferung von Waren:<\/p>\n<ul>\n<li>die nicht vorgefertigt sind und f\u00fcr deren Herstellung eine individuelle Auswahl oder Bestimmung durch den Verbraucher ma\u00dfgeblich ist oder<\/li>\n<li>die eindeutig auf die pers\u00f6nlichen Bed\u00fcrfnisse des Verbrauchers zugeschnitten sind (z. B. personalisierte Produkte).<\/li>\n<\/ul>\n<h4>\ud83d\udcc4 Muster-Widerrufsformular<\/h4>\n<p>(Wenn Sie den Vertrag widerrufen wollen, dann f\u00fcllen Sie bitte dieses Formular aus und senden Sie es zur\u00fcck.)<\/p>\n<ul>\n<li>Name des Verbrauchers:<\/li>\n<li>Anschrift des Verbrauchers:<\/li>\n<li>Bestellnummer:<\/li>\n<li>Datum:<\/li>\n<li>Unterschrift (nur bei Mitteilung auf Papier):<\/li>\n<\/ul>\n<p>&nbsp;<\/p>\n<h1>\ud83d\udee0\ufe0f REKLAMATION (GEW\u00c4HRLEISTUNG)<\/h1>\n<h4>\ud83d\udccc Gesetzliche M\u00e4ngelhaftung<\/h4>\n<p>Es gelten die gesetzlichen Gew\u00e4hrleistungsrechte.<\/p>\n<h4>\ud83d\udce9 Meldung von M\u00e4ngeln<\/h4>\n<p>Im Falle eines Mangels bitten wir Sie, uns per E-Mail zu kontaktieren:<\/p>\n<p>\ud83d\udce7 sklep@moriadesign.pl<\/p>\n<p>Bitte geben Sie folgende Informationen an:<\/p>\n<ul>\n<li>Bestellnummer<\/li>\n<li>Beschreibung des Mangels<\/li>\n<li>Fotos (falls m\u00f6glich)<\/li>\n<\/ul>\n<h4>\ud83d\udd27 Rechte des Kunden<\/h4>\n<p>Im Falle eines Mangels haben Sie das Recht auf:<\/p>\n<ul>\n<li>Nacherf\u00fcllung (Nachbesserung oder Ersatzlieferung)<\/li>\n<\/ul>\n<p>Schl\u00e4gt die Nacherf\u00fcllung fehl, k\u00f6nnen Sie:<\/p>\n<ul>\n<li>den Kaufpreis mindern oder<\/li>\n<li>vom Vertrag zur\u00fccktreten<\/li>\n<\/ul>\n<h4>\ud83d\udce6 Transportsch\u00e4den<\/h4>\n<p>Werden Waren mit offensichtlichen Transportsch\u00e4den geliefert, bitten wir Sie, diese m\u00f6glichst sofort beim Zusteller zu reklamieren und uns umgehend zu kontaktieren.<\/p>\n<p>Die Vers\u00e4umung einer Reklamation oder Kontaktaufnahme hat jedoch keine Auswirkungen auf Ihre gesetzlichen Gew\u00e4hrleistungsrechte.<\/p>\n<\/div>\n<\/div><\/div><\/div><\/div><\/div><\/div><\/div><\/section>","protected":false},"excerpt":{"rendered":"\ud83d\udcc4 WIDERRUFSBELEHRUNG &amp; REKLAMATION \ud83e\uddfe Widerrufsrecht Verbraucher haben das Recht, binnen 14 Tagen ohne Angabe von Gr\u00fcnden diesen Vertrag zu widerrufen. Die Widerrufsfrist betr\u00e4gt 14 Tage ab dem Tag, an dem Sie oder ein von Ihnen benannter Dritter, der nicht der Bef\u00f6rderer ist, die Waren in Besitz genommen haben. \ud83d\udce9 Aus\u00fcbung des Widerrufsrechts Um Ihr...","protected":false},"author":1,"featured_media":0,"parent":0,"menu_order":3,"comment_status":"closed","ping_status":"closed","template":"","meta":{"inline_featured_image":false},"acf":[],"yoast_head":"<!-- This site is optimized with the Yoast SEO plugin v20.2 - https:\/\/yoast.com\/wordpress\/plugins\/seo\/ -->\n<title>Zwrot - MORIA DESIGN<\/title>\n<meta name=\"robots\" content=\"noindex, follow\" \/>\n<meta property=\"og:locale\" content=\"de_DE\" \/>\n<meta property=\"og:type\" content=\"article\" \/>\n<meta property=\"og:title\" content=\"Zwrot - MORIA DESIGN\" \/>\n<meta property=\"og:url\" content=\"https:\/\/www.moriadesign.pl\/de\/return\/?wmc-currency=EUR\" \/>\n<meta property=\"og:site_name\" content=\"MORIA DESIGN\" \/>\n<meta property=\"article:modified_time\" content=\"2026-04-23T10:02:08+00:00\" \/>\n<meta name=\"twitter:card\" content=\"summary_large_image\" \/>\n<meta name=\"twitter:label1\" content=\"Gesch\u00e4tzte Lesezeit\" \/>\n\t<meta name=\"twitter:data1\" content=\"5\u00a0Minuten\" \/>\n<script type=\"application\/ld+json\" class=\"yoast-schema-graph\">{\"@context\":\"https:\/\/schema.org\",\"@graph\":[{\"@type\":\"WebPage\",\"@id\":\"https:\/\/www.moriadesign.pl\/zwrot\/\",\"url\":\"https:\/\/www.moriadesign.pl\/zwrot\/\",\"name\":\"Zwrot - MORIA DESIGN\",\"isPartOf\":{\"@id\":\"https:\/\/www.moriadesign.pl\/#website\"},\"datePublished\":\"2022-11-10T09:38:28+00:00\",\"dateModified\":\"2026-04-23T10:02:08+00:00\",\"breadcrumb\":{\"@id\":\"https:\/\/www.moriadesign.pl\/zwrot\/#breadcrumb\"},\"inLanguage\":\"de\",\"potentialAction\":[{\"@type\":\"ReadAction\",\"target\":[\"https:\/\/www.moriadesign.pl\/zwrot\/\"]}]},{\"@type\":\"BreadcrumbList\",\"@id\":\"https:\/\/www.moriadesign.pl\/zwrot\/#breadcrumb\",\"itemListElement\":[{\"@type\":\"ListItem\",\"position\":1,\"name\":\"Strona g\u0142\u00f3wna\",\"item\":\"https:\/\/www.moriadesign.pl\/\"},{\"@type\":\"ListItem\",\"position\":2,\"name\":\"Zwrot\"}]},{\"@type\":\"WebSite\",\"@id\":\"https:\/\/www.moriadesign.pl\/#website\",\"url\":\"https:\/\/www.moriadesign.pl\/\",\"name\":\"MORIA DESIGN\",\"description\":\"okucia do mebli, domu i ogrodu\",\"potentialAction\":[{\"@type\":\"SearchAction\",\"target\":{\"@type\":\"EntryPoint\",\"urlTemplate\":\"https:\/\/www.moriadesign.pl\/?s={search_term_string}\"},\"query-input\":\"required name=search_term_string\"}],\"inLanguage\":\"de\"}]}<\/script>\n<!-- \/ Yoast SEO plugin. -->","yoast_head_json":{"title":"Zwrot - MORIA DESIGN","robots":{"index":"noindex","follow":"follow"},"og_locale":"de_DE","og_type":"article","og_title":"Zwrot - MORIA DESIGN","og_url":"https:\/\/www.moriadesign.pl\/de\/return\/?wmc-currency=EUR","og_site_name":"MORIA DESIGN","article_modified_time":"2026-04-23T10:02:08+00:00","twitter_card":"summary_large_image","twitter_misc":{"Gesch\u00e4tzte Lesezeit":"5\u00a0Minuten"},"schema":{"@context":"https:\/\/schema.org","@graph":[{"@type":"WebPage","@id":"https:\/\/www.moriadesign.pl\/zwrot\/","url":"https:\/\/www.moriadesign.pl\/zwrot\/","name":"Zwrot - MORIA DESIGN","isPartOf":{"@id":"https:\/\/www.moriadesign.pl\/#website"},"datePublished":"2022-11-10T09:38:28+00:00","dateModified":"2026-04-23T10:02:08+00:00","breadcrumb":{"@id":"https:\/\/www.moriadesign.pl\/zwrot\/#breadcrumb"},"inLanguage":"de","potentialAction":[{"@type":"ReadAction","target":["https:\/\/www.moriadesign.pl\/zwrot\/"]}]},{"@type":"BreadcrumbList","@id":"https:\/\/www.moriadesign.pl\/zwrot\/#breadcrumb","itemListElement":[{"@type":"ListItem","position":1,"name":"Strona g\u0142\u00f3wna","item":"https:\/\/www.moriadesign.pl\/"},{"@type":"ListItem","position":2,"name":"Zwrot"}]},{"@type":"WebSite","@id":"https:\/\/www.moriadesign.pl\/#website","url":"https:\/\/www.moriadesign.pl\/","name":"MORIA DESIGN","description":"okucia do mebli, domu i ogrodu","potentialAction":[{"@type":"SearchAction","target":{"@type":"EntryPoint","urlTemplate":"https:\/\/www.moriadesign.pl\/?s={search_term_string}"},"query-input":"required name=search_term_string"}],"inLanguage":"de"}]}},"_links":{"self":[{"href":"https:\/\/www.moriadesign.pl\/de\/wp-json\/wp\/v2\/pages\/360"}],"collection":[{"href":"https:\/\/www.moriadesign.pl\/de\/wp-json\/wp\/v2\/pages"}],"about":[{"href":"https:\/\/www.moriadesign.pl\/de\/wp-json\/wp\/v2\/types\/page"}],"author":[{"embeddable":true,"href":"https:\/\/www.moriadesign.pl\/de\/wp-json\/wp\/v2\/users\/1"}],"replies":[{"embeddable":true,"href":"https:\/\/www.moriadesign.pl\/de\/wp-json\/wp\/v2\/comments?post=360"}],"version-history":[{"count":18,"href":"https:\/\/www.moriadesign.pl\/de\/wp-json\/wp\/v2\/pages\/360\/revisions"}],"predecessor-version":[{"id":5056,"href":"https:\/\/www.moriadesign.pl\/de\/wp-json\/wp\/v2\/pages\/360\/revisions\/5056"}],"wp:attachment":[{"href":"https:\/\/www.moriadesign.pl\/de\/wp-json\/wp\/v2\/media?parent=360"}],"curies":[{"name":"wp","href":"https:\/\/api.w.org\/{rel}","templated":true}]}}