{"id":359,"date":"2022-11-10T10:36:09","date_gmt":"2022-11-10T09:36:09","guid":{"rendered":"https:\/\/www.moriadesign.pl\/?page_id=359"},"modified":"2025-09-15T12:19:17","modified_gmt":"2025-09-15T10:19:17","slug":"reklamacja","status":"publish","type":"page","link":"https:\/\/www.moriadesign.pl\/de\/beschwerde\/","title":{"rendered":"Reklamation"},"content":{"rendered":"<section class=\"l-section wpb_row height_small\"><div class=\"l-section-h i-cf\"><div class=\"g-cols vc_row via_flex valign_middle type_default reversed stacking_default\"><div class=\"vc_col-sm-12 wpb_column vc_column_container\"><div class=\"vc_column-inner\"><div class=\"wpb_wrapper\"><h1 class=\"w-post-elm post_title entry-title color_link_inherit\">Reklamation<\/h1><div class=\"w-separator size_small\"><\/div><div class=\"wpb_text_column us_custom_baf8849b\"><div class=\"wpb_wrapper\"><p><strong>MORIA DESIGN<\/strong> ist der Hersteller des angebotenen Sortiments. Als polnisches Handwerksunternehmen arbeiten wir mit gr\u00f6\u00dfter Sorgfalt, um sicherzustellen, dass unsere Produkte langlebig und funktional sind. Wir garantieren ihre hohe Qualit\u00e4t mit voller Verantwortung. Sollte die von Ihnen gekaufte Ware jedoch einen Mangel aufweisen, k\u00f6nnen Sie eine Reklamation einreichen.<\/p>\n<p><strong>Wie kann man das tun?<\/strong><br \/>\nSo melden Sie einen Mangel <a href=\"\/wp-content\/uploads\/2025\/09\/Formularz_reklamacji_2025_09_12.pdf\" target=\"_blank\" rel=\"noopener\">das hier verf\u00fcgbare Beschwerdeformular ausf\u00fcllen<\/a>und senden Sie es dann an <a href=\"mailto:sklep@moriadesign.pl\">sklep@moriadesign.pl<\/a>. Vergessen Sie nicht, Ihrem Antrag ein Foto beizuf\u00fcgen, das den Mangel an allen Produkten zeigt. Sie k\u00f6nnen Ihren Bericht auch per Post an unsere B\u00fcroadresse schicken.<br \/>\nWenn Sie ein Konto haben bei <a href=\"https:\/\/www.moriadesign.pl\/de\/?wmc-currency=EUR\">https:\/\/www.moriadesign.pl<\/a>Nachdem Sie sich mit Ihrem Konto eingeloggt haben, k\u00f6nnen Sie Ihre Bestellhistorie durchsuchen und das Produkt ausw\u00e4hlen, f\u00fcr das Sie werben m\u00f6chten.<\/p>\n<p><strong>WICHTIG:<\/strong> Die Frist f\u00fcr die Bearbeitung einer Beschwerde betr\u00e4gt 14 Tage ab dem Datum des Eingangs eines vollst\u00e4ndigen Antrags. Innerhalb dieser Frist werden Sie kontaktiert und \u00fcber die n\u00e4chsten Schritte informiert. Erweist sich Ihre Meldung als zutreffend, wird die beanstandete Ware gegen ein mangelfreies Exemplar ausgetauscht oder der Kaufpreis erstattet.<\/p>\n<p><strong>R\u00dcCKZAHLUNGEN<\/strong><br \/>\nEine Erstattung aufgrund einer Reklamation erfolgt innerhalb von h\u00f6chstens 14 Werktagen nach Erhalt des Pakets und h\u00e4ngt von der Art der urspr\u00fcnglichen Zahlung ab:<\/p>\n<ul>\n<li>Im Falle der Nachnahme erfolgt die Erstattung durch \u00dcberweisung auf das von Ihnen im Antragsformular angegebene Konto;<\/li>\n<li>bei Online-Zahlungen erfolgt die Erstattung durch \u00dcberweisung auf das Konto, von dem Sie das Geld geschickt haben.<\/li>\n<\/ul>\n<p><strong>Wenn Sie Fragen zu den zur\u00fcckgesandten Waren haben, k\u00f6nnen Sie uns gerne kontaktieren!<\/strong><br \/>\nRufen Sie uns an:<br \/>\n<a href=\"tel:+48535815715\"><strong>+48 535 815 715<\/strong><\/a><br \/>\nWir arbeiten f\u00fcr Sie von Montag bis Freitag, Stunden:<br \/>\n<strong>8:00 - 17:00.<\/strong><\/p>\n<h6>Der Verwalter Ihrer pers\u00f6nlichen Daten ist Mateusz Kami\u0144ski, der eine Gesch\u00e4ftst\u00e4tigkeit unter dem Namen \" \u015aLUSARSTWO KAMI\u0143SKI \" Mateusz Kami\u0144ski mit Sitz in Stromiec (Sitz und Lieferadresse: ul. Stok 4, 26-804 Stromiec) aus\u00fcbt; eingetragen im Zentralen Register f\u00fcr Gesch\u00e4ftst\u00e4tigkeit und Information; NIP: 7981467585; REGON: 146218800, <a href=\"mailto:biuro@moriadesign.pl\">biuro@moriadesign.pl<\/a><\/h6>\n<\/div><\/div><div class=\"w-separator size_small\"><\/div><div class=\"w-btn-wrapper align_none\"><a class=\"w-btn us-btn-style_1 icon_atright\" target=\"_blank\" href=\"\/wp-content\/uploads\/2025\/09\/Formularz_reklamacji_2025_09_12.pdf\" rel=\"noopener\"><span class=\"w-btn-label\">Formular zum Herunterladen<\/span><i class=\"material-icons\" data-no-translation=\"\">file_download<\/i><\/a><\/div><\/div><\/div><\/div><\/div><\/div><\/section>","protected":false},"excerpt":{"rendered":"ReklamacjaMORIA DESIGN jest producentem oferowanego asortymentu. Jako polska rzemie\u015blnicza firma z najwy\u017csz\u0105 staranno\u015bci\u0105 pracujemy nad tym, aby nasze produkty by\u0142y trwa\u0142e i funkcjonalne. Z pe\u0142n\u0105 odpowiedzialno\u015bci\u0105 gwarantujemy ich wysok\u0105 jako\u015b\u0107, je\u015bli jednak zakupiony przez Ciebie towar posiada wad\u0119, mo\u017cesz z\u0142o\u017cy\u0107 reklamacj\u0119. Jak to zrobi\u0107? Aby zg\u0142osi\u0107 wad\u0119 wype\u0142nij formularz reklamacyjny dost\u0119pny tutaj, a nast\u0119pnie wy\u015blij...","protected":false},"author":1,"featured_media":0,"parent":0,"menu_order":4,"comment_status":"closed","ping_status":"closed","template":"","meta":{"inline_featured_image":false},"acf":[],"yoast_head":"<!-- This site is optimized with the Yoast SEO plugin v20.2 - https:\/\/yoast.com\/wordpress\/plugins\/seo\/ -->\n<title>Reklamacja - MORIA DESIGN<\/title>\n<meta name=\"robots\" content=\"noindex, follow\" \/>\n<meta property=\"og:locale\" content=\"de_DE\" \/>\n<meta property=\"og:type\" content=\"article\" \/>\n<meta property=\"og:title\" content=\"Reklamacja - MORIA DESIGN\" \/>\n<meta property=\"og:url\" content=\"https:\/\/www.moriadesign.pl\/de\/beschwerde\/?wmc-currency=EUR\" \/>\n<meta property=\"og:site_name\" content=\"MORIA DESIGN\" \/>\n<meta property=\"article:modified_time\" content=\"2025-09-15T10:19:17+00:00\" \/>\n<meta name=\"twitter:card\" content=\"summary_large_image\" \/>\n<meta name=\"twitter:label1\" content=\"Gesch\u00e4tzte Lesezeit\" \/>\n\t<meta name=\"twitter:data1\" content=\"2\u00a0Minuten\" \/>\n<script type=\"application\/ld+json\" class=\"yoast-schema-graph\">{\"@context\":\"https:\/\/schema.org\",\"@graph\":[{\"@type\":\"WebPage\",\"@id\":\"https:\/\/www.moriadesign.pl\/reklamacja\/\",\"url\":\"https:\/\/www.moriadesign.pl\/reklamacja\/\",\"name\":\"Reklamacja - MORIA DESIGN\",\"isPartOf\":{\"@id\":\"https:\/\/www.moriadesign.pl\/#website\"},\"datePublished\":\"2022-11-10T09:36:09+00:00\",\"dateModified\":\"2025-09-15T10:19:17+00:00\",\"breadcrumb\":{\"@id\":\"https:\/\/www.moriadesign.pl\/reklamacja\/#breadcrumb\"},\"inLanguage\":\"de\",\"potentialAction\":[{\"@type\":\"ReadAction\",\"target\":[\"https:\/\/www.moriadesign.pl\/reklamacja\/\"]}]},{\"@type\":\"BreadcrumbList\",\"@id\":\"https:\/\/www.moriadesign.pl\/reklamacja\/#breadcrumb\",\"itemListElement\":[{\"@type\":\"ListItem\",\"position\":1,\"name\":\"Strona g\u0142\u00f3wna\",\"item\":\"https:\/\/www.moriadesign.pl\/\"},{\"@type\":\"ListItem\",\"position\":2,\"name\":\"Reklamacja\"}]},{\"@type\":\"WebSite\",\"@id\":\"https:\/\/www.moriadesign.pl\/#website\",\"url\":\"https:\/\/www.moriadesign.pl\/\",\"name\":\"MORIA DESIGN\",\"description\":\"okucia do mebli, domu i ogrodu\",\"potentialAction\":[{\"@type\":\"SearchAction\",\"target\":{\"@type\":\"EntryPoint\",\"urlTemplate\":\"https:\/\/www.moriadesign.pl\/?s={search_term_string}\"},\"query-input\":\"required name=search_term_string\"}],\"inLanguage\":\"de\"}]}<\/script>\n<!-- \/ Yoast SEO plugin. -->","yoast_head_json":{"title":"Reklamacja - MORIA DESIGN","robots":{"index":"noindex","follow":"follow"},"og_locale":"de_DE","og_type":"article","og_title":"Reklamacja - MORIA DESIGN","og_url":"https:\/\/www.moriadesign.pl\/de\/beschwerde\/?wmc-currency=EUR","og_site_name":"MORIA DESIGN","article_modified_time":"2025-09-15T10:19:17+00:00","twitter_card":"summary_large_image","twitter_misc":{"Gesch\u00e4tzte Lesezeit":"2\u00a0Minuten"},"schema":{"@context":"https:\/\/schema.org","@graph":[{"@type":"WebPage","@id":"https:\/\/www.moriadesign.pl\/reklamacja\/","url":"https:\/\/www.moriadesign.pl\/reklamacja\/","name":"Reklamacja - MORIA DESIGN","isPartOf":{"@id":"https:\/\/www.moriadesign.pl\/#website"},"datePublished":"2022-11-10T09:36:09+00:00","dateModified":"2025-09-15T10:19:17+00:00","breadcrumb":{"@id":"https:\/\/www.moriadesign.pl\/reklamacja\/#breadcrumb"},"inLanguage":"de","potentialAction":[{"@type":"ReadAction","target":["https:\/\/www.moriadesign.pl\/reklamacja\/"]}]},{"@type":"BreadcrumbList","@id":"https:\/\/www.moriadesign.pl\/reklamacja\/#breadcrumb","itemListElement":[{"@type":"ListItem","position":1,"name":"Strona g\u0142\u00f3wna","item":"https:\/\/www.moriadesign.pl\/"},{"@type":"ListItem","position":2,"name":"Reklamacja"}]},{"@type":"WebSite","@id":"https:\/\/www.moriadesign.pl\/#website","url":"https:\/\/www.moriadesign.pl\/","name":"MORIA DESIGN","description":"okucia do mebli, domu i ogrodu","potentialAction":[{"@type":"SearchAction","target":{"@type":"EntryPoint","urlTemplate":"https:\/\/www.moriadesign.pl\/?s={search_term_string}"},"query-input":"required name=search_term_string"}],"inLanguage":"de"}]}},"_links":{"self":[{"href":"https:\/\/www.moriadesign.pl\/de\/wp-json\/wp\/v2\/pages\/359"}],"collection":[{"href":"https:\/\/www.moriadesign.pl\/de\/wp-json\/wp\/v2\/pages"}],"about":[{"href":"https:\/\/www.moriadesign.pl\/de\/wp-json\/wp\/v2\/types\/page"}],"author":[{"embeddable":true,"href":"https:\/\/www.moriadesign.pl\/de\/wp-json\/wp\/v2\/users\/1"}],"replies":[{"embeddable":true,"href":"https:\/\/www.moriadesign.pl\/de\/wp-json\/wp\/v2\/comments?post=359"}],"version-history":[{"count":14,"href":"https:\/\/www.moriadesign.pl\/de\/wp-json\/wp\/v2\/pages\/359\/revisions"}],"predecessor-version":[{"id":4583,"href":"https:\/\/www.moriadesign.pl\/de\/wp-json\/wp\/v2\/pages\/359\/revisions\/4583"}],"wp:attachment":[{"href":"https:\/\/www.moriadesign.pl\/de\/wp-json\/wp\/v2\/media?parent=359"}],"curies":[{"name":"wp","href":"https:\/\/api.w.org\/{rel}","templated":true}]}}