{"id":358,"date":"2022-11-10T10:31:49","date_gmt":"2022-11-10T09:31:49","guid":{"rendered":"https:\/\/www.moriadesign.pl\/?page_id=358"},"modified":"2025-09-11T15:06:57","modified_gmt":"2025-09-11T13:06:57","slug":"dostawa-i-platnosci","status":"publish","type":"page","link":"https:\/\/www.moriadesign.pl\/de\/lieferung-und-zahlung\/","title":{"rendered":"Lieferung und Zahlung"},"content":{"rendered":"<section class=\"l-section wpb_row height_small\"><div class=\"l-section-h i-cf\"><div class=\"g-cols vc_row via_flex valign_middle type_default reversed stacking_default\"><div class=\"vc_col-sm-12 wpb_column vc_column_container\"><div class=\"vc_column-inner\"><div class=\"wpb_wrapper\"><h1 class=\"w-post-elm post_title entry-title color_link_inherit\">Lieferung und Zahlung<\/h1><div class=\"w-separator size_small\"><\/div><div class=\"wpb_text_column us_custom_baf8849b\"><div class=\"wpb_wrapper\"><h3>ZAHLUNG<\/h3>\n<p>Im Online-Shop von MORIA DESIGN k\u00f6nnen Sie Ihre Bestellung auf verschiedene Arten bezahlen: per schneller Online-Zahlung (z.B. per Kreditkarte oder BLIK), per herk\u00f6mmlicher \u00dcberweisung und per Nachnahme.<\/p>\n<h4>Schnelle Online-Zahlung<\/h4>\n<p>Nach Auswahl dieser Zahlungsart wird der K\u00e4ufer zur Liste der Banken und dann zur Login-Seite seiner bevorzugten Bank weitergeleitet, wenn die Bestellung abgeschlossen ist. Sobald die Zahlung erfolgt ist, wird sie entsprechend den Verfahren der Bank gutgeschrieben. Sobald sie bei MORIA DESIGN eingegangen ist, wird die Bestellung in die n\u00e4chste Phase der Bearbeitung \u00fcbergehen.<\/p>\n<h4>Nachnahme<\/h4>\n<p>Die Bestellung kann auch bei der Zustellung in bar oder mit Kreditkarte bei dem Kurier bezahlt werden, der das Paket zustellt (wenn der gew\u00e4hlte Kurier die M\u00f6glichkeit hat, mit Karte zu bezahlen).<\/p>\n<h3>LIEFERUNG<\/h3>\n<p>Wir setzen alles daran, dass die von Ihnen gekauften Produkte so schnell wie m\u00f6glich bei Ihnen eintreffen.<br \/>\nPakete mit Lieferung an die angegebene Adresse, an Inpost-Paketautomaten, sind innerhalb von 5 Arbeitstagen ab dem Tag des Abschlusses der Transaktion versandbereit.<\/p>\n<p><strong>Lieferkosten f\u00fcr ein inl\u00e4ndisches Paket auf dem Gebiet Polens, mit maximalen Abmessungen: 120,00 cm L\u00e4nge und der Summe aller Abmessungen bis zu 220,00 cm und einem Paketgewicht bis zu 15,00 kg:<\/strong><\/p>\n<table>\n<thead>\n<tr>\n<td><strong>FORM DER LIEFERUNG<\/strong><\/td>\n<td><strong>BESTELLUNG<\/strong><br \/>\n<strong>BIS ZU 1 000 PLN<\/strong><\/td>\n<td><strong>BESTELLUNG<\/strong><br \/>\n<strong>1000 - 2000 PLN**<\/strong><\/td>\n<\/tr>\n<\/thead>\n<tbody>\n<tr>\n<td>InPost-Paketautomat*<\/td>\n<td>15,00 PLN<\/td>\n<td>GRATIS<\/td>\n<\/tr>\n<tr>\n<td>InPost-Kurier<\/td>\n<td>20,00 PLN<\/td>\n<td>GRATIS<\/td>\n<\/tr>\n<tr>\n<td>InPost-Kurier - Nachnahme<\/td>\n<td>25,00 PLN<\/td>\n<td>GRATIS<\/td>\n<\/tr>\n<tr>\n<td>UPS-Kurier<\/td>\n<td>20,00 PLN<\/td>\n<td>GRATIS<\/td>\n<\/tr>\n<tr>\n<td>UPS-Kurier - Nachnahme<\/td>\n<td>25,00 PLN<\/td>\n<td>GRATIS<\/td>\n<\/tr>\n<tr>\n<td>Selbstabholung<\/td>\n<td>GRATIS<\/td>\n<td>GRATIS<\/td>\n<\/tr>\n<\/tbody>\n<\/table>\n<p>*Die Paketabmessungen d\u00fcrfen die von InPost angegebenen maximalen Paketabmessungen nicht \u00fcberschreiten.<\/p>\n<p>**Bei Bestellungen \u00fcber \u00a32.000,00 kontaktieren Sie uns bitte wegen der Lieferkosten.<\/p>\n<p><strong>Versandkosten f\u00fcr ein internationales Paket innerhalb der EU, mit maximalen Abmessungen: 2 x L\u00e4nge + 2 x Breite + H\u00f6he \u2264 300,00 cm, wobei die H\u00f6he die l\u00e4ngste Seite des Pakets ist, und einem Paketgewicht von bis zu 15,00 kg:<\/strong><\/p>\n<ul>\n<li>Lieferung im Hoheitsgebiet: Deutschland, Tschechische Republik, Slowakei, Litauen und Lettland -. <strong>EUR 12,00<\/strong> (alle Produkte au\u00dfer Fahrradst\u00e4ndern), <strong>EUR 25,00<\/strong> (Fahrradst\u00e4nder),<\/li>\n<li>Lieferung in der \u00fcbrigen EU <strong>EUR 15,00<\/strong> (alle Produkte au\u00dfer Fahrradst\u00e4ndern), <strong>EUR 30,00<\/strong> (Fahrradst\u00e4nder).<\/li>\n<\/ul>\n<\/div><\/div><\/div><\/div><\/div><\/div><\/div><\/section>","protected":false},"excerpt":{"rendered":"Dostawa i p\u0142atno\u015bciP\u0141ATNO\u015a\u0106 W sklepie internetowym MORIA DESIGN, za zam\u00f3wienie mo\u017cna zap\u0142aci\u0107 na kilka sposob\u00f3w: za pomoc\u0105 szybkiej p\u0142atno\u015bci online (np. kart\u0105 p\u0142atnicz\u0105 lub BLIKiem), przelewem tradycyjnym oraz za pobraniem. Szybka p\u0142atno\u015b\u0107 online Po wybraniu tej formy p\u0142atno\u015bci, w momencie finalizacji zam\u00f3wienia kupuj\u0105cy zostanie przekierowany do listy bank\u00f3w, a nast\u0119pnie na stron\u0119 logowania preferowanego przez...","protected":false},"author":1,"featured_media":0,"parent":0,"menu_order":5,"comment_status":"closed","ping_status":"closed","template":"","meta":{"inline_featured_image":false},"acf":[],"yoast_head":"<!-- This site is optimized with the Yoast SEO plugin v20.2 - https:\/\/yoast.com\/wordpress\/plugins\/seo\/ -->\n<title>Dostawa i p\u0142atno\u015bci - MORIA DESIGN<\/title>\n<meta name=\"robots\" content=\"noindex, follow\" \/>\n<meta property=\"og:locale\" content=\"de_DE\" \/>\n<meta property=\"og:type\" content=\"article\" \/>\n<meta property=\"og:title\" content=\"Dostawa i p\u0142atno\u015bci - MORIA DESIGN\" \/>\n<meta property=\"og:url\" content=\"https:\/\/www.moriadesign.pl\/de\/lieferung-und-zahlung\/?wmc-currency=EUR\" \/>\n<meta property=\"og:site_name\" content=\"MORIA DESIGN\" \/>\n<meta property=\"article:modified_time\" content=\"2025-09-11T13:06:57+00:00\" \/>\n<meta name=\"twitter:card\" content=\"summary_large_image\" \/>\n<meta name=\"twitter:label1\" content=\"Gesch\u00e4tzte Lesezeit\" \/>\n\t<meta name=\"twitter:data1\" content=\"2\u00a0Minuten\" \/>\n<script type=\"application\/ld+json\" class=\"yoast-schema-graph\">{\"@context\":\"https:\/\/schema.org\",\"@graph\":[{\"@type\":\"WebPage\",\"@id\":\"https:\/\/www.moriadesign.pl\/dostawa-i-platnosci\/\",\"url\":\"https:\/\/www.moriadesign.pl\/dostawa-i-platnosci\/\",\"name\":\"Dostawa i p\u0142atno\u015bci - MORIA DESIGN\",\"isPartOf\":{\"@id\":\"https:\/\/www.moriadesign.pl\/#website\"},\"datePublished\":\"2022-11-10T09:31:49+00:00\",\"dateModified\":\"2025-09-11T13:06:57+00:00\",\"breadcrumb\":{\"@id\":\"https:\/\/www.moriadesign.pl\/dostawa-i-platnosci\/#breadcrumb\"},\"inLanguage\":\"de\",\"potentialAction\":[{\"@type\":\"ReadAction\",\"target\":[\"https:\/\/www.moriadesign.pl\/dostawa-i-platnosci\/\"]}]},{\"@type\":\"BreadcrumbList\",\"@id\":\"https:\/\/www.moriadesign.pl\/dostawa-i-platnosci\/#breadcrumb\",\"itemListElement\":[{\"@type\":\"ListItem\",\"position\":1,\"name\":\"Strona g\u0142\u00f3wna\",\"item\":\"https:\/\/www.moriadesign.pl\/\"},{\"@type\":\"ListItem\",\"position\":2,\"name\":\"Dostawa i p\u0142atno\u015bci\"}]},{\"@type\":\"WebSite\",\"@id\":\"https:\/\/www.moriadesign.pl\/#website\",\"url\":\"https:\/\/www.moriadesign.pl\/\",\"name\":\"MORIA DESIGN\",\"description\":\"okucia do mebli, domu i ogrodu\",\"potentialAction\":[{\"@type\":\"SearchAction\",\"target\":{\"@type\":\"EntryPoint\",\"urlTemplate\":\"https:\/\/www.moriadesign.pl\/?s={search_term_string}\"},\"query-input\":\"required name=search_term_string\"}],\"inLanguage\":\"de\"}]}<\/script>\n<!-- \/ Yoast SEO plugin. -->","yoast_head_json":{"title":"Dostawa i p\u0142atno\u015bci - MORIA DESIGN","robots":{"index":"noindex","follow":"follow"},"og_locale":"de_DE","og_type":"article","og_title":"Dostawa i p\u0142atno\u015bci - MORIA DESIGN","og_url":"https:\/\/www.moriadesign.pl\/de\/lieferung-und-zahlung\/?wmc-currency=EUR","og_site_name":"MORIA DESIGN","article_modified_time":"2025-09-11T13:06:57+00:00","twitter_card":"summary_large_image","twitter_misc":{"Gesch\u00e4tzte Lesezeit":"2\u00a0Minuten"},"schema":{"@context":"https:\/\/schema.org","@graph":[{"@type":"WebPage","@id":"https:\/\/www.moriadesign.pl\/dostawa-i-platnosci\/","url":"https:\/\/www.moriadesign.pl\/dostawa-i-platnosci\/","name":"Dostawa i p\u0142atno\u015bci - MORIA DESIGN","isPartOf":{"@id":"https:\/\/www.moriadesign.pl\/#website"},"datePublished":"2022-11-10T09:31:49+00:00","dateModified":"2025-09-11T13:06:57+00:00","breadcrumb":{"@id":"https:\/\/www.moriadesign.pl\/dostawa-i-platnosci\/#breadcrumb"},"inLanguage":"de","potentialAction":[{"@type":"ReadAction","target":["https:\/\/www.moriadesign.pl\/dostawa-i-platnosci\/"]}]},{"@type":"BreadcrumbList","@id":"https:\/\/www.moriadesign.pl\/dostawa-i-platnosci\/#breadcrumb","itemListElement":[{"@type":"ListItem","position":1,"name":"Strona g\u0142\u00f3wna","item":"https:\/\/www.moriadesign.pl\/"},{"@type":"ListItem","position":2,"name":"Dostawa i p\u0142atno\u015bci"}]},{"@type":"WebSite","@id":"https:\/\/www.moriadesign.pl\/#website","url":"https:\/\/www.moriadesign.pl\/","name":"MORIA DESIGN","description":"okucia do mebli, domu i ogrodu","potentialAction":[{"@type":"SearchAction","target":{"@type":"EntryPoint","urlTemplate":"https:\/\/www.moriadesign.pl\/?s={search_term_string}"},"query-input":"required name=search_term_string"}],"inLanguage":"de"}]}},"_links":{"self":[{"href":"https:\/\/www.moriadesign.pl\/de\/wp-json\/wp\/v2\/pages\/358"}],"collection":[{"href":"https:\/\/www.moriadesign.pl\/de\/wp-json\/wp\/v2\/pages"}],"about":[{"href":"https:\/\/www.moriadesign.pl\/de\/wp-json\/wp\/v2\/types\/page"}],"author":[{"embeddable":true,"href":"https:\/\/www.moriadesign.pl\/de\/wp-json\/wp\/v2\/users\/1"}],"replies":[{"embeddable":true,"href":"https:\/\/www.moriadesign.pl\/de\/wp-json\/wp\/v2\/comments?post=358"}],"version-history":[{"count":14,"href":"https:\/\/www.moriadesign.pl\/de\/wp-json\/wp\/v2\/pages\/358\/revisions"}],"predecessor-version":[{"id":4575,"href":"https:\/\/www.moriadesign.pl\/de\/wp-json\/wp\/v2\/pages\/358\/revisions\/4575"}],"wp:attachment":[{"href":"https:\/\/www.moriadesign.pl\/de\/wp-json\/wp\/v2\/media?parent=358"}],"curies":[{"name":"wp","href":"https:\/\/api.w.org\/{rel}","templated":true}]}}